{"id":12437,"date":"2025-09-30T10:02:33","date_gmt":"2025-09-30T08:02:33","guid":{"rendered":"https:\/\/antcube.shop\/en\/product\/poster-anatomie-der-ameisen-lasius-niger-70x100\/"},"modified":"2026-01-12T12:43:18","modified_gmt":"2026-01-12T11:43:18","slug":"plakat-anatomia-mrowek-lasius-niger-70x100","status":"publish","type":"product","link":"https:\/\/antcube.shop\/pl\/produkt\/plakat-anatomia-mrowek-lasius-niger-70x100\/","title":{"rendered":"Plakat - Anatomia mr\u00f3wek - Lasius niger - 70\u00d7100"},"content":{"rendered":"<p><strong>Wymiary:<\/strong> 70\u00d7100 cm<\/p>\n<p><strong>Materia\u0142:<\/strong> Papier lateksowy<br \/>\nPapier ten jest wodoodporny, zmywalny, wytrzyma\u0142y, przyjazny dla \u015brodowiska, poniewa\u017c nie zawiera szkodliwych dla \u015brodowiska rozpuszczalnik\u00f3w i zapewnia doskona\u0142\u0105 jako\u015b\u0107 druku.<\/p>\n<p><strong>Opis:<\/strong> Ten plakat ilustruje anatomi\u0119 czarnej mr\u00f3wki (Lasius niger). Szczeg\u00f3\u0142owe ilustracje przedstawiaj\u0105 najwa\u017cniejsze wewn\u0119trzne i zewn\u0119trzne cechy cia\u0142a oraz narz\u0105dy, u\u0142atwiaj\u0105c zrozumienie budowy tego szeroko rozpowszechnionego gatunku mr\u00f3wek. Idealny jako materia\u0142 dydaktyczny dla szk\u00f3\u0142 i uniwersytet\u00f3w lub jako dekoracyjny przedmiot kolekcjonerski.<\/p>\n<p><strong>Wa\u017cne - dodatkowe informacje:<\/strong> <a href=\"https:\/\/www.ants.de\/link\/1101\">Tutaj<\/a> znajdziesz szczeg\u00f3\u0142owy opis poszczeg\u00f3lnych scen na plakacie. Nie s\u0105 one do\u0142\u0105czone do plakatu, ale mo\u017cna uzyska\u0107 do nich dost\u0119p i wydrukowa\u0107 je osobno, korzystaj\u0105c z poni\u017cszego \u0142\u0105cza. <a href=\"https:\/\/www.ants.de\/link\/1101\">https:\/\/www.ants.de\/link\/1101<\/a><\/p>","protected":false},"excerpt":{"rendered":"<p>Rozmiar: 70\u00d7100 cm<\/p>","protected":false},"featured_media":12454,"comment_status":"open","ping_status":"closed","template":"","meta":{"_acf_changed":false,"content-type":"","_monsterinsights_skip_tracking":false,"_monsterinsights_sitenote_active":false,"_monsterinsights_sitenote_note":"","_monsterinsights_sitenote_category":0},"product_brand":[484],"product_cat":[547,500,245],"product_tag":[],"class_list":{"0":"post-12437","1":"product","2":"type-product","3":"status-publish","4":"has-post-thumbnail","6":"product_brand-antcube","7":"product_cat-all-products","8":"product_cat-ant-posters-and-teaching-aids","9":"product_cat-merchandise","11":"first","12":"instock","13":"taxable","14":"shipping-taxable","15":"purchasable","16":"product-type-simple"},"acf":[],"aioseo_notices":[],"jetpack_sharing_enabled":true,"_links":{"self":[{"href":"https:\/\/antcube.shop\/pl\/wp-json\/wp\/v2\/product\/12437","targetHints":{"allow":["GET"]}}],"collection":[{"href":"https:\/\/antcube.shop\/pl\/wp-json\/wp\/v2\/product"}],"about":[{"href":"https:\/\/antcube.shop\/pl\/wp-json\/wp\/v2\/types\/product"}],"replies":[{"embeddable":true,"href":"https:\/\/antcube.shop\/pl\/wp-json\/wp\/v2\/comments?post=12437"}],"wp:featuredmedia":[{"embeddable":true,"href":"https:\/\/antcube.shop\/pl\/wp-json\/wp\/v2\/media\/12454"}],"wp:attachment":[{"href":"https:\/\/antcube.shop\/pl\/wp-json\/wp\/v2\/media?parent=12437"}],"wp:term":[{"taxonomy":"product_brand","embeddable":true,"href":"https:\/\/antcube.shop\/pl\/wp-json\/wp\/v2\/product_brand?post=12437"},{"taxonomy":"product_cat","embeddable":true,"href":"https:\/\/antcube.shop\/pl\/wp-json\/wp\/v2\/product_cat?post=12437"},{"taxonomy":"product_tag","embeddable":true,"href":"https:\/\/antcube.shop\/pl\/wp-json\/wp\/v2\/product_tag?post=12437"}],"curies":[{"name":"wp","href":"https:\/\/api.w.org\/{rel}","templated":true}]}}