{"id":12435,"date":"2025-09-30T10:01:28","date_gmt":"2025-09-30T08:01:28","guid":{"rendered":"https:\/\/antcube.shop\/en\/product\/antcube-digfix-30x30-liegend\/"},"modified":"2026-04-14T09:35:10","modified_gmt":"2026-04-14T07:35:10","slug":"antcube-digfix-30x30-lezacy","status":"publish","type":"product","link":"https:\/\/antcube.shop\/pl\/produkt\/antcube-digfix-30x30-lezacy\/","title":{"rendered":"ANTCUBE - Digfix 30\u00d730 - le\u017c\u0105cy"},"content":{"rendered":"<p><strong>Wymiary:<\/strong> 280x280x28mm<\/p>\n<p><strong>Materia\u0142:<\/strong> Digfix<\/p>\n<p><strong>Zastosowanie:<\/strong><br \/>\nPasuje tylko do naszego ANTCUBE - Nest 30\u00d730 - poziomego<\/p>\n<p><strong>Opis:<\/strong><br \/>\nTo gniazdo Digfix, wykonane ze specjalnego materia\u0142u, w kt\u00f3rym mo\u017cna kopa\u0107, zosta\u0142o zaprojektowane tak, aby idealnie pasowa\u0142o do naszych poziomych gniazd ANTCUBE 30\u00d730. P\u0142yta mo\u017ce by\u0107 u\u017cywana na sucho lub zwil\u017cona i jest odpowiednia dla wielu gatunk\u00f3w mr\u00f3wek - zw\u0142aszcza tych, kt\u00f3re gniazduj\u0105 w piasku lub (martwym) drewnie. Jest to praktyczna alternatywa dla mieszanek piasku i gliny lub wk\u0142ad\u00f3w korkowych.<\/p>\n<p>Szczeg\u00f3ln\u0105 zalet\u0105 jest \u0142atwo\u015b\u0107, z jak\u0105 mo\u017cna kontrolowa\u0107 poziom wilgotno\u015bci: p\u0142yta zmienia kolor w widoczny spos\u00f3b, umo\u017cliwiaj\u0105c optymaln\u0105 ocen\u0119 poziomu wilgotno\u015bci. W przeciwie\u0144stwie do mieszanek piasku i gliny, wewn\u0119trzne szyby farmy mr\u00f3wek pozostaj\u0105 czyste, poniewa\u017c nie przywiera do nich lu\u017ane pod\u0142o\u017ce.<\/p>\n<p>Dzi\u0119ki solidnej strukturze materia\u0142 trwale utrzymuje tunele i komory utworzone przez mr\u00f3wki bez zapadania si\u0119 - zapewniaj\u0105c bezpieczne i naturalne kopanie.<\/p>","protected":false},"excerpt":{"rendered":"<p>Ma\u00dfe: 280x280x28mm<\/p>","protected":false},"featured_media":0,"comment_status":"open","ping_status":"closed","template":"","meta":{"_acf_changed":false,"content-type":"","_monsterinsights_skip_tracking":false,"_monsterinsights_sitenote_active":false,"_monsterinsights_sitenote_note":"","_monsterinsights_sitenote_category":0},"product_brand":[484],"product_cat":[547,257,87,88],"product_tag":[],"class_list":{"0":"post-12435","1":"product","2":"type-product","3":"status-publish","5":"product_brand-antcube","6":"product_cat-all-products","7":"product_cat-new-innovatve-products","8":"product_cat-nest-insets","9":"product_cat-digfix","11":"first","12":"instock","13":"taxable","14":"shipping-taxable","15":"purchasable","16":"product-type-simple"},"acf":[],"aioseo_notices":[],"jetpack_sharing_enabled":true,"_links":{"self":[{"href":"https:\/\/antcube.shop\/pl\/wp-json\/wp\/v2\/product\/12435","targetHints":{"allow":["GET"]}}],"collection":[{"href":"https:\/\/antcube.shop\/pl\/wp-json\/wp\/v2\/product"}],"about":[{"href":"https:\/\/antcube.shop\/pl\/wp-json\/wp\/v2\/types\/product"}],"replies":[{"embeddable":true,"href":"https:\/\/antcube.shop\/pl\/wp-json\/wp\/v2\/comments?post=12435"}],"wp:attachment":[{"href":"https:\/\/antcube.shop\/pl\/wp-json\/wp\/v2\/media?parent=12435"}],"wp:term":[{"taxonomy":"product_brand","embeddable":true,"href":"https:\/\/antcube.shop\/pl\/wp-json\/wp\/v2\/product_brand?post=12435"},{"taxonomy":"product_cat","embeddable":true,"href":"https:\/\/antcube.shop\/pl\/wp-json\/wp\/v2\/product_cat?post=12435"},{"taxonomy":"product_tag","embeddable":true,"href":"https:\/\/antcube.shop\/pl\/wp-json\/wp\/v2\/product_tag?post=12435"}],"curies":[{"name":"wp","href":"https:\/\/api.w.org\/{rel}","templated":true}]}}