{"id":12287,"date":"2025-09-02T09:53:14","date_gmt":"2025-09-02T07:53:14","guid":{"rendered":"https:\/\/antcube.shop\/en\/product\/antcube-nest-20x20-liegend\/"},"modified":"2026-04-01T13:28:22","modified_gmt":"2026-04-01T11:28:22","slug":"gniazdo-mrowek-20x20-lezace","status":"publish","type":"product","link":"https:\/\/antcube.shop\/pl\/produkt\/gniazdo-mrowek-20x20-lezace\/","title":{"rendered":"ANTCUBE - Gniazdo 20\u00d720 - le\u017c\u0105ce"},"content":{"rendered":"<p><strong>Wymiary:<\/strong><br \/>\nGniazdo: 190 x 190 x 28 mm<br \/>\nSzklana pokrywa: 190 x 190 x 4 mm<\/p>\n<p><strong>Materia\u0142:<\/strong><br \/>\nSzk\u0142o float, tworzywo sztuczne<\/p>\n<p><strong>Kolor:<\/strong><br \/>\nKrystalicznie czysty<\/p>\n<p><strong>Zawarto\u015b\u0107:<\/strong><br \/>\n1x ANTCUBE - Nest 20\u00d720 - poziomy z dwoma gniazdami przy\u0142\u0105czeniowymi L 20\/16<br \/>\n1x szklana pokrywa z otworem 27 mm<\/p>\n<p><strong>Po\u0142\u0105czenie:<\/strong> 2x nasadka 14\/16\/18\/20 x 20mm<\/p>\n<p>W\u0105\u017c 14\/10 jest mocno osadzony w gnie\u017adzie 14 mm<br \/>\nW\u0105\u017c 20\/16 jest mocno przymocowany do pierwszego stopnia 16 mm<br \/>\nW\u0105\u017c 22\/18 \u015bci\u015ble przylega do drugiego stopnia 20 mm<\/p>\n<p><strong>Opis: <\/strong>Nasze gniazdo poziome ma dwa gniazda przy\u0142\u0105czeniowe, do kt\u00f3rych mo\u017cna pod\u0142\u0105czy\u0107 w\u0119\u017ce lub rurki. Alternatywnie mo\u017cna je bezpiecznie zamkn\u0105\u0107 za pomoc\u0105 dopasowanych plastikowych lub siatkowych za\u015blepek.<\/p>\n<p>W przypadku wi\u0119kszych gatunk\u00f3w mr\u00f3wek, takich jak r\u00f3\u017cne gatunki Camponotus, zalecamy po\u0142\u0105czenie go z jednym z naszych oddzielnie dost\u0119pnych gniazd korkowych. Gniazdo mo\u017cna jednak r\u00f3wnie\u017c wype\u0142ni\u0107 pod\u0142o\u017cem glebowym.<\/p>\n<p>Pokryw\u0119 mo\u017cna zdj\u0105\u0107, a dzi\u0119ki gumowanej kraw\u0119dzi mocno i bezpiecznie przylega do hodowli mr\u00f3wek. Po\u015brodku znajduje si\u0119 otw\u00f3r o \u015brednicy 27 mm, kt\u00f3ry s\u0142u\u017cy do nawil\u017cania wn\u0119trza gniazda. W zale\u017cno\u015bci od po\u017c\u0105danej wilgotno\u015bci, otw\u00f3r ten mo\u017cna zamkn\u0105\u0107 za pomoc\u0105 wk\u0142adki z siatki lub zatyczki formikarium.<\/p>\n<p>Opcjonalnie dost\u0119pna jest czerwona pokrywa, kt\u00f3ra przyciemnia gniazdo i, w zale\u017cno\u015bci od trzymanego gatunku, mo\u017ce mie\u0107 pozytywny wp\u0142yw na rozw\u00f3j kolonii.<\/p>\n<p><strong>Informacje o produkcji<\/strong><br \/>\nSzk\u0142o jest ci\u0119te zgodnie z norm\u0105 DIN 1249 z tolerancj\u0105 +\/- 1 mm. Dodatkowa ochrona przed wy\u0142amaniem jest niezb\u0119dna w przypadku wyj\u0105tkowo ma\u0142ych gatunk\u00f3w mr\u00f3wek.<\/p>\n<p><strong>Wskaz\u00f3wka dotycz\u0105ca gniazd przy\u0142\u0105czeniowych<\/strong><br \/>\nPrzy zak\u0142adaniu i zdejmowaniu w\u0119\u017cy nale\u017cy przestrzega\u0107 nast\u0119puj\u0105cych wskaz\u00f3wek:<br \/>\nJe\u015bli w\u0105\u017c jest bardzo trudny do dopasowania do gniazda przy\u0142\u0105czeniowego, gniazdo nale\u017cy lekko przetrze\u0107 kropl\u0105 naszego oleju lub proszku zabezpieczaj\u0105cego przed wyrwaniem. Nast\u0119pnie nale\u017cy nasun\u0105\u0107 w\u0105\u017c na z\u0142\u0105cze, obracaj\u0105c go lub wkr\u0119caj\u0105c, bez wywierania nacisku w g\u00f3r\u0119 lub w d\u00f3\u0142 na z\u0142\u0105cze. To samo dotyczy zdejmowania w\u0119\u017cy ze z\u0142\u0105cza. Nie nale\u017cy ich po prostu \u015bci\u0105ga\u0107!<\/p>","protected":false},"excerpt":{"rendered":"<p>Pod\u0142\u0105czenie: 2x gniazdo 14\/16\/18\/20 mm<br \/>\nRozmiar: L<\/p>","protected":false},"featured_media":12292,"comment_status":"open","ping_status":"closed","template":"","meta":{"_acf_changed":false,"content-type":"","_monsterinsights_skip_tracking":false,"_monsterinsights_sitenote_active":false,"_monsterinsights_sitenote_note":"","_monsterinsights_sitenote_category":0},"product_brand":[484],"product_cat":[257,80,83,86],"product_tag":[],"class_list":{"0":"post-12287","1":"product","2":"type-product","3":"status-publish","4":"has-post-thumbnail","6":"product_brand-antcube","7":"product_cat-new-innovatve-products","8":"product_cat-antfarms","9":"product_cat-antfarms-l","10":"product_cat-formicariums","12":"first","13":"instock","14":"taxable","15":"shipping-taxable","16":"purchasable","17":"product-type-simple"},"acf":[],"aioseo_notices":[],"jetpack_sharing_enabled":true,"_links":{"self":[{"href":"https:\/\/antcube.shop\/pl\/wp-json\/wp\/v2\/product\/12287","targetHints":{"allow":["GET"]}}],"collection":[{"href":"https:\/\/antcube.shop\/pl\/wp-json\/wp\/v2\/product"}],"about":[{"href":"https:\/\/antcube.shop\/pl\/wp-json\/wp\/v2\/types\/product"}],"replies":[{"embeddable":true,"href":"https:\/\/antcube.shop\/pl\/wp-json\/wp\/v2\/comments?post=12287"}],"wp:featuredmedia":[{"embeddable":true,"href":"https:\/\/antcube.shop\/pl\/wp-json\/wp\/v2\/media\/12292"}],"wp:attachment":[{"href":"https:\/\/antcube.shop\/pl\/wp-json\/wp\/v2\/media?parent=12287"}],"wp:term":[{"taxonomy":"product_brand","embeddable":true,"href":"https:\/\/antcube.shop\/pl\/wp-json\/wp\/v2\/product_brand?post=12287"},{"taxonomy":"product_cat","embeddable":true,"href":"https:\/\/antcube.shop\/pl\/wp-json\/wp\/v2\/product_cat?post=12287"},{"taxonomy":"product_tag","embeddable":true,"href":"https:\/\/antcube.shop\/pl\/wp-json\/wp\/v2\/product_tag?post=12287"}],"curies":[{"name":"wp","href":"https:\/\/api.w.org\/{rel}","templated":true}]}}