{"id":12285,"date":"2025-09-02T09:52:58","date_gmt":"2025-09-02T07:52:58","guid":{"rendered":"https:\/\/antcube.shop\/en\/product\/antcube-korknest-20x20-liegend\/"},"modified":"2026-04-01T13:28:21","modified_gmt":"2026-04-01T11:28:21","slug":"antcube-corknest-20x20-lezacy","status":"publish","type":"product","link":"https:\/\/antcube.shop\/pl\/produkt\/antcube-corknest-20x20-lezacy\/","title":{"rendered":"ANTCUBE - Corknest 20\u00d720 - le\u017c\u0105cy"},"content":{"rendered":"<p><strong>Wymiary:<\/strong> 180x180x28mm<\/p>\n<p><strong>Materia\u0142: <\/strong>Korek (drobny)<\/p>\n<p><strong>Zastosowanie:<\/strong><br \/>\nPasuje tylko do naszego ANTCUBE - Nest 20\u00d720 - poziomo<\/p>\n<p><strong>Opis:\u00a0<\/strong><br \/>\nTo korkowe gniazdo z gotowymi tunelami i komorami jest odpowiednie dla wielu gatunk\u00f3w mr\u00f3wek, zw\u0142aszcza tych, kt\u00f3re gniazduj\u0105 w (martwym) drewnie. Posiada dwa otwory, kt\u00f3re s\u0142u\u017c\u0105 jako wej\u015bcia do gniazda.<\/p>\n<p>Korek jest naturalnym, chemicznie neutralnym materia\u0142em. Jego struktura jest nieprzepuszczalna dla p\u0142yn\u00f3w, nie wchodzi w reakcje chemiczne i dlatego pozostaje nienaruszona przez d\u0142ugi czas. Jednak stale wysoka zawarto\u015b\u0107 wilgoci mo\u017ce sprzyja\u0107 gniciu i skraca\u0107 \u017cywotno\u015b\u0107 gniazda. Og\u00f3lnie rzecz bior\u0105c, korek jest bardzo odporny na gnicie oraz inwazj\u0119 grzyb\u00f3w i ple\u015bni. Jego specjalna powierzchnia i struktura oferuj\u0105 niewiele odpowiedniego pod\u0142o\u017ca do rozmna\u017cania dla grzyb\u00f3w. Niemniej jednak, resztki jedzenia, odchody lub inne substancje organiczne mog\u0105 sprzyja\u0107 rozwojowi ple\u015bni.<\/p>\n<p>Dlatego zalecamy trzymanie gatunk\u00f3w mr\u00f3wek z suchszych region\u00f3w w gniazdach korkowych. Jednak\u017ce gatunki z bardziej wilgotnych siedlisk r\u00f3wnie\u017c mog\u0105 by\u0107 w nich trzymane - dla wi\u0119kszo\u015bci z nich gnicie nie stanowi problemu. Wiele gatunk\u00f3w mr\u00f3wek wyst\u0119puj\u0105cych w Europie P\u00f3\u0142nocnej, takich jak Camponotus herculeanus lub Formica fusca, jest nawet naturalnie przystosowanych do zgni\u0142ego lub cz\u0119\u015bciowo spr\u00f3chnia\u0142ego drewna.<\/p>","protected":false},"excerpt":{"rendered":"<p>Rozmiar: 180x180x28mm<\/p>","protected":false},"featured_media":12290,"comment_status":"open","ping_status":"closed","template":"","meta":{"_acf_changed":false,"content-type":"","_monsterinsights_skip_tracking":false,"_monsterinsights_sitenote_active":false,"_monsterinsights_sitenote_note":"","_monsterinsights_sitenote_category":0},"product_brand":[484],"product_cat":[257,87,89],"product_tag":[],"class_list":{"0":"post-12285","1":"product","2":"type-product","3":"status-publish","4":"has-post-thumbnail","6":"product_brand-antcube","7":"product_cat-new-innovatve-products","8":"product_cat-nest-insets","9":"product_cat-cork","11":"first","12":"instock","13":"taxable","14":"shipping-taxable","15":"purchasable","16":"product-type-simple"},"acf":[],"aioseo_notices":[],"jetpack_sharing_enabled":true,"_links":{"self":[{"href":"https:\/\/antcube.shop\/pl\/wp-json\/wp\/v2\/product\/12285","targetHints":{"allow":["GET"]}}],"collection":[{"href":"https:\/\/antcube.shop\/pl\/wp-json\/wp\/v2\/product"}],"about":[{"href":"https:\/\/antcube.shop\/pl\/wp-json\/wp\/v2\/types\/product"}],"replies":[{"embeddable":true,"href":"https:\/\/antcube.shop\/pl\/wp-json\/wp\/v2\/comments?post=12285"}],"wp:featuredmedia":[{"embeddable":true,"href":"https:\/\/antcube.shop\/pl\/wp-json\/wp\/v2\/media\/12290"}],"wp:attachment":[{"href":"https:\/\/antcube.shop\/pl\/wp-json\/wp\/v2\/media?parent=12285"}],"wp:term":[{"taxonomy":"product_brand","embeddable":true,"href":"https:\/\/antcube.shop\/pl\/wp-json\/wp\/v2\/product_brand?post=12285"},{"taxonomy":"product_cat","embeddable":true,"href":"https:\/\/antcube.shop\/pl\/wp-json\/wp\/v2\/product_cat?post=12285"},{"taxonomy":"product_tag","embeddable":true,"href":"https:\/\/antcube.shop\/pl\/wp-json\/wp\/v2\/product_tag?post=12285"}],"curies":[{"name":"wp","href":"https:\/\/api.w.org\/{rel}","templated":true}]}}