{"id":11857,"date":"2025-06-20T14:40:22","date_gmt":"2025-06-20T12:40:22","guid":{"rendered":"https:\/\/antcube.shop\/en\/product\/bundle-offer-tetraponera-rufonigra\/"},"modified":"2026-04-14T19:51:12","modified_gmt":"2026-04-14T17:51:12","slug":"oferta-pakietowa-tetraponera-rufonigra","status":"publish","type":"product","link":"https:\/\/antcube.shop\/pl\/produkt\/oferta-pakietowa-tetraponera-rufonigra\/","title":{"rendered":"Oferta pakietowa - Tetraponera rufonigra"},"content":{"rendered":"<p><strong><span data-text-color=\"secondary\">Zestaw zawiera koloni\u0119 mr\u00f3wek Tetraponera rufonigra (kr\u00f3lowa + 5-10 robotnic + czerw), zestaw startowy z korka, 2x podk\u0142adki do formikarium, opakowanie uzupe\u0142niaj\u0105ce mieszanki spadziowej 10 ml i s\u0142oik naszych specjalnych blanszowanych \u015bwierszczy (wilgotne bia\u0142ko).<\/span><\/strong><\/p>\n<p><span data-text-color=\"alert\"><strong>Tylko do wyczerpania zapas\u00f3w.<\/strong><\/span><\/p>\n<p><strong>Wszystko, czego potrzebujesz do stworzenia kolonii mr\u00f3wek Tetraponera rufonigra<\/strong><br \/>\nTen zestaw zawiera wszystkie niezb\u0119dne elementy do pomy\u015blnego za\u0142o\u017cenia i opieki nad koloni\u0105 Tetraponera rufonigra we wczesnym stadium rozwoju. Jest przyjazny dla pocz\u0105tkuj\u0105cych i mo\u017cna go \u0142atwo rozbudowa\u0107 w miar\u0119 wzrostu kolonii.<\/p>\n<p><strong>Gatunek mr\u00f3wki: Tetraponera rufonigra<\/strong><br \/>\nTetraponera rufonigra to smuk\u0142y, nadrzewny gatunek mr\u00f3wek znany z uderzaj\u0105cego czerwonawego i czarnego ubarwienia. Pochodzi z Azji Po\u0142udniowej i Po\u0142udniowo-Wschodniej, zazwyczaj gniazduje w martwych ga\u0142\u0105zkach lub wydr\u0105\u017conych \u0142odygach ro\u015blin i jest przystosowany do ciep\u0142ych, wilgotnych \u015brodowisk tropikalnych. Chocia\u017c nie jest tak powszechnie hodowany jak niekt\u00f3re gatunki gniazduj\u0105ce na ziemi, jest doskona\u0142ym wyborem dla hodowc\u00f3w poszukuj\u0105cych bardziej aktywnej i interesuj\u0105cej wizualnie kolonii. <span data-text-color=\"alert\"><strong>Uwaga: Ten gatunek ma \u017c\u0105d\u0142o i wykazuje wy\u017cszy stopie\u0144 zachowa\u0144 obronnych, dlatego nale\u017cy obchodzi\u0107 si\u0119 z nim ostro\u017cnie.<\/strong><\/span><\/p>\n<p><strong>Pokarm dla Tetraponera rufonigra<\/strong><br \/>\nMr\u00f3wki te wymagaj\u0105 diety bogatej zar\u00f3wno w cukry, jak i bia\u0142ka. Zaoferuj mieszank\u0119 spadzi lub roztw\u00f3r miodu na w\u0119glowodany, wraz z ma\u0142ymi owadami (\u017cywymi lub martwymi) na bia\u0142ko. Szczeg\u00f3lnie korzystne s\u0105 dla nich ofiary o mi\u0119kkich cia\u0142ach, takie jak muszki owocowe, m\u0105czniki lub nasze blanszowane \u015bwierszcze. Od czasu do czasu mo\u017cna r\u00f3wnie\u017c zaoferowa\u0107 owoce, takie jak banan lub jab\u0142ko. Zawsze nale\u017cy zapewni\u0107 dost\u0119p do \u015bwie\u017cej wody.<\/p>\n<p><strong>Formicarium dla Tetraponera rufonigra<\/strong><br \/>\nW naturze Tetraponera rufonigra buduje gniazda w w\u0105skich zag\u0142\u0119bieniach w drewnie lub wydr\u0105\u017conych pniach. Do opieki w niewoli zalecamy nasz zestaw startowy L z korkowymi lub bambusowymi wk\u0142adkami gniazdowymi, kt\u00f3re dobrze odtwarzaj\u0105 ich naturalne \u015brodowisko l\u0119gowe. Pionowe lub p\u00f3\u0142pionowe opcje gniazdowania s\u0105 idealne do symulacji ich nadrzewnego trybu \u017cycia. Upewnij si\u0119, \u017ce formikarium ma odpowiedni\u0105 wentylacj\u0119 i utrzymuje umiarkowan\u0105 lub wysok\u0105 wilgotno\u015b\u0107, szczeg\u00f3lnie w obszarze gniazdowania.<\/p>\n<p><strong>Zawarto\u015b\u0107:<\/strong><br \/>\n1x Tetraponera rufonigra (kr\u00f3lowa + 5-10 robotnic + czerw)<br \/>\n1x Cricket Jam 25g<br \/>\n1x Honeydew Mix (HT) - opakowanie uzupe\u0142niaj\u0105ce 10 ml<br \/>\n1x Podstawa formikarium - 20x20cm<br \/>\n1x Podstawa formikarium - 20x6cm<\/p>\n<p>1x ANTCUBE - Arena 20x20x10 - p\u0142aski<br \/>\n1x rama areny mr\u00f3wek 20\u00d720<br \/>\n1x pokrywa areny mr\u00f3wek 20\u00d720<br \/>\n4x punkt mocowania dla pokrywy areny<br \/>\n1x ANTCUBE - Farma mr\u00f3wek - L - 20\u00d720 - pionowa<\/p>\n<p>1x ANTCUBE - gniazdo korkowe 20\u00d720 - pionowe<br \/>\n1x 0,5 m w\u0105\u017c przezroczysty 20\/16 mm<br \/>\n1x ANTCUBE - czerwona folia 20\u00d720 - filtr<br \/>\n1x klipsy samoprzylepne - przezroczyste 2 szt.<br \/>\n1x pod\u0142o\u017ce - piaskowo-gliniaste be\u017cowe - 1000g<\/p>\n<p>2x Grid insert acrylic &#8211; 50 mm with sealing ring<br \/>\n1x Grid insert acrylic &#8211; 27 mm with sealing ring<br \/>\n1x Za\u015blepka siatki - 16 mm - stal nierdzewna<\/p>\n<p>1x z\u0142\u0105cze w\u0119\u017ca zbiornika 27-14,16,20 mm - przezroczyste<br \/>\n1x Foil thermometer &#8211; farm<br \/>\n1x Foil thermometer Display<br \/>\n1x drinking clear 5ml &#8211; sponge<br \/>\n1x Feeding dish white rectangle &#8211; 3 compartments<br \/>\n1x Drinking trough 2ml &#8211; 360 Degrees<br \/>\n1x Olejek przeciw mr\u00f3wkom 10ml<br \/>\n1x P\u0119seta ze stali spr\u0119\u017cynowej - szeroka - mi\u0119kka<br \/>\n1x P\u0119seta plastikowa przezroczysta<br \/>\n1x pipeta plastikowa 3ml<br \/>\n1x lupa r\u0119czna - 2x - 30mm<br \/>\n1x wycieraczka piankowa 150x18x2,5mm<\/p>\n<p><strong>Opis Zestaw startowy:<\/strong><br \/>\nTen korkowy zestaw startowy, z prefabrykowanymi korytarzami i komorami, jest odpowiedni dla r\u00f3\u017cnych gatunk\u00f3w mr\u00f3wek, zw\u0142aszcza dla gatunk\u00f3w, kt\u00f3re gniazduj\u0105 w (martwym) drewnie.<\/p>\n<p>\"ANTCUBE - Cork Nest\" mo\u017cna umie\u015bci\u0107 w ca\u0142kowicie przezroczystej hodowli. Alternatywnie mo\u017cna r\u00f3wnie\u017c u\u017cy\u0107 pod\u0142o\u017ca \"Sand-clay beige\", aby wype\u0142ni\u0107 hodowl\u0119 lub zamkn\u0105\u0107 niekt\u00f3re komory gniazda korkowego. W razie potrzeby przez 50 mm otwory w pokrywie mo\u017cna pod\u0142\u0105czy\u0107 dodatkowe modu\u0142y, np. dost\u0119pne oddzielnie zamg\u0142awiacze, wentylatory lub o\u015bwietlenie. Alternatywnie, odpowiednie wk\u0142adki siatkowe i za\u015blepki do formikarium zamykaj\u0105ce otwory wchodz\u0105 w zakres dostawy. W razie potrzeby formikarium mo\u017cna r\u00f3wnie\u017c obs\u0142ugiwa\u0107 w trybie otwartym, po prostu umieszczaj\u0105c zdejmowan\u0105 ram\u0119 na g\u00f3rze i nak\u0142adaj\u0105c na kraw\u0119d\u017a olej chroni\u0105cy przed mr\u00f3wkami.<\/p>\n<p><strong>Wa\u017cne:<\/strong> Przed u\u017cyciem nale\u017cy zwil\u017cy\u0107 pod\u0142o\u017ce, aby mieszanina mog\u0142a si\u0119 zwi\u0105za\u0107 i mocno osadzi\u0107 w hodowli mr\u00f3wek. Ponadto, je\u015bli pod\u0142o\u017ce jest zbyt suche i zakurzone, drogi oddechowe mr\u00f3wek mog\u0105 zosta\u0107 zablokowane, a w najgorszym przypadku zwierz\u0119ta mog\u0105 si\u0119 udusi\u0107.<\/p>\n<p><strong>Zalecenie: <\/strong>Zalecamy warstw\u0119 pod\u0142o\u017ca o wysoko\u015bci 2 mm, aby zwierz\u0119ta nie mog\u0142y zakopa\u0107 si\u0119 w hali i zamiast tego korzysta\u0142y z zapewnionej do tego celu farmy.<\/p>\n<p><strong>Uwagi dotycz\u0105ce produkcji szk\u0142a<\/strong><br \/>\nSzk\u0142o jest ci\u0119te na wymiar zgodnie z norm\u0105 DIN 1249 z tolerancj\u0105 +\/- 1 mm. Dodatkowa ochrona przed wy\u0142amaniem jest niezb\u0119dna w przypadku wyj\u0105tkowo ma\u0142ych gatunk\u00f3w mr\u00f3wek.<\/p>\n<p><strong>Uwagi dotycz\u0105ce gospodarstwa<\/strong><br \/>\nGniazdo powinno by\u0107 u\u017cywane wy\u0142\u0105cznie w suchym formikarium. Je\u015bli gniazdo b\u0119dzie stale wilgotne, materia\u0142 mo\u017ce sple\u015bnie\u0107.<\/p>\n<p><strong>Przy zak\u0142adaniu i zdejmowaniu w\u0119\u017cy nale\u017cy przestrzega\u0107 nast\u0119puj\u0105cych wskaz\u00f3wek:<\/strong><br \/>\nJe\u015bli w\u0105\u017c jest bardzo trudny do zamocowania w gnie\u017adzie przy\u0142\u0105czeniowym, gniazdo nale\u017cy lekko natrze\u0107 kropl\u0105 naszego oleju lub proszku zabezpieczaj\u0105cego przed wyrwaniem. Nast\u0119pnie w\u0105\u017c nale\u017cy wsun\u0105\u0107 do gniazda za pomoc\u0105 ruch\u00f3w obrotowych lub wkr\u0119caj\u0105cych, bez obci\u0105\u017cania gniazda ruchami w g\u00f3r\u0119 i w d\u00f3\u0142. To samo dotyczy zdejmowania w\u0119\u017cy z gniazda przy\u0142\u0105czeniowego. Nie nale\u017cy go po prostu \u015bci\u0105ga\u0107!<\/p>\n<p><strong>Instrukcje:<\/strong><br \/>\n&#8211; <a href=\"https:\/\/www.antstore.net\/shop\/images\/info\/en\/Instructions%20for%20use%20-%20Starter%20Set%20Cork.pdf\" data-cke-saved-href=\"https:\/\/www.antstore.net\/shop\/images\/info\/en\/Instructions%20for%20use%20-%20Starter%20Set%20Cork.pdf\">PL Instrukcja obs\u0142ugi - Zestaw startowy Cork (PDF 3,79 MB)<\/a><br \/>\n&#8211; <a href=\"https:\/\/www.antstore.net\/shop\/images\/info\/es\/Manual%20de%20instrucciones%20-%20Set%20de%20inicio%20de%20corcho.pdf\" data-cke-saved-href=\"https:\/\/www.antstore.net\/shop\/images\/info\/es\/Manual%20de%20instrucciones%20-%20Set%20de%20inicio%20de%20corcho.pdf\">ES Manual de instrucciones - Set de inicio de corcho (PDF 3,79 MB)<\/a><br \/>\n&#8211; <a href=\"https:\/\/www.antstore.net\/shop\/images\/info\/fr\/Manuel%20d'instruction%20-%20Kit%20de%20d%C3%A9marrage%20en%20li%C3%A8ge.pdf\" data-cke-saved-href=\"https:\/\/www.antstore.net\/shop\/images\/info\/fr\/Manuel%20d'instruction%20-%20Kit%20de%20d%C3%A9marrage%20en%20li%C3%A8ge.pdf\">FR Manuel d'instruction - Kit de d\u00e9marrage en li\u00e8ge (PDF 3,79 MB)<\/a><\/p>\n<p><strong>Notatki na temat d\u017cemu krykietowego:<\/strong><br \/>\nNasze blanszowane \u015bwierszcze to \u0142atwy spos\u00f3b na zapewnienie mr\u00f3wkom \u015bwie\u017co konserwowanego pokarmu bia\u0142kowego bez konieczno\u015bci karmienia \u017cywymi owadami. Zawarte \u015bwierszcze (Acheta domesticus) zosta\u0142y delikatnie zblanszowane, aby zapewni\u0107 zachowanie warto\u015bci od\u017cywczych, smaku i aromatu. Ponadto chitynowa pow\u0142oka owad\u00f3w jest w ten spos\u00f3b zmi\u0119kczana, dzi\u0119ki czemu mo\u017ce by\u0107 \u0142atwiej trawiona. Wi\u0105zania bia\u0142ek kolagenowych s\u0105 rozbijane, aby mr\u00f3wki mog\u0142y je lepiej wykorzysta\u0107. Konserwy Acheta domesticus maj\u0105 tak\u0105 sam\u0105 warto\u015b\u0107 od\u017cywcz\u0105 jak \u017cywe \u015bwierszcze, ale s\u0105 \u0142atwiejsze do strawienia.<\/p>\n<p>Cricket Jam nie nadaje si\u0119 do polowania na gatunki mr\u00f3wek, kt\u00f3re wymagaj\u0105 \u017cywego pokarmu (np. ponerines (wielkie mr\u00f3wki), takie jak Harpegnathos lub Odontomachus).<\/p>\n<p><strong>Dalsze korzy\u015bci:<\/strong><br \/>\nGwarantowany brak roztoczy<br \/>\nMo\u017cna porcjowa\u0107 i rozcie\u0144cza\u0107 wod\u0105<br \/>\nSterylizowane i pakowane pr\u00f3\u017cniowo<br \/>\nBez dodatk\u00f3w<br \/>\n\u015awierszcze ze zr\u00f3wnowa\u017conej, czysto ekologicznej hodowli, karmione odpadami organicznymi<\/p>\n<p><strong>Uwaga:<\/strong><br \/>\nMo\u017cna przechowywa\u0107 w lod\u00f3wce przez oko\u0142o cztery dni po otwarciu. D\u0142u\u017cszy okres trwa\u0142o\u015bci w przypadku zamro\u017cenia.<br \/>\nUwaga: Najpierw porcjowa\u0107, potem zamra\u017ca\u0107.<\/p>\n<p><strong>Uwaga dotycz\u0105ca spadzi:<\/strong><br \/>\nZawarto\u015b\u0107: 10 ml<br \/>\nJest to produkt naturalny, kt\u00f3ry po intensywnych badaniach w naszym laboratorium udoskonalili\u015bmy i stworzyli\u015bmy z niego pokarm bardzo dobrze akceptowany przez mr\u00f3wki. Powodem jest to, \u017ce nieprzetworzony mi\u00f3d spadziowy w swojej skoncentrowanej oryginalnej formie nie jest dobrze akceptowany przez mr\u00f3wki i ich metabolizm.<br \/>\nNasza spad\u017a zosta\u0142a zebrana w nieska\u017conych, dzikich lasach g\u00f3rskich Bu\u0142garii. Spad\u017a jest produkowana tylko przez bardzo ograniczony czas, oko\u0142o dw\u00f3ch miesi\u0119cy w lecie. Jest wi\u0119c bardzo rzadka. Ze wzgl\u0119du na specyficzne w\u0142a\u015bciwo\u015bci gleby w lasach i klimat, niezb\u0119dne sk\u0142adniki od\u017cywcze s\u0105 przechowywane w li\u015bciach drzew, kt\u00f3re s\u0105 wch\u0142aniane przez mszyce. To w\u0142a\u015bnie sprawia, \u017ce ta mieszanka spadzi jest tak po\u017c\u0105dana przez mr\u00f3wki.<\/p>\n<p><strong>Zastosowanie:<\/strong><br \/>\nIlo\u015b\u0107 pokarmu powinna by\u0107 spo\u017cyta w ci\u0105gu oko\u0142o 3 dni.<\/p>\n<p><strong>Opis:<\/strong><br \/>\nSpad\u017a, w przeciwie\u0144stwie do miodu kwiatowego, pozyskiwana jest z wydzielin owad\u00f3w ss\u0105cych ro\u015bliny, takich jak mszyce. Spad\u017a jest popularnym \u017ar\u00f3d\u0142em po\u017cywienia dla wielu owad\u00f3w, takich jak mr\u00f3wki, pszczo\u0142y i trzmiele. Pszczo\u0142y i trzmiele zlizuj\u0105 j\u0105 z li\u015bci lub igie\u0142 r\u00f3\u017cnych drzew. Mr\u00f3wki, takie jak Lasius niger, dos\u0142ownie utrzymuj\u0105 mszyce. Broni\u0105 ich nawet przed drapie\u017cnikami i przenosz\u0105 na \u015bwie\u017ce p\u0119dy.<\/p>\n<p>Spad\u017a jest szczeg\u00f3lnie popularna w\u015br\u00f3d mr\u00f3wek ze wzgl\u0119du na jej nieco inne sk\u0142adniki. G\u0142\u00f3wnymi cukrami w spadzi s\u0105 sacharoza i fruktoza, ale wyst\u0119puj\u0105 r\u00f3wnie\u017c mniejsze ilo\u015bci maltozy, trehalozy, melezytozy, rafinozy i innych oligosacharyd\u00f3w. Opr\u00f3cz cukru i wody, spad\u017a zawiera r\u00f3wnie\u017c niezb\u0119dne aminokwasy, minera\u0142y, pierwiastki \u015bladowe, adenozyny, fosforany i inne sk\u0142adniki, takie jak witaminy.<\/p>\n<p><strong>U\u017cycie:<\/strong><br \/>\nDla gatunk\u00f3w mr\u00f3wek miodo\u017cernych (Meliphagidae)<br \/>\nJest to pasza uzupe\u0142niaj\u0105ca<br \/>\nKarma mo\u017ce by\u0107 podawana zwierz\u0119tom w takiej postaci, w jakiej zosta\u0142a dostarczona. Poniewa\u017c wilgotno\u015b\u0107 zmniejsza st\u0119\u017cenie cukru i rozpoczyna si\u0119 proces fermentacji, pokarm nale\u017cy wymienia\u0107 co 3 dni. Przed ponownym u\u017cyciem nale\u017cy dok\u0142adnie wyczy\u015bci\u0107 misk\u0119\/rurk\u0119 do karmienia.<br \/>\nPo otwarciu opakowanie nale\u017cy przechowywa\u0107 szczelnie zamkni\u0119te do up\u0142ywu daty wa\u017cno\u015bci.<\/p>\n<p><strong>Informacja o warto\u015bciach od\u017cywczych na 100 g:<\/strong><br \/>\nok. 2,7 % t\u0142uszcze<br \/>\nz czego nasycone ok. 0,45 %<br \/>\nok. 95 w\u0119glowodan\u00f3w %<br \/>\nz czego cukier ok. 71<br \/>\noko\u0142o 2,85% bia\u0142ka<br \/>\nMinera\u0142y (potas, wap\u0144, mied\u017a, \u017celazo, s\u00f3d, magnez, fosfor, cynk i inne pierwiastki \u015bladowe) Aminokwasy (prolina, leucyna, fenyloalanina, alanina, histydyna, izoleucyna, kwas glutaminowy, arginina, kwas asparaginowy itd.) Kwasy organiczne Enzymy (fermenty) Aromaty Inhibiny (substancje antybakteryjne) Kwiaty Py\u0142ek kwiatowy<\/p>\n<p><strong>Przechowywanie:<\/strong><br \/>\nAby zapewni\u0107 odpowiedni\u0105 jako\u015b\u0107 paszy, nale\u017cy przechowywa\u0107 j\u0105 w ciemnym i suchym miejscu.<\/p>\n<p><strong>Uwaga:<\/strong><br \/>\nPokarm uzupe\u0142niaj\u0105cy dla mr\u00f3wek miodo\u017cernych.<br \/>\nSk\u0142ad, sk\u0142adniki analityczne, data przydatno\u015bci do spo\u017cycia i numer partii znajduj\u0105 si\u0119 na ulotce do\u0142\u0105czonej do opakowania.<\/p>\n<p>Infolinia +49 30 439703870<\/p>\n<p><strong>W\u0142a\u015bciwy Inspektorat Weterynarii i \u017bywno\u015bci:<\/strong><br \/>\nGabinet weterynaryjny Steglitz<br \/>\nK\u00f6nigin-Luise-Str. 92<br \/>\n14195 Berlin<\/p>","protected":false},"excerpt":{"rendered":"<p>Zestaw sk\u0142ada si\u0119 z 33 element\u00f3w<br \/>\nRozmiar: L<\/p>","protected":false},"featured_media":11858,"comment_status":"open","ping_status":"closed","template":"","meta":{"_acf_changed":false,"content-type":"","_monsterinsights_skip_tracking":false,"_monsterinsights_sitenote_active":false,"_monsterinsights_sitenote_note":"","_monsterinsights_sitenote_category":0},"product_brand":[484],"product_cat":[355,73],"product_tag":[],"class_list":{"0":"post-11857","1":"product","2":"type-product","3":"status-publish","4":"has-post-thumbnail","6":"product_brand-antcube","7":"product_cat-bundle-offers","8":"product_cat-starter-sets","10":"first","11":"instock","12":"taxable","13":"shipping-taxable","14":"purchasable","15":"product-type-simple"},"acf":[],"aioseo_notices":[],"jetpack_sharing_enabled":true,"_links":{"self":[{"href":"https:\/\/antcube.shop\/pl\/wp-json\/wp\/v2\/product\/11857","targetHints":{"allow":["GET"]}}],"collection":[{"href":"https:\/\/antcube.shop\/pl\/wp-json\/wp\/v2\/product"}],"about":[{"href":"https:\/\/antcube.shop\/pl\/wp-json\/wp\/v2\/types\/product"}],"replies":[{"embeddable":true,"href":"https:\/\/antcube.shop\/pl\/wp-json\/wp\/v2\/comments?post=11857"}],"wp:featuredmedia":[{"embeddable":true,"href":"https:\/\/antcube.shop\/pl\/wp-json\/wp\/v2\/media\/11858"}],"wp:attachment":[{"href":"https:\/\/antcube.shop\/pl\/wp-json\/wp\/v2\/media?parent=11857"}],"wp:term":[{"taxonomy":"product_brand","embeddable":true,"href":"https:\/\/antcube.shop\/pl\/wp-json\/wp\/v2\/product_brand?post=11857"},{"taxonomy":"product_cat","embeddable":true,"href":"https:\/\/antcube.shop\/pl\/wp-json\/wp\/v2\/product_cat?post=11857"},{"taxonomy":"product_tag","embeddable":true,"href":"https:\/\/antcube.shop\/pl\/wp-json\/wp\/v2\/product_tag?post=11857"}],"curies":[{"name":"wp","href":"https:\/\/api.w.org\/{rel}","templated":true}]}}