{"id":11506,"date":"2025-04-25T15:18:54","date_gmt":"2025-04-25T13:18:54","guid":{"rendered":"https:\/\/antcube.shop\/en\/product\/poster-die-rote-waldameise-formica-rufa-lebensweise-70x50\/"},"modified":"2026-02-03T16:28:08","modified_gmt":"2026-02-03T15:28:08","slug":"plakat-czerwona-mrowka-formica-rufa-sposob-na-zycie-70x50","status":"publish","type":"product","link":"https:\/\/antcube.shop\/pl\/produkt\/plakat-czerwona-mrowka-formica-rufa-sposob-na-zycie-70x50\/","title":{"rendered":"Plakat - Czerwona mr\u00f3wka drzewna - Formica rufa spos\u00f3b na \u017cycie - 70\u00d750"},"content":{"rendered":"<p>Mr\u00f3wka rudnica - Formica rufa spos\u00f3b na \u017cycie - Plakat mr\u00f3wki i pomoc dydaktyczna dla szk\u00f3\u0142\/przedszkoli.<\/p>\n<p><strong>Opis dost\u0119pny w j\u0119zyku niemieckim, angielskim, hiszpa\u0144skim i francuskim<\/strong><\/p>\n<p><strong>Wymiary:<\/strong> 70\u00d750 cm<\/p>\n<p><strong>Materia\u0142:<\/strong> Papier lateksowy<br \/>\nPapier ten jest wodoodporny, zmywalny, wytrzyma\u0142y, przyjazny dla \u015brodowiska, poniewa\u017c nie zawiera szkodliwych dla \u015brodowiska rozpuszczalnik\u00f3w i zapewnia doskona\u0142\u0105 jako\u015b\u0107 druku.<\/p>\n<p><strong>Opis:<\/strong> Ten plakat przedstawia przegl\u0105d sposobu \u017cycia i budowy gniazd Formica rufa, czerwonej mr\u00f3wki buduj\u0105cej kopce z p\u00f3\u0142nocnej i \u015brodkowej Europy. Gatunek ten jest obj\u0119ty ochron\u0105 gatunkow\u0105.<\/p>\n<p><strong>Wa\u017cne - dodatkowe informacje:<\/strong> <a href=\"https:\/\/www.ants.de\/link\/1001\">Tutaj<\/a> znajdziesz szczeg\u00f3\u0142owy opis poszczeg\u00f3lnych scen na plakacie. Nie s\u0105 one do\u0142\u0105czone do plakatu, ale mo\u017cna uzyska\u0107 do nich dost\u0119p i wydrukowa\u0107 je osobno, korzystaj\u0105c z poni\u017cszego \u0142\u0105cza. https:\/\/www.ants.de\/link\/1001<\/p>","protected":false},"excerpt":{"rendered":"<p>The red wood ant - Formica rufa way of life - Plakat mr\u00f3wka i pomoc dydaktyczna dla szk\u00f3\u0142 \/ przedszkoli. Opis dost\u0119pny w j\u0119zyku niemieckim, angielskim, hiszpa\u0144skim i francuskim Wymiary: 70x50 cm Materia\u0142: Papier lateksowy Papier ten jest wodoodporny, zmywalny, wytrzyma\u0142y, przyjazny dla \u015brodowiska, poniewa\u017c nie zawiera szkodliwych dla \u015brodowiska rozpuszczalnik\u00f3w i zapewnia doskona\u0142\u0105 jako\u015b\u0107 druku. Opis:","protected":false},"featured_media":11399,"comment_status":"open","ping_status":"closed","template":"","meta":{"_acf_changed":false,"content-type":"","_monsterinsights_skip_tracking":false,"_monsterinsights_sitenote_active":false,"_monsterinsights_sitenote_note":"","_monsterinsights_sitenote_category":0},"product_brand":[484],"product_cat":[500],"product_tag":[],"class_list":{"0":"post-11506","1":"product","2":"type-product","3":"status-publish","4":"has-post-thumbnail","6":"product_brand-antcube","7":"product_cat-ant-posters-and-teaching-aids","9":"first","10":"instock","11":"taxable","12":"shipping-taxable","13":"purchasable","14":"product-type-simple"},"acf":[],"aioseo_notices":[],"jetpack_sharing_enabled":true,"_links":{"self":[{"href":"https:\/\/antcube.shop\/pl\/wp-json\/wp\/v2\/product\/11506","targetHints":{"allow":["GET"]}}],"collection":[{"href":"https:\/\/antcube.shop\/pl\/wp-json\/wp\/v2\/product"}],"about":[{"href":"https:\/\/antcube.shop\/pl\/wp-json\/wp\/v2\/types\/product"}],"replies":[{"embeddable":true,"href":"https:\/\/antcube.shop\/pl\/wp-json\/wp\/v2\/comments?post=11506"}],"wp:featuredmedia":[{"embeddable":true,"href":"https:\/\/antcube.shop\/pl\/wp-json\/wp\/v2\/media\/11399"}],"wp:attachment":[{"href":"https:\/\/antcube.shop\/pl\/wp-json\/wp\/v2\/media?parent=11506"}],"wp:term":[{"taxonomy":"product_brand","embeddable":true,"href":"https:\/\/antcube.shop\/pl\/wp-json\/wp\/v2\/product_brand?post=11506"},{"taxonomy":"product_cat","embeddable":true,"href":"https:\/\/antcube.shop\/pl\/wp-json\/wp\/v2\/product_cat?post=11506"},{"taxonomy":"product_tag","embeddable":true,"href":"https:\/\/antcube.shop\/pl\/wp-json\/wp\/v2\/product_tag?post=11506"}],"curies":[{"name":"wp","href":"https:\/\/api.w.org\/{rel}","templated":true}]}}