{"id":11495,"date":"2025-04-25T14:48:03","date_gmt":"2025-04-25T12:48:03","guid":{"rendered":"https:\/\/antcube.shop\/en\/product\/poster-feinde-der-ameisen-100x70\/"},"modified":"2026-01-12T12:41:48","modified_gmt":"2026-01-12T11:41:48","slug":"plakat-wrogowie-mrowek-100x70","status":"publish","type":"product","link":"https:\/\/antcube.shop\/pl\/produkt\/plakat-wrogowie-mrowek-100x70\/","title":{"rendered":"Plakat - Wrogowie mr\u00f3wek - 100\u00d770"},"content":{"rendered":"<p>Wrogowie mr\u00f3wek - Plakat z mr\u00f3wkami i pomoc dydaktyczna dla szk\u00f3\u0142\/przedszkoli.<\/p>\n<p><strong>Opis dost\u0119pny w j\u0119zyku niemieckim, angielskim, hiszpa\u0144skim i francuskim<\/strong><\/p>\n<p><strong>Wymiary:<\/strong> 100\u00d770 cm<\/p>\n<p><strong>Materia\u0142:<\/strong> Papier lateksowy<br \/>\nPapier ten jest wodoodporny, zmywalny, wytrzyma\u0142y, przyjazny dla \u015brodowiska, poniewa\u017c nie zawiera szkodliwych dla \u015brodowiska rozpuszczalnik\u00f3w i zapewnia doskona\u0142\u0105 jako\u015b\u0107 druku.<\/p>\n<p><strong>Opis:<\/strong> Ten plakat przedstawia przegl\u0105d naturalnych wrog\u00f3w mr\u00f3wek, od male\u0144kiego mr\u00f3wczego lwa po nas, ludzi.<\/p>\n<p><strong>Wa\u017cne - dodatkowe informacje:<\/strong> <a href=\"https:\/\/www.ants.de\/link\/1010\">Tutaj <\/a>znajdziesz szczeg\u00f3\u0142owy opis poszczeg\u00f3lnych scen na plakacie. Nie s\u0105 one do\u0142\u0105czone, ale mo\u017cna uzyska\u0107 do nich dost\u0119p i wydrukowa\u0107 je osobno, korzystaj\u0105c z poni\u017cszego \u0142\u0105cza. <a href=\"https:\/\/www.ants.de\/link\/1010\">https:\/\/www.ants.de\/link\/1010<\/a><\/p>","protected":false},"excerpt":{"rendered":"<p>Wrogowie mr\u00f3wek - Plakat z mr\u00f3wkami i pomoc dydaktyczna dla szk\u00f3\u0142\/przedszkoli. Opis dost\u0119pny w j\u0119zyku niemieckim, angielskim, hiszpa\u0144skim i francuskim Wymiary: 70x50 cm Materia\u0142: Papier lateksowy Papier ten jest wodoodporny, zmywalny, wytrzyma\u0142y, przyjazny dla \u015brodowiska, poniewa\u017c nie zawiera szkodliwych dla \u015brodowiska rozpuszczalnik\u00f3w i zapewnia doskona\u0142\u0105 jako\u015b\u0107 druku. Opis: Ten plakat przedstawia przegl\u0105d","protected":false},"featured_media":11404,"comment_status":"open","ping_status":"closed","template":"","meta":{"_acf_changed":false,"content-type":"","_monsterinsights_skip_tracking":false,"_monsterinsights_sitenote_active":false,"_monsterinsights_sitenote_note":"","_monsterinsights_sitenote_category":0},"product_brand":[484],"product_cat":[500],"product_tag":[],"class_list":{"0":"post-11495","1":"product","2":"type-product","3":"status-publish","4":"has-post-thumbnail","6":"product_brand-antcube","7":"product_cat-ant-posters-and-teaching-aids","9":"first","10":"instock","11":"taxable","12":"shipping-taxable","13":"purchasable","14":"product-type-simple"},"acf":[],"aioseo_notices":[],"jetpack_sharing_enabled":true,"_links":{"self":[{"href":"https:\/\/antcube.shop\/pl\/wp-json\/wp\/v2\/product\/11495","targetHints":{"allow":["GET"]}}],"collection":[{"href":"https:\/\/antcube.shop\/pl\/wp-json\/wp\/v2\/product"}],"about":[{"href":"https:\/\/antcube.shop\/pl\/wp-json\/wp\/v2\/types\/product"}],"replies":[{"embeddable":true,"href":"https:\/\/antcube.shop\/pl\/wp-json\/wp\/v2\/comments?post=11495"}],"wp:featuredmedia":[{"embeddable":true,"href":"https:\/\/antcube.shop\/pl\/wp-json\/wp\/v2\/media\/11404"}],"wp:attachment":[{"href":"https:\/\/antcube.shop\/pl\/wp-json\/wp\/v2\/media?parent=11495"}],"wp:term":[{"taxonomy":"product_brand","embeddable":true,"href":"https:\/\/antcube.shop\/pl\/wp-json\/wp\/v2\/product_brand?post=11495"},{"taxonomy":"product_cat","embeddable":true,"href":"https:\/\/antcube.shop\/pl\/wp-json\/wp\/v2\/product_cat?post=11495"},{"taxonomy":"product_tag","embeddable":true,"href":"https:\/\/antcube.shop\/pl\/wp-json\/wp\/v2\/product_tag?post=11495"}],"curies":[{"name":"wp","href":"https:\/\/api.w.org\/{rel}","templated":true}]}}