{"id":11413,"date":"2025-04-11T16:43:25","date_gmt":"2025-04-11T14:43:25","guid":{"rendered":"https:\/\/antcube.shop\/en\/product\/light-strip-pro-40cm\/"},"modified":"2026-03-27T13:58:51","modified_gmt":"2026-03-27T12:58:51","slug":"listwa-swietlna-pro-40cm","status":"publish","type":"product","link":"https:\/\/antcube.shop\/pl\/produkt\/listwa-swietlna-pro-40cm\/","title":{"rendered":"Light Strip Pro 40cm"},"content":{"rendered":"<p><strong>Tre\u015b\u0107:<\/strong><br \/>\n1x Ta\u015bma \u015bwietlna LED Pro<br \/>\n1x wspornik do monta\u017cu sufitowego wraz ze \u015brubami<br \/>\n1x wtyczka sieciowa z prze\u0142\u0105cznikiem<\/p>\n<p><strong>Dane techniczne:<\/strong><br \/>\nWymiary: 400x124x42 mm<br \/>\nO\u015bwietlenie: LED<br \/>\nPob\u00f3r mocy: 16 W<br \/>\nStrumie\u0144 \u015bwietlny: 2200 lm (140 lm\/W)<br \/>\nBarwa \u015bwiat\u0142a: 6000K<br \/>\n\u017bywotno\u015b\u0107: ~ 25 000 h<br \/>\nD\u0142ugo\u015b\u0107 kabla: 145 cm<\/p>\n<p><strong>Materia\u0142:<\/strong> plastik<\/p>\n<p><strong>Kolor:<\/strong> czarny<\/p>\n<p><strong>Opis:<\/strong><br \/>\nO\u015bwietlenie LED do formikarium, wiwarium i terrarium o wymiarach 60x30x60.<br \/>\nStopie\u0144 ochrony przed bryzgami wody IP65 sprawia, \u017ce lampy Light Strip doskonale nadaj\u0105 si\u0119 do terrari\u00f3w tropikalnych. Ze wzgl\u0119du na niskie wydzielanie ciep\u0142a, lampy Light Strip s\u0105 r\u00f3wnie\u017c odpowiednie dla gatunk\u00f3w o ni\u017cszych wymaganiach cieplnych.<\/p>","protected":false},"excerpt":{"rendered":"<p><span style=\"font-weight: 400;\">Pob\u00f3r mocy: 16 W<\/span><\/p>","protected":false},"featured_media":11368,"comment_status":"open","ping_status":"closed","template":"","meta":{"_acf_changed":false,"content-type":"","_monsterinsights_skip_tracking":false,"_monsterinsights_sitenote_active":false,"_monsterinsights_sitenote_note":"","_monsterinsights_sitenote_category":0},"product_brand":[],"product_cat":[359,257,119],"product_tag":[],"class_list":{"0":"post-11413","1":"product","2":"type-product","3":"status-publish","4":"has-post-thumbnail","6":"product_cat-light-heat-humidity","7":"product_cat-new-innovatve-products","8":"product_cat-formicarium-components","10":"first","11":"instock","12":"taxable","13":"shipping-taxable","14":"purchasable","15":"product-type-simple"},"acf":[],"aioseo_notices":[],"jetpack_sharing_enabled":true,"_links":{"self":[{"href":"https:\/\/antcube.shop\/pl\/wp-json\/wp\/v2\/product\/11413","targetHints":{"allow":["GET"]}}],"collection":[{"href":"https:\/\/antcube.shop\/pl\/wp-json\/wp\/v2\/product"}],"about":[{"href":"https:\/\/antcube.shop\/pl\/wp-json\/wp\/v2\/types\/product"}],"replies":[{"embeddable":true,"href":"https:\/\/antcube.shop\/pl\/wp-json\/wp\/v2\/comments?post=11413"}],"wp:featuredmedia":[{"embeddable":true,"href":"https:\/\/antcube.shop\/pl\/wp-json\/wp\/v2\/media\/11368"}],"wp:attachment":[{"href":"https:\/\/antcube.shop\/pl\/wp-json\/wp\/v2\/media?parent=11413"}],"wp:term":[{"taxonomy":"product_brand","embeddable":true,"href":"https:\/\/antcube.shop\/pl\/wp-json\/wp\/v2\/product_brand?post=11413"},{"taxonomy":"product_cat","embeddable":true,"href":"https:\/\/antcube.shop\/pl\/wp-json\/wp\/v2\/product_cat?post=11413"},{"taxonomy":"product_tag","embeddable":true,"href":"https:\/\/antcube.shop\/pl\/wp-json\/wp\/v2\/product_tag?post=11413"}],"curies":[{"name":"wp","href":"https:\/\/api.w.org\/{rel}","templated":true}]}}