{"id":11411,"date":"2025-04-11T16:41:28","date_gmt":"2025-04-11T14:41:28","guid":{"rendered":"https:\/\/antcube.shop\/en\/product\/light-strip-20-erweiterung\/"},"modified":"2026-03-16T10:38:25","modified_gmt":"2026-03-16T09:38:25","slug":"listwa-swietlna-20-przedluzenie","status":"publish","type":"product","link":"https:\/\/antcube.shop\/pl\/produkt\/listwa-swietlna-20-przedluzenie\/","title":{"rendered":"Rozszerzenie Light Strip 20"},"content":{"rendered":"<p><strong>Tre\u015b\u0107:<\/strong><br \/>\n1x Ta\u015bma \u015bwietlna LED mini 14cm<br \/>\n1x wspornik do monta\u017cu sufitowego wraz ze \u015brubami<br \/>\n1x kabel po\u0142\u0105czeniowy<br \/>\n1x wtyczka \u0142\u0105cz\u0105ca<\/p>\n<p><strong>Dane techniczne:<\/strong><br \/>\nWymiary: 140x60x9mm<br \/>\nO\u015bwietlenie: LED<br \/>\nPob\u00f3r mocy: 2W<br \/>\nStrumie\u0144 \u015bwietlny: 210 lm (105 lm\/W)<br \/>\nBarwa \u015bwiat\u0142a: 3000K \/ 4000K \/ 6500K<br \/>\n\u017bywotno\u015b\u0107: ~ 25 000 h<br \/>\nD\u0142ugo\u015b\u0107 kabla: 30 cm<br \/>\nMo\u017cliwo\u015b\u0107 \u015bciemniania<\/p>\n<p><strong>Materia\u0142:<\/strong> Plastik<\/p>\n<p><strong>Kolor:<\/strong> bia\u0142y<\/p>\n<p><strong>Opis:<\/strong><br \/>\nIdealny dla wszystkich gatunk\u00f3w mr\u00f3wek. Spektrum podobne do \u015bwiat\u0142a dziennego z dobrym o\u015bwietleniem formikarium. Brak niepo\u017c\u0105danej emisji ciep\u0142a, niezwykle energooszcz\u0119dne.<br \/>\nTa lampa LED nadaje si\u0119 do formikari\u00f3w i wiwari\u00f3w o wymiarach 20x20x20, 20x20x10 i 20x10x10. Mo\u017cna j\u0105 po prostu umie\u015bci\u0107 na pokrywie. Jasno\u015b\u0107 mo\u017cna \u015bciemnia\u0107 na 10 poziomach i ustawi\u0107 3 r\u00f3\u017cne kolory \u015bwiat\u0142a, od \"zimnego bia\u0142ego\" przez \"naturalne\" do \"ciep\u0142ego\". W przypadku formikarii o szeroko\u015bci 40 cm mo\u017cna w\u0142o\u017cy\u0107 dwie lampy jedna w drug\u0105. Z wysoko\u015bci ponad 30 cm tylko niewielka ilo\u015b\u0107 \u015bwiat\u0142a dociera do dna.<\/p>\n<p><strong>Wa\u017cne:<\/strong> Bez zasilacza! Dzia\u0142a tylko w po\u0142\u0105czeniu z listw\u0105 \u015bwietln\u0105 20 (1005742) lub 30 (1005742).<br \/>\nNa przyk\u0142ad, 6 lamp 20 (do 12 W) mo\u017ce by\u0107 po\u0142\u0105czonych szeregowo z zasilaczem.<\/p>","protected":false},"excerpt":{"rendered":"<p><span style=\"font-weight: 400;\">Pob\u00f3r mocy: 2W<\/span><\/p>","protected":false},"featured_media":11377,"comment_status":"open","ping_status":"closed","template":"","meta":{"_acf_changed":false,"content-type":"","_monsterinsights_skip_tracking":false,"_monsterinsights_sitenote_active":false,"_monsterinsights_sitenote_note":"","_monsterinsights_sitenote_category":0},"product_brand":[],"product_cat":[359,257,119],"product_tag":[],"class_list":{"0":"post-11411","1":"product","2":"type-product","3":"status-publish","4":"has-post-thumbnail","6":"product_cat-light-heat-humidity","7":"product_cat-new-innovatve-products","8":"product_cat-formicarium-components","10":"first","11":"instock","12":"taxable","13":"shipping-taxable","14":"purchasable","15":"product-type-simple"},"acf":[],"aioseo_notices":[],"jetpack_sharing_enabled":true,"_links":{"self":[{"href":"https:\/\/antcube.shop\/pl\/wp-json\/wp\/v2\/product\/11411","targetHints":{"allow":["GET"]}}],"collection":[{"href":"https:\/\/antcube.shop\/pl\/wp-json\/wp\/v2\/product"}],"about":[{"href":"https:\/\/antcube.shop\/pl\/wp-json\/wp\/v2\/types\/product"}],"replies":[{"embeddable":true,"href":"https:\/\/antcube.shop\/pl\/wp-json\/wp\/v2\/comments?post=11411"}],"wp:featuredmedia":[{"embeddable":true,"href":"https:\/\/antcube.shop\/pl\/wp-json\/wp\/v2\/media\/11377"}],"wp:attachment":[{"href":"https:\/\/antcube.shop\/pl\/wp-json\/wp\/v2\/media?parent=11411"}],"wp:term":[{"taxonomy":"product_brand","embeddable":true,"href":"https:\/\/antcube.shop\/pl\/wp-json\/wp\/v2\/product_brand?post=11411"},{"taxonomy":"product_cat","embeddable":true,"href":"https:\/\/antcube.shop\/pl\/wp-json\/wp\/v2\/product_cat?post=11411"},{"taxonomy":"product_tag","embeddable":true,"href":"https:\/\/antcube.shop\/pl\/wp-json\/wp\/v2\/product_tag?post=11411"}],"curies":[{"name":"wp","href":"https:\/\/api.w.org\/{rel}","templated":true}]}}