{"id":11407,"date":"2025-04-11T16:38:16","date_gmt":"2025-04-11T14:38:16","guid":{"rendered":"https:\/\/antcube.shop\/en\/product\/terracube-60x30x60-terrarium-mit-schiebetur\/"},"modified":"2026-04-02T12:12:14","modified_gmt":"2026-04-02T10:12:14","slug":"terracube-60x30x60-terrarium-z-przesuwanymi-drzwiami","status":"publish","type":"product","link":"https:\/\/antcube.shop\/pl\/produkt\/terracube-60x30x60-terrarium-z-przesuwanymi-drzwiami\/","title":{"rendered":"TERRACUBE 60x30x60 Terrarium z przesuwanymi drzwiami"},"content":{"rendered":"<p><strong>TERRACUBE Terrarium 60x30x60 z przesuwanymi drzwiczkami i otworami 2x 50 mm.<\/strong><\/p>\n<p><strong>Wymiary:<\/strong> 600 x 300 x 600 mm; grubo\u015b\u0107 szk\u0142a 4 mm<br \/>\n<strong>Materia\u0142:<\/strong> szk\u0142o float<br \/>\n<strong>Po\u0142\u0105czenie:<\/strong> 2x otw\u00f3r 50 mm (2x z boku)<\/p>\n<p><strong>Otwieranie z przodu (drzwi przesuwne):<\/strong> 300\u00d7300 mm<br \/>\nWysoko\u015b\u0107 dr\u0105\u017cka: 12,5 cm<br \/>\nSzeroko\u015b\u0107 pr\u0119ta: 4 cm<\/p>\n<p><strong>Opis:<\/strong><br \/>\n<strong>TERRACUBE - W pe\u0142ni przezroczysty, modu\u0142owy system terrarium z przemy\u015blanymi detalami<\/strong><br \/>\nTerraria TERRACUBE wyr\u00f3\u017cniaj\u0105 si\u0119 maksymaln\u0105 przezroczysto\u015bci\u0105 (360\u00b0) i eleganckim, przejrzystym wygl\u0105dem. Wszystkie kraw\u0119dzie s\u0105 precyzyjnie klejone, dzi\u0119ki czemu nie wida\u0107 irytuj\u0105cych silikonowych szw\u00f3w. Zastosowany silikon jest r\u00f3wnie\u017c ca\u0142kowicie przezroczysty, co zapewnia niezak\u0142\u00f3cony widok wn\u0119trza.<\/p>\n<p><strong>Zaawansowana wentylacja i techniczne punkty dost\u0119pu<\/strong><br \/>\n<strong>Dwa boczne otwory (\u00d8 50 mm ka\u017cdy) oferuj\u0105 elastyczne opcje u\u017cytkowania:<\/strong><br \/>\nMog\u0105 by\u0107 u\u017cywane do dodatkowej wentylacji lub jako dost\u0119p do technologii, takich jak termo\/higrometry, zamg\u0142awiacze, kamienie grzewcze i wiele innych.<\/p>\n<p>Pokrywa jest sprzedawana oddzielnie i jest dost\u0119pna w r\u00f3\u017cnych wersjach - z r\u00f3\u017cnymi obszarami wentylacji i otworami do dodatkowej wentylacji lub akcesoriami technicznymi, takimi jak systemy przeciwdeszczowe lub wentylatory, w zale\u017cno\u015bci od siedliska.<\/p>\n<p><strong>Bezpieczna siatka - odpowiednia r\u00f3wnie\u017c dla ma\u0142ych zwierz\u0105t<\/strong><br \/>\nKratka wentylacyjna ze stali nierdzewnej o drobnych oczkach jest tak szczelna, \u017ce nawet ma\u0142e gatunki, takie jak muszki owocowe (Drosophila) czy mr\u00f3wki, nie mog\u0105 si\u0119 przez ni\u0105 wydosta\u0107. Jest ona podtrzymywana przez wytrzyma\u0142\u0105 perforowan\u0105 p\u0142yt\u0119 aluminiow\u0105. Dzi\u0119ki temu koncepcja jest odporna na korozj\u0119 (\u0142atwa w utrzymaniu i trwa\u0142a) i stabilna, nawet w przypadku mechanicznego uderzenia wi\u0119kszych gad\u00f3w.<\/p>\n<p><strong>Drzwi przesuwne - praktyczne i prawie niewidoczne<\/strong><br \/>\nPraktyczne drzwi przesuwne s\u0105 wyposa\u017cone w przezroczysty uchwyt na w pe\u0142ni przezroczystym wsporniku. Oznacza to, \u017ce uwaga zawsze skupia si\u0119 na pi\u0119knie zaprojektowanym wn\u0119trzu lub trzymanych w nim zwierz\u0119tach.<\/p>\n<p><strong>System modu\u0142owy - mo\u017cliwo\u015b\u0107 \u0142\u0105czenia terrari\u00f3w<\/strong><br \/>\nKilka terrari\u00f3w TERRACUBE mo\u017cna po\u0142\u0105czy\u0107 ze sob\u0105 dzi\u0119ki otworom z boku i dopasowanym przezroczystym akrylowym \u0142\u0105cznikom lub rurkom.<br \/>\nNa przyk\u0142ad, kolonia mr\u00f3wek mo\u017ce by\u0107 trzymana w s\u0105siednim zbiorniku jako \u017ar\u00f3d\u0142o po\u017cywienia dla gad\u00f3w - z bezpiecznym schronieniem, je\u015bli gad nie mo\u017ce przej\u015b\u0107 przez rurk\u0119. W ten spos\u00f3b mo\u017cna r\u00f3wnie\u017c elastycznie rozbudowywa\u0107 ca\u0142e systemy, na przyk\u0142ad dla \u017cab lub salamander.<\/p>\n<p><strong>Uwaga:<\/strong> Szk\u0142o jest ci\u0119te na wymiar zgodnie z norm\u0105 DIN 1249 z tolerancj\u0105 +\/- 1 mm. Dodatkowa ochrona przed ucieczk\u0105 jest niezb\u0119dna w przypadku wyj\u0105tkowo ma\u0142ych gatunk\u00f3w mr\u00f3wek.<\/p>","protected":false},"excerpt":{"rendered":"<p>TERRACUBE Terrarium 60x30x60 z przesuwanymi drzwiczkami i otworami 2x 50mm. Wymiary: 600 x 300 x 600 mm; grubo\u015b\u0107 szk\u0142a 4 mm Materia\u0142: szk\u0142o float Przy\u0142\u0105cze: 2x otw\u00f3r 50 mm (2x z boku) Otw\u00f3r z przodu (drzwi przesuwne): 300x300 mm Wysoko\u015b\u0107 s\u0142upka: 12,5 cm Szeroko\u015b\u0107 s\u0142upka: 4 cm Opis: TERRACUBE - W pe\u0142ni przezroczysty, modu\u0142owy system terrarium","protected":false},"featured_media":11397,"comment_status":"open","ping_status":"closed","template":"","meta":{"_acf_changed":false,"content-type":"","_monsterinsights_skip_tracking":false,"_monsterinsights_sitenote_active":false,"_monsterinsights_sitenote_note":"","_monsterinsights_sitenote_category":0},"product_brand":[499],"product_cat":[257],"product_tag":[],"class_list":{"0":"post-11407","1":"product","2":"type-product","3":"status-publish","4":"has-post-thumbnail","6":"product_brand-terracube","7":"product_cat-new-innovatve-products","8":"product_shipping_class-forwarding-on-pallet","10":"first","11":"instock","12":"taxable","13":"shipping-taxable","14":"purchasable","15":"product-type-simple"},"acf":[],"aioseo_notices":[],"jetpack_sharing_enabled":true,"_links":{"self":[{"href":"https:\/\/antcube.shop\/pl\/wp-json\/wp\/v2\/product\/11407","targetHints":{"allow":["GET"]}}],"collection":[{"href":"https:\/\/antcube.shop\/pl\/wp-json\/wp\/v2\/product"}],"about":[{"href":"https:\/\/antcube.shop\/pl\/wp-json\/wp\/v2\/types\/product"}],"replies":[{"embeddable":true,"href":"https:\/\/antcube.shop\/pl\/wp-json\/wp\/v2\/comments?post=11407"}],"wp:featuredmedia":[{"embeddable":true,"href":"https:\/\/antcube.shop\/pl\/wp-json\/wp\/v2\/media\/11397"}],"wp:attachment":[{"href":"https:\/\/antcube.shop\/pl\/wp-json\/wp\/v2\/media?parent=11407"}],"wp:term":[{"taxonomy":"product_brand","embeddable":true,"href":"https:\/\/antcube.shop\/pl\/wp-json\/wp\/v2\/product_brand?post=11407"},{"taxonomy":"product_cat","embeddable":true,"href":"https:\/\/antcube.shop\/pl\/wp-json\/wp\/v2\/product_cat?post=11407"},{"taxonomy":"product_tag","embeddable":true,"href":"https:\/\/antcube.shop\/pl\/wp-json\/wp\/v2\/product_tag?post=11407"}],"curies":[{"name":"wp","href":"https:\/\/api.w.org\/{rel}","templated":true}]}}