{"id":11137,"date":"2025-03-06T15:59:48","date_gmt":"2025-03-06T14:59:48","guid":{"rendered":"https:\/\/antcube.shop\/en\/product\/antcube-arena-60x30x60-mit-schiebetur\/"},"modified":"2026-01-12T12:41:14","modified_gmt":"2026-01-12T11:41:14","slug":"antcube-arena-60x30x60-z-przesuwanymi-drzwiami","status":"publish","type":"product","link":"https:\/\/antcube.shop\/pl\/produkt\/antcube-arena-60x30x60-z-przesuwanymi-drzwiami\/","title":{"rendered":"ANTCUBE Arena 60x30x60 z przesuwanymi drzwiami"},"content":{"rendered":"<p><strong>ANTCUBE Arena 60x30x60 z przesuwanymi drzwiami i 4 otworami 50 mm.<\/strong><\/p>\n<p><strong>Wymiary:<\/strong> 600 x 300 x 600 mm; grubo\u015b\u0107 szk\u0142a 4 mm<br \/>\n<strong>Materia\u0142:<\/strong> szk\u0142o float<br \/>\n<strong>Po\u0142\u0105czenie:<\/strong> 4x otw\u00f3r 50 mm (2x z boku i 2x z przodu)<\/p>\n<p><strong>Otwieranie z przodu (drzwi przesuwne):<\/strong> 300\u00d7300 mm<\/p>\n<p><strong>Opis:<\/strong> Nasza arena ANTCUBE 60x30x60 z przesuwanymi drzwiami zosta\u0142a opracowana, aby umo\u017cliwi\u0107 wygodn\u0105 prac\u0119 nawet w pe\u0142nym formikarium. Nadaje si\u0119 r\u00f3wnie\u017c jako rozszerzenie naszej areny z przesuwanymi drzwiami o wymiarach 60x30x30. R\u00f3\u017cnica polega na nowych otworach z przodu, aby stworzy\u0107 dodatkow\u0105 wentylacj\u0119 lub, je\u015bli nie ma miejsca po bokach, po\u0142\u0105czy\u0107 dodatkowe areny z akrylowymi rurkami za pomoc\u0105 przednich po\u0142\u0105cze\u0144. S\u0105 one szczeg\u00f3lnie przydatne jako formikarium dla mr\u00f3wek tkaczy (Polyrhachis i Oecophylla), poniewa\u017c lubi\u0105 one budowa\u0107 w g\u00f3r\u0119 i potrzebuj\u0105 ro\u015bliny \u017cywicielskiej. Gatunki zamieszkuj\u0105ce drzewa, takie jak Tetraponera, r\u00f3wnie\u017c ch\u0119tnie korzystaj\u0105 z mo\u017cliwo\u015bci wspinaczki. Czasami mo\u017ce by\u0107 trudno usun\u0105\u0107 nieczysto\u015bci zwierz\u0105t z dna formikarium. Nie stanowi to problemu w przypadku tego specjalnie przystosowanego zbiornika. Przesuwane drzwi s\u0105 r\u00f3wnie\u017c bardzo praktyczne w przypadku zbiornik\u00f3w do karmienia mr\u00f3wek Acromyrmex lub Atta, poniewa\u017c resztki ro\u015blin i inne odpady mo\u017cna \u0142atwo usun\u0105\u0107. Dla g\u00f3rnego otworu, rama zabezpieczaj\u0105ca przed wy\u0142amaniem 60\u00d730 i pokrywa areny 60\u00d730 z lub bez wi\u0119kszego obszaru wentylacji s\u0105 r\u00f3wnie\u017c dost\u0119pne osobno.<\/p>\n<p><strong>Uwaga:<\/strong> Szk\u0142o jest ci\u0119te na wymiar zgodnie z norm\u0105 DIN 1249 z tolerancj\u0105 +\/- 1 mm. Dodatkowa ochrona przed ucieczk\u0105 jest niezb\u0119dna w przypadku wyj\u0105tkowo ma\u0142ych gatunk\u00f3w mr\u00f3wek.<\/p>","protected":false},"excerpt":{"rendered":"<p>Pod\u0142\u0105czenie: 4x otw\u00f3r 50 mm<\/p>","protected":false},"featured_media":11138,"comment_status":"open","ping_status":"closed","template":"","meta":{"_acf_changed":false,"content-type":"","_monsterinsights_skip_tracking":false,"_monsterinsights_sitenote_active":false,"_monsterinsights_sitenote_note":"","_monsterinsights_sitenote_category":0},"product_brand":[484],"product_cat":[257,85,86],"product_tag":[],"class_list":{"0":"post-11137","1":"product","2":"type-product","3":"status-publish","4":"has-post-thumbnail","6":"product_brand-antcube","7":"product_cat-new-innovatve-products","8":"product_cat-ant-arenas","9":"product_cat-formicariums","10":"product_shipping_class-forwarding-on-pallet","12":"first","13":"instock","14":"taxable","15":"shipping-taxable","16":"purchasable","17":"product-type-simple"},"acf":[],"aioseo_notices":[],"jetpack_sharing_enabled":true,"_links":{"self":[{"href":"https:\/\/antcube.shop\/pl\/wp-json\/wp\/v2\/product\/11137","targetHints":{"allow":["GET"]}}],"collection":[{"href":"https:\/\/antcube.shop\/pl\/wp-json\/wp\/v2\/product"}],"about":[{"href":"https:\/\/antcube.shop\/pl\/wp-json\/wp\/v2\/types\/product"}],"replies":[{"embeddable":true,"href":"https:\/\/antcube.shop\/pl\/wp-json\/wp\/v2\/comments?post=11137"}],"wp:featuredmedia":[{"embeddable":true,"href":"https:\/\/antcube.shop\/pl\/wp-json\/wp\/v2\/media\/11138"}],"wp:attachment":[{"href":"https:\/\/antcube.shop\/pl\/wp-json\/wp\/v2\/media?parent=11137"}],"wp:term":[{"taxonomy":"product_brand","embeddable":true,"href":"https:\/\/antcube.shop\/pl\/wp-json\/wp\/v2\/product_brand?post=11137"},{"taxonomy":"product_cat","embeddable":true,"href":"https:\/\/antcube.shop\/pl\/wp-json\/wp\/v2\/product_cat?post=11137"},{"taxonomy":"product_tag","embeddable":true,"href":"https:\/\/antcube.shop\/pl\/wp-json\/wp\/v2\/product_tag?post=11137"}],"curies":[{"name":"wp","href":"https:\/\/api.w.org\/{rel}","templated":true}]}}