{"id":10988,"date":"2025-01-29T13:27:22","date_gmt":"2025-01-29T12:27:22","guid":{"rendered":"https:\/\/antcube.shop\/en\/product\/bundle-offer-pheidole-pallidula\/"},"modified":"2026-04-13T09:30:15","modified_gmt":"2026-04-13T07:30:15","slug":"oferta-pakietowa-pheidole-pallidula","status":"publish","type":"product","link":"https:\/\/antcube.shop\/pl\/produkt\/oferta-pakietowa-pheidole-pallidula\/","title":{"rendered":"Oferta pakietowa - Crematogaster scutellaris"},"content":{"rendered":"<p id=\"docs-internal-guid-f360e18f-7fff-1fa7-2486-66b6ea8170c9\" dir=\"ltr\"><span data-text-color=\"secondary\"><strong>Zestaw zawiera koloni\u0119 mr\u00f3wek Crematogaster scutellaris (kr\u00f3lowa z 5-10 robotnicami + czerw), zestaw startowy Digfix S, 2x podk\u0142adki formikarium i pustynne t\u0142o fotograficzne.<\/strong><\/span><\/p>\n<p dir=\"ltr\"><span data-text-color=\"alert\"><strong>Tylko do wyczerpania zapas\u00f3w.<\/strong><\/span><\/p>\n<h2 dir=\"ltr\"><strong>Wszystko, czego potrzebujesz do stworzenia kolonii mr\u00f3wek Crematogaster scutellaris<\/strong><\/h2>\n<p dir=\"ltr\">Ten zestaw zawiera wszystko, czego potrzebujesz, aby z powodzeniem utrzyma\u0107 koloni\u0119 Crematogaster scutellaris przez kilka pierwszych miesi\u0119cy hodowli. Jest idealny dla pocz\u0105tkuj\u0105cych i mo\u017cna go \u0142atwo rozbudowa\u0107.<\/p>\n<h3 dir=\"ltr\"><strong>Gatunek mr\u00f3wki Crematogaster scutellaris<\/strong><\/h3>\n<p>Crematogaster scutellaris to g\u0142\u00f3wnie wszystko\u017cerny gatunek mr\u00f3wek, kt\u00f3ry spo\u017cywa zar\u00f3wno pokarm ro\u015blinny, jak i zwierz\u0119cy. Jest szeroko rozpowszechniony w regionie \u015br\u00f3dziemnomorskim i wyst\u0119puje r\u00f3wnie\u017c w po\u0142udniowych cz\u0119\u015bciach Europy \u015arodkowej. Typowy dla tego gatunku jest jego charakterystyczny odw\u0142ok w kszta\u0142cie gruszki, kt\u00f3ry podnosi w razie niebezpiecze\u0144stwa - jest to uderzaj\u0105ce zachowanie odstraszaj\u0105ce wrog\u00f3w.<\/p>\n<p>Kolonie sk\u0142adaj\u0105 si\u0119 zwykle z jednej kr\u00f3lowej (monoginicznej), ale mog\u0105 r\u00f3wnie\u017c zawiera\u0107 kilka kr\u00f3lowych. Robotnice wykazuj\u0105 aktywne i ciekawskie zachowanie oraz energicznie broni\u0105 swoich gniazd. Crematogaster scutellaris jest szczeg\u00f3lnie znany ze swojej zdolno\u015bci do gniazdowania w martwym drewnie lub dziuplach drzew.<\/p>\n<h3 dir=\"ltr\"><strong>Gniazdo dla Crematogaster scutellaris<\/strong><\/h3>\n<p dir=\"ltr\">Poniewa\u017c gatunek ten preferuje gniazda w suchym, martwym drewnie lub p\u0119kni\u0119ciach i szczelinach, zestaw ten zawiera wk\u0142adk\u0119 gniazdow\u0105 Digfix. Pozwala to na dobry wgl\u0105d do wn\u0119trza gniazda i symuluje naturalne warunki. Alternatywnie mo\u017cna je trzyma\u0107 w gniazdach korkowych lub drewnianych, kt\u00f3re s\u0105 bardzo zbli\u017cone do ich naturalnego \u015brodowiska.<\/p>\n<h3 dir=\"ltr\"><strong>Pokarm dla Crematogaster scutellaris<\/strong><\/h3>\n<p dir=\"ltr\">Crematogaster scutellaris jest wszystko\u017cerc\u0105, kt\u00f3ry szczeg\u00f3lnie preferuje s\u0142odkie p\u0142yny, takie jak mi\u00f3d lub roztwory cukru. Potrzebuje r\u00f3wnie\u017c pokarmu bogatego w bia\u0142ko, np. ma\u0142ych owad\u00f3w, zw\u0142aszcza do wychowu potomstwa. W naturze \u017cywi si\u0119 r\u00f3wnie\u017c sokiem drzewnym i ma\u0142ymi stawonogami.<\/p>\n<h3 dir=\"ltr\"><strong>Warunki klimatyczne dla Crematogaster scutellaris<\/strong><\/h3>\n<p dir=\"ltr\">Wilgotno\u015b\u0107:<br \/>\nArena: 30 - 50%<br \/>\nObszar gniazda: 50 - 60%<br \/>\nTemperatura:<br \/>\nArena: 24 - 30\u00b0C<br \/>\nObszar gniazda: 22 - 28\u00b0C<\/p>\n<p dir=\"ltr\">Crematogaster scutellaris jest idealny zar\u00f3wno dla pocz\u0105tkuj\u0105cych, jak i do\u015bwiadczonych hodowc\u00f3w mr\u00f3wek. Ze wzgl\u0119du na aktywne zachowanie, uderzaj\u0105cy kszta\u0142t i kolor cia\u0142a oraz metod\u0119 budowy gniazda, oferuje ekscytuj\u0105cy wgl\u0105d w \u017cycie kolonii mr\u00f3wek.<\/p>\n<p dir=\"ltr\"><strong>Zawarto\u015b\u0107:<\/strong><br \/>\n1x kolonia mr\u00f3wek Crematogaster scutellaris (kr\u00f3lowa + 5-10 robotnic + czerw)<br \/>\n1x roztw\u00f3r cukru i miodu (ZH) - opakowanie uzupe\u0142niaj\u0105ce 10 ml<br \/>\n1x ca\u0142e blanszowane \u015bwierszcze 10g<br \/>\n1x podk\u0142adka do formikarium - 20x20cm<br \/>\n1x Podk\u0142adka Formicarium - 20x6cm<br \/>\n1x Pustynne t\u0142o fotograficzne 20\u00d710<br \/>\n1x ANTCUBE - Arena 20x20x10 - p\u0142aski<br \/>\n1x ramka Arena 20\u00d720<br \/>\n1x Pokrowiec na aren\u0119 20\u00d720<br \/>\n4x Punkt mocowania pokrywy areny<br \/>\n1x ANTIKUBA - farma mr\u00f3wek - S - 20\u00d720 - stoj\u0105ca<br \/>\n1x ANTCUBE - p\u0142ytka Digfix 20\u00d720 - S<br \/>\n1x 0,5 m przezroczysta rurka 10\/06 mm<br \/>\nANTCUBE - Folia czerwona 20\u00d720 - Filtr<br \/>\n1x klipsy samoprzylepne - przezroczyste - 2 szt.<br \/>\n1x pod\u0142o\u017ce - piaskowo-gliniaste be\u017cowe - 200g<br \/>\n1x wk\u0142ad siatkowy - 50 mm - stal nierdzewna<br \/>\n1x za\u015blepka do otworu 50 mm<br \/>\n1x za\u015blepka do otworu 27 mm<br \/>\n1x nasadka formicaria do gniazda 6 mm<br \/>\n1x z\u0142\u0105cze umywalkowe B-27 i S-10-16 mm M25 - zestaw<br \/>\n1x podajnik 2 ml - 360<br \/>\n1x przezroczysta miska do picia 20 ml - g\u0105bka<br \/>\n1x przezroczysty kubek na \u017cywno\u015b\u0107 1\u00d720 - g\u0105bka<br \/>\n1x mini termohigrometr analogowy - wy\u015bwietlacz wisz\u0105cy<br \/>\n1x proszek chroni\u0105cy przed mr\u00f3wkami 10ml<br \/>\n1x p\u0119seta stal spr\u0119\u017cynowa - szeroka - mi\u0119kka<br \/>\n1x p\u0119seta plastikowa przezroczysta<br \/>\n1x pipeta plastikowa 3ml<br \/>\n1x lupa r\u0119czna - 2x - 30mm<br \/>\n1x wycieraczka piankowa 150x18x2,5mm<\/p>\n<p dir=\"ltr\"><strong>Opis:<\/strong><br \/>\nDigfix Starter Set jest odpowiedni dla r\u00f3\u017cnych gatunk\u00f3w mr\u00f3wek, zw\u0142aszcza tych, kt\u00f3re gniazduj\u0105 w piasku i (martwym) drewnie. Mo\u017ce by\u0107 przechowywany w stanie suchym lub lekko wilgotnym.<br \/>\nPrzezroczysta farma mo\u017ce by\u0107 u\u017cywana z p\u0142yt\u0105 ANTCUBE Digfix. Mr\u00f3wki kopi\u0105 w\u0142asne tunele i komory w materiale. W razie potrzeby przez 50-milimetrowe otwory w pokrywie mo\u017cna pod\u0142\u0105czy\u0107 kolejne modu\u0142y, takie jak dost\u0119pne osobno zamg\u0142awiacze, wentylatory lub \u015bwiat\u0142a. Alternatywnie, do zamkni\u0119cia otwor\u00f3w do\u0142\u0105czone s\u0105 pasuj\u0105ce zatyczki formicaria. Je\u015bli wolisz, mo\u017cesz r\u00f3wnie\u017c obs\u0142ugiwa\u0107 formikarium otwarcie, po prostu umieszczaj\u0105c zdejmowan\u0105 ram\u0119 na ziemi i nak\u0142adaj\u0105c na jej kraw\u0119d\u017a olej chroni\u0105cy przed mr\u00f3wkami. \"Konewka 2 ml - 360 stopni\" jest przeznaczona do miodu\/roztworu cukru, a \"konewka przezroczysta 20 ml - g\u0105bka\" do wody. Mini termohigrometr mo\u017cna przymocowa\u0107 do ramki lub pokrywy i wy\u015bwietla on warto\u015bci klimatyczne.<\/p>\n<p dir=\"ltr\"><span data-text-color=\"alert\"><strong>Wa\u017cne:<\/strong><\/span> Przed u\u017cyciem nale\u017cy zwil\u017cy\u0107 pod\u0142o\u017ce, aby mieszanka mog\u0142a zwi\u0105za\u0107 si\u0119 i mocno osadzi\u0107 w hodowli mr\u00f3wek. Ponadto zbyt suche i zakurzone pod\u0142o\u017ce mo\u017ce spowodowa\u0107 zablokowanie dr\u00f3g oddechowych mr\u00f3wek, co w najgorszym przypadku mo\u017ce doprowadzi\u0107 do ich uduszenia.<\/p>\n<p dir=\"ltr\"><strong>Zalecenie:<\/strong> Zalecamy u\u0142o\u017cenie warstwy pod\u0142o\u017ca o wysoko\u015bci 2 mm, aby zwierz\u0119ta nie mog\u0142y samodzielnie kopa\u0107 w hali i zamiast tego korzysta\u0142y z zapewnionej w tym celu zagrody. Zalecamy r\u00f3wnie\u017c lekkie nak\u0142ucie materia\u0142u gniazdowego w zagrodzie (piasek\/glina, Digfix itp.) w jednym miejscu, aby u\u0142atwi\u0107 zwierz\u0119tom kopanie.<br \/>\n<strong>Uwaga:<\/strong> Gniazdo mo\u017ce by\u0107 u\u017cywane w suchym lub wilgotnym formikarium. Je\u015bli gniazdo jest stale wilgotne (zbyt wilgotne), resztki pokarmu mog\u0105 powodowa\u0107 powstawanie ple\u015bni.<br \/>\n<strong>Wskaz\u00f3wka dotycz\u0105ca Digfix:<\/strong> Naturalny kolor mo\u017ce waha\u0107 si\u0119 od zielono-szaro-br\u0105zowego do ziemisto-br\u0105zowego. Kolor nie ma wp\u0142ywu na jako\u015b\u0107.<\/p>\n<p dir=\"ltr\"><strong>Uwagi dotycz\u0105ce produkcji<\/strong><br \/>\nSzk\u0142o jest ci\u0119te zgodnie z norm\u0105 DIN 1249 z tolerancj\u0105 +\/- 1mm. W przypadku wyj\u0105tkowo ma\u0142ych gatunk\u00f3w mr\u00f3wek konieczna jest dodatkowa ochrona przed wy\u0142amaniem.<\/p>\n<p dir=\"ltr\"><strong>Uwagi dotycz\u0105ce gospodarstwa<\/strong><br \/>\nPodczas pod\u0142\u0105czania lub od\u0142\u0105czania przewod\u00f3w nale\u017cy zwr\u00f3ci\u0107 uwag\u0119 na nast\u0119puj\u0105ce kwestie:<br \/>\nJe\u015bli rurka jest trudna do dopasowania do z\u0142\u0105cza, nale\u017cy na\u0142o\u017cy\u0107 na z\u0142\u0105cze kropl\u0119 naszego oleju lub proszku zapobiegaj\u0105cego ucieczce. Nast\u0119pnie nale\u017cy wsun\u0105\u0107 rurk\u0119 na z\u0142\u0105cze, przekr\u0119caj\u0105c j\u0105 lub wkr\u0119caj\u0105c, bez wywierania nacisku na z\u0142\u0105cze w g\u00f3r\u0119 i w d\u00f3\u0142. To samo dotyczy zdejmowania rurek ze z\u0142\u0105cza farmy. Nie nale\u017cy ich po prostu \u015bci\u0105ga\u0107!<\/p>\n<p dir=\"ltr\"><strong>Notatki na temat krykietowego d\u017cemu:<\/strong><br \/>\nNasz Cricket Jam to \u0142atwy spos\u00f3b na zapewnienie mr\u00f3wkom \u015bwie\u017co konserwowanego pokarmu bia\u0142kowego bez konieczno\u015bci karmienia \u017cywymi owadami. \u015awierszcze (Acheta domesticus) s\u0105 delikatnie gotowane, aby zapewni\u0107 zachowanie warto\u015bci od\u017cywczych, smaku i aromatu. Ponadto chitynowy egzoszkielet owad\u00f3w jest w ten spos\u00f3b zmi\u0119kczany, dzi\u0119ki czemu mo\u017ce by\u0107 \u0142atwiej trawiony. Zwi\u0105zki bia\u0142ek kolagenowych s\u0105 dzielone, aby mr\u00f3wki mog\u0142y je lepiej wykorzysta\u0107. Acheta domesticus z puszki maj\u0105 tak\u0105 sam\u0105 warto\u015b\u0107 od\u017cywcz\u0105 jak \u017cywe \u015bwierszcze, ale s\u0105 \u0142atwiejsze do strawienia.<br \/>\nCricket Jam nie nadaje si\u0119 do polowania na gatunki mr\u00f3wek, kt\u00f3re wymagaj\u0105 \u017cywego pokarmu (np. ponerines (wielkie mr\u00f3wki), takie jak Harpegnathos lub Odontomachus).<\/p>\n<p dir=\"ltr\"><strong>Dalsze korzy\u015bci:<\/strong><br \/>\nGwarancja braku roztoczy<br \/>\nMo\u017cna porcjowa\u0107 i rozcie\u0144cza\u0107 wod\u0105<br \/>\nSterylizowane i pakowane pr\u00f3\u017cniowo<br \/>\nBez dodatk\u00f3w<br \/>\n\u015awierszcze ze zr\u00f3wnowa\u017conej, czysto ekologicznej hodowli, karmione odpadami organicznymi<\/p>\n<p dir=\"ltr\"><strong>Uwaga:<\/strong><br \/>\nMo\u017cna przechowywa\u0107 w lod\u00f3wce przez oko\u0142o cztery dni po otwarciu. D\u0142u\u017cszy okres trwa\u0142o\u015bci po zamro\u017ceniu.<\/p>\n<p dir=\"ltr\"><strong>Uwaga<\/strong>: Najpierw porcjowa\u0107, a nast\u0119pnie zamra\u017ca\u0107.<\/p>\n<p dir=\"ltr\"><strong>Uwagi dotycz\u0105ce roztworu cukru i miodu (ZH) - opakowanie uzupe\u0142niaj\u0105ce 10 ml<\/strong><br \/>\nZawarto\u015b\u0107: 10 ml<\/p>\n<p dir=\"ltr\"><strong>Opis:<\/strong> Jest to produkt sk\u0142adaj\u0105cy si\u0119 z r\u00f3\u017cnych w\u0119glowodan\u00f3w (takich jak mi\u00f3d i cukier).<\/p>\n<p dir=\"ltr\"><strong>Zastosowanie:<\/strong> Rurk\u0119 z pokarmem mo\u017cna umie\u015bci\u0107 w ca\u0142o\u015bci w formikarium lub alternatywnie, w zale\u017cno\u015bci od potrzeb\/wielko\u015bci kolonii, mniejsze ilo\u015bci mo\u017cna umie\u015bci\u0107 w misce z pokarmem. Pokarm powinien zosta\u0107 spo\u017cyty w ci\u0105gu oko\u0142o 3 dni, w przeciwnym razie istnieje ryzyko wyst\u0105pienia ple\u015bni. Z tego samego powodu nale\u017cy wyczy\u015bci\u0107 misk\u0119 z pokarmem przed ponownym nape\u0142nieniem.<\/p>\n<p dir=\"ltr\"><strong>U\u017cycie:<\/strong><br \/>\nRoztw\u00f3r cukru i miodu = dla gatunk\u00f3w mr\u00f3wek \u017cywi\u0105cych si\u0119 cukrem\/miodem<br \/>\nJest to \u017cywno\u015b\u0107 uzupe\u0142niaj\u0105ca<br \/>\nKarma mo\u017ce by\u0107 podawana zwierz\u0119tom w miar\u0119 potrzeb. Poniewa\u017c st\u0119\u017cenie cukru spada z powodu wilgoci i rozpoczyna si\u0119 proces fermentacji, pokarm nale\u017cy wymienia\u0107 co 3 dni. Przed ponownym u\u017cyciem nale\u017cy dok\u0142adnie wyczy\u015bci\u0107 misk\u0119\/rurk\u0119 do karmienia.<br \/>\nPo otwarciu opakowanie nale\u017cy przechowywa\u0107 szczelnie zamkni\u0119te (je\u015bli jest przechowywane w suchym miejscu) i zu\u017cy\u0107 przed up\u0142ywem podanej daty (data przydatno\u015bci do spo\u017cycia).<\/p>\n<p dir=\"ltr\"><strong>Zawiera:<\/strong><br \/>\nFruktoza 27 do 44%,<br \/>\nglukoza 22 do 41%,<br \/>\nsacharoza do 5%,<br \/>\nmaltoza 4 do 14%,<br \/>\ninne cukry z\u0142o\u017cone od 1 do 14%.<br \/>\nT\u0142uszcz: 0 g<br \/>\nW\u0119glowodany: 92g<br \/>\nBia\u0142ko: 0g<br \/>\nS\u00f3l: 0 g<\/p>\n<p dir=\"ltr\"><strong>Przechowywanie:<\/strong> Aby zapewni\u0107 odpowiedni\u0105 jako\u015b\u0107 paszy, nale\u017cy przechowywa\u0107 j\u0105 w ciemnym i suchym miejscu.<\/p>\n<p dir=\"ltr\"><strong>Uwaga:<\/strong><br \/>\nSk\u0142ad, sk\u0142adniki analityczne, data przydatno\u015bci do spo\u017cycia i numer partii znajduj\u0105 si\u0119 na ulotce do\u0142\u0105czonej do opakowania.<br \/>\nInfolinia +49 30 439703870<\/p>\n<p dir=\"ltr\"><strong>W\u0142a\u015bciwy organ nadzoru weterynaryjnego i \u017cywno\u015bciowego:<\/strong><br \/>\nGabinet weterynaryjny Steglitz<br \/>\nK\u00f6nigin-Luise-Str. 92<br \/>\n14195 Berlin<\/p>","protected":false},"excerpt":{"rendered":"<p>Zestaw sk\u0142ada si\u0119 z 34 cz\u0119\u015bci<\/p>","protected":false},"featured_media":10983,"comment_status":"open","ping_status":"closed","template":"","meta":{"_acf_changed":false,"content-type":"","_monsterinsights_skip_tracking":false,"_monsterinsights_sitenote_active":false,"_monsterinsights_sitenote_note":"","_monsterinsights_sitenote_category":0},"product_brand":[484],"product_cat":[355,73],"product_tag":[],"class_list":{"0":"post-10988","1":"product","2":"type-product","3":"status-publish","4":"has-post-thumbnail","6":"product_brand-antcube","7":"product_cat-bundle-offers","8":"product_cat-starter-sets","10":"first","11":"instock","12":"taxable","13":"shipping-taxable","14":"purchasable","15":"product-type-simple"},"acf":[],"aioseo_notices":[],"jetpack_sharing_enabled":true,"_links":{"self":[{"href":"https:\/\/antcube.shop\/pl\/wp-json\/wp\/v2\/product\/10988","targetHints":{"allow":["GET"]}}],"collection":[{"href":"https:\/\/antcube.shop\/pl\/wp-json\/wp\/v2\/product"}],"about":[{"href":"https:\/\/antcube.shop\/pl\/wp-json\/wp\/v2\/types\/product"}],"replies":[{"embeddable":true,"href":"https:\/\/antcube.shop\/pl\/wp-json\/wp\/v2\/comments?post=10988"}],"wp:featuredmedia":[{"embeddable":true,"href":"https:\/\/antcube.shop\/pl\/wp-json\/wp\/v2\/media\/10983"}],"wp:attachment":[{"href":"https:\/\/antcube.shop\/pl\/wp-json\/wp\/v2\/media?parent=10988"}],"wp:term":[{"taxonomy":"product_brand","embeddable":true,"href":"https:\/\/antcube.shop\/pl\/wp-json\/wp\/v2\/product_brand?post=10988"},{"taxonomy":"product_cat","embeddable":true,"href":"https:\/\/antcube.shop\/pl\/wp-json\/wp\/v2\/product_cat?post=10988"},{"taxonomy":"product_tag","embeddable":true,"href":"https:\/\/antcube.shop\/pl\/wp-json\/wp\/v2\/product_tag?post=10988"}],"curies":[{"name":"wp","href":"https:\/\/api.w.org\/{rel}","templated":true}]}}