{"id":899,"date":"2021-08-22T15:12:45","date_gmt":"2021-08-22T13:12:45","guid":{"rendered":"https:\/\/antcube.shop\/?page_id=899"},"modified":"2023-12-14T13:30:00","modified_gmt":"2023-12-14T12:30:00","slug":"faq-shop","status":"publish","type":"page","link":"https:\/\/antcube.shop\/pl\/faq-shop\/","title":{"rendered":"FAQ Sklep"},"content":{"rendered":"<div id=\"gap-1566762304\" class=\"gap-element clearfix\" style=\"display:block; height:auto;\">\n\t\t\n<style>\n#gap-1566762304 {\n  padding-top: 200px;\n}\n@media (min-width:850px) {\n  #gap-1566762304 {\n    padding-top: 175px;\n  }\n}\n<\/style>\n\t<\/div>\n\t\n\n\t<div id=\"text-271599661\" class=\"text\">\n\t\t\n\n<h1>FAQ Sklep \u00a0<\/h1>\n<h2>Najcz\u0119\u015bciej zadawane pytania dotycz\u0105ce naszych produkt\u00f3w lub og\u00f3lnie naszego sklepu<\/h2>\n\t\t\n<style>\n#text-271599661 {\n  text-align: center;\n}\n<\/style>\n\t<\/div>\n\t\n<div class=\"row align-center\"  id=\"row-964821654\">\n\n\n\t<div id=\"col-592970865\" class=\"col small-12 large-12\"  >\n\t\t\t\t<div class=\"col-inner\"  >\n\t\t\t\n\t\t\t\n\n<div class=\"accordion\">\n\n\t<div id=\"accordion-217511133\" class=\"accordion-item\">\n\t\t<a id=\"accordion-217511133-label\" class=\"accordion-title plain\" href=\"#accordion-item-you-do-not-know-what-ant-species-to-keep-or-which-formicarium-you-should-use?\" aria-expanded=\"false\" aria-controls=\"accordion-217511133-content\">\n\t\t\t<button class=\"toggle\" aria-label=\"Prze\u0142\u0105cznik\"><i class=\"icon-angle-down\" aria-hidden=\"true\"><\/i><\/button>\n\t\t\t<span>Nie wiesz jakie gatunki mr\u00f3wek hodowa\u0107 lub jakiego Formicarium u\u017cy\u0107?<\/span>\n\t\t<\/a>\n\t\t<div id=\"accordion-217511133-content\" class=\"accordion-inner\" aria-labelledby=\"accordion-217511133-label\">\n\t\t\t\n\n<p>Wypr\u00f3buj nasz \"Ant Finder\" lub \"Formicarium Finder\" - nasz serwis obs\u0142ugi klienta online<\/p>\n<p><a href=\"https:\/\/antcube.shop\/ant-finder\/\">Znajd\u017a sw\u00f3j gatunek mr\u00f3wki<\/a><\/p>\n<p><a href=\"https:\/\/antcube.shop\/formicarium-finder\/\">Znajd\u017a swoje Formicarium<\/a><\/p>\n\n\t\t<\/div>\n\t<\/div>\n\t\n\t<div id=\"accordion-1167434868\" class=\"accordion-item\">\n\t\t<a id=\"accordion-1167434868-label\" class=\"accordion-title plain\" href=\"#accordion-item-what-are-the-delivery-times-and-charges-for-orders-from-the-online-shop?\" aria-expanded=\"false\" aria-controls=\"accordion-1167434868-content\">\n\t\t\t<button class=\"toggle\" aria-label=\"Prze\u0142\u0105cznik\"><i class=\"icon-angle-down\" aria-hidden=\"true\"><\/i><\/button>\n\t\t\t<span>Jakie s\u0105 czasy dostawy i op\u0142aty za zam\u00f3wienia w Sklepie Internetowym?<\/span>\n\t\t<\/a>\n\t\t<div id=\"accordion-1167434868-content\" class=\"accordion-inner\" aria-labelledby=\"accordion-1167434868-label\">\n\t\t\t\n\n<p>Informacje o przewidywanym czasie dostawy mo\u017cna znale\u017a\u0107 tutaj:<\/p>\n<p><a href=\"https:\/\/antcube.shop\/delivery-times\/\">Czas dostawy<\/a><\/p>\n<p>Je\u015bli chcesz dowiedzie\u0107 si\u0119 o szacowanych kosztach wysy\u0142ki i ograniczeniach w dostawie, zajrzyj tutaj:<\/p>\n<p><a href=\"https:\/\/antcube.shop\/shipping-costs-delivery-restrictions\/\">Koszty wysy\u0142ki\/ograniczenia w dostawie<\/a><\/p>\n\n\t\t<\/div>\n\t<\/div>\n\t\n\t<div id=\"accordion-1119952618\" class=\"accordion-item\">\n\t\t<a id=\"accordion-1119952618-label\" class=\"accordion-title plain\" href=\"#accordion-item-you-have-questions-about-returns-or-refunds?\" aria-expanded=\"false\" aria-controls=\"accordion-1119952618-content\">\n\t\t\t<button class=\"toggle\" aria-label=\"Prze\u0142\u0105cznik\"><i class=\"icon-angle-down\" aria-hidden=\"true\"><\/i><\/button>\n\t\t\t<span>Masz pytania dotycz\u0105ce zwrot\u00f3w lub refundacji?<\/span>\n\t\t<\/a>\n\t\t<div id=\"accordion-1119952618-content\" class=\"accordion-inner\" aria-labelledby=\"accordion-1119952618-label\">\n\t\t\t\n\n<p><a href=\"https:\/\/antcube.shop\/refund-policy\/\">Polityka refundacji<\/a><\/p>\n<p><a href=\"https:\/\/antcube.shop\/terms-and-conditions\/\">Zasady i warunki<\/a><\/p>\n\n\t\t<\/div>\n\t<\/div>\n\t\n\t<div id=\"accordion-3355059119\" class=\"accordion-item\">\n\t\t<a id=\"accordion-3355059119-label\" class=\"accordion-title plain\" href=\"#accordion-item-which-payment-methods-are-accepted-in-the-online-shop?\" aria-expanded=\"false\" aria-controls=\"accordion-3355059119-content\">\n\t\t\t<button class=\"toggle\" aria-label=\"Prze\u0142\u0105cznik\"><i class=\"icon-angle-down\" aria-hidden=\"true\"><\/i><\/button>\n\t\t\t<span>Jakie metody p\u0142atno\u015bci s\u0105 akceptowane w Sklepie Internetowym?<\/span>\n\t\t<\/a>\n\t\t<div id=\"accordion-3355059119-content\" class=\"accordion-inner\" aria-labelledby=\"accordion-3355059119-label\">\n\t\t\t\n\n<p>Przegl\u0105d akceptowanych przez nas metod p\u0142atno\u015bci mo\u017cna znale\u017a\u0107 tutaj:<\/p>\n<p><a href=\"https:\/\/antcube.shop\/payment-methods\/\">Metody p\u0142atno\u015bci<\/a><\/p>\n\n\t\t<\/div>\n\t<\/div>\n\t\n\t<div id=\"accordion-1841503273\" class=\"accordion-item\">\n\t\t<a id=\"accordion-1841503273-label\" class=\"accordion-title plain\" href=\"#accordion-item-you-are-looking-for-user-manuals-for-your-starter-set?\" aria-expanded=\"false\" aria-controls=\"accordion-1841503273-content\">\n\t\t\t<button class=\"toggle\" aria-label=\"Prze\u0142\u0105cznik\"><i class=\"icon-angle-down\" aria-hidden=\"true\"><\/i><\/button>\n\t\t\t<span>Szukasz instrukcji obs\u0142ugi do swojego zestawu startowego?<\/span>\n\t\t<\/a>\n\t\t<div id=\"accordion-1841503273-content\" class=\"accordion-inner\" aria-labelledby=\"accordion-1841503273-label\">\n\t\t\t\n\n<p>Tutaj znajdziesz instrukcje obs\u0142ugi w formacie PDF do wydrukowania lub pobrania:<\/p>\n<p><a href=\"https:\/\/antcube.shop\/download\/\">Pobierz<\/a><\/p>\n\n\t\t<\/div>\n\t<\/div>\n\t\n\t<div id=\"accordion-901797375\" class=\"accordion-item\">\n\t\t<a id=\"accordion-901797375-label\" class=\"accordion-title plain\" href=\"#accordion-item-you-need-more-information-about-certain-ant-species-or-ant-keeping-in-general?\" aria-expanded=\"false\" aria-controls=\"accordion-901797375-content\">\n\t\t\t<button class=\"toggle\" aria-label=\"Prze\u0142\u0105cznik\"><i class=\"icon-angle-down\" aria-hidden=\"true\"><\/i><\/button>\n\t\t\t<span>Potrzebujesz wi\u0119cej informacji o niekt\u00f3rych gatunkach mr\u00f3wek lub og\u00f3lnie o hodowli mr\u00f3wek?<\/span>\n\t\t<\/a>\n\t\t<div id=\"accordion-901797375-content\" class=\"accordion-inner\" aria-labelledby=\"accordion-901797375-label\">\n\t\t\t\n\n<p>Tutaj mo\u017cna znale\u017a\u0107 najcz\u0119\u015bciej zadawane pytania dotycz\u0105ce mr\u00f3wek i ich hodowli:<\/p>\n<p><a href=\"https:\/\/antcube.shop\/faq-ants\/\">FAQ mr\u00f3wki<\/a><\/p>\n<p><a href=\"https:\/\/antcube.shop\/catching-queen-ants\/\">Jak z\u0142apa\u0107 kr\u00f3low\u0105 mr\u00f3wek<\/a><\/p>\n<p><a href=\"https:\/\/antcube.shop\/ant-species\/\">Dowiedz si\u0119 wi\u0119cej o mr\u00f3wkach<\/a><\/p>\n<p><a href=\"https:\/\/antcube.shop\/social-media\/\">Sprawd\u017a nasze kana\u0142y YouTube, mo\u017cesz tam znale\u017a\u0107 pomocne wskaz\u00f3wki i informacje.<\/a><\/p>\n\n\t\t<\/div>\n\t<\/div>\n\t\n\t<div id=\"accordion-4141028506\" class=\"accordion-item\">\n\t\t<a id=\"accordion-4141028506-label\" class=\"accordion-title plain\" href=\"#accordion-item-you-have-questions-about-our-products?\" aria-expanded=\"false\" aria-controls=\"accordion-4141028506-content\">\n\t\t\t<button class=\"toggle\" aria-label=\"Prze\u0142\u0105cznik\"><i class=\"icon-angle-down\" aria-hidden=\"true\"><\/i><\/button>\n\t\t\t<span>Masz pytania dotycz\u0105ce naszych produkt\u00f3w?<\/span>\n\t\t<\/a>\n\t\t<div id=\"accordion-4141028506-content\" class=\"accordion-inner\" aria-labelledby=\"accordion-4141028506-label\">\n\t\t\t\n\n<p>W przypadku pyta\u0144 dotycz\u0105cych naszych produkt\u00f3w, prosimy o zapoznanie si\u0119 najpierw z opisem danego produktu w naszym sklepie.<\/p>\n<p>W przeciwnym razie mo\u017cesz znale\u017a\u0107 wi\u0119cej informacji tutaj:<\/p>\n<p><a href=\"https:\/\/antcube.shop\/product-information\/\">Informacje o produkcie<\/a><\/p>\n\n\t\t<\/div>\n\t<\/div>\n\t\n\n<\/div>\n\n\t\t<\/div>\n\t\t\t\t\t<\/div>\n\n\t\n\n<\/div>","protected":false},"excerpt":{"rendered":"","protected":false},"author":1,"featured_media":0,"parent":0,"menu_order":0,"comment_status":"closed","ping_status":"closed","template":"","meta":{"_acf_changed":false,"content-type":"","_monsterinsights_skip_tracking":false,"_monsterinsights_sitenote_active":false,"_monsterinsights_sitenote_note":"","_monsterinsights_sitenote_category":0,"footnotes":""},"class_list":["post-899","page","type-page","status-publish","hentry"],"acf":[],"aioseo_notices":[],"jetpack_sharing_enabled":true,"_links":{"self":[{"href":"https:\/\/antcube.shop\/pl\/wp-json\/wp\/v2\/pages\/899","targetHints":{"allow":["GET"]}}],"collection":[{"href":"https:\/\/antcube.shop\/pl\/wp-json\/wp\/v2\/pages"}],"about":[{"href":"https:\/\/antcube.shop\/pl\/wp-json\/wp\/v2\/types\/page"}],"author":[{"embeddable":true,"href":"https:\/\/antcube.shop\/pl\/wp-json\/wp\/v2\/users\/1"}],"replies":[{"embeddable":true,"href":"https:\/\/antcube.shop\/pl\/wp-json\/wp\/v2\/comments?post=899"}],"version-history":[{"count":8,"href":"https:\/\/antcube.shop\/pl\/wp-json\/wp\/v2\/pages\/899\/revisions"}],"predecessor-version":[{"id":6791,"href":"https:\/\/antcube.shop\/pl\/wp-json\/wp\/v2\/pages\/899\/revisions\/6791"}],"wp:attachment":[{"href":"https:\/\/antcube.shop\/pl\/wp-json\/wp\/v2\/media?parent=899"}],"curies":[{"name":"wp","href":"https:\/\/api.w.org\/{rel}","templated":true}]}}