{"id":702,"date":"2021-08-17T10:58:14","date_gmt":"2021-08-17T08:58:14","guid":{"rendered":"https:\/\/antcube.shop\/?page_id=702"},"modified":"2024-09-09T17:06:06","modified_gmt":"2024-09-09T15:06:06","slug":"wylapywanie-krolowych-ants","status":"publish","type":"page","link":"https:\/\/antcube.shop\/pl\/wylapywanie-krolowych-ants\/","title":{"rendered":"\u0141apanie kr\u00f3lowej mr\u00f3wek"},"content":{"rendered":"<div id=\"gap-686786553\" class=\"gap-element clearfix\" style=\"display:block; height:auto;\">\n\t\t\n<style>\n#gap-686786553 {\n  padding-top: 177px;\n}\n@media (min-width:550px) {\n  #gap-686786553 {\n    padding-top: 178px;\n  }\n}\n@media (min-width:850px) {\n  #gap-686786553 {\n    padding-top: 75px;\n  }\n}\n<\/style>\n\t<\/div>\n\t\n\n\n  <div class=\"banner has-hover\" id=\"banner-570034695\">\n          <div class=\"banner-inner fill\">\n        <div class=\"banner-bg fill\" >\n            <img loading=\"lazy\" decoding=\"async\" width=\"1020\" height=\"571\" src=\"https:\/\/i0.wp.com\/antcube.shop\/wp-content\/uploads\/2021\/09\/Screenshot-2021-09-16-150304.png?fit=1020%2C571&amp;ssl=1\" class=\"bg attachment-large size-large\" alt=\"Jak z\u0142apa\u0107 kr\u00f3low\u0105 mr\u00f3wek za pomoc\u0105 prob\u00f3wki i p\u0119sety ze stali spr\u0119\u017cynowej?\" \/>                        <div class=\"overlay\"><\/div>            \n                    <\/div>\n\t\t\n        <div class=\"banner-layers container\">\n            <div class=\"fill banner-link\"><\/div>            \n\n   <div id=\"text-box-1187196466\" class=\"text-box banner-layer x50 md-x50 lg-x50 y50 md-y50 lg-y50 res-text\">\n                                <div class=\"text-box-content text dark text-shadow-3\">\n              \n              <div class=\"text-inner text-center\">\n                  \n\n<h3 class=\"uppercase\"><strong>jak z\u0142apa\u0107 w\u0142asn\u0105 mr\u00f3wk\u0119 kr\u00f3low\u0105<\/strong><\/h3>\n\n              <\/div>\n           <\/div>\n                            \n<style>\n#text-box-1187196466 {\n  width: 60%;\n}\n#text-box-1187196466 .text-box-content {\n  font-size: 100%;\n}\n<\/style>\n    <\/div>\n \n\n        <\/div>\n      <\/div>\n\n            \n<style>\n#banner-570034695 {\n  padding-top: 400px;\n}\n#banner-570034695 .overlay {\n  background-color: rgba(0, 0, 0, 0.17);\n}\n#banner-570034695 .banner-bg img {\n  object-position: 56% 82%;\n}\n@media (min-width:550px) {\n  #banner-570034695 {\n    padding-top: 500px;\n  }\n}\n<\/style>\n  <\/div>\n\n\n\t<div id=\"gap-1463537577\" class=\"gap-element clearfix\" style=\"display:block; height:auto;\">\n\t\t\n<style>\n#gap-1463537577 {\n  padding-top: 30px;\n}\n<\/style>\n\t<\/div>\n\t\n\n<div class=\"row\"  id=\"row-35198808\">\n\n\n\t<div id=\"col-1937628569\" class=\"col medium-6 small-12 large-6\"  >\n\t\t\t\t<div class=\"col-inner\"  >\n\t\t\t\n\t\t\t\n\n<h3>Z\u0142ap swoj\u0105 w\u0142asn\u0105 kr\u00f3low\u0105 mr\u00f3wk\u0119<\/h3>\n<p>Je\u015bli chcesz z\u0142apa\u0107 swoj\u0105 w\u0142asn\u0105 kr\u00f3low\u0105 mr\u00f3wek, potrzebujesz albo szcz\u0119\u015bcia, albo troch\u0119 przygotowa\u0144 i bada\u0144.\u00a0<\/p>\n<p>Mr\u00f3wki zwykle raz w roku odbywaj\u0105 lot godowy. Tylko w tym czasie w kolonii powstaj\u0105 tzw. zwierz\u0119ta rozrodcze, czyli m\u0142ode kr\u00f3lowe i trutnie (samce mr\u00f3wek). S\u0105 to jedyne mr\u00f3wki zdolne do latania. Kr\u00f3lowe zrzucaj\u0105 skrzyd\u0142a po po\u0142\u0105czeniu si\u0119 z jednym lub kilkoma samcami. Samce gin\u0105 po kr\u00f3tkim czasie (maksymalnie po kilku dniach) niezale\u017cnie od tego, czy dosz\u0142o do kopulacji, czy nie. <br \/>Po zako\u0144czeniu lotu godowego m\u0142ode kr\u00f3lowe szukaj\u0105 odpowiedniego miejsca do za\u0142o\u017cenia kolonii. Zrzucaj\u0105 skrzyd\u0142a i zaczynaj\u0105 si\u0119 zagrzebywa\u0107. Jest to doskona\u0142y moment na ich zebranie. Kiedy nie maj\u0105 ju\u017c skrzyde\u0142, mo\u017cna by\u0107 pewnym, \u017ce zosta\u0142y skoligacone.<\/p>\n<p>Najlepszym sposobem na ich zbieranie jest u\u017cycie p\u0119sety ze stali spr\u0119\u017cynowej. Dzi\u0119ki nim mo\u017cna chwyta\u0107 zwierz\u0119ta nie robi\u0105c im krzywdy.<\/p>\n<p>Umie\u015b\u0107 je w prob\u00f3wce lub ma\u0142ym pude\u0142ku z otworami wentylacyjnymi. Niekt\u00f3re gatunki powinny by\u0107 transportowane pojedynczo, inne mog\u0105 by\u0107 trzymane razem przez kr\u00f3tki czas w pojemniku, poniewa\u017c s\u0105 mniej agresywne mi\u0119dzy sob\u0105. R\u00f3\u017cne gatunki powinny by\u0107 zawsze trzymane oddzielnie.<\/p>\n<p>Aby dowiedzie\u0107 si\u0119 kiedy i gdzie mo\u017cna znale\u017a\u0107 kr\u00f3low\u0105 mr\u00f3wek, w Internecie dost\u0119pnych jest wiele \"wykres\u00f3w lot\u00f3w nuptialnych\". Dwa przyk\u0142ady zamie\u015bcili\u015bmy na dole tej strony.<\/p>\n<p>Upewnij si\u0119, \u017ce nie zbierasz gatunk\u00f3w chronionych lub zagro\u017conych, we wszystkich krajach \u015bwiata jest wi\u0119cej ni\u017c wystarczaj\u0105co du\u017co gatunk\u00f3w, kt\u00f3re maj\u0105 bardzo zdrowe populacje.<\/p>\n<p><strong>Wykres lotu za\u015blubin w j\u0119zyku niemieckim:<\/strong><\/p>\n<p><a href=\"https:\/\/www.ameisenforum.de\/schwarmflug.php\">Ameisenforum.de<\/a><\/p>\n<p><strong>Plan lotu weselnego w j\u0119zyku angielskim:<\/strong><\/p>\n<p><a href=\"https:\/\/antflights.com\/stats\/flights\">Antflights.com<\/a><\/p>\n\n\t\t<\/div>\n\t\t\t\t\t<\/div>\n\n\t\n\n\t<div id=\"col-1223183598\" class=\"col medium-6 small-12 large-6\"  >\n\t\t\t\t<div class=\"col-inner\"  >\n\t\t\t\n\t\t\t\n\n\t<div class=\"img has-hover x md-x lg-x y md-y lg-y\" id=\"image_1796428452\">\n\t\t<a class=\"image-lightbox lightbox-gallery\" title=\"\" href=\"https:\/\/i0.wp.com\/antcube.shop\/wp-content\/uploads\/2021\/07\/Lasius-niger.jpg?ssl=1\">\t\t\t\t\t\t<div class=\"img-inner dark\" >\n\t\t\t<img data-recalc-dims=\"1\" loading=\"lazy\" decoding=\"async\" width=\"1000\" height=\"1000\" src=\"https:\/\/i0.wp.com\/antcube.shop\/wp-content\/uploads\/2021\/07\/Lasius-niger.jpg?resize=1000%2C1000&#038;ssl=1\" class=\"attachment-original size-original\" alt=\"Makro mr\u00f3wka kr\u00f3lowa Lasius niger na bia\u0142ym tle\" srcset=\"https:\/\/i0.wp.com\/antcube.shop\/wp-content\/uploads\/2021\/07\/Lasius-niger.jpg?w=1000&amp;ssl=1 1000w, https:\/\/i0.wp.com\/antcube.shop\/wp-content\/uploads\/2021\/07\/Lasius-niger.jpg?resize=247%2C247&amp;ssl=1 247w, https:\/\/i0.wp.com\/antcube.shop\/wp-content\/uploads\/2021\/07\/Lasius-niger.jpg?resize=100%2C100&amp;ssl=1 100w, https:\/\/i0.wp.com\/antcube.shop\/wp-content\/uploads\/2021\/07\/Lasius-niger.jpg?resize=510%2C510&amp;ssl=1 510w, https:\/\/i0.wp.com\/antcube.shop\/wp-content\/uploads\/2021\/07\/Lasius-niger.jpg?resize=400%2C400&amp;ssl=1 400w, https:\/\/i0.wp.com\/antcube.shop\/wp-content\/uploads\/2021\/07\/Lasius-niger.jpg?resize=800%2C800&amp;ssl=1 800w, https:\/\/i0.wp.com\/antcube.shop\/wp-content\/uploads\/2021\/07\/Lasius-niger.jpg?resize=280%2C280&amp;ssl=1 280w, https:\/\/i0.wp.com\/antcube.shop\/wp-content\/uploads\/2021\/07\/Lasius-niger.jpg?resize=768%2C768&amp;ssl=1 768w\" sizes=\"auto, (max-width: 1000px) 100vw, 1000px\" \/>\t\t\t\t\t\t\n\t\t\t\t\t<\/div>\n\t\t\t\t\t\t<\/a>\t\t\n<style>\n#image_1796428452 {\n  width: 100%;\n}\n<\/style>\n\t<\/div>\n\t\n\n\t<div id=\"text-1830628229\" class=\"text\">\n\t\t\n\n<p>Lasius niger kr\u00f3lowa<\/p>\n\t\t\n<style>\n#text-1830628229 {\n  text-align: center;\n}\n<\/style>\n\t<\/div>\n\t\n\n\t\t<\/div>\n\t\t\t\t\t<\/div>\n\n\t\n\n<\/div>","protected":false},"excerpt":{"rendered":"","protected":false},"author":1,"featured_media":0,"parent":0,"menu_order":0,"comment_status":"closed","ping_status":"closed","template":"","meta":{"_acf_changed":false,"content-type":"","_monsterinsights_skip_tracking":false,"_monsterinsights_sitenote_active":false,"_monsterinsights_sitenote_note":"","_monsterinsights_sitenote_category":0,"footnotes":""},"class_list":["post-702","page","type-page","status-publish","hentry"],"acf":[],"aioseo_notices":[],"jetpack_sharing_enabled":true,"_links":{"self":[{"href":"https:\/\/antcube.shop\/pl\/wp-json\/wp\/v2\/pages\/702","targetHints":{"allow":["GET"]}}],"collection":[{"href":"https:\/\/antcube.shop\/pl\/wp-json\/wp\/v2\/pages"}],"about":[{"href":"https:\/\/antcube.shop\/pl\/wp-json\/wp\/v2\/types\/page"}],"author":[{"embeddable":true,"href":"https:\/\/antcube.shop\/pl\/wp-json\/wp\/v2\/users\/1"}],"replies":[{"embeddable":true,"href":"https:\/\/antcube.shop\/pl\/wp-json\/wp\/v2\/comments?post=702"}],"version-history":[{"count":10,"href":"https:\/\/antcube.shop\/pl\/wp-json\/wp\/v2\/pages\/702\/revisions"}],"predecessor-version":[{"id":9149,"href":"https:\/\/antcube.shop\/pl\/wp-json\/wp\/v2\/pages\/702\/revisions\/9149"}],"wp:attachment":[{"href":"https:\/\/antcube.shop\/pl\/wp-json\/wp\/v2\/media?parent=702"}],"curies":[{"name":"wp","href":"https:\/\/api.w.org\/{rel}","templated":true}]}}