{"id":645,"date":"2021-07-30T13:36:43","date_gmt":"2021-07-30T11:36:43","guid":{"rendered":"https:\/\/antcube.shop\/?page_id=645"},"modified":"2024-11-29T15:29:21","modified_gmt":"2024-11-29T14:29:21","slug":"regulacja-zasiegu","status":"publish","type":"page","link":"https:\/\/antcube.shop\/pl\/regulacja-zasiegu\/","title":{"rendered":"Rozporz\u0105dzenie REACH"},"content":{"rendered":"<div id=\"gap-272807795\" class=\"gap-element clearfix\" style=\"display:block; height:auto;\">\n\t\t\n<style>\n#gap-272807795 {\n  padding-top: 198px;\n}\n@media (min-width:850px) {\n  #gap-272807795 {\n    padding-top: 190px;\n  }\n}\n<\/style>\n\t<\/div>\n\t\n\n<div class=\"row\"  id=\"row-597422528\">\n\n\n\t<div id=\"col-1440634921\" class=\"col small-12 large-12\"  >\n\t\t\t\t<div class=\"col-inner\"  >\n\t\t\t\n\t\t\t\n\n<h3><b>Zgodno\u015b\u0107 naszych produkt\u00f3w z REACH<\/b><\/h3>\n<ol>\n<li><b> status naszych produkt\u00f3w zgodnie z rozporz\u0105dzeniem REACH <\/b><b><br \/><\/b><span style=\"font-weight: 400;\">Produkty ANTSTORE s\u0105 zdefiniowane jako <\/span><b>artyku\u0142y <\/b><span style=\"font-weight: 400;\">zgodnie z rozporz\u0105dzeniem REACH.<\/span><\/li>\n<\/ol>\n<ul>\n<li style=\"font-weight: 400;\" aria-level=\"1\"><span style=\"font-weight: 400;\">Ich funkcja jest okre\u015blana g\u0142\u00f3wnie przez <\/span><b>ich kszta\u0142t, forma i powierzchnia<\/b><span style=\"font-weight: 400;\">a nie przez ich sk\u0142ad chemiczny.<\/span><\/li>\n<li style=\"font-weight: 400;\" aria-level=\"1\"><b>Nie ma obowi\u0105zku rejestracji <\/b><span style=\"font-weight: 400;\">tych produkt\u00f3w zgodnie z rozporz\u0105dzeniem REACH.<\/span><\/li>\n<\/ul>\n<ol start=\"2\">\n<li><b> Substancje SVHC (substancje wzbudzaj\u0105ce szczeg\u00f3lnie du\u017ce obawy)<\/b><\/li>\n<\/ol>\n<ul>\n<li style=\"font-weight: 400;\" aria-level=\"1\"><span style=\"font-weight: 400;\">Nasze produkty <\/span><b>nie zawieraj\u0105 \u017cadnych substancji <\/b><span style=\"font-weight: 400;\">o zawarto\u015bci wi\u0119kszej ni\u017c 0,1 procent masy, kt\u00f3re s\u0105 zdefiniowane jako <\/span><b>SVHC <\/b><span style=\"font-weight: 400;\">(Substancje wzbudzaj\u0105ce szczeg\u00f3lnie du\u017ce obawy) zgodnie z art. 57 rozporz\u0105dzenia REACH i wymienione w za\u0142\u0105czniku XIV do rozporz\u0105dzenia (tzw. \"lista kandydacka\").<\/span><\/li>\n<\/ul>\n<p><b>3 Rola dalszego u\u017cytkownika <\/b><b><br \/><\/b><span style=\"font-weight: 400;\">Zgodnie z rozporz\u0105dzeniem REACH nasza firma jest uwa\u017cana za <\/span><b>dalszy u\u017cytkownik<\/b><span style=\"font-weight: 400;\">.<\/span><\/p>\n<ul>\n<li style=\"font-weight: 400;\" aria-level=\"1\"><span style=\"font-weight: 400;\">Dla wszystkich substancji i preparat\u00f3w stosowanych w procesie produkcyjnym (np. kleje, farby, smary):<\/span>\n<ul>\n<li style=\"font-weight: 400;\" aria-level=\"2\"><span style=\"font-weight: 400;\">Czy otrzymali\u015bmy od naszych dostawc\u00f3w potwierdzenia i deklaracje dotycz\u0105ce zamierzonego zastosowania i (aktualnego) <\/span><b>rejestracja wst\u0119pna<\/b><span style=\"font-weight: 400;\">?<\/span><\/li>\n<li style=\"font-weight: 400;\" aria-level=\"2\"><span style=\"font-weight: 400;\">Jeste\u015bmy w bliskim kontakcie z naszymi dostawcami, aby zapewni\u0107 zgodno\u015b\u0107 z REACH.<\/span><\/li>\n<\/ul>\n<\/li>\n<li style=\"font-weight: 400;\" aria-level=\"1\"><span style=\"font-weight: 400;\">Nie u\u017cywamy \u017cadnych substancji ani preparat\u00f3w, dla kt\u00f3rych nasza firma wymaga\u0142aby w\u0142asnej (wst\u0119pnej) rejestracji.<\/span><\/li>\n<\/ul>\n<p><span style=\"font-weight: 400;\">W przypadku dalszych pyta\u0144 dotycz\u0105cych zgodno\u015bci naszych produkt\u00f3w z rozporz\u0105dzeniem REACH, prosimy o kontakt.<\/span><\/p>\n<p>\u00a0<\/p>\n<p>\u00a0<\/p>\n<p><a href=\"https:\/\/www.antstore.net\/shop\/images\/documents\/ant%20escape%20protection%20lacquer%20EN.pdf\" target=\"_blank\" rel=\"noopener\"><span style=\"font-family: verdana,arial,helvetica,sans-serif;\"><img data-recalc-dims=\"1\" decoding=\"async\" src=\"https:\/\/i0.wp.com\/www.antstore.net\/shop\/images\/pdf_logo.gif?w=1020&#038;ssl=1\" alt=\"\" border=\"0\" \/>\u00a0Karta charakterystyki substancji niebezpiecznej dla lakieru chroni\u0105cego przed ucieczk\u0105 mr\u00f3wek<\/span><\/a>\u00a0(angielski) , (PDF 0,2 MB)<br \/><span style=\"color: #666666; font-family: arial,helvetica,sans-serif; font-size: xx-small;\">(tre\u015b\u0107: instrukcje bezpiecze\u0144stwa)<\/span><\/p>\n<p><a href=\"https:\/\/www.antstore.net\/shop\/images\/documents\/ant_escape_protection_oil_en.pdf\" target=\"_blank\" rel=\"noopener\"><span style=\"font-family: verdana,arial,helvetica,sans-serif;\"><img data-recalc-dims=\"1\" decoding=\"async\" src=\"https:\/\/i0.wp.com\/www.antstore.net\/shop\/images\/pdf_logo.gif?w=1020&#038;ssl=1\" alt=\"\" border=\"0\" \/>\u00a0Karta charakterystyki substancji niebezpiecznej dla oleju zabezpieczaj\u0105cego przed ucieczk\u0105 mr\u00f3wek<\/span><\/a>\u00a0(angielski) , (PDF 0,1 MB)<br \/><span style=\"color: #666666; font-family: arial,helvetica,sans-serif; font-size: xx-small;\">(tre\u015b\u0107: instrukcje bezpiecze\u0144stwa)<\/span>\u00a0<\/p>\n\n\t\t<\/div>\n\t\t\t\t\t<\/div>\n\n\t\n\n<\/div>","protected":false},"excerpt":{"rendered":"","protected":false},"author":1,"featured_media":0,"parent":0,"menu_order":0,"comment_status":"closed","ping_status":"closed","template":"","meta":{"_acf_changed":false,"content-type":"","_monsterinsights_skip_tracking":false,"_monsterinsights_sitenote_active":false,"_monsterinsights_sitenote_note":"","_monsterinsights_sitenote_category":0,"footnotes":""},"class_list":["post-645","page","type-page","status-publish","hentry"],"acf":[],"aioseo_notices":[],"jetpack_sharing_enabled":true,"_links":{"self":[{"href":"https:\/\/antcube.shop\/pl\/wp-json\/wp\/v2\/pages\/645","targetHints":{"allow":["GET"]}}],"collection":[{"href":"https:\/\/antcube.shop\/pl\/wp-json\/wp\/v2\/pages"}],"about":[{"href":"https:\/\/antcube.shop\/pl\/wp-json\/wp\/v2\/types\/page"}],"author":[{"embeddable":true,"href":"https:\/\/antcube.shop\/pl\/wp-json\/wp\/v2\/users\/1"}],"replies":[{"embeddable":true,"href":"https:\/\/antcube.shop\/pl\/wp-json\/wp\/v2\/comments?post=645"}],"version-history":[{"count":10,"href":"https:\/\/antcube.shop\/pl\/wp-json\/wp\/v2\/pages\/645\/revisions"}],"predecessor-version":[{"id":10640,"href":"https:\/\/antcube.shop\/pl\/wp-json\/wp\/v2\/pages\/645\/revisions\/10640"}],"wp:attachment":[{"href":"https:\/\/antcube.shop\/pl\/wp-json\/wp\/v2\/media?parent=645"}],"curies":[{"name":"wp","href":"https:\/\/api.w.org\/{rel}","templated":true}]}}