{"id":643,"date":"2021-07-30T13:36:12","date_gmt":"2021-07-30T11:36:12","guid":{"rendered":"https:\/\/antcube.shop\/?page_id=643"},"modified":"2024-11-29T15:31:27","modified_gmt":"2024-11-29T14:31:27","slug":"ustawa-o-urzadzeniach-elektrycznych","status":"publish","type":"page","link":"https:\/\/antcube.shop\/pl\/ustawa-o-urzadzeniach-elektrycznych\/","title":{"rendered":"Ustawa o urz\u0105dzeniach elektrycznych"},"content":{"rendered":"<div id=\"gap-1323727\" class=\"gap-element clearfix\" style=\"display:block; height:auto;\">\n\t\t\n<style>\n#gap-1323727 {\n  padding-top: 190px;\n}\n<\/style>\n\t<\/div>\n\t\n\n<div class=\"row\"  id=\"row-781472241\">\n\n\n\t<div id=\"col-531788791\" class=\"col small-12 large-12\"  >\n\t\t\t\t<div class=\"col-inner\"  >\n\t\t\t\n\t\t\t\n\n\t<div id=\"text-4049771555\" class=\"text\">\n\t\t\n\n<h3><b>Informacje zgodne z niemieck\u0105 ustaw\u0105 o sprz\u0119cie elektrycznym i elektronicznym (ElektroG)<\/b><\/h3>\n<p><span style=\"font-weight: 400;\">Nasz numer rejestracyjny WEEE: <\/span><b>DE 54590387<\/b><\/p>\n<p><b>1 Wprowadzenie <\/b><b><br \/><\/b><span style=\"font-weight: 400;\">ElektroG reguluje <\/span><b>wprowadzanie do obrotu<\/b><span style=\"font-weight: 400;\">, <\/span><b>odbi\u00f3r <\/b><span style=\"font-weight: 400;\">oraz <\/span><b>utylizacja przyjazna dla \u015brodowiska <\/b><span style=\"font-weight: 400;\">sprz\u0119tu elektrycznego i elektronicznego. Celem jest promowanie ochrony \u015brodowiska i zapewnienie recyklingu cennych surowc\u00f3w.<\/span><\/p>\n<ol start=\"2\">\n<li><b> obowi\u0105zki prawne dla konsument\u00f3w<\/b><\/li>\n<\/ol>\n<ul>\n<li style=\"font-weight: 400;\" aria-level=\"1\"><b>Zakaz usuwania odpad\u00f3w resztkowych<\/b><span style=\"font-weight: 400;\">: Stare urz\u0105dzenia elektryczne nie mog\u0105 by\u0107 wyrzucane do odpad\u00f3w resztkowych.<\/span><\/li>\n<li style=\"font-weight: 400;\" aria-level=\"1\"><b>Obowi\u0105zek powrotu<\/b><span style=\"font-weight: 400;\">: Konsumenci s\u0105 prawnie zobowi\u0105zani do pozbywania si\u0119 zu\u017cytego sprz\u0119tu elektrycznego i elektronicznego w komunalnych punktach zbi\u00f3rki (\u00d6RE - publiczne urz\u0119dy utylizacji odpad\u00f3w) lub w odpowiednich systemach odbioru.<\/span><\/li>\n<li style=\"font-weight: 400;\" aria-level=\"1\"><b>Zanieczyszczenia i recykling<\/b><span style=\"font-weight: 400;\">:<\/span>\n<ul>\n<li style=\"font-weight: 400;\" aria-level=\"2\"><span style=\"font-weight: 400;\">Stare urz\u0105dzenia elektryczne mog\u0105 zawiera\u0107 szkodliwe substancje, kt\u00f3re mog\u0105 szkodzi\u0107 \u015brodowisku i zdrowiu, je\u015bli nie s\u0105 odpowiednio przechowywane lub utylizowane.<\/span><\/li>\n<li style=\"font-weight: 400;\" aria-level=\"2\"><span style=\"font-weight: 400;\">Jednocze\u015bnie zawieraj\u0105 one cenne surowce, takie jak \u017celazo, plastik, srebro czy szk\u0142o, kt\u00f3re mo\u017cna podda\u0107 recyklingowi.<\/span><\/li>\n<\/ul>\n<\/li>\n<\/ul>\n<p><b>3 Kt\u00f3rych urz\u0105dze\u0144 to dotyczy? <\/b><b><br \/><\/b><span style=\"font-weight: 400;\">ElektroG ma zastosowanie do wi\u0119kszo\u015bci urz\u0105dze\u0144 elektrycznych i elektronicznych zasilanych energi\u0105 elektryczn\u0105 lub polami elektromagnetycznymi. Nale\u017c\u0105 do nich mi\u0119dzy innymi:<\/span><\/p>\n<ul>\n<li style=\"font-weight: 400;\" aria-level=\"1\"><span style=\"font-weight: 400;\">Komputer klimatyczny<\/span><\/li>\n<li style=\"font-weight: 400;\" aria-level=\"1\"><span style=\"font-weight: 400;\">Maty grzewcze i kable<\/span><\/li>\n<li style=\"font-weight: 400;\" aria-level=\"1\"><span style=\"font-weight: 400;\">Cyfrowy termometr i higrometr<\/span><\/li>\n<li style=\"font-weight: 400;\" aria-level=\"1\"><span style=\"font-weight: 400;\">Nawil\u017cacze (zamg\u0142awiacze)<\/span><\/li>\n<li style=\"font-weight: 400;\" aria-level=\"1\"><span style=\"font-weight: 400;\">Wentylator<\/span><\/li>\n<\/ul>\n<p><span style=\"font-weight: 400;\">Pe\u0142na lista tych kategorii znajduje si\u0119 w obowi\u0105zuj\u0105cej dyrektywie prawnej.<\/span><\/p>\n<p><b>4 Etykietowanie urz\u0105dze\u0144 <\/b><b><br \/><\/b><span style=\"font-weight: 400;\">Produkty podlegaj\u0105ce ElektroG s\u0105 oznaczone symbolem <\/span><b>przekre\u015blony kosz na \u015bmieci<\/b><span style=\"font-weight: 400;\">. Oznacza to, \u017ce urz\u0105dzenie nie mo\u017ce by\u0107 utylizowane wraz z odpadami resztkowymi, ale musi by\u0107 utylizowane za po\u015brednictwem centr\u00f3w zbi\u00f3rki lub system\u00f3w odbioru.<\/span><\/p>\n<p><b>5 Zobowi\u0105zania ANTSTORE wynikaj\u0105ce z ElektroG <\/b><b><br \/><\/b><span style=\"font-weight: 400;\">ANTSTORE wdro\u017cy\u0142a wszystkie zobowi\u0105zania wynikaj\u0105ce z ElektroG w celu zapewnienia przyjaznej dla \u015brodowiska utylizacji:<\/span><\/p>\n<ul>\n<li style=\"font-weight: 400;\" aria-level=\"1\"><b>Rejestracja w EAR<\/b><span style=\"font-weight: 400;\">:<\/span>\n<ul>\n<li style=\"font-weight: 400;\" aria-level=\"2\"><span style=\"font-weight: 400;\">ANTSTORE jest zarejestrowany w fundacji EAR (Rejestr Zu\u017cytego Sprz\u0119tu Elektrycznego i Elektronicznego).<\/span><\/li>\n<li style=\"font-weight: 400;\" aria-level=\"2\"><span style=\"font-weight: 400;\">Nasz numer rejestracyjny WEEE: <\/span><b>DE <\/b><span style=\"font-weight: 400;\">54590387.<\/span><\/li>\n<\/ul>\n<\/li>\n<li style=\"font-weight: 400;\" aria-level=\"1\"><b>Sprawdzanie dostawc\u00f3w<\/b><span style=\"font-weight: 400;\">:<\/span>\n<ul>\n<li style=\"font-weight: 400;\" aria-level=\"2\"><span style=\"font-weight: 400;\">Wszyscy dostawcy byli i s\u0105 stale sprawdzani pod k\u0105tem zgodno\u015bci z obowi\u0105zkami rejestracyjnymi.<\/span><\/li>\n<\/ul>\n<\/li>\n<li style=\"font-weight: 400;\" aria-level=\"1\"><b>Obowi\u0105zek etykietowania<\/b><span style=\"font-weight: 400;\">:<\/span>\n<ul>\n<li style=\"font-weight: 400;\" aria-level=\"2\"><span style=\"font-weight: 400;\">Wszystkie produkty wytwarzane i importowane w UE s\u0105 odpowiednio oznakowane.<\/span><\/li>\n<\/ul>\n<\/li>\n<\/ul>\n<ol start=\"6\">\n<li><b> opcje zwrotu w ga\u0142\u0119zi ANTSTORE <\/b><b><br \/><\/b><span style=\"font-weight: 400;\">Opr\u00f3cz miejskich punkt\u00f3w zbi\u00f3rki ANTSTORE oferuje swoim klientom r\u00f3wnie\u017c <\/span><b>dobrowolny zwrot <\/b><span style=\"font-weight: 400;\">starych urz\u0105dze\u0144:<\/span><\/li>\n<\/ol>\n<ul>\n<li style=\"font-weight: 400;\" aria-level=\"1\"><span style=\"font-weight: 400;\">Klienci mog\u0105 zwr\u00f3ci\u0107 swoje stare urz\u0105dzenia <\/span><b>bezp\u0142atnie <\/b><span style=\"font-weight: 400;\">podczas zakup\u00f3w w naszym sklepie.<\/span><\/li>\n<li style=\"font-weight: 400;\" aria-level=\"1\"><span style=\"font-weight: 400;\">W ten spos\u00f3b wspieramy wygodn\u0105 i przyjazn\u0105 dla \u015brodowiska utylizacj\u0119 starych urz\u0105dze\u0144 elektrycznych.<\/span><\/li>\n<\/ul>\n<p><b>Podsumowanie dla konsument\u00f3w<\/b><\/p>\n<ul>\n<li style=\"font-weight: 400;\" aria-level=\"1\"><span style=\"font-weight: 400;\">Korzystaj z miejskich punkt\u00f3w zbi\u00f3rki (\u00d6RE) lub naszych system\u00f3w odbioru w sklepie.<\/span><\/li>\n<li style=\"font-weight: 400;\" aria-level=\"1\"><span style=\"font-weight: 400;\">Nigdy nie wyrzucaj starych urz\u0105dze\u0144 elektrycznych do odpad\u00f3w resztkowych.<\/span><\/li>\n<li style=\"font-weight: 400;\" aria-level=\"1\"><span style=\"font-weight: 400;\">Pom\u00f3\u017c chroni\u0107 \u015brodowisko i zasoby poprzez prawid\u0142owe usuwanie odpad\u00f3w.<\/span><\/li>\n<\/ul>\n<p><span style=\"font-weight: 400;\">W przypadku dalszych pyta\u0144 dotycz\u0105cych naszych us\u0142ug odbioru i utylizacji prosimy o kontakt.<\/span><\/p>\n<p><b>Wi\u0119cej informacji:<\/b><\/p>\n<p><a href=\"https:\/\/www.stiftung-ear.de\/de\/home\"><span style=\"font-weight: 400;\">www.stiftung-ear.de<\/span><\/a><\/p>\n<p><a href=\"https:\/\/www.bmuv.de\/themen\/kreislaufwirtschaft\/abfallarten-und-abfallstroeme\/uebersicht-abfallarten-und-abfallstroeme\"><span style=\"font-weight: 400;\">www.bmu.de<\/span><\/a><\/p>\n\n\t\t\n<style>\n#text-4049771555 {\n  text-align: left;\n}\n<\/style>\n\t<\/div>\n\t\n\n\t\t<\/div>\n\t\t\t\t\t<\/div>\n\n\t\n\n<\/div>","protected":false},"excerpt":{"rendered":"","protected":false},"author":1,"featured_media":0,"parent":0,"menu_order":0,"comment_status":"closed","ping_status":"closed","template":"","meta":{"_acf_changed":false,"content-type":"","_monsterinsights_skip_tracking":false,"_monsterinsights_sitenote_active":false,"_monsterinsights_sitenote_note":"","_monsterinsights_sitenote_category":0,"footnotes":""},"class_list":["post-643","page","type-page","status-publish","hentry"],"acf":[],"aioseo_notices":[],"jetpack_sharing_enabled":true,"_links":{"self":[{"href":"https:\/\/antcube.shop\/pl\/wp-json\/wp\/v2\/pages\/643","targetHints":{"allow":["GET"]}}],"collection":[{"href":"https:\/\/antcube.shop\/pl\/wp-json\/wp\/v2\/pages"}],"about":[{"href":"https:\/\/antcube.shop\/pl\/wp-json\/wp\/v2\/types\/page"}],"author":[{"embeddable":true,"href":"https:\/\/antcube.shop\/pl\/wp-json\/wp\/v2\/users\/1"}],"replies":[{"embeddable":true,"href":"https:\/\/antcube.shop\/pl\/wp-json\/wp\/v2\/comments?post=643"}],"version-history":[{"count":6,"href":"https:\/\/antcube.shop\/pl\/wp-json\/wp\/v2\/pages\/643\/revisions"}],"predecessor-version":[{"id":10641,"href":"https:\/\/antcube.shop\/pl\/wp-json\/wp\/v2\/pages\/643\/revisions\/10641"}],"wp:attachment":[{"href":"https:\/\/antcube.shop\/pl\/wp-json\/wp\/v2\/media?parent=643"}],"curies":[{"name":"wp","href":"https:\/\/api.w.org\/{rel}","templated":true}]}}