{"id":641,"date":"2021-07-30T13:35:42","date_gmt":"2021-07-30T11:35:42","guid":{"rendered":"https:\/\/antcube.shop\/?page_id=641"},"modified":"2024-11-29T15:44:57","modified_gmt":"2024-11-29T14:44:57","slug":"prawo-dotyczace-baterii","status":"publish","type":"page","link":"https:\/\/antcube.shop\/pl\/prawo-dotyczace-baterii\/","title":{"rendered":"Prawo dotycz\u0105ce baterii"},"content":{"rendered":"<div id=\"gap-1789462152\" class=\"gap-element clearfix\" style=\"display:block; height:auto;\">\n\t\t\n<style>\n#gap-1789462152 {\n  padding-top: 190px;\n}\n<\/style>\n\t<\/div>\n\t\n\n<div class=\"row\"  id=\"row-1296029563\">\n\n\n\t<div id=\"col-320554265\" class=\"col small-12 large-12\"  >\n\t\t\t\t<div class=\"col-inner\"  >\n\t\t\t\n\t\t\t\n\n<h3><b>Uwagi dotycz\u0105ce ustawy o akumulatorach (BattG)<\/b><\/h3>\n<ol>\n<li><b> baterie i akumulatory w urz\u0105dzeniach <\/b><b><br \/><\/b><span style=\"font-weight: 400;\">Wiele z naszych produkt\u00f3w zawiera baterie lub akumulatory, kt\u00f3re s\u0105 u\u017cywane na przyk\u0142ad do obs\u0142ugi pilot\u00f3w zdalnego sterowania lub jako elementy na sta\u0142e zainstalowane w urz\u0105dzeniach. W zwi\u0105zku ze sprzeda\u017c\u0105 tych baterii lub akumulator\u00f3w chcieliby\u015bmy zwr\u00f3ci\u0107 uwag\u0119 na nast\u0119puj\u0105ce kwestie:<\/span><\/li>\n<li><b> prawny obowi\u0105zek zwrotu<\/b><\/li>\n<\/ol>\n<ul>\n<li style=\"font-weight: 400;\" aria-level=\"1\"><b>Utylizacja zu\u017cytych baterii<\/b><span style=\"font-weight: 400;\"><br \/><\/span><span style=\"font-weight: 400;\"> Zgodnie z ustaw\u0105 o bateriach, zu\u017cyte baterie musz\u0105 by\u0107 utylizowane bezp\u0142atnie w miejskim punkcie zbi\u00f3rki, w specjalnych pojemnikach na zu\u017cyte baterie lub w lokalnym punkcie sprzeda\u017cy detalicznej.<\/span><\/li>\n<li style=\"font-weight: 400;\" aria-level=\"1\"><b>Zakaz utylizacji w odpadach z gospodarstw domowych<\/b><span style=\"font-weight: 400;\"><br \/><\/span><span style=\"font-weight: 400;\">Wyrzucanie baterii do odpad\u00f3w domowych jest wyra\u017anie zabronione.<\/span><\/li>\n<\/ul>\n<ol start=\"3\">\n<li><b> opcje zwrotu w ANTSTORE <\/b><b><br \/><\/b><span style=\"font-weight: 400;\">Je\u015bli u\u017cytkownik nie chce korzysta\u0107 z miejskiego punktu zbi\u00f3rki lub lokalnego sprzedawcy, oferujemy nast\u0119puj\u0105ce opcje zwrotu dostarczonych przez nas akumulator\u00f3w:<\/span><\/li>\n<\/ol>\n<ul>\n<li style=\"font-weight: 400;\" aria-level=\"1\"><b>Bezp\u0142atny zwrot na miejscu<\/b><span style=\"font-weight: 400;\"><br \/><\/span><span style=\"font-weight: 400;\">Baterie mo\u017cna zwr\u00f3ci\u0107 bezpo\u015brednio do naszego sklepu.<\/span><\/li>\n<li style=\"font-weight: 400;\" aria-level=\"1\"><b>Zwrot poczt\u0105<\/b><span style=\"font-weight: 400;\"><br \/><\/span><span style=\"font-weight: 400;\">Wy\u015blij baterie do:<\/span><span style=\"font-weight: 400;\"><br \/><\/span><b>ANTSTORE<\/b><b><br \/><\/b><b>Selerweg 41<\/b><b><br \/><\/b><b>D-12169 Berlin<\/b><\/li>\n<\/ul>\n<ol start=\"4\">\n<li><b> oznakowanie baterii zawieraj\u0105cych szkodliwe substancje <\/b><b><br \/><\/b><span style=\"font-weight: 400;\">Baterie zawieraj\u0105ce szkodliwe substancje s\u0105 oznaczone symbolem <\/span><b>przekre\u015blony kosz na \u015bmieci<\/b><span style=\"font-weight: 400;\">. Pod tym symbolem znajduj\u0105 si\u0119 skr\u00f3ty chemiczne oznaczaj\u0105ce zawarte w nim szkodliwe substancje:<\/span><\/li>\n<\/ol>\n<ul>\n<li style=\"font-weight: 400;\" aria-level=\"1\"><b>Pb <\/b><span style=\"font-weight: 400;\">= akumulator zawiera o\u0142\u00f3w<\/span><\/li>\n<li style=\"font-weight: 400;\" aria-level=\"1\"><b>Cd <\/b><span style=\"font-weight: 400;\">= bateria zawiera kadm<\/span><\/li>\n<li style=\"font-weight: 400;\" aria-level=\"1\"><b>Hg <\/b><span style=\"font-weight: 400;\">= bateria zawiera rt\u0119\u0107<\/span><\/li>\n<\/ul>\n<ol start=\"5\">\n<li><b> dalsze informacje<\/b><\/li>\n<\/ol>\n<ul>\n<li style=\"font-weight: 400;\" aria-level=\"1\"><span style=\"font-weight: 400;\">Znajdziesz tam szczeg\u00f3\u0142owe informacje:<\/span>\n<ul>\n<li style=\"font-weight: 400;\" aria-level=\"2\"><span style=\"font-weight: 400;\">W dokumentach towarzysz\u0105cych dostawie towar\u00f3w.<\/span><\/li>\n<li style=\"font-weight: 400;\" aria-level=\"2\"><span style=\"font-weight: 400;\">W instrukcji obs\u0142ugi danego producenta urz\u0105dzenia.<\/span><\/li>\n<\/ul>\n<\/li>\n<li style=\"font-weight: 400;\" aria-level=\"1\"><span style=\"font-weight: 400;\">Wi\u0119cej informacji mo\u017cna uzyska\u0107 na stronie Battery Act:<\/span>\n<ul>\n<li style=\"font-weight: 400;\" aria-level=\"2\"><span style=\"font-weight: 400;\">W Federalnym Ministerstwie \u015arodowiska, Ochrony Przyrody i Bezpiecze\u0144stwa J\u0105drowego <\/span><a href=\"http:\/\/www.bmu.de\/abfallwirtschaft\"><span style=\"font-weight: 400;\">(<\/span><span style=\"font-weight: 400;\">www.bmu.de)<\/span><\/a><\/li>\n<li style=\"font-weight: 400;\" aria-level=\"2\"><span style=\"font-weight: 400;\">W Federalnej Agencji \u015arodowiska <\/span><a href=\"http:\/\/www.uba.de\"><span style=\"font-weight: 400;\">(<\/span><span style=\"font-weight: 400;\">www.uba.de)<\/span><\/a><\/li>\n<\/ul>\n<\/li>\n<\/ul>\n<p><b>Podsumowanie<\/b><\/p>\n<ul>\n<li style=\"font-weight: 400;\" aria-level=\"1\"><span style=\"font-weight: 400;\">Baterie nie nale\u017c\u0105 do odpad\u00f3w domowych.<\/span><\/li>\n<li style=\"font-weight: 400;\" aria-level=\"1\"><span style=\"font-weight: 400;\">Korzystaj z miejskich punkt\u00f3w zbi\u00f3rki, pojemnik\u00f3w na zu\u017cyte baterie lub opcji zwrotu w sklepie ANTSTORE.<\/span><\/li>\n<li style=\"font-weight: 400;\" aria-level=\"1\"><span style=\"font-weight: 400;\">Zwr\u00f3\u0107 uwag\u0119 na symbol przekre\u015blonego kosza na \u015bmieci i oznaczenie zanieczyszcze\u0144.<\/span><\/li>\n<\/ul>\n<p><span style=\"font-weight: 400;\">Dzi\u0119kujemy za aktywny wk\u0142ad w ochron\u0119 \u015brodowiska poprzez prawid\u0142ow\u0105 utylizacj\u0119 baterii!<\/span><\/p>\n<h3><br \/><br \/><br \/><br \/><br \/><br \/><\/h3>\n\n\t\t<\/div>\n\t\t\t\t\t<\/div>\n\n\t\n\n<\/div>","protected":false},"excerpt":{"rendered":"","protected":false},"author":1,"featured_media":0,"parent":0,"menu_order":0,"comment_status":"closed","ping_status":"closed","template":"","meta":{"_acf_changed":false,"content-type":"","_monsterinsights_skip_tracking":false,"_monsterinsights_sitenote_active":false,"_monsterinsights_sitenote_note":"","_monsterinsights_sitenote_category":0,"footnotes":""},"class_list":["post-641","page","type-page","status-publish","hentry"],"acf":[],"aioseo_notices":[],"jetpack_sharing_enabled":true,"_links":{"self":[{"href":"https:\/\/antcube.shop\/pl\/wp-json\/wp\/v2\/pages\/641","targetHints":{"allow":["GET"]}}],"collection":[{"href":"https:\/\/antcube.shop\/pl\/wp-json\/wp\/v2\/pages"}],"about":[{"href":"https:\/\/antcube.shop\/pl\/wp-json\/wp\/v2\/types\/page"}],"author":[{"embeddable":true,"href":"https:\/\/antcube.shop\/pl\/wp-json\/wp\/v2\/users\/1"}],"replies":[{"embeddable":true,"href":"https:\/\/antcube.shop\/pl\/wp-json\/wp\/v2\/comments?post=641"}],"version-history":[{"count":3,"href":"https:\/\/antcube.shop\/pl\/wp-json\/wp\/v2\/pages\/641\/revisions"}],"predecessor-version":[{"id":10643,"href":"https:\/\/antcube.shop\/pl\/wp-json\/wp\/v2\/pages\/641\/revisions\/10643"}],"wp:attachment":[{"href":"https:\/\/antcube.shop\/pl\/wp-json\/wp\/v2\/media?parent=641"}],"curies":[{"name":"wp","href":"https:\/\/api.w.org\/{rel}","templated":true}]}}