{"id":639,"date":"2021-07-30T13:35:18","date_gmt":"2021-07-30T11:35:18","guid":{"rendered":"https:\/\/antcube.shop\/?page_id=639"},"modified":"2025-10-16T12:04:23","modified_gmt":"2025-10-16T10:04:23","slug":"metody-platnosci","status":"publish","type":"page","link":"https:\/\/antcube.shop\/pl\/metody-platnosci\/","title":{"rendered":"Metody p\u0142atno\u015bci"},"content":{"rendered":"<div id=\"gap-237586024\" class=\"gap-element clearfix\" style=\"display:block; height:auto;\">\n\t\t\n<style>\n#gap-237586024 {\n  padding-top: 202px;\n}\n@media (min-width:850px) {\n  #gap-237586024 {\n    padding-top: 172px;\n  }\n}\n<\/style>\n\t<\/div>\n\t\n\n<div class=\"row\"  id=\"row-2130477080\">\n\n\n\t<div id=\"col-497327464\" class=\"col small-12 large-12\"  >\n\t\t\t\t<div class=\"col-inner\"  >\n\t\t\t\n\t\t\t\n\n<h1>Rodzaje p\u0142atno\u015bci<\/h1>\n<h3><strong>1. Rodzaje p\u0142atno\u015bci<\/strong><\/h3>\n<h3><strong>- Przedp\u0142ata<\/strong><\/h3>\n<p><img data-recalc-dims=\"1\" loading=\"lazy\" decoding=\"async\" class=\"\" src=\"https:\/\/i0.wp.com\/www.antstore.net\/shop\/images\/icons\/vorkasse.jpg?resize=301%2C97&#038;ssl=1\" alt=\"\" width=\"301\" height=\"97\" \/><\/p>\n<h3><strong>- Wygodne zakupy \/ Klarna<\/strong><\/h3>\n<p><img data-recalc-dims=\"1\" loading=\"lazy\" decoding=\"async\" class=\"\" src=\"https:\/\/i0.wp.com\/www.antstore.net\/shop\/images\/icons\/sofort.jpg?resize=309%2C99&#038;ssl=1\" alt=\"\" width=\"309\" height=\"99\" \/><\/p>\n<h3><strong>- PayPal<\/strong><\/h3>\n<p><img data-recalc-dims=\"1\" loading=\"lazy\" decoding=\"async\" class=\"\" src=\"https:\/\/i0.wp.com\/www.antstore.net\/shop\/images\/icons\/paypal.jpg?resize=294%2C95&#038;ssl=1\" alt=\"\" width=\"294\" height=\"95\" \/><\/p>\n<p><strong>&#8211;\u00a0<\/strong>- Opcjonalnie karta kredytowa (Visa lub Mastercard) i polecenie zap\u0142aty (us\u0142uga PayPal)<\/p>\n<p><img data-recalc-dims=\"1\" loading=\"lazy\" decoding=\"async\" class=\"\" src=\"https:\/\/i0.wp.com\/www.antstore.net\/shop\/images\/icons\/visa-master.JPG?resize=270%2C87&#038;ssl=1\" alt=\"\" width=\"270\" height=\"87\" \/><\/p>\n<p>- Karta kredytowa (Visa, MasterCard) i polecenie zap\u0142aty (us\u0142uga PayPal)<\/p>\n<h3><strong>2. Op\u0142aty za dan\u0105 metod\u0119 p\u0142atno\u015bci:<\/strong><\/h3>\n<p>Dla oferowanych metod p\u0142atno\u015bci na terenie UE nie ma op\u0142at za p\u0142atno\u015bci.<\/p>\n<h3><strong>3. Waluta<\/strong><\/h3>\n<p>Zam\u00f3wienia mog\u0105 by\u0107 sk\u0142adane i p\u0142atno\u015bci dokonywane tylko w Euro (waluta standardowa). Wszystkie inne ewentualnie wy\u015bwietlane waluty s\u0142u\u017c\u0105 jedynie do orientacyjnego przegl\u0105du.<br \/>Nie dajemy \u017cadnej gwarancji na aktualno\u015b\u0107 danych dotycz\u0105cych kurs\u00f3w walut!<\/p>\n<h3><strong>4. Ceny i podatki<\/strong><\/h3>\n<p>Niemcy: Wszystkie ceny zawieraj\u0105 aktualny podatek VAT.<br \/>Unia Europejska (nie Niemcy). Wszystkie ceny zawieraj\u0105 aktualny podatek VAT. Dla klient\u00f3w komercyjnych posiadaj\u0105cych NIP naliczane s\u0105 ceny netto (bez podatku VAT).<\/p>\n\n\t\t<\/div>\n\t\t\t\t\t<\/div>\n\n\t\n\n<\/div>","protected":false},"excerpt":{"rendered":"","protected":false},"author":1,"featured_media":0,"parent":0,"menu_order":0,"comment_status":"closed","ping_status":"closed","template":"","meta":{"_acf_changed":false,"content-type":"","_monsterinsights_skip_tracking":false,"_monsterinsights_sitenote_active":false,"_monsterinsights_sitenote_note":"","_monsterinsights_sitenote_category":0,"footnotes":""},"class_list":["post-639","page","type-page","status-publish","hentry"],"acf":[],"aioseo_notices":[],"jetpack_sharing_enabled":true,"_links":{"self":[{"href":"https:\/\/antcube.shop\/pl\/wp-json\/wp\/v2\/pages\/639","targetHints":{"allow":["GET"]}}],"collection":[{"href":"https:\/\/antcube.shop\/pl\/wp-json\/wp\/v2\/pages"}],"about":[{"href":"https:\/\/antcube.shop\/pl\/wp-json\/wp\/v2\/types\/page"}],"author":[{"embeddable":true,"href":"https:\/\/antcube.shop\/pl\/wp-json\/wp\/v2\/users\/1"}],"replies":[{"embeddable":true,"href":"https:\/\/antcube.shop\/pl\/wp-json\/wp\/v2\/comments?post=639"}],"version-history":[{"count":9,"href":"https:\/\/antcube.shop\/pl\/wp-json\/wp\/v2\/pages\/639\/revisions"}],"predecessor-version":[{"id":6880,"href":"https:\/\/antcube.shop\/pl\/wp-json\/wp\/v2\/pages\/639\/revisions\/6880"}],"wp:attachment":[{"href":"https:\/\/antcube.shop\/pl\/wp-json\/wp\/v2\/media?parent=639"}],"curies":[{"name":"wp","href":"https:\/\/api.w.org\/{rel}","templated":true}]}}