{"id":628,"date":"2021-07-30T13:29:33","date_gmt":"2021-07-30T11:29:33","guid":{"rendered":"https:\/\/antcube.shop\/?page_id=628"},"modified":"2025-11-17T11:20:38","modified_gmt":"2025-11-17T10:20:38","slug":"odsprzedawca","status":"publish","type":"page","link":"https:\/\/antcube.shop\/pl\/odsprzedawca\/","title":{"rendered":"Zosta\u0144 sprzedawc\u0105"},"content":{"rendered":"<div id=\"gap-704365550\" class=\"gap-element clearfix\" style=\"display:block; height:auto;\">\n\t\t\n<style>\n#gap-704365550 {\n  padding-top: 181px;\n}\n@media (min-width:550px) {\n  #gap-704365550 {\n    padding-top: 185px;\n  }\n}\n@media (min-width:850px) {\n  #gap-704365550 {\n    padding-top: 137px;\n  }\n}\n<\/style>\n\t<\/div>\n\t\n\n\n  <div class=\"banner has-hover\" id=\"banner-165829681\">\n          <div class=\"banner-inner fill\">\n        <div class=\"banner-bg fill\" >\n            <img loading=\"lazy\" decoding=\"async\" width=\"900\" height=\"600\" src=\"https:\/\/i0.wp.com\/antcube.shop\/wp-content\/uploads\/2021\/09\/pexels-thirdman-5684382-scaled.jpg?fit=900%2C600&amp;ssl=1\" class=\"bg attachment-large size-large\" alt=\"\" \/>                        <div class=\"overlay\"><\/div>            \n                    <\/div>\n\t\t\n        <div class=\"banner-layers container\">\n            <div class=\"fill banner-link\"><\/div>            \n\n   <div id=\"text-box-617515207\" class=\"text-box banner-layer x0 md-x50 lg-x50 y50 md-y85 lg-y35 res-text\">\n                                <div class=\"text-box-content text dark text-shadow-3\">\n              \n              <div class=\"text-inner text-center\">\n                  \n\n\t<div id=\"text-2228308107\" class=\"text\">\n\t\t\n\n<h1><strong>Szukamy sprzedawc\u00f3w!<\/strong><\/h1>\n<p>Szukamy sprzedawc\u00f3w i partner\u00f3w do sprzeda\u017cy naszych produkt\u00f3w ANTCUBE dla hodowc\u00f3w mr\u00f3wek na ca\u0142ym \u015bwiecie. Je\u015bli chcesz do nas do\u0142\u0105czy\u0107 i uczestniczy\u0107 w tworzeniu \u015bwiatowej spo\u0142eczno\u015bci mi\u0142o\u015bnik\u00f3w mr\u00f3wek i przyrody<\/p>\n\t\t\n<style>\n#text-2228308107 {\n  font-size: 0.75rem;\n  line-height: 1;\n  text-align: center;\n}\n@media (min-width:550px) {\n  #text-2228308107 {\n    font-size: 0.95rem;\n  }\n}\n@media (min-width:850px) {\n  #text-2228308107 {\n    font-size: 1.25rem;\n  }\n}\n<\/style>\n\t<\/div>\n\t\n\t<div id=\"text-1503747163\" class=\"text\">\n\t\t\n\n<p>Skontaktuj si\u0119 z nami pod adresem\u00a0<\/p>\n\t\t\n<style>\n#text-1503747163 {\n  font-size: 1.05rem;\n  line-height: 0.75;\n}\n@media (min-width:550px) {\n  #text-1503747163 {\n    font-size: 2.25rem;\n  }\n}\n<\/style>\n\t<\/div>\n\t\n\t<div id=\"text-2262968776\" class=\"text\">\n\t\t\n\n<p>sales@antcube.de<\/p>\n\t\t\n<style>\n#text-2262968776 {\n  font-size: 0.75rem;\n  line-height: 0.75;\n}\n@media (min-width:550px) {\n  #text-2262968776 {\n    font-size: 2.25rem;\n  }\n}\n<\/style>\n\t<\/div>\n\t\n\n              <\/div>\n           <\/div>\n                            \n<style>\n#text-box-617515207 {\n  width: 100%;\n}\n#text-box-617515207 .text-box-content {\n  font-size: 100%;\n}\n@media (min-width:550px) {\n  #text-box-617515207 {\n    width: 87%;\n  }\n}\n<\/style>\n    <\/div>\n \n\n        <\/div>\n      <\/div>\n\n              <div class=\"height-fix is-invisible\"><img loading=\"lazy\" decoding=\"async\" width=\"900\" height=\"600\" src=\"https:\/\/i0.wp.com\/antcube.shop\/wp-content\/uploads\/2021\/09\/pexels-thirdman-5684382-scaled.jpg?fit=900%2C600&amp;ssl=1\" class=\"attachment-large size-large\" alt=\"\" srcset=\"https:\/\/i0.wp.com\/antcube.shop\/wp-content\/uploads\/2021\/09\/pexels-thirdman-5684382-scaled.jpg?w=2560&amp;ssl=1 2560w, https:\/\/i0.wp.com\/antcube.shop\/wp-content\/uploads\/2021\/09\/pexels-thirdman-5684382-scaled.jpg?resize=510%2C340&amp;ssl=1 510w, https:\/\/i0.wp.com\/antcube.shop\/wp-content\/uploads\/2021\/09\/pexels-thirdman-5684382-scaled.jpg?resize=600%2C400&amp;ssl=1 600w, https:\/\/i0.wp.com\/antcube.shop\/wp-content\/uploads\/2021\/09\/pexels-thirdman-5684382-scaled.jpg?resize=1200%2C800&amp;ssl=1 1200w, https:\/\/i0.wp.com\/antcube.shop\/wp-content\/uploads\/2021\/09\/pexels-thirdman-5684382-scaled.jpg?resize=768%2C512&amp;ssl=1 768w, https:\/\/i0.wp.com\/antcube.shop\/wp-content\/uploads\/2021\/09\/pexels-thirdman-5684382-scaled.jpg?resize=1536%2C1024&amp;ssl=1 1536w, https:\/\/i0.wp.com\/antcube.shop\/wp-content\/uploads\/2021\/09\/pexels-thirdman-5684382-scaled.jpg?resize=2048%2C1365&amp;ssl=1 2048w\" sizes=\"auto, (max-width: 900px) 100vw, 900px\" \/><\/div>\n            \n<style>\n#banner-165829681 .overlay {\n  background-color: rgba(0, 0, 0, 0.174);\n}\n#banner-165829681 .banner-bg img {\n  object-position: 50% 45%;\n}\n<\/style>\n  <\/div>\n\n\n\t<div id=\"gap-1646881357\" class=\"gap-element clearfix\" style=\"display:block; height:auto;\">\n\t\t\n<style>\n#gap-1646881357 {\n  padding-top: 30px;\n}\n<\/style>\n\t<\/div>\n\t\n\n<div class=\"row\"  id=\"row-216745479\">\n\n\n\t<div id=\"col-2092042095\" class=\"col small-12 large-12\"  >\n\t\t\t\t<div class=\"col-inner\"  >\n\t\t\t\n\t\t\t\n\n<div class=\"wp-block-cover alignfull has-nv-site-bg-background-color has-background-dim\">\n<div class=\"wp-block-cover__inner-container\">\n<h2 class=\"has-text-align-center has-neve-text-color-color has-text-color\">Czy jeste\u015b zainteresowany sprzeda\u017c\u0105 naszych produkt\u00f3w?<\/h2>\n<\/div>\n<\/div>\n<h2 class=\"has-text-align-center has-medium-font-size\">Nasz cel<\/h2>\n<p class=\"has-text-align-center\">Szukamy sprzedawc\u00f3w i partner\u00f3w do sprzeda\u017cy naszych produkt\u00f3w ANTCUBE dla hodowc\u00f3w mr\u00f3wek na ca\u0142ym \u015bwiecie. Chcemy zbudowa\u0107 mi\u0119dzynarodow\u0105 spo\u0142eczno\u015b\u0107 w\u0142a\u015bcicieli sklep\u00f3w i hobbyst\u00f3w, aby hodowla mr\u00f3wek sta\u0142a si\u0119 bardziej popularna i profesjonalna. Je\u015bli jeste\u015b ju\u017c w\u0142a\u015bcicielem sklepu lub szukasz nowych mo\u017cliwo\u015bci biznesowych, skontaktuj si\u0119 z nami.<\/p>\n<h2 class=\"has-text-align-center has-medium-font-size\">Hodowla mr\u00f3wek to rozwijaj\u0105cy si\u0119 biznes<\/h2>\n<p class=\"has-text-align-center\">Hodowla mr\u00f3wek sta\u0142a si\u0119 bardzo popularna w ci\u0105gu ostatnich kilku lat. Obserwujemy rosn\u0105c\u0105 spo\u0142eczno\u015b\u0107 pasjonat\u00f3w mr\u00f3wek z ca\u0142ego \u015bwiata. Dodatkowo otrzymujemy coraz wi\u0119cej zapyta\u0144 od firm, ogrod\u00f3w zoologicznych, muze\u00f3w, uniwersytet\u00f3w, instytucji naukowych itp.<\/p>\n<h2 class=\"has-text-align-center has-medium-font-size\" style=\"font-size: 23.04px;\">\u00a0<\/h2>\n<p><img data-recalc-dims=\"1\" loading=\"lazy\" decoding=\"async\" class=\"size-medium wp-image-3944 aligncenter\" src=\"https:\/\/i0.wp.com\/antcube.shop\/wp-content\/uploads\/2021\/11\/Palette-Beispiel-mit-Export-600x400.jpg?resize=600%2C400&#038;ssl=1\" alt=\"\" width=\"600\" height=\"400\" srcset=\"https:\/\/i0.wp.com\/antcube.shop\/wp-content\/uploads\/2021\/11\/Palette-Beispiel-mit-Export-scaled.jpg?resize=600%2C400&amp;ssl=1 600w, https:\/\/i0.wp.com\/antcube.shop\/wp-content\/uploads\/2021\/11\/Palette-Beispiel-mit-Export-scaled.jpg?resize=1200%2C800&amp;ssl=1 1200w, https:\/\/i0.wp.com\/antcube.shop\/wp-content\/uploads\/2021\/11\/Palette-Beispiel-mit-Export-scaled.jpg?resize=768%2C512&amp;ssl=1 768w, https:\/\/i0.wp.com\/antcube.shop\/wp-content\/uploads\/2021\/11\/Palette-Beispiel-mit-Export-scaled.jpg?resize=1536%2C1024&amp;ssl=1 1536w, https:\/\/i0.wp.com\/antcube.shop\/wp-content\/uploads\/2021\/11\/Palette-Beispiel-mit-Export-scaled.jpg?resize=2048%2C1365&amp;ssl=1 2048w, https:\/\/i0.wp.com\/antcube.shop\/wp-content\/uploads\/2021\/11\/Palette-Beispiel-mit-Export-scaled.jpg?resize=18%2C12&amp;ssl=1 18w, https:\/\/i0.wp.com\/antcube.shop\/wp-content\/uploads\/2021\/11\/Palette-Beispiel-mit-Export-scaled.jpg?resize=510%2C340&amp;ssl=1 510w\" sizes=\"auto, (max-width: 600px) 100vw, 600px\" \/><\/p>\n<h2 class=\"has-text-align-center has-medium-font-size\">Dlaczego ANTCUBE?<\/h2>\n<p class=\"has-text-align-center\">Jeste\u015bmy jednym z najwi\u0119kszych i najd\u0142u\u017cej istniej\u0105cych sklep\u00f3w z mr\u00f3wkami na \u015bwiecie. Ponad 20 lat do\u015bwiadczenia w hodowli mr\u00f3wek i budowie formikari\u00f3w sprawi\u0142o, \u017ce jeste\u015bmy tym, kim jeste\u015bmy dzisiaj. Jeste\u015bmy przekonani, \u017ce jako\u015b\u0107, trwa\u0142o\u015b\u0107 i zr\u00f3wnowa\u017cony rozw\u00f3j staj\u0105 si\u0119 coraz wa\u017cniejsze. Dlatego stawiamy na szk\u0142o jako materia\u0142 do budowy naszych formikari\u00f3w. W przeciwie\u0144stwie do akrylu i plastiku, szk\u0142o pozostawia znacznie mniejszy \u015blad ekologiczny. Ponadto pracujemy nad opakowaniami, kt\u00f3re mo\u017cna w ca\u0142o\u015bci podda\u0107 recyklingowi.<\/p>\n<p class=\"has-text-align-center\">Szk\u0142o ma r\u00f3wnie\u017c t\u0119 zalet\u0119, \u017ce nie niszczy si\u0119 w \u017cadnej temperaturze i wilgotno\u015bci odpowiedniej dla hodowli mr\u00f3wek. Tafle szklane nie ulegaj\u0105 tak szybko zarysowaniu, nie odkszta\u0142caj\u0105 si\u0119 i nie odbarwiaj\u0105. Czyszczenie i obs\u0142uga s\u0105 \u0142atwe, wygl\u0105d jest bardzo naturalny i szykowny. Nasza ochrona przed ucieczk\u0105 jest bardzo skuteczna, nawet w przypadku szczeg\u00f3lnie ma\u0142ych gatunk\u00f3w mr\u00f3wek, a mo\u017cliwo\u015bci adaptacji i rozbudowy s\u0105 nieograniczone.<\/p>\n<h2 class=\"has-text-align-center has-medium-font-size\">Po co trzyma\u0107 mr\u00f3wki?<\/h2>\n<p class=\"has-text-align-center\">Mr\u00f3wki s\u0105 bardzo \u0142atwe w hodowli, w zale\u017cno\u015bci od gatunku. Potrzebuj\u0105 niewiele miejsca i mo\u017cna je karmi\u0107 praktycznie wszystkim. Mr\u00f3wki nie wydzielaj\u0105 prawie \u017cadnych zapach\u00f3w, s\u0105 bardzo czystymi zwierz\u0119tami, nie ha\u0142asuj\u0105 i nie generuj\u0105 prawie \u017cadnych koszt\u00f3w po nabyciu kolonii i formikarium. Poza tym, nigdy nie musz\u0105 chodzi\u0107 do weterynarza.<\/p>\n<p class=\"has-text-align-center\">Mr\u00f3wki s\u0105 niewiarygodnie fascynuj\u0105ce. Obserwowanie pojedynczej kr\u00f3lowej wychowuj\u0105cej przez lata swoje pierwsze robotnice, a nast\u0119pnie obserwowanie jak jej kolonia rozrasta si\u0119 do tysi\u0119cy cz\u0142onk\u00f3w przez lata dzi\u0119ki doskona\u0142ej wsp\u00f3\u0142pracy i wykorzystaniu zasob\u00f3w jest wyj\u0105tkowym do\u015bwiadczeniem. S\u0105 one niezwykle spo\u0142ecznymi zwierz\u0119tami, a niekt\u00f3re gatunki tworz\u0105 r\u00f3\u017cne kasty, takie jak robotnicy, \u017co\u0142nierze, rolnicy, a nawet piel\u0119gniarki i zgadnijcie co, wszystkie one s\u0105 samicami. Mr\u00f3wki s\u0105 r\u00f3wnie\u017c niezwykle wa\u017cne dla naszego \u015brodowiska. Nie tylko s\u0105 one obecne w ka\u017cdym nadaj\u0105cym si\u0119 do zamieszkania ekosystemie na \u015bwiecie, ale s\u0105 bardziej wyspecjalizowane i wszechstronne ni\u017c jakikolwiek inny gatunek. Mr\u00f3wki s\u0105 r\u00f3wnie\u017c podobne do nas w sposobie \u017cycia. Podzia\u0142 pracy, wsp\u00f3lne \u017cycie w du\u017cych koloniach na ograniczonej przestrzeni oraz wykorzystywanie r\u00f3\u017cnych poziom\u00f3w \u0142a\u0144cucha pokarmowego we wszystkich ekosystemach sprawia, \u017ce odnosz\u0105 one tak wielki sukces, podobnie jak my, ludzie. Jedyna r\u00f3\u017cnica polega na tym, \u017ce my nie jeste\u015bmy tak wydajni, a mr\u00f3wki istniej\u0105 od ponad 130 milion\u00f3w lat, podczas gdy ludzie od oko\u0142o 300 tysi\u0119cy.<\/p>\n\n\t\t<\/div>\n\t\t\t\t\t<\/div>\n\n\t\n\n<\/div>\n<div class=\"row\"  id=\"row-2036333483\">\n\n\n\t<div id=\"col-371930363\" class=\"col medium-6 large-6\"  >\n\t\t\t\t<div class=\"col-inner\" style=\"background-color:#61ca9f;\" >\n\t\t\t\n\t\t\t\n\n<div class=\"container section-title-container\" ><h3 class=\"section-title section-title-normal\"><b aria-hidden=\"true\"><\/b><span class=\"section-title-main\" ><i class=\"icon-envelop\" aria-hidden=\"true\"><\/i>Skontaktuj si\u0119 z nami<\/span><b aria-hidden=\"true\"><\/b><\/h3><\/div>\n\n\t<div id=\"text-3241959338\" class=\"text\">\n\t\t\n\n<\/p>\n<ul>\n<li><strong>E-Mail<\/strong>: sales@antcube.de<\/li>\n<li><strong>Telefon<\/strong>: +49 30 439703870<\/li>\n<\/ul>\n<p><strong>Godziny pracy <\/strong>(UTC\/GMT +1):<\/p>\n<ul>\n<li>Od wtorku do pi\u0105tku w godzinach 10:00 - 18:00<\/li>\n<\/ul>\n\n\t\t\n<style>\n#text-3241959338 {\n  font-size: 0.75rem;\n}\n@media (min-width:550px) {\n  #text-3241959338 {\n    font-size: 1.5rem;\n  }\n}\n<\/style>\n\t<\/div>\n\t\n\t<div id=\"gap-1543800714\" class=\"gap-element clearfix\" style=\"display:block; height:auto;\">\n\t\t\n<style>\n#gap-1543800714 {\n  padding-top: 60px;\n}\n<\/style>\n\t<\/div>\n\t\n\n\t<div class=\"img has-hover x md-x lg-x y md-y lg-y\" id=\"image_1334814985\">\n\t\t\t\t\t\t\t\t<div class=\"img-inner dark\" >\n\t\t\t<img data-recalc-dims=\"1\" loading=\"lazy\" decoding=\"async\" width=\"900\" height=\"900\" src=\"https:\/\/i0.wp.com\/antcube.shop\/wp-content\/uploads\/2021\/09\/Firmeneingang.jpg?resize=900%2C900&#038;ssl=1\" class=\"attachment-original size-original\" alt=\"Wej\u015bcie ANTSTORE\" srcset=\"https:\/\/i0.wp.com\/antcube.shop\/wp-content\/uploads\/2021\/09\/Firmeneingang.jpg?w=900&amp;ssl=1 900w, https:\/\/i0.wp.com\/antcube.shop\/wp-content\/uploads\/2021\/09\/Firmeneingang.jpg?resize=247%2C247&amp;ssl=1 247w, https:\/\/i0.wp.com\/antcube.shop\/wp-content\/uploads\/2021\/09\/Firmeneingang.jpg?resize=100%2C100&amp;ssl=1 100w, https:\/\/i0.wp.com\/antcube.shop\/wp-content\/uploads\/2021\/09\/Firmeneingang.jpg?resize=510%2C510&amp;ssl=1 510w, https:\/\/i0.wp.com\/antcube.shop\/wp-content\/uploads\/2021\/09\/Firmeneingang.jpg?resize=400%2C400&amp;ssl=1 400w, https:\/\/i0.wp.com\/antcube.shop\/wp-content\/uploads\/2021\/09\/Firmeneingang.jpg?resize=800%2C800&amp;ssl=1 800w, https:\/\/i0.wp.com\/antcube.shop\/wp-content\/uploads\/2021\/09\/Firmeneingang.jpg?resize=280%2C280&amp;ssl=1 280w, https:\/\/i0.wp.com\/antcube.shop\/wp-content\/uploads\/2021\/09\/Firmeneingang.jpg?resize=768%2C768&amp;ssl=1 768w\" sizes=\"auto, (max-width: 900px) 100vw, 900px\" \/>\t\t\t\t\t\t\n\t\t\t\t\t<\/div>\n\t\t\t\t\t\t\t\t\n<style>\n#image_1334814985 {\n  width: 100%;\n}\n<\/style>\n\t<\/div>\n\t\n\n\n\t\t<\/div>\n\t\t\t\t\t<\/div>\n\n\t\n\n\t<div id=\"col-1460137959\" class=\"col medium-6 large-6\"  >\n\t\t\t\t<div class=\"col-inner\"  >\n\t\t\t\n\t\t\t\n\n<div class=\"container section-title-container\" ><h3 class=\"section-title section-title-normal\"><b aria-hidden=\"true\"><\/b><span class=\"section-title-main\" >Odwied\u017a nasz sklep<\/span><b aria-hidden=\"true\"><\/b><\/h3><\/div>\n\n\t<div id=\"text-3670833545\" class=\"text\">\n\t\t\n\n<p><strong>Adres:<\/strong><\/p>\n<ul>\n<li>Ulica: Selerweg 41<\/li>\n<li>Kod pocztowy: D - 12169<\/li>\n<li>Miasto: Berlin<\/li>\n<li>Kraj: Niemcy<\/li>\n<li>Powiat: Steglitz-Zehlendorf<\/li>\n<\/ul>\n<p><strong>Godziny otwarcia<\/strong> (UTC\/GMT +1)<\/p>\n<ul>\n<li>Od wtorku do pi\u0105tku 13:00 - 18:00<\/li>\n<\/ul>\n<p><strong>COVID-19 UWAGA:<\/strong> Nasz sklep detaliczny to <strong>zamkni\u0119ty od marca 2020 r.<\/strong> lub nie s\u0105 jeszcze dost\u0119pne dla zwiedzaj\u0105cych. Mo\u017cecie jednak zam\u00f3wi\u0107 i zap\u0142aci\u0107 za nasze produkty online, a nast\u0119pnie odebra\u0107 je u nas lub wys\u0142a\u0107 paczk\u0105 do domu. Nasz zesp\u00f3\u0142 wsparcia jest nadal dost\u0119pny dla Pa\u0144stwa zapyta\u0144 przez e-mail lub telefon! B\u0119dziemy Pa\u0144stwa informowa\u0107 na bie\u017c\u0105co.<\/p>\n<p><iframe loading=\"lazy\" style=\"border: 0;\" src=\"https:\/\/www.google.com\/maps\/embed?pb=!1m18!1m12!1m3!1d2431.3708399886823!2d13.335121715997175!3d52.454311048847416!2m3!1f0!2f0!3f0!3m2!1i1024!2i768!4f13.1!3m3!1m2!1s0x47a85a9242e5bc07%3A0xc44ee1d5a0728440!2sANTSTORE!5e0!3m2!1sde!2sde!4v1632470583913!5m2!1sde!2sde\" width=\"600\" height=\"450\" allowfullscreen=\"allowfullscreen\"><\/iframe><\/p>\n\t\t\n<style>\n#text-3670833545 {\n  font-size: 0.75rem;\n}\n<\/style>\n\t<\/div>\n\t\n\n\t\t<\/div>\n\t\t\t\t\t<\/div>\n\n\t\n\n<\/div>","protected":false},"excerpt":{"rendered":"","protected":false},"author":1,"featured_media":0,"parent":0,"menu_order":0,"comment_status":"closed","ping_status":"closed","template":"","meta":{"_acf_changed":false,"content-type":"","_monsterinsights_skip_tracking":false,"_monsterinsights_sitenote_active":false,"_monsterinsights_sitenote_note":"","_monsterinsights_sitenote_category":0,"footnotes":""},"class_list":["post-628","page","type-page","status-publish","hentry"],"acf":[],"aioseo_notices":[],"jetpack_sharing_enabled":true,"_links":{"self":[{"href":"https:\/\/antcube.shop\/pl\/wp-json\/wp\/v2\/pages\/628","targetHints":{"allow":["GET"]}}],"collection":[{"href":"https:\/\/antcube.shop\/pl\/wp-json\/wp\/v2\/pages"}],"about":[{"href":"https:\/\/antcube.shop\/pl\/wp-json\/wp\/v2\/types\/page"}],"author":[{"embeddable":true,"href":"https:\/\/antcube.shop\/pl\/wp-json\/wp\/v2\/users\/1"}],"replies":[{"embeddable":true,"href":"https:\/\/antcube.shop\/pl\/wp-json\/wp\/v2\/comments?post=628"}],"version-history":[{"count":10,"href":"https:\/\/antcube.shop\/pl\/wp-json\/wp\/v2\/pages\/628\/revisions"}],"predecessor-version":[{"id":12738,"href":"https:\/\/antcube.shop\/pl\/wp-json\/wp\/v2\/pages\/628\/revisions\/12738"}],"wp:attachment":[{"href":"https:\/\/antcube.shop\/pl\/wp-json\/wp\/v2\/media?parent=628"}],"curies":[{"name":"wp","href":"https:\/\/api.w.org\/{rel}","templated":true}]}}