{"id":4440,"date":"2022-07-21T17:15:31","date_gmt":"2022-07-21T15:15:31","guid":{"rendered":"https:\/\/antcube.shop\/?page_id=4440"},"modified":"2022-07-22T17:18:02","modified_gmt":"2022-07-22T15:18:02","slug":"influencer-poszukiwany","status":"publish","type":"page","link":"https:\/\/antcube.shop\/pl\/influencer-poszukiwany\/","title":{"rendered":"Influencer poszukiwany"},"content":{"rendered":"<div class=\"banner has-hover\" id=\"banner-805668371\">\n          <div class=\"banner-inner fill\">\n        <div class=\"banner-bg fill\" >\n            <img loading=\"lazy\" decoding=\"async\" width=\"900\" height=\"600\" src=\"https:\/\/i0.wp.com\/antcube.shop\/wp-content\/uploads\/2022\/07\/kenny-eliason-nZJBt4gQlKI-unsplash-scaled.jpg?fit=900%2C600&amp;ssl=1\" class=\"bg attachment-large size-large\" alt=\"\" \/>                        <div class=\"overlay\"><\/div>            \n                    <\/div>\n\t\t\n        <div class=\"banner-layers container\">\n            <div class=\"fill banner-link\"><\/div>            \n\n   <div id=\"text-box-1747106912\" class=\"text-box banner-layer x50 md-x50 lg-x50 y20 md-y20 lg-y20 res-text\">\n                                <div class=\"text-box-content text\">\n              \n              <div class=\"text-inner text-left\">\n                  \n\n\t<div id=\"text-1480662383\" class=\"text\">\n\t\t\n\n<h2 class=\"uppercase\"><strong>Poszukiwani mi\u0119dzynarodowi influencerzy i ABASADORZY MARKI<\/strong><\/h2>\n<p>\u00a0<\/p>\n<p>\u00a0<\/p>\n\t\t\n<style>\n#text-1480662383 {\n  text-align: center;\n}\n<\/style>\n\t<\/div>\n\t\n\n              <\/div>\n           <\/div>\n                            \n<style>\n#text-box-1747106912 {\n  width: 60%;\n}\n#text-box-1747106912 .text-box-content {\n  font-size: 100%;\n}\n@media (min-width:550px) {\n  #text-box-1747106912 {\n    width: 100%;\n  }\n}\n<\/style>\n    <\/div>\n \n   <div id=\"text-box-1778654946\" class=\"text-box banner-layer x50 md-x50 lg-x50 y100 md-y100 lg-y100 res-text\">\n                                <div class=\"text-box-content text dark text-shadow-1\">\n              \n              <div class=\"text-inner text-center\">\n                  \n\n\t<div id=\"text-2558023166\" class=\"text\">\n\t\t\n\n<p>Niewa\u017cne, czy jeste\u015b ju\u017c w Mr\u00f3wkach, czy pr\u00f3bujesz znale\u017a\u0107 nowy niszowy projekt, aby zwi\u0119kszy\u0107 swoje konto na Instagramie, YouTube lub TikTok - CHCEMY CI\u0118!<\/p>\n<p>Szukamy pe\u0142nych pasji i profesjonalizmu Influencer\u00f3w, kt\u00f3rzy chcieliby wsp\u00f3\u0142pracowa\u0107 z nami przy pojedynczym projekcie lub regularnie promowa\u0107 nasze produkty. Nie wa\u017cne z jakiego kraju jeste\u015b i jakim j\u0119zykiem m\u00f3wisz! Je\u015bli jeste\u015b zainteresowany\/a skontaktuj si\u0119 z nami poprzez E-Mail na adres <a href=\"mailto:sales@antcube.de\">sales@antcube.de\u00a0<\/a><\/p>\n\t\t\n<style>\n#text-2558023166 {\n  font-size: 1.3rem;\n  color: rgb(0,0,0);\n}\n#text-2558023166 > * {\n  color: rgb(0,0,0);\n}\n<\/style>\n\t<\/div>\n\t\n\n              <\/div>\n           <\/div>\n                            \n<style>\n#text-box-1778654946 {\n  width: 94%;\n}\n#text-box-1778654946 .text-box-content {\n  font-size: 100%;\n}\n<\/style>\n    <\/div>\n \n\n        <\/div>\n      <\/div>\n\n            \n<style>\n#banner-805668371 {\n  padding-top: 1000px;\n  background-color: rgb(255, 255, 255);\n}\n#banner-805668371 .overlay {\n  background-color: rgba(190, 190, 190, 0.2);\n}\n#banner-805668371 .banner-bg img {\n  object-position: 56% 97%;\n}\n<\/style>\n  <\/div>","protected":false},"excerpt":{"rendered":"","protected":false},"author":1,"featured_media":0,"parent":0,"menu_order":0,"comment_status":"closed","ping_status":"closed","template":"","meta":{"_acf_changed":false,"content-type":"","_monsterinsights_skip_tracking":false,"_monsterinsights_sitenote_active":false,"_monsterinsights_sitenote_note":"","_monsterinsights_sitenote_category":0,"footnotes":""},"class_list":["post-4440","page","type-page","status-publish","hentry"],"acf":[],"aioseo_notices":[],"jetpack_sharing_enabled":true,"_links":{"self":[{"href":"https:\/\/antcube.shop\/pl\/wp-json\/wp\/v2\/pages\/4440","targetHints":{"allow":["GET"]}}],"collection":[{"href":"https:\/\/antcube.shop\/pl\/wp-json\/wp\/v2\/pages"}],"about":[{"href":"https:\/\/antcube.shop\/pl\/wp-json\/wp\/v2\/types\/page"}],"author":[{"embeddable":true,"href":"https:\/\/antcube.shop\/pl\/wp-json\/wp\/v2\/users\/1"}],"replies":[{"embeddable":true,"href":"https:\/\/antcube.shop\/pl\/wp-json\/wp\/v2\/comments?post=4440"}],"version-history":[{"count":9,"href":"https:\/\/antcube.shop\/pl\/wp-json\/wp\/v2\/pages\/4440\/revisions"}],"predecessor-version":[{"id":4454,"href":"https:\/\/antcube.shop\/pl\/wp-json\/wp\/v2\/pages\/4440\/revisions\/4454"}],"wp:attachment":[{"href":"https:\/\/antcube.shop\/pl\/wp-json\/wp\/v2\/media?parent=4440"}],"curies":[{"name":"wp","href":"https:\/\/api.w.org\/{rel}","templated":true}]}}