{"id":2479,"date":"2021-09-30T10:43:05","date_gmt":"2021-09-30T08:43:05","guid":{"rendered":"https:\/\/antcube.shop\/?page_id=2479"},"modified":"2023-12-14T13:31:40","modified_gmt":"2023-12-14T12:31:40","slug":"krok-4","status":"publish","type":"page","link":"https:\/\/antcube.shop\/pl\/ant-finder\/posredni\/krok-4\/","title":{"rendered":"Krok 4"},"content":{"rendered":"<div id=\"gap-1679806140\" class=\"gap-element clearfix\" style=\"display:block; height:auto;\">\n\t\t\n<style>\n#gap-1679806140 {\n  padding-top: 200px;\n}\n@media (min-width:850px) {\n  #gap-1679806140 {\n    padding-top: 175px;\n  }\n}\n<\/style>\n\t<\/div>\n\t\n\n<div class=\"row\"  id=\"row-810435763\">\n\n\n\t<div id=\"col-1906181327\" class=\"col small-12 large-12\"  >\n\t\t\t\t<div class=\"col-inner\"  >\n\t\t\t\n\t\t\t\n\n\t<div id=\"text-755447606\" class=\"text\">\n\t\t\n\n<h3>Mr\u00f3wki dla do\u015bwiadczonych hodowc\u00f3w mr\u00f3wek<\/h3>\n<p>Poniewa\u017c mr\u00f3wki \u017cyj\u0105 w bardzo r\u00f3\u017cnych \u015brodowiskach o bardzo r\u00f3\u017cnych warunkach klimatycznych, musisz upewni\u0107 si\u0119, \u017ce mo\u017cesz zapewni\u0107 im odpowiedni\u0105 temperatur\u0119 i wilgotno\u015b\u0107.<\/p>\n<p>Aby utrzyma\u0107 w\u0142a\u015bciw\u0105 wilgotno\u015b\u0107, wystarczy po prostu zwil\u017ca\u0107 hodowl\u0119 mr\u00f3wek, na przyk\u0142ad za pomoc\u0105 butelki z rozpylaczem. Je\u015bli chodzi o utrzymywanie w\u0142a\u015bciwej temperatury, sprawa staje si\u0119 nieco bardziej skomplikowana. Potrzebujesz albo lampy grzewczej, maty grzewczej lub kabla grzewczego, albo podgrzej pomieszczenie, w kt\u00f3rym trzymasz mr\u00f3wki, do odpowiedniej temperatury.<\/p>\n<p>Niemniej jednak jest wiele gatunk\u00f3w, kt\u00f3re mo\u017cna trzyma\u0107 w temperaturze pokojowej. Nawet je\u015bli jest ona o 1-3 C\u00b0 ni\u017csza od zalecanej, nie stanowi to problemu.\u00a0<\/p>\n\t\t\n<style>\n#text-755447606 {\n  text-align: center;\n}\n<\/style>\n\t<\/div>\n\t\n\n\t\t<\/div>\n\t\t\t\t\t<\/div>\n\n\t\n\n<\/div>\n\t<div id=\"text-1251908305\" class=\"text\">\n\t\t\n\n<p><strong>Pytanie: Czy szukasz gatunku mr\u00f3wki, kt\u00f3r\u0105 mo\u017cna trzyma\u0107 w temperaturze pokojowej?<\/strong><\/p>\n\t\t\n<style>\n#text-1251908305 {\n  font-size: 1.8rem;\n  text-align: center;\n}\n<\/style>\n\t<\/div>\n\t\n<div class=\"row\"  id=\"row-60446845\">\n\n\n\t<div id=\"col-1663337341\" class=\"col medium-6 small-12 large-6\"  >\n\t\t\t\t<div class=\"col-inner\"  >\n\t\t\t\n\t\t\t\n\n<a href=\"https:\/\/antcube.shop\/ant-finder\/intermediate\/step-4\/step-7\/\" class=\"button secondary expand\" >\n\t\t<span>Tak, chc\u0119 je przechowywa\u0107 w temperaturze pokojowej<\/span>\n\t<\/a>\n\n\n\n\t\t<\/div>\n\t\t\t\t\t<\/div>\n\n\t\n\n\t<div id=\"col-2146111047\" class=\"col medium-6 small-12 large-6\"  >\n\t\t\t\t<div class=\"col-inner\"  >\n\t\t\t\n\t\t\t\n\n<a href=\"https:\/\/antcube.shop\/ant-finder\/intermediate\/step-4\/step-8\/\" class=\"button secondary expand\" >\n\t\t<span>Nie, zapewni\u0119 niezb\u0119dn\u0105 temperatur\u0119<\/span>\n\t<\/a>\n\n\n\n\t\t<\/div>\n\t\t\t\t\t<\/div>\n\n\t\n\n<\/div>","protected":false},"excerpt":{"rendered":"","protected":false},"author":1,"featured_media":0,"parent":2468,"menu_order":0,"comment_status":"closed","ping_status":"closed","template":"","meta":{"_acf_changed":false,"content-type":"","_monsterinsights_skip_tracking":false,"_monsterinsights_sitenote_active":false,"_monsterinsights_sitenote_note":"","_monsterinsights_sitenote_category":0,"footnotes":""},"class_list":["post-2479","page","type-page","status-publish","hentry"],"acf":[],"aioseo_notices":[],"jetpack_sharing_enabled":true,"_links":{"self":[{"href":"https:\/\/antcube.shop\/pl\/wp-json\/wp\/v2\/pages\/2479","targetHints":{"allow":["GET"]}}],"collection":[{"href":"https:\/\/antcube.shop\/pl\/wp-json\/wp\/v2\/pages"}],"about":[{"href":"https:\/\/antcube.shop\/pl\/wp-json\/wp\/v2\/types\/page"}],"author":[{"embeddable":true,"href":"https:\/\/antcube.shop\/pl\/wp-json\/wp\/v2\/users\/1"}],"replies":[{"embeddable":true,"href":"https:\/\/antcube.shop\/pl\/wp-json\/wp\/v2\/comments?post=2479"}],"version-history":[{"count":10,"href":"https:\/\/antcube.shop\/pl\/wp-json\/wp\/v2\/pages\/2479\/revisions"}],"predecessor-version":[{"id":6793,"href":"https:\/\/antcube.shop\/pl\/wp-json\/wp\/v2\/pages\/2479\/revisions\/6793"}],"up":[{"embeddable":true,"href":"https:\/\/antcube.shop\/pl\/wp-json\/wp\/v2\/pages\/2468"}],"wp:attachment":[{"href":"https:\/\/antcube.shop\/pl\/wp-json\/wp\/v2\/media?parent=2479"}],"curies":[{"name":"wp","href":"https:\/\/api.w.org\/{rel}","templated":true}]}}