{"id":2468,"date":"2021-09-30T10:04:30","date_gmt":"2021-09-30T08:04:30","guid":{"rendered":"https:\/\/antcube.shop\/?page_id=2468"},"modified":"2023-12-15T12:50:52","modified_gmt":"2023-12-15T11:50:52","slug":"posredni","status":"publish","type":"page","link":"https:\/\/antcube.shop\/pl\/ant-finder\/posredni\/","title":{"rendered":"po\u015bredni"},"content":{"rendered":"<div id=\"gap-1880263232\" class=\"gap-element clearfix\" style=\"display:block; height:auto;\">\n\t\t\n<style>\n#gap-1880263232 {\n  padding-top: 200px;\n}\n@media (min-width:850px) {\n  #gap-1880263232 {\n    padding-top: 175px;\n  }\n}\n<\/style>\n\t<\/div>\n\t\n\n<div class=\"row\"  id=\"row-1793374347\">\n\n\n\t<div id=\"col-2051222469\" class=\"col small-12 large-12\"  >\n\t\t\t\t<div class=\"col-inner\"  >\n\t\t\t\n\t\t\t\n\n\t<div id=\"text-238266748\" class=\"text\">\n\t\t\n\n<h3>Mr\u00f3wki dla do\u015bwiadczonych hodowc\u00f3w mr\u00f3wek<\/h3>\n<p>Wiele gatunk\u00f3w mr\u00f3wek z zimniejszych region\u00f3w potrzebuje hibernacji. R\u00f3\u017cni si\u0119 to w zale\u017cno\u015bci od pochodzenia gatunku. Mr\u00f3wki, kt\u00f3re hibernuj\u0105 w \u015brodowisku naturalnym powinny robi\u0107 to samo w Twoim domu. Je\u015bli nie zapewnisz zwierz\u0119tom ich naturalnej przerwy, wzrost kolonii mo\u017ce ulec spowolnieniu lub kr\u00f3lowa mo\u017ce umrze\u0107 bardzo wcze\u015bnie.\u00a0<\/p>\n<p>Niekt\u00f3re mr\u00f3wki hibernuj\u0105 tylko przez trzy miesi\u0105ce, podczas gdy inne potrzebuj\u0105 okresu od czterech do pi\u0119ciu miesi\u0119cy (zwykle mi\u0119dzy listopadem a marcem). R\u00f3wnie\u017c temperatura, jakiej potrzebuj\u0105 niekt\u00f3re gatunki do hibernacji, jest r\u00f3\u017cna. Na przyk\u0142ad, gatunki p\u00f3\u0142nocnoeuropejskie potrzebuj\u0105 temperatury pomi\u0119dzy 5\u00b0C a 8\u00b0C, podczas gdy gatunki po\u0142udniowoeuropejskie potrzebuj\u0105 temperatury oko\u0142o 15\u00b0C. Gatunki p\u00f3\u0142nocnoeuropejskie podczas hibernacji ca\u0142kowicie zaprzestaj\u0105 aktywno\u015bci, natomiast gatunki po\u0142udniowoeuropejskie s\u0105 nadal lekko aktywne.<\/p>\n\t\t\n<style>\n#text-238266748 {\n  text-align: center;\n}\n<\/style>\n\t<\/div>\n\t\n\n\t\t<\/div>\n\t\t\t\t\t<\/div>\n\n\t\n\n<\/div>\n\t<div id=\"text-266716763\" class=\"text\">\n\t\t\n\n<p><strong>Pytanie: Czy szukasz gatunku mr\u00f3wki z hibernacj\u0105 czy bez hibernacji?<\/strong><\/p>\n\t\t\n<style>\n#text-266716763 {\n  font-size: 1.8rem;\n  text-align: center;\n}\n<\/style>\n\t<\/div>\n\t\n<div class=\"row\" style=\"max-width:650px\" id=\"row-101586709\">\n\n\n\t<div id=\"col-992621386\" class=\"col medium-6 small-12 large-6\"  >\n\t\t\t\t<div class=\"col-inner\"  >\n\t\t\t\n\t\t\t\n\n<a href=\"https:\/\/antcube.shop\/ant-finder\/intermediate\/step-3\/\" class=\"button secondary expand\" >\n\t\t<span>Mr\u00f3wki, kt\u00f3re potrzebuj\u0105 hibernacji<\/span>\n\t<\/a>\n\n\n\n\t\t<\/div>\n\t\t\t\t\t<\/div>\n\n\t\n\n\t<div id=\"col-965716785\" class=\"col medium-6 small-12 large-6\"  >\n\t\t\t\t<div class=\"col-inner\"  >\n\t\t\t\n\t\t\t\n\n<a href=\"https:\/\/antcube.shop\/ant-finder\/intermediate\/step-4\/\" class=\"button secondary expand\" >\n\t\t<span>brak hibernacji<\/span>\n\t<\/a>\n\n\n\n\t\t<\/div>\n\t\t\t\t\t<\/div>\n\n\t\n\n<\/div>","protected":false},"excerpt":{"rendered":"","protected":false},"author":1,"featured_media":0,"parent":721,"menu_order":0,"comment_status":"closed","ping_status":"closed","template":"","meta":{"_acf_changed":false,"content-type":"","_monsterinsights_skip_tracking":false,"_monsterinsights_sitenote_active":false,"_monsterinsights_sitenote_note":"","_monsterinsights_sitenote_category":0,"footnotes":""},"class_list":["post-2468","page","type-page","status-publish","hentry"],"acf":[],"aioseo_notices":[],"jetpack_sharing_enabled":true,"_links":{"self":[{"href":"https:\/\/antcube.shop\/pl\/wp-json\/wp\/v2\/pages\/2468","targetHints":{"allow":["GET"]}}],"collection":[{"href":"https:\/\/antcube.shop\/pl\/wp-json\/wp\/v2\/pages"}],"about":[{"href":"https:\/\/antcube.shop\/pl\/wp-json\/wp\/v2\/types\/page"}],"author":[{"embeddable":true,"href":"https:\/\/antcube.shop\/pl\/wp-json\/wp\/v2\/users\/1"}],"replies":[{"embeddable":true,"href":"https:\/\/antcube.shop\/pl\/wp-json\/wp\/v2\/comments?post=2468"}],"version-history":[{"count":10,"href":"https:\/\/antcube.shop\/pl\/wp-json\/wp\/v2\/pages\/2468\/revisions"}],"predecessor-version":[{"id":6870,"href":"https:\/\/antcube.shop\/pl\/wp-json\/wp\/v2\/pages\/2468\/revisions\/6870"}],"up":[{"embeddable":true,"href":"https:\/\/antcube.shop\/pl\/wp-json\/wp\/v2\/pages\/721"}],"wp:attachment":[{"href":"https:\/\/antcube.shop\/pl\/wp-json\/wp\/v2\/media?parent=2468"}],"curies":[{"name":"wp","href":"https:\/\/api.w.org\/{rel}","templated":true}]}}