{"id":1260,"date":"2021-09-09T14:22:26","date_gmt":"2021-09-09T12:22:26","guid":{"rendered":"https:\/\/antcube.shop\/?page_id=1260"},"modified":"2023-12-14T17:02:05","modified_gmt":"2023-12-14T16:02:05","slug":"tkacz-ant-formicarium","status":"publish","type":"page","link":"https:\/\/antcube.shop\/pl\/formicarium-finder\/tkacz-ant-formicarium\/","title":{"rendered":"Formicarium mr\u00f3wki tkacza"},"content":{"rendered":"<div id=\"gap-381706562\" class=\"gap-element clearfix\" style=\"display:block; height:auto;\">\n\t\t\n<style>\n#gap-381706562 {\n  padding-top: 197px;\n}\n@media (min-width:550px) {\n  #gap-381706562 {\n    padding-top: 199px;\n  }\n}\n@media (min-width:850px) {\n  #gap-381706562 {\n    padding-top: 172px;\n  }\n}\n<\/style>\n\t<\/div>\n\t\n\n\n  <div class=\"banner has-hover\" id=\"banner-94215230\">\n          <div class=\"banner-inner fill\">\n        <div class=\"banner-bg fill\" >\n            <img data-recalc-dims=\"1\" loading=\"lazy\" decoding=\"async\" width=\"1020\" height=\"372\" src=\"https:\/\/i0.wp.com\/antcube.shop\/wp-content\/uploads\/2021\/09\/Unbenannt-1-1-scaled.jpg?resize=1020%2C372&#038;ssl=1\" class=\"bg attachment-original size-original\" alt=\"Zestaw startowy ANTCUBE dla mr\u00f3wek tkaczy\" \/>                        <div class=\"overlay\"><\/div>            \n                    <\/div>\n\t\t\n        <div class=\"banner-layers container\">\n            <a class=\"fill\" href=\"https:\/\/antcube.shop\/de\/produkt\/antcube-starter-set-fur-weberameisen\/\"><div class=\"fill banner-link\"><\/div><\/a>            \n\n   <div id=\"text-box-1078331158\" class=\"text-box banner-layer x95 md-x95 lg-x95 y20 md-y20 lg-y20 res-text\">\n                                <div class=\"text-box-content text dark\">\n              \n              <div class=\"text-inner text-center\">\n                  \n\n\t<div id=\"text-1152340246\" class=\"text\">\n\t\t\n\n<h3 class=\"uppercase\"><strong>Zestaw startowy dla mr\u00f3wek tkaczek<\/strong><\/h3>\n\t\t\n<style>\n#text-1152340246 {\n  color: rgb(0, 0, 0);\n}\n#text-1152340246 > * {\n  color: rgb(0, 0, 0);\n}\n<\/style>\n\t<\/div>\n\t\n\n              <\/div>\n           <\/div>\n                            \n<style>\n#text-box-1078331158 {\n  width: 60%;\n}\n#text-box-1078331158 .text-box-content {\n  font-size: 100%;\n}\n<\/style>\n    <\/div>\n \n\n        <\/div>\n      <\/div>\n\n            \n<style>\n#banner-94215230 {\n  padding-top: 38%;\n}\n#banner-94215230 .overlay {\n  background-color: rgba(0, 0, 0, 0);\n}\n#banner-94215230 .banner-bg img {\n  object-position: 33% 58%;\n}\n<\/style>\n  <\/div>\n\n\n<div class=\"row\"  id=\"row-376334203\">\n\n\n\t<div id=\"col-570727818\" class=\"col medium-6 small-12 large-6\"  >\n\t\t\t\t<div class=\"col-inner\"  >\n\t\t\t\n\t\t\t\n\n<h3>Mr\u00f3wki tkacze i jak je trzyma\u0107<\/h3>\n<p>Przede wszystkim musisz wiedzie\u0107, jaki rodzaj mr\u00f3wki tkacza hodujesz. Mr\u00f3wki tkacze nie potrzebuj\u0105 klasycznego Formaicarium z miejscem na gniazdo i aren\u0105. W naturze gnie\u017cd\u017c\u0105 si\u0119 one w koronach drzew lub w krzakach, ale nigdy na ziemi lub pod ziemi\u0105.<\/p>\n<p><strong>Gatunki mr\u00f3wek Oecophylla<\/strong><\/p>\n<p>Je\u015bli chcesz hodowa\u0107 Oecophylla, b\u0119d\u0105 one potrzebowa\u0142y prawdziwych ro\u015blin do rozwoju swojej kolonii. Dlatego zalecamy formikarium o wysoko\u015bci co najmniej 40 cm. Powiniene\u015b zaoferowa\u0107 im ro\u015blin\u0119 o do\u015b\u0107 du\u017cych li\u015bciach, poniewa\u017c u\u017cywaj\u0105 one swojego jedwabiu lawowego do splatania li\u015bci \u017cywej ro\u015bliny w kokon przypominaj\u0105cy gniazdo. Ro\u015blina musi by\u0107 wolna od pestycyd\u00f3w i nawoz\u00f3w sztucznych. Mo\u017cna na przyk\u0142ad u\u017cy\u0107 ro\u015blin z ekologicznej szk\u00f3\u0142ki ro\u015blin lub specjalistycznych sklep\u00f3w terrarystycznych. Alternatywnie mo\u017cesz u\u017cy\u0107 dowolnej ro\u015bliny, kt\u00f3ra przebywa\u0142a w Twoim domu przez co najmniej rok, nie by\u0142a poddawana dzia\u0142aniu pestycyd\u00f3w ani nawoz\u00f3w.<\/p>\n\n\t\t<\/div>\n\t\t\t\t\t<\/div>\n\n\t\n\n\t<div id=\"col-16591832\" class=\"col medium-6 small-12 large-6\"  >\n\t\t\t\t<div class=\"col-inner\"  >\n\t\t\t\n\t\t\t\n\n\t<div class=\"img has-hover x md-x lg-x y md-y lg-y\" id=\"image_1922835901\">\n\t\t<a class=\"image-lightbox lightbox-gallery\" title=\"\" href=\"https:\/\/i0.wp.com\/antcube.shop\/wp-content\/uploads\/2021\/07\/Oecophylla-smaragdina.jpg?fit=600%2C600&#038;ssl=1\">\t\t\t\t\t\t<div class=\"img-inner dark\" >\n\t\t\t<img data-recalc-dims=\"1\" loading=\"lazy\" decoding=\"async\" width=\"720\" height=\"720\" src=\"https:\/\/i0.wp.com\/antcube.shop\/wp-content\/uploads\/2021\/07\/Oecophylla-smaragdina.jpg?resize=720%2C720&#038;ssl=1\" class=\"attachment-original size-original\" alt=\"Mr\u00f3wki robotnice Oecophylla smaragdina na li\u015bciu gniazda\" srcset=\"https:\/\/i0.wp.com\/antcube.shop\/wp-content\/uploads\/2021\/07\/Oecophylla-smaragdina.jpg?w=720&amp;ssl=1 720w, https:\/\/i0.wp.com\/antcube.shop\/wp-content\/uploads\/2021\/07\/Oecophylla-smaragdina.jpg?resize=247%2C247&amp;ssl=1 247w, https:\/\/i0.wp.com\/antcube.shop\/wp-content\/uploads\/2021\/07\/Oecophylla-smaragdina.jpg?resize=100%2C100&amp;ssl=1 100w, https:\/\/i0.wp.com\/antcube.shop\/wp-content\/uploads\/2021\/07\/Oecophylla-smaragdina.jpg?resize=510%2C510&amp;ssl=1 510w, https:\/\/i0.wp.com\/antcube.shop\/wp-content\/uploads\/2021\/07\/Oecophylla-smaragdina.jpg?resize=400%2C400&amp;ssl=1 400w, https:\/\/i0.wp.com\/antcube.shop\/wp-content\/uploads\/2021\/07\/Oecophylla-smaragdina.jpg?resize=280%2C280&amp;ssl=1 280w\" sizes=\"auto, (max-width: 720px) 100vw, 720px\" \/>\t\t\t\t\t\t\n\t\t\t\t\t<\/div>\n\t\t\t\t\t\t<\/a>\t\t\n<style>\n#image_1922835901 {\n  width: 100%;\n}\n<\/style>\n\t<\/div>\n\t\n\n\n\t\t<\/div>\n\t\t\t\t\t<\/div>\n\n\t\n\n<\/div>\n\t<div id=\"gap-1073236426\" class=\"gap-element clearfix\" style=\"display:block; height:auto;\">\n\t\t\n<style>\n#gap-1073236426 {\n  padding-top: 30px;\n}\n<\/style>\n\t<\/div>\n\t\n\n<div class=\"row\"  id=\"row-2142129946\">\n\n\n\t<div id=\"col-38186831\" class=\"col medium-6 small-12 large-6\"  >\n\t\t\t\t<div class=\"col-inner\"  >\n\t\t\t\n\t\t\t\n\n<h3>Gatunki mr\u00f3wek Polyrhachis<\/h3>\n<p>Je\u015bli chcesz hodowa\u0107 mr\u00f3wki Polyrhachis, b\u0119d\u0105 one potrzebowa\u0142y p\u0142askiego lub wysokiego Formicarium. Niekt\u00f3re z tych gatunk\u00f3w mr\u00f3wek gnie\u017cd\u017c\u0105 si\u0119 w wy\u017cej po\u0142o\u017conych miejscach, a niekt\u00f3re bli\u017cej ziemi.\u00a0<\/p>\n<p>R\u00f3\u017cni\u0105 si\u0119 one od Oecophylla, poniewa\u017c nie potrzebuj\u0105 \u017cywych ro\u015blin do budowy swojego gniazda. Zamiast tego zbieraj\u0105 wszystko, od opad\u0142ych li\u015bci lub igie\u0142 drzew iglastych po ma\u0142e patyki i kamienie, i splataj\u0105 je w solidn\u0105 struktur\u0119 przypominaj\u0105c\u0105 kokon. Zalecamy stosowanie naszych \"pi\u0142ek l\u0119gowych\", poniewa\u017c okaza\u0142y si\u0119 one bardzo dobrze akceptowane do budowy gniazd przez gatunki mr\u00f3wek Polyrhachis.<\/p>\n\n\t\t<\/div>\n\t\t\t\t\t<\/div>\n\n\t\n\n\t<div id=\"col-1065033044\" class=\"col medium-6 small-12 large-6\"  >\n\t\t\t\t<div class=\"col-inner text-center\"  >\n\t\t\t\n\t<div class=\"is-border\"\n\t\tstyle=\"border-width:0px 0px 0px 0px;\">\n\t<\/div>\n\t\t\t\n\n\t<div class=\"img has-hover x md-x lg-x y md-y lg-y\" id=\"image_558916232\">\n\t\t<a class=\"image-lightbox lightbox-gallery\" title=\"\" href=\"https:\/\/i0.wp.com\/antcube.shop\/wp-content\/uploads\/2021\/09\/Stock-Polyrhachis-dives-Futter-8.jpg?ssl=1\">\t\t\t\t\t\t<div class=\"img-inner image-cover dark\" style=\"padding-top:100%;\">\n\t\t\t<img data-recalc-dims=\"1\" loading=\"lazy\" decoding=\"async\" width=\"960\" height=\"540\" src=\"https:\/\/i0.wp.com\/antcube.shop\/wp-content\/uploads\/2021\/09\/Stock-Polyrhachis-dives-Futter-8.jpg?resize=960%2C540&#038;ssl=1\" class=\"attachment-original size-original\" alt=\"Polyrhachis nurkuje nios\u0105c ofiar\u0119 do gniazda\" srcset=\"https:\/\/i0.wp.com\/antcube.shop\/wp-content\/uploads\/2021\/09\/Stock-Polyrhachis-dives-Futter-8.jpg?w=960&amp;ssl=1 960w, https:\/\/i0.wp.com\/antcube.shop\/wp-content\/uploads\/2021\/09\/Stock-Polyrhachis-dives-Futter-8.jpg?resize=510%2C287&amp;ssl=1 510w, https:\/\/i0.wp.com\/antcube.shop\/wp-content\/uploads\/2021\/09\/Stock-Polyrhachis-dives-Futter-8.jpg?resize=711%2C400&amp;ssl=1 711w, https:\/\/i0.wp.com\/antcube.shop\/wp-content\/uploads\/2021\/09\/Stock-Polyrhachis-dives-Futter-8.jpg?resize=768%2C432&amp;ssl=1 768w\" sizes=\"auto, (max-width: 960px) 100vw, 960px\" \/>\t\t\t\t\t\t\n\t\t\t\t\t<\/div>\n\t\t\t\t\t\t<\/a>\t\t\n<style>\n#image_558916232 {\n  width: 100%;\n}\n<\/style>\n\t<\/div>\n\t\n\n\n\t\t<\/div>\n\t\t\t\t\n<style>\n#col-1065033044 > .col-inner {\n  max-width: 564px;\n}\n<\/style>\n\t<\/div>\n\n\t\n\n<\/div>\n\t<div id=\"gap-2083672511\" class=\"gap-element clearfix\" style=\"display:block; height:auto;\">\n\t\t\n<style>\n#gap-2083672511 {\n  padding-top: 30px;\n}\n<\/style>\n\t<\/div>\n\t\n\n<div class=\"row row-large align-equal align-center\"  id=\"row-1604907966\">\n\n\n\t<div id=\"col-1504028768\" class=\"col small-12 large-12\"  >\n\t\t\t\t<div class=\"col-inner text-center\"  >\n\t\t\t\n\t<div class=\"is-border\"\n\t\tstyle=\"border-width:0px 0px 1px 0px;margin:0px 0px 7px 0px;\">\n\t<\/div>\n\t\t\t\n\n<h3>Pobierz zestaw startowy Weaver ant<\/h3>\n\n            <div class=\"row\"><div class=\"large-12 col\">\n          <div style=\"background-color:#FFF;\" class=\"slider flipContainer slider-nav-circle slide box-shadow-2\"\n            data-flickity-options='{              \"cellAlign\": \"center\",              \"wrapAround\": true,              \"percentPosition\": true,              \"imagesLoaded\": true,              \"pageDots\": true,              \"contain\": true          }'>\n                        <div class=\"slide\" style=\"background-color:#FFF;\">  <div class=\"row row-collapse align-middle flip-slide\" style=\"width:100%\">\n        <div class=\"large-6 col flip-page-one\">\n        <div class=\"featured-product col-inner\">\n          <a href=\"https:\/\/antcube.shop\/pl\/produkt\/antcube-starter-set-fur-weberameisen\/\">\n                <div class=\"product-image relative\">\n                   <div class=\"front-image\">\n                    <img loading=\"lazy\" decoding=\"async\" width=\"510\" height=\"286\" src=\"https:\/\/i0.wp.com\/antcube.shop\/wp-content\/uploads\/2021\/09\/IMG_9046-scaled.jpg?fit=510%2C286&amp;ssl=1\" class=\"attachment-woocommerce_single size-woocommerce_single wp-post-image\" alt=\"Zestaw startowy ANTCUBE dla mr\u00f3wek tkaczy\" srcset=\"https:\/\/i0.wp.com\/antcube.shop\/wp-content\/uploads\/2021\/09\/IMG_9046-scaled.jpg?w=2560&amp;ssl=1 2560w, https:\/\/i0.wp.com\/antcube.shop\/wp-content\/uploads\/2021\/09\/IMG_9046-scaled.jpg?resize=510%2C286&amp;ssl=1 510w, https:\/\/i0.wp.com\/antcube.shop\/wp-content\/uploads\/2021\/09\/IMG_9046-scaled.jpg?resize=713%2C400&amp;ssl=1 713w, https:\/\/i0.wp.com\/antcube.shop\/wp-content\/uploads\/2021\/09\/IMG_9046-scaled.jpg?resize=1400%2C786&amp;ssl=1 1400w, https:\/\/i0.wp.com\/antcube.shop\/wp-content\/uploads\/2021\/09\/IMG_9046-scaled.jpg?resize=768%2C431&amp;ssl=1 768w, https:\/\/i0.wp.com\/antcube.shop\/wp-content\/uploads\/2021\/09\/IMG_9046-scaled.jpg?resize=1536%2C862&amp;ssl=1 1536w, https:\/\/i0.wp.com\/antcube.shop\/wp-content\/uploads\/2021\/09\/IMG_9046-scaled.jpg?resize=2048%2C1150&amp;ssl=1 2048w\" sizes=\"auto, (max-width: 510px) 100vw, 510px\" \/>                  <\/div>\n                  \n<div class=\"badge-container absolute left top z-1\">\n\n<\/div>\n                <\/div>\n          <\/a>\n        <\/div>\n        <\/div>\n       <div class=\"large-6 col flip-page-two\">\n        <div class=\"product-info col-inner inner-padding\">\n              <h1 class=\"entry-title\"><a href=\"https:\/\/antcube.shop\/pl\/produkt\/antcube-starter-set-fur-weberameisen\/\">ANTCUBE - Zestaw startowy dla mr\u00f3wek Weaver - ma\u0142y<\/a><\/h1>\n              <div class=\"is-divider medium\"><\/div>\n              <div class=\"price-wrapper\">\n\t<p class=\"price product-page-price\">\n  <span class=\"woocommerce-Price-amount amount\"><bdi>149,90&nbsp;<span class=\"woocommerce-Price-currencySymbol\">\u20ac<\/span><\/bdi><\/span><\/p>\n<\/div>\n<div class=\"product-short-description\">\n\t<p>The set consists of 20 parts.<br \/>\nWielko\u015b\u0107: <span style=\"color: #ed1c24;\"><strong>XL<\/strong><\/span><\/p>\n<\/div>\n<div class=\"product_meta\">\n\n\t\n\n\t\n\t\t<span class=\"sku_wrapper\">SKU: <span class=\"sku\">1002849<\/span><\/span>\n\n\t\n\t<span class=\"posted_in\">Kategorie: <a href=\"https:\/\/antcube.shop\/pl\/kategoria-produktu\/zestawy-startowe\/\" rel=\"tag\">Zestawy startowe<\/a>, <a href=\"https:\/\/antcube.shop\/pl\/kategoria-produktu\/zestawy-startowe\/zestawy-startowe-dla-mrowek-tkaczek\/\" rel=\"tag\">Zestawy startowe dla mr\u00f3wek Weaver<\/a><\/span>\n\t\n\t\n<\/div>\n              <a href=\"https:\/\/antcube.shop\/pl\/produkt\/antcube-starter-set-fur-weberameisen\/\" class=\"button\">Dowiedz si\u0119 wi\u0119cej<\/a>\n         <\/div>\n        <\/div>\n<\/div>\n<\/div>\n                        <div class=\"slide\" style=\"background-color:#FFF;\">  <div class=\"row row-collapse align-middle flip-slide\" style=\"width:100%\">\n        <div class=\"large-6 col flip-page-one\">\n        <div class=\"featured-product col-inner\">\n          <a href=\"https:\/\/antcube.shop\/pl\/produkt\/zestaw-startowy-dla-mrowek-tkaczek-duzy\/\">\n                <div class=\"product-image relative\">\n                   <div class=\"front-image\">\n                    <img loading=\"lazy\" decoding=\"async\" width=\"510\" height=\"510\" src=\"https:\/\/i0.wp.com\/antcube.shop\/wp-content\/uploads\/2023\/12\/1005649-ANTCUBE-Starter-Set-fur-Weberameisen-gros-Shop.jpg?fit=510%2C510&amp;ssl=1\" class=\"attachment-woocommerce_single size-woocommerce_single wp-post-image\" alt=\"ANTCUBE - Zestaw startowy dla mr\u00f3wek tkaczek - du\u017ce 1005649 szklane formikarium z przesuwanymi drzwiami i \u015bcian\u0105 tyln\u0105 ze zdj\u0119ciem lasu deszczowego\" srcset=\"https:\/\/i0.wp.com\/antcube.shop\/wp-content\/uploads\/2023\/12\/1005649-ANTCUBE-Starter-Set-fur-Weberameisen-gros-Shop.jpg?w=2048&amp;ssl=1 2048w, https:\/\/i0.wp.com\/antcube.shop\/wp-content\/uploads\/2023\/12\/1005649-ANTCUBE-Starter-Set-fur-Weberameisen-gros-Shop.jpg?resize=400%2C400&amp;ssl=1 400w, https:\/\/i0.wp.com\/antcube.shop\/wp-content\/uploads\/2023\/12\/1005649-ANTCUBE-Starter-Set-fur-Weberameisen-gros-Shop.jpg?resize=800%2C800&amp;ssl=1 800w, https:\/\/i0.wp.com\/antcube.shop\/wp-content\/uploads\/2023\/12\/1005649-ANTCUBE-Starter-Set-fur-Weberameisen-gros-Shop.jpg?resize=280%2C280&amp;ssl=1 280w, https:\/\/i0.wp.com\/antcube.shop\/wp-content\/uploads\/2023\/12\/1005649-ANTCUBE-Starter-Set-fur-Weberameisen-gros-Shop.jpg?resize=768%2C768&amp;ssl=1 768w, https:\/\/i0.wp.com\/antcube.shop\/wp-content\/uploads\/2023\/12\/1005649-ANTCUBE-Starter-Set-fur-Weberameisen-gros-Shop.jpg?resize=1536%2C1536&amp;ssl=1 1536w, https:\/\/i0.wp.com\/antcube.shop\/wp-content\/uploads\/2023\/12\/1005649-ANTCUBE-Starter-Set-fur-Weberameisen-gros-Shop.jpg?resize=12%2C12&amp;ssl=1 12w, https:\/\/i0.wp.com\/antcube.shop\/wp-content\/uploads\/2023\/12\/1005649-ANTCUBE-Starter-Set-fur-Weberameisen-gros-Shop.jpg?resize=247%2C247&amp;ssl=1 247w, https:\/\/i0.wp.com\/antcube.shop\/wp-content\/uploads\/2023\/12\/1005649-ANTCUBE-Starter-Set-fur-Weberameisen-gros-Shop.jpg?resize=510%2C510&amp;ssl=1 510w, https:\/\/i0.wp.com\/antcube.shop\/wp-content\/uploads\/2023\/12\/1005649-ANTCUBE-Starter-Set-fur-Weberameisen-gros-Shop.jpg?resize=100%2C100&amp;ssl=1 100w\" sizes=\"auto, (max-width: 510px) 100vw, 510px\" \/>                  <\/div>\n                  \n<div class=\"badge-container absolute left top z-1\">\n\n<\/div>\n                <\/div>\n          <\/a>\n        <\/div>\n        <\/div>\n       <div class=\"large-6 col flip-page-two\">\n        <div class=\"product-info col-inner inner-padding\">\n              <h1 class=\"entry-title\"><a href=\"https:\/\/antcube.shop\/pl\/produkt\/zestaw-startowy-dla-mrowek-tkaczek-duzy\/\">ANTCUBE - Zestaw startowy dla mr\u00f3wek tkaczek - du\u017cy<\/a><\/h1>\n              <div class=\"is-divider medium\"><\/div>\n              <div class=\"price-wrapper\">\n\t<p class=\"price product-page-price price-not-in-stock\">\n  <span class=\"woocommerce-Price-amount amount\"><bdi>339,90&nbsp;<span class=\"woocommerce-Price-currencySymbol\">\u20ac<\/span><\/bdi><\/span><\/p>\n<\/div>\n<div class=\"product-short-description\">\n\t<p>The set consists of 22 parts.<br \/>\nWielko\u015b\u0107: <span style=\"color: #ed1c24;\"><strong>XL<\/strong><\/span><\/p>\n<\/div>\n<div class=\"product_meta\">\n\n\t\n\n\t\n\t\t<span class=\"sku_wrapper\">SKU: <span class=\"sku\">1005649<\/span><\/span>\n\n\t\n\t<span class=\"posted_in\">Kategorie: <a href=\"https:\/\/antcube.shop\/pl\/kategoria-produktu\/zestawy-startowe\/\" rel=\"tag\">Zestawy startowe<\/a>, <a href=\"https:\/\/antcube.shop\/pl\/kategoria-produktu\/zestawy-startowe\/zestawy-startowe-dla-mrowek-tkaczek\/\" rel=\"tag\">Zestawy startowe dla mr\u00f3wek Weaver<\/a><\/span>\n\t\n\t\n<\/div>\n              <a href=\"https:\/\/antcube.shop\/pl\/produkt\/zestaw-startowy-dla-mrowek-tkaczek-duzy\/\" class=\"button\">Dowiedz si\u0119 wi\u0119cej<\/a>\n         <\/div>\n        <\/div>\n<\/div>\n<\/div>\n                    <\/div>\n          <\/div><\/div>\n          \n\n\n\t\t<\/div>\n\t\t\t\t\n<style>\n#col-1504028768 > .col-inner {\n  padding: 0px 0px 5px 0px;\n  margin: 0px 0px 1px 0px;\n}\n<\/style>\n\t<\/div>\n\n\t\n\n\n<style>\n#row-1604907966 > .col > .col-inner {\n  padding: 0px 0px 30px 0px;\n}\n<\/style>\n<\/div>\n<div class=\"row row-large align-equal align-center\"  id=\"row-53201972\">\n\n\n\t<div id=\"col-1988861330\" class=\"col small-12 large-12\"  >\n\t\t\t\t<div class=\"col-inner text-center\"  >\n\t\t\t\n\t<div class=\"is-border\"\n\t\tstyle=\"border-width:0px 0px 1px 0px;margin:0px 0px 7px 0px;\">\n\t<\/div>\n\t\t\t\n\n<h3>Oferta pakietowa z zestawem startowym i koloni\u0105 mr\u00f3wek Weaver<\/h3>\n\n            <div class=\"row\"><div class=\"large-12 col\">\n          <div style=\"background-color:#FFF;\" class=\"slider flipContainer slider-nav-circle slide box-shadow-2\"\n            data-flickity-options='{              \"cellAlign\": \"center\",              \"wrapAround\": true,              \"percentPosition\": true,              \"imagesLoaded\": true,              \"pageDots\": true,              \"contain\": true          }'>\n                        <div class=\"slide\" style=\"background-color:#FFF;\">  <div class=\"row row-collapse align-middle flip-slide\" style=\"width:100%\">\n        <div class=\"large-6 col flip-page-one\">\n        <div class=\"featured-product col-inner\">\n          <a href=\"https:\/\/antcube.shop\/pl\/produkt\/oferta-pakietowa-nurkowania-polyrhachis\/\">\n                <div class=\"product-image relative\">\n                   <div class=\"front-image\">\n                    <img loading=\"lazy\" decoding=\"async\" width=\"510\" height=\"510\" src=\"https:\/\/i0.wp.com\/antcube.shop\/wp-content\/uploads\/2023\/12\/Starter-Set-Bundle-Polayrhachis-dives.jpg?fit=510%2C510&amp;ssl=1\" class=\"attachment-woocommerce_single size-woocommerce_single wp-post-image\" alt=\"Zestaw startowy z formikarium antfarm i koloni\u0105 mr\u00f3wek tkaczy Polyrhachis dives ANTCUBE ANTSTORE\" srcset=\"https:\/\/i0.wp.com\/antcube.shop\/wp-content\/uploads\/2023\/12\/Starter-Set-Bundle-Polayrhachis-dives.jpg?w=2160&amp;ssl=1 2160w, https:\/\/i0.wp.com\/antcube.shop\/wp-content\/uploads\/2023\/12\/Starter-Set-Bundle-Polayrhachis-dives.jpg?resize=400%2C400&amp;ssl=1 400w, https:\/\/i0.wp.com\/antcube.shop\/wp-content\/uploads\/2023\/12\/Starter-Set-Bundle-Polayrhachis-dives.jpg?resize=800%2C800&amp;ssl=1 800w, https:\/\/i0.wp.com\/antcube.shop\/wp-content\/uploads\/2023\/12\/Starter-Set-Bundle-Polayrhachis-dives.jpg?resize=280%2C280&amp;ssl=1 280w, https:\/\/i0.wp.com\/antcube.shop\/wp-content\/uploads\/2023\/12\/Starter-Set-Bundle-Polayrhachis-dives.jpg?resize=768%2C768&amp;ssl=1 768w, https:\/\/i0.wp.com\/antcube.shop\/wp-content\/uploads\/2023\/12\/Starter-Set-Bundle-Polayrhachis-dives.jpg?resize=1536%2C1536&amp;ssl=1 1536w, https:\/\/i0.wp.com\/antcube.shop\/wp-content\/uploads\/2023\/12\/Starter-Set-Bundle-Polayrhachis-dives.jpg?resize=2048%2C2048&amp;ssl=1 2048w, https:\/\/i0.wp.com\/antcube.shop\/wp-content\/uploads\/2023\/12\/Starter-Set-Bundle-Polayrhachis-dives.jpg?resize=12%2C12&amp;ssl=1 12w, https:\/\/i0.wp.com\/antcube.shop\/wp-content\/uploads\/2023\/12\/Starter-Set-Bundle-Polayrhachis-dives.jpg?resize=247%2C247&amp;ssl=1 247w, https:\/\/i0.wp.com\/antcube.shop\/wp-content\/uploads\/2023\/12\/Starter-Set-Bundle-Polayrhachis-dives.jpg?resize=510%2C510&amp;ssl=1 510w, https:\/\/i0.wp.com\/antcube.shop\/wp-content\/uploads\/2023\/12\/Starter-Set-Bundle-Polayrhachis-dives.jpg?resize=100%2C100&amp;ssl=1 100w\" sizes=\"auto, (max-width: 510px) 100vw, 510px\" \/>                  <\/div>\n                  \n<div class=\"badge-container absolute left top z-1\">\n\n<\/div>\n                <\/div>\n          <\/a>\n        <\/div>\n        <\/div>\n       <div class=\"large-6 col flip-page-two\">\n        <div class=\"product-info col-inner inner-padding\">\n              <h1 class=\"entry-title\"><a href=\"https:\/\/antcube.shop\/pl\/produkt\/oferta-pakietowa-nurkowania-polyrhachis\/\">Oferta pakietowa - nurkowania Polyrhachis<\/a><\/h1>\n              <div class=\"is-divider medium\"><\/div>\n              <div class=\"price-wrapper\">\n\t<p class=\"price product-page-price\">\n  <span class=\"woocommerce-Price-amount amount\"><bdi>249,90&nbsp;<span class=\"woocommerce-Price-currencySymbol\">\u20ac<\/span><\/bdi><\/span><\/p>\n<\/div>\n<div class=\"product-short-description\">\n\t<p>Zestaw sk\u0142ada si\u0119 z 31 cz\u0119\u015bci.<br \/>\nWielko\u015b\u0107: <strong>XL<\/strong><\/p>\n<\/div>\n<div class=\"product_meta\">\n\n\t\n\n\t\n\t\t<span class=\"sku_wrapper\">SKU: <span class=\"sku\">1005664<\/span><\/span>\n\n\t\n\t<span class=\"posted_in\">Kategorie: <a href=\"https:\/\/antcube.shop\/pl\/kategoria-produktu\/zestawy-startowe\/oferty-pakietowe\/\" rel=\"tag\">Oferty pakietowe - zestawy startowe z mr\u00f3wkami<\/a>, <a href=\"https:\/\/antcube.shop\/pl\/kategoria-produktu\/zestawy-startowe\/\" rel=\"tag\">Zestawy startowe<\/a>, <a href=\"https:\/\/antcube.shop\/pl\/kategoria-produktu\/zestawy-startowe\/zestawy-startowe-dla-mrowek-tkaczek\/\" rel=\"tag\">Zestawy startowe dla mr\u00f3wek Weaver<\/a><\/span>\n\t\n\t\n<\/div>\n              <a href=\"https:\/\/antcube.shop\/pl\/produkt\/oferta-pakietowa-nurkowania-polyrhachis\/\" class=\"button\">Dowiedz si\u0119 wi\u0119cej<\/a>\n         <\/div>\n        <\/div>\n<\/div>\n<\/div>\n                    <\/div>\n          <\/div><\/div>\n          \n\n\n\t\t<\/div>\n\t\t\t\t\n<style>\n#col-1988861330 > .col-inner {\n  padding: 0px 0px 5px 0px;\n  margin: 0px 0px 1px 0px;\n}\n<\/style>\n\t<\/div>\n\n\t\n\n\n<style>\n#row-53201972 > .col > .col-inner {\n  padding: 0px 0px 30px 0px;\n}\n<\/style>\n<\/div>\n\t<div id=\"gap-1611129087\" class=\"gap-element clearfix\" style=\"display:block; height:auto;\">\n\t\t\n<style>\n#gap-1611129087 {\n  padding-top: 30px;\n}\n<\/style>\n\t<\/div>","protected":false},"excerpt":{"rendered":"","protected":false},"author":1,"featured_media":0,"parent":727,"menu_order":0,"comment_status":"closed","ping_status":"closed","template":"","meta":{"_acf_changed":false,"content-type":"","_monsterinsights_skip_tracking":false,"_monsterinsights_sitenote_active":false,"_monsterinsights_sitenote_note":"","_monsterinsights_sitenote_category":0,"footnotes":""},"class_list":["post-1260","page","type-page","status-publish","hentry"],"acf":[],"aioseo_notices":[],"jetpack_sharing_enabled":true,"_links":{"self":[{"href":"https:\/\/antcube.shop\/pl\/wp-json\/wp\/v2\/pages\/1260","targetHints":{"allow":["GET"]}}],"collection":[{"href":"https:\/\/antcube.shop\/pl\/wp-json\/wp\/v2\/pages"}],"about":[{"href":"https:\/\/antcube.shop\/pl\/wp-json\/wp\/v2\/types\/page"}],"author":[{"embeddable":true,"href":"https:\/\/antcube.shop\/pl\/wp-json\/wp\/v2\/users\/1"}],"replies":[{"embeddable":true,"href":"https:\/\/antcube.shop\/pl\/wp-json\/wp\/v2\/comments?post=1260"}],"version-history":[{"count":10,"href":"https:\/\/antcube.shop\/pl\/wp-json\/wp\/v2\/pages\/1260\/revisions"}],"predecessor-version":[{"id":6822,"href":"https:\/\/antcube.shop\/pl\/wp-json\/wp\/v2\/pages\/1260\/revisions\/6822"}],"up":[{"embeddable":true,"href":"https:\/\/antcube.shop\/pl\/wp-json\/wp\/v2\/pages\/727"}],"wp:attachment":[{"href":"https:\/\/antcube.shop\/pl\/wp-json\/wp\/v2\/media?parent=1260"}],"curies":[{"name":"wp","href":"https:\/\/api.w.org\/{rel}","templated":true}]}}