{"id":1135,"date":"2021-09-08T09:48:21","date_gmt":"2021-09-08T07:48:21","guid":{"rendered":"https:\/\/antcube.shop\/?page_id=1135"},"modified":"2024-10-24T14:32:46","modified_gmt":"2024-10-24T12:32:46","slug":"zrownowazony-rozwoj","status":"publish","type":"page","link":"https:\/\/antcube.shop\/pl\/o-nas\/zrownowazony-rozwoj\/","title":{"rendered":"Zr\u00f3wnowa\u017cony rozw\u00f3j"},"content":{"rendered":"<div id=\"gap-569710636\" class=\"gap-element clearfix\" style=\"display:block; height:auto;\">\n\t\t\n<style>\n#gap-569710636 {\n  padding-top: 181px;\n}\n@media (min-width:850px) {\n  #gap-569710636 {\n    padding-top: 75px;\n  }\n}\n<\/style>\n\t<\/div>\n\t\n\n\n  <div class=\"banner has-hover\" id=\"banner-1954132952\">\n          <div class=\"banner-inner fill\">\n        <div class=\"banner-bg fill\" >\n            <img data-recalc-dims=\"1\" loading=\"lazy\" decoding=\"async\" width=\"1020\" height=\"574\" src=\"https:\/\/i0.wp.com\/antcube.shop\/wp-content\/uploads\/2021\/08\/caspian-dahlstrom-xXbaTOP31M4-unsplash-scaled.jpg?resize=1020%2C574&#038;ssl=1\" class=\"bg attachment-original size-original\" alt=\"\" \/>                        <div class=\"overlay\"><\/div>            \n                    <\/div>\n\t\t\n        <div class=\"banner-layers container\">\n            <div class=\"fill banner-link\"><\/div>            \n\n   <div id=\"text-box-883877698\" class=\"text-box banner-layer x50 md-x50 lg-x50 y50 md-y50 lg-y50 res-text\">\n                                <div class=\"text-box-content text dark\">\n              \n              <div class=\"text-inner text-center\">\n                  \n\n<h3 class=\"uppercase\"><strong>Zr\u00f3wnowa\u017cony rozw\u00f3j<\/strong><\/h3>\n<p>\u00a0<\/p>\n\n              <\/div>\n           <\/div>\n                            \n<style>\n#text-box-883877698 {\n  width: 60%;\n}\n#text-box-883877698 .text-box-content {\n  font-size: 100%;\n}\n<\/style>\n    <\/div>\n \n\n        <\/div>\n      <\/div>\n\n            \n<style>\n#banner-1954132952 {\n  padding-top: 60%;\n}\n#banner-1954132952 .overlay {\n  background-color: rgba(0, 0, 0, 0);\n}\n#banner-1954132952 .banner-bg img {\n  object-position: 51% 51%;\n}\n@media (min-width:550px) {\n  #banner-1954132952 {\n    padding-top: 500px;\n  }\n}\n<\/style>\n  <\/div>\n\n\n\t<div id=\"gap-871688733\" class=\"gap-element clearfix\" style=\"display:block; height:auto;\">\n\t\t\n<style>\n#gap-871688733 {\n  padding-top: 40px;\n}\n<\/style>\n\t<\/div>\n\t\n\n<div class=\"row\"  id=\"row-1440062936\">\n\n\n\t<div id=\"col-604108088\" class=\"col medium-7 small-12 large-6\"  >\n\t\t\t\t<div class=\"col-inner\"  >\n\t\t\t\n\t\t\t\n\n\t<div id=\"text-829961552\" class=\"text\">\n\t\t\n\n<h2>Jak staramy si\u0119 by\u0107 bardziej ekologiczni<\/h2>\n<p align=\"CENTER\"><strong><span style=\"color: #ff0000;\">Wszyscy jeste\u015bmy odpowiedzialni za t\u0119 planet\u0119!<\/span><\/strong><\/p>\n<p>To by\u0142o ju\u017c w g\u0142owie naszego za\u0142o\u017cyciela, kiedy 20 lat temu za\u0142o\u017cy\u0142 ANTSTORE. Ochrona przyrody poprzez zastosowanie szk\u0142a do hodowli mr\u00f3wek, zamiast akrylowych zestaw\u00f3w.<\/p>\n<p>Rozumiemy, \u017ce Ziemia nie potrzebuje nas, ale my potrzebujemy tej wspania\u0142ej planety. Wi\u0119c pracujmy razem, aby chroni\u0107 nasz\u0105 natur\u0119, jeste\u015bmy wdzi\u0119czni za ka\u017cd\u0105 pomoc w badaniach i rozwoju opakowa\u0144 przyjaznych dla \u015brodowiska i nadaj\u0105cych si\u0119 do recyklingu, aby nie zwi\u0119ksza\u0107 ju\u017c wi\u0119cej procentu cz\u0105steczek polietylenu w naszej wodzie.<\/p>\n<p>Dlatego ju\u017c teraz podejmujemy pierwsze kroki, aby po 2022 roku u\u017cywa\u0107 wy\u0142\u0105cznie ekologicznych opakowa\u0144. Wiemy, \u017ce zmiana opakowa\u0144 to tylko ma\u0142y krok w kierunku zr\u00f3wnowa\u017conego rozwoju firmy, dlatego pracujemy r\u00f3wnie\u017c nad digitalizacj\u0105, optymalizacj\u0105 tras transportowych i edukacj\u0105.<\/p>\n<p>Mo\u017cesz nas wesprze\u0107, kupuj\u0105c nasze produkty. Pom\u00f3\u017c nam spe\u0142ni\u0107 nasz obowi\u0105zek, aby utrzyma\u0107 t\u0119 wspania\u0142\u0105 zielon\u0105 planet\u0119 z wszystkimi jej r\u00f3\u017cnorodnymi formami \u017cycia. Kupuj\u0105c nasze produkty, zach\u0119casz nasz dzia\u0142 bada\u0144 i rozwoju do opracowywania jeszcze bardziej zr\u00f3wnowa\u017conych rozwi\u0105za\u0144 dla dobra nas wszystkich.<\/p>\n<p>Ponadto planujemy wsp\u00f3\u0142prac\u0119 z fundacj\u0105 \"Posad\u017a drzewo\", aby nasze lasy zn\u00f3w zacz\u0119\u0142y rosn\u0105\u0107. S\u0105 one jednymi z najwa\u017cniejszych siedlisk dla mr\u00f3wek! Wkr\u00f3tce b\u0119dziemy informowa\u0107 Was o nowo\u015bciach.<\/p>\n\t\t\n<style>\n#text-829961552 {\n  text-align: center;\n}\n<\/style>\n\t<\/div>\n\t\n\n\t\t<\/div>\n\t\t\t\t\t<\/div>\n\n\t\n\n\t<div id=\"col-1357547410\" class=\"col medium-5 small-12 large-6\"  >\n\t\t\t\t<div class=\"col-inner\"  >\n\t\t\t\n\t\t\t\n\n\t<div class=\"img has-hover x md-x lg-x y md-y lg-y\" id=\"image_850940697\">\n\t\t\t\t\t\t\t\t<div class=\"img-inner dark\" >\n\t\t\t<img data-recalc-dims=\"1\" loading=\"lazy\" decoding=\"async\" width=\"1020\" height=\"681\" src=\"https:\/\/i0.wp.com\/antcube.shop\/wp-content\/uploads\/2021\/08\/mark-AddyORqTyCg-unsplash-scaled.jpg?resize=1020%2C681&#038;ssl=1\" class=\"attachment-original size-original\" alt=\"\" srcset=\"https:\/\/i0.wp.com\/antcube.shop\/wp-content\/uploads\/2021\/08\/mark-AddyORqTyCg-unsplash-scaled.jpg?w=2560&amp;ssl=1 2560w, https:\/\/i0.wp.com\/antcube.shop\/wp-content\/uploads\/2021\/08\/mark-AddyORqTyCg-unsplash-scaled.jpg?resize=510%2C341&amp;ssl=1 510w, https:\/\/i0.wp.com\/antcube.shop\/wp-content\/uploads\/2021\/08\/mark-AddyORqTyCg-unsplash-scaled.jpg?resize=599%2C400&amp;ssl=1 599w, https:\/\/i0.wp.com\/antcube.shop\/wp-content\/uploads\/2021\/08\/mark-AddyORqTyCg-unsplash-scaled.jpg?resize=1198%2C800&amp;ssl=1 1198w, https:\/\/i0.wp.com\/antcube.shop\/wp-content\/uploads\/2021\/08\/mark-AddyORqTyCg-unsplash-scaled.jpg?resize=768%2C513&amp;ssl=1 768w, https:\/\/i0.wp.com\/antcube.shop\/wp-content\/uploads\/2021\/08\/mark-AddyORqTyCg-unsplash-scaled.jpg?resize=1536%2C1026&amp;ssl=1 1536w, https:\/\/i0.wp.com\/antcube.shop\/wp-content\/uploads\/2021\/08\/mark-AddyORqTyCg-unsplash-scaled.jpg?resize=2048%2C1368&amp;ssl=1 2048w\" sizes=\"auto, (max-width: 1020px) 100vw, 1020px\" \/>\t\t\t\t\t\t\n\t\t\t\t\t<\/div>\n\t\t\t\t\t\t\t\t\n<style>\n#image_850940697 {\n  width: 100%;\n}\n<\/style>\n\t<\/div>\n\t\n\n\n\t\t<\/div>\n\t\t\t\t\t<\/div>\n\n\t\n\n<\/div>","protected":false},"excerpt":{"rendered":"","protected":false},"author":1,"featured_media":0,"parent":104,"menu_order":0,"comment_status":"closed","ping_status":"closed","template":"","meta":{"_acf_changed":false,"content-type":"","_monsterinsights_skip_tracking":false,"_monsterinsights_sitenote_active":false,"_monsterinsights_sitenote_note":"","_monsterinsights_sitenote_category":0,"footnotes":""},"class_list":["post-1135","page","type-page","status-publish","hentry"],"acf":[],"aioseo_notices":[],"jetpack_sharing_enabled":true,"_links":{"self":[{"href":"https:\/\/antcube.shop\/pl\/wp-json\/wp\/v2\/pages\/1135","targetHints":{"allow":["GET"]}}],"collection":[{"href":"https:\/\/antcube.shop\/pl\/wp-json\/wp\/v2\/pages"}],"about":[{"href":"https:\/\/antcube.shop\/pl\/wp-json\/wp\/v2\/types\/page"}],"author":[{"embeddable":true,"href":"https:\/\/antcube.shop\/pl\/wp-json\/wp\/v2\/users\/1"}],"replies":[{"embeddable":true,"href":"https:\/\/antcube.shop\/pl\/wp-json\/wp\/v2\/comments?post=1135"}],"version-history":[{"count":10,"href":"https:\/\/antcube.shop\/pl\/wp-json\/wp\/v2\/pages\/1135\/revisions"}],"predecessor-version":[{"id":10349,"href":"https:\/\/antcube.shop\/pl\/wp-json\/wp\/v2\/pages\/1135\/revisions\/10349"}],"up":[{"embeddable":true,"href":"https:\/\/antcube.shop\/pl\/wp-json\/wp\/v2\/pages\/104"}],"wp:attachment":[{"href":"https:\/\/antcube.shop\/pl\/wp-json\/wp\/v2\/media?parent=1135"}],"curies":[{"name":"wp","href":"https:\/\/api.w.org\/{rel}","templated":true}]}}