{"id":10607,"date":"2024-11-29T12:11:26","date_gmt":"2024-11-29T11:11:26","guid":{"rendered":"https:\/\/antcube.shop\/?page_id=10607"},"modified":"2024-12-03T12:53:14","modified_gmt":"2024-12-03T11:53:14","slug":"wytyczne-dotyczace-hodowli-mrowek","status":"publish","type":"page","link":"https:\/\/antcube.shop\/pl\/wytyczne-dotyczace-hodowli-mrowek\/","title":{"rendered":"Wytyczne dotycz\u0105ce hodowli mr\u00f3wek"},"content":{"rendered":"<div id=\"gap-1267555923\" class=\"gap-element clearfix\" style=\"display:block; height:auto;\">\n\t\t\n<style>\n#gap-1267555923 {\n  padding-top: 190px;\n}\n<\/style>\n\t<\/div>\n\t\n\n<div class=\"row\"  id=\"row-1378677030\">\n\n\n\t<div id=\"col-2030247511\" class=\"col small-12 large-12\"  >\n\t\t\t\t<div class=\"col-inner\"  >\n\t\t\t\n\t\t\t\n\n<h1><b>Wskaz\u00f3wki dotycz\u0105ce trzymania mr\u00f3wek<\/b><\/h1>\n<h2><b>Wa\u017cna uwaga dotycz\u0105ca gatunk\u00f3w i ochrony przyrody<\/b><\/h2>\n<ul>\n<li style=\"font-weight: 400;\" aria-level=\"1\"><b>Ryzyko uszkodze\u0144 i chor\u00f3b:<\/b><span style=\"font-weight: 400;\"> \u017bywe zwierz\u0119ta mog\u0105 powodowa\u0107 uszkodzenia lub przenosi\u0107 choroby. W szczeg\u00f3lno\u015bci alergicy powinni zachowa\u0107 ostro\u017cno\u015b\u0107.<\/span><\/li>\n<li style=\"font-weight: 400;\" aria-level=\"1\"><b>Zwolnienie zabronione:<\/b><span style=\"font-weight: 400;\"> W \u017cadnym wypadku nie wolno wypuszcza\u0107 mr\u00f3wek na wolno\u015b\u0107 w celu ochrony rodzimej i obcej flory i fauny. Uwalnianie mr\u00f3wek bez oficjalnego zezwolenia jest karalne na mocy przepis\u00f3w o ochronie przyrody. Oferujemy bezp\u0142atny odbi\u00f3r starych kolonii.<\/span><\/li>\n<li style=\"font-weight: 400;\" aria-level=\"1\"><b>Identyfikacja gatunku: <\/b><span style=\"font-weight: 400;\">Gatunki mr\u00f3wek zosta\u0142y zidentyfikowane zgodnie z nasz\u0105 najlepsz\u0105 wiedz\u0105. W przypadku p\u00f3\u017aniejszych zmian u\u017cytkownik ma prawo do zwrotu kolonii.<\/span><\/li>\n<\/ul>\n<h2><b>Wysy\u0142ka mr\u00f3wek<\/b><\/h2>\n<ul>\n<li style=\"font-weight: 400;\" aria-level=\"1\"><b>Obszar dostawy: <\/b><span style=\"font-weight: 400;\">\u017bywe zwierz\u0119ta s\u0105 przewo\u017cone wy\u0142\u0105cznie na terenie UE. Regionalne przepisy importowe nale\u017cy uzyska\u0107 w lokalnym urz\u0119dzie weterynaryjnym.<\/span><\/li>\n<li style=\"font-weight: 400;\" aria-level=\"1\"><b>Temperatury podczas wysy\u0142ki:<\/b>\n<ul>\n<li style=\"font-weight: 400;\" aria-level=\"2\"><b>Temperatury nocne:<\/b>\n<ul>\n<li style=\"font-weight: 400;\" aria-level=\"3\"><span style=\"font-weight: 400;\">Gatunki p\u00f3\u0142nocno- i \u015brodkowoeuropejskie: <span data-text-color=\"alert\">&gt;0\u00b0C<\/span> (Express: <span data-text-color=\"alert\">&gt;-5\u00b0C<\/span> z izolacj\u0105)<\/span><\/li>\n<li style=\"font-weight: 400;\" aria-level=\"3\"><span style=\"font-weight: 400;\">Gatunki po\u0142udniowoeuropejskie: <span data-text-color=\"secondary\">&gt;+5\u00b0C<\/span> (Express: <span data-text-color=\"secondary\">&gt;0\u00b0C<\/span> z izolacj\u0105)<\/span><\/li>\n<li style=\"font-weight: 400;\" aria-level=\"3\"><span style=\"font-weight: 400;\">Gatunki tropikalne: <span data-text-color=\"secondary\">&gt;+10\u00b0C<\/span> (Express: <span data-text-color=\"secondary\">&gt;+5\u00b0C<\/span> z pakietem grzewczym)<\/span><\/li>\n<\/ul>\n<\/li>\n<li style=\"font-weight: 400;\" aria-level=\"2\"><b>Temperatury w ci\u0105gu dnia: <\/b><span style=\"font-weight: 400;\">Maksimum <span data-text-color=\"alert\">+30\u00b0C<\/span> dla wszystkich gatunk\u00f3w.<\/span><\/li>\n<\/ul>\n<\/li>\n<\/ul>\n<p><span style=\"font-weight: 400;\">Zam\u00f3wione mr\u00f3wki nie b\u0119d\u0105 wysy\u0142ane poza okre\u015blonymi zakresami temperatur. Zostan\u0105 one wys\u0142ane w najwcze\u015bniejszym mo\u017cliwym terminie.<\/span><\/p>\n<p><span style=\"font-weight: 400;\">Zostaniesz o tym poinformowany osobn\u0105 wiadomo\u015bci\u0105 e-mail.\u00a0<\/span><\/p>\n<h2><b>Utrzymywanie mr\u00f3wek<\/b><\/h2>\n<ul>\n<li style=\"font-weight: 400;\" aria-level=\"1\"><span style=\"font-weight: 400;\">Szczeg\u00f3\u0142owe informacje dotycz\u0105ce hodowli mo\u017cna znale\u017a\u0107 w opisach produkt\u00f3w poszczeg\u00f3lnych gatunk\u00f3w.<\/span><\/li>\n<\/ul>\n<h3><b>Problemy z utrzymaniem mr\u00f3wek<\/b><\/h3>\n<ol>\n<li><b> \u015amiertelno\u015b\u0107 mr\u00f3wek - mo\u017cliwe przyczyny<\/b><\/li>\n<\/ol>\n<ul>\n<li style=\"font-weight: 400;\" aria-level=\"1\"><b>Jako\u015b\u0107 wody:<\/b>\n<ul>\n<li style=\"font-weight: 400;\" aria-level=\"2\"><span style=\"font-weight: 400;\">Woda z kranu mo\u017ce by\u0107 toksyczna dla mr\u00f3wek z powodu chloru lub miedzi.<\/span><\/li>\n<li style=\"font-weight: 400;\" aria-level=\"2\"><b>Zalecenie: <\/b><span style=\"font-weight: 400;\">U\u017cywaj wody filtrowanej lub deszczowej, a nie destylowanej.<\/span><\/li>\n<\/ul>\n<\/li>\n<li style=\"font-weight: 400;\" aria-level=\"1\"><b>Pod\u0142o\u017ce:<\/b>\n<ul>\n<li style=\"font-weight: 400;\" aria-level=\"2\"><span style=\"font-weight: 400;\">Piasek dla ptak\u00f3w zawiera \u015brodki dezynfekuj\u0105ce, kt\u00f3re mog\u0105 szkodzi\u0107 mr\u00f3wkom.<\/span><\/li>\n<li style=\"font-weight: 400;\" aria-level=\"2\"><b>Zalecenie: <\/b><span style=\"font-weight: 400;\">Skorzystaj z naszych gotowych do u\u017cycia <\/span><b>podstawy pod\u0142ogowe <\/b><span style=\"font-weight: 400;\">lub nieobrobiony piasek kwarcowy, a nast\u0119pnie umy\u0107 lub upiec.<\/span><\/li>\n<\/ul>\n<\/li>\n<li style=\"font-weight: 400;\" aria-level=\"1\"><b>Ro\u015bliny:<\/b>\n<ul>\n<li style=\"font-weight: 400;\" aria-level=\"2\"><span style=\"font-weight: 400;\">\u017bywe ro\u015bliny z market\u00f3w budowlanych lub centr\u00f3w ogrodniczych s\u0105 cz\u0119sto traktowane pestycydami.<\/span><\/li>\n<li style=\"font-weight: 400;\" aria-level=\"2\"><b>Zalecenie: <\/b><span style=\"font-weight: 400;\">U\u017cywaj ro\u015blin organicznych lub ro\u015blin z wyspecjalizowanych sklep\u00f3w terrarystycznych.<\/span><\/li>\n<li style=\"font-weight: 400;\" aria-level=\"2\"><span style=\"font-weight: 400;\">Alternatywnie, mo\u017cna r\u00f3wnie\u017c u\u017cy\u0107 ro\u015blin, kt\u00f3re by\u0142y przechowywane w domu przez co najmniej rok bez dodatku pestycyd\u00f3w lub nawoz\u00f3w.<\/span><\/li>\n<\/ul>\n<\/li>\n<li style=\"font-weight: 400;\" aria-level=\"1\"><b>Czyszczenie:<\/b>\n<ul>\n<li style=\"font-weight: 400;\" aria-level=\"2\"><span style=\"font-weight: 400;\">\u015arodki do czyszczenia szk\u0142a i \u015brodki chemiczne s\u0105 szkodliwe.<\/span><\/li>\n<li style=\"font-weight: 400;\" aria-level=\"2\"><b>Zalecenie: <\/b><span style=\"font-weight: 400;\">U\u017cywaj czystej wody lub organicznego \u015brodka czyszcz\u0105cego.<\/span><\/li>\n<\/ul>\n<\/li>\n<li style=\"font-weight: 400;\" aria-level=\"1\"><b>Budowa formikarium:<\/b>\n<ul>\n<li style=\"font-weight: 400;\" aria-level=\"2\"><span style=\"font-weight: 400;\">Materia\u0142y zawieraj\u0105ce rozpuszczalniki lub silikon antybakteryjny s\u0105 nieodpowiednie.<\/span><\/li>\n<li style=\"font-weight: 400;\" aria-level=\"2\"><b>Zalecenie: <\/b><span style=\"font-weight: 400;\">U\u017cywa\u0107 substancji niezawieraj\u0105cych rozpuszczalnik\u00f3w lub silikonu akwarystycznego.<\/span><\/li>\n<\/ul>\n<\/li>\n<li style=\"font-weight: 400;\" aria-level=\"1\"><b>Karmienie:<\/b>\n<ul>\n<li style=\"font-weight: 400;\" aria-level=\"2\"><span style=\"font-weight: 400;\">Konserwanty i paso\u017cyty w zwierz\u0119tach spo\u017cywczych mog\u0105 by\u0107 szkodliwe. Ponadto zwierz\u0119ta hodowane masowo s\u0105 cz\u0119sto zara\u017cone roztoczami, kt\u00f3re mog\u0105 szkodzi\u0107 mr\u00f3wkom.\u00a0<\/span><\/li>\n<li style=\"font-weight: 400;\" aria-level=\"2\"><b>Zalecenie: <\/b><span style=\"font-weight: 400;\">U\u017cywaj \u017cywno\u015bci ekologicznej lub owad\u00f3w z natury, zbieranych z dala od dr\u00f3g i p\u00f3l, kt\u00f3re mog\u0105 by\u0107 ska\u017cone pestycydami.<\/span><\/li>\n<\/ul>\n<\/li>\n<li style=\"font-weight: 400;\" aria-level=\"1\"><b>Temperatura:<\/b>\n<ul>\n<li style=\"font-weight: 400;\" aria-level=\"2\"><span style=\"font-weight: 400;\">Formicaria mo\u017ce si\u0119 znacznie nagrzewa\u0107 pod wp\u0142ywem bezpo\u015bredniego \u015bwiat\u0142a s\u0142onecznego.<\/span><\/li>\n<li style=\"font-weight: 400;\" aria-level=\"2\"><b>Zalecenie: <\/b><span style=\"font-weight: 400;\">Nale\u017cy u\u017cywa\u0107 termometru z funkcj\u0105 min\/max.<\/span><\/li>\n<\/ul>\n<\/li>\n<li style=\"font-weight: 400;\" aria-level=\"1\"><b>Hibernacja:<\/b>\n<ul>\n<li style=\"font-weight: 400;\" aria-level=\"2\"><span style=\"font-weight: 400;\">Podczas hibernacji nale\u017cy upewni\u0107 si\u0119, \u017ce gniazdo jest wilgotne, aby unikn\u0105\u0107 wysychania.<\/span><\/li>\n<\/ul>\n<\/li>\n<\/ul>\n<ol start=\"2\">\n<li><b> Kr\u00f3lowa nie sk\u0142ada jaj - mo\u017cliwe przyczyny<\/b><\/li>\n<\/ol>\n<ul>\n<li style=\"font-weight: 400;\" aria-level=\"1\"><b>Sezon: <\/b><span style=\"font-weight: 400;\">Gatunki europejskie nie sk\u0142adaj\u0105 jaj jesieni\u0105\/zim\u0105<\/span><b>.<\/b><\/li>\n<li style=\"font-weight: 400;\" aria-level=\"1\"><b>Stres: <\/b><span style=\"font-weight: 400;\">Transport lub zak\u0142\u00f3cenia w gnie\u017adzie mog\u0105 zak\u0142\u00f3ci\u0107 spok\u00f3j kr\u00f3lowej.<\/span><\/li>\n<li style=\"font-weight: 400;\" aria-level=\"1\"><b>Niedob\u00f3r bia\u0142ka: <\/b><span style=\"font-weight: 400;\">Rozw\u00f3j wyl\u0119gu wymaga pokarmu bogatego w bia\u0142ko.<\/span><\/li>\n<li style=\"font-weight: 400;\" aria-level=\"1\"><b>Ukryte jajka: <\/b><span style=\"font-weight: 400;\">Jaja mo\u017cna znale\u017a\u0107 w pojemniku transportowym lub w wacie.<\/span><\/li>\n<li style=\"font-weight: 400;\" aria-level=\"1\"><b>Klimat: <\/b><span style=\"font-weight: 400;\">Niezb\u0119dne s\u0105 optymalne warunki (pod\u0142o\u017ce, ciemno\u015b\u0107, temperatura, wilgotno\u015b\u0107).<\/span><\/li>\n<li style=\"font-weight: 400;\" aria-level=\"1\"><b>Zalecenie: <\/b><span style=\"font-weight: 400;\">Pocz\u0105tkuj\u0105cy powinni wybiera\u0107 gatunki, dla kt\u00f3rych dost\u0119pnych jest wiele raport\u00f3w z do\u015bwiadcze\u0144.<\/span><\/li>\n<\/ul>\n<p><span style=\"font-weight: 400;\">Niniejsze wytyczne zawieraj\u0105 podstawowe informacje na temat skutecznej hodowli mr\u00f3wek. W przypadku jakichkolwiek pyta\u0144 lub problem\u00f3w zaleca si\u0119 kontakt z do\u015bwiadczonymi hodowcami lub specjalistycznymi sklepami.<\/span><\/p>\n\n\t\t<\/div>\n\t\t\t\t\t<\/div>\n\n\t\n\n<\/div>","protected":false},"excerpt":{"rendered":"","protected":false},"author":1,"featured_media":0,"parent":0,"menu_order":0,"comment_status":"closed","ping_status":"closed","template":"","meta":{"_acf_changed":false,"content-type":"","_monsterinsights_skip_tracking":false,"_monsterinsights_sitenote_active":false,"_monsterinsights_sitenote_note":"","_monsterinsights_sitenote_category":0,"footnotes":""},"class_list":["post-10607","page","type-page","status-publish","hentry"],"acf":[],"aioseo_notices":[],"jetpack_sharing_enabled":true,"_links":{"self":[{"href":"https:\/\/antcube.shop\/pl\/wp-json\/wp\/v2\/pages\/10607","targetHints":{"allow":["GET"]}}],"collection":[{"href":"https:\/\/antcube.shop\/pl\/wp-json\/wp\/v2\/pages"}],"about":[{"href":"https:\/\/antcube.shop\/pl\/wp-json\/wp\/v2\/types\/page"}],"author":[{"embeddable":true,"href":"https:\/\/antcube.shop\/pl\/wp-json\/wp\/v2\/users\/1"}],"replies":[{"embeddable":true,"href":"https:\/\/antcube.shop\/pl\/wp-json\/wp\/v2\/comments?post=10607"}],"version-history":[{"count":5,"href":"https:\/\/antcube.shop\/pl\/wp-json\/wp\/v2\/pages\/10607\/revisions"}],"predecessor-version":[{"id":10717,"href":"https:\/\/antcube.shop\/pl\/wp-json\/wp\/v2\/pages\/10607\/revisions\/10717"}],"wp:attachment":[{"href":"https:\/\/antcube.shop\/pl\/wp-json\/wp\/v2\/media?parent=10607"}],"curies":[{"name":"wp","href":"https:\/\/api.w.org\/{rel}","templated":true}]}}