{"id":102,"date":"2013-08-11T19:22:53","date_gmt":"2013-08-11T19:22:53","guid":{"rendered":"http:\/\/localhost:8888\/test\/?page_id=532"},"modified":"2025-02-17T15:02:29","modified_gmt":"2025-02-17T14:02:29","slug":"kontakt","status":"publish","type":"page","link":"https:\/\/antcube.shop\/pl\/kontakt\/","title":{"rendered":"Kontakt"},"content":{"rendered":"<div id=\"gap-2010913974\" class=\"gap-element clearfix\" style=\"display:block; height:auto;\">\n\t\t\n<style>\n#gap-2010913974 {\n  padding-top: 30px;\n}\n<\/style>\n\t<\/div>\n\t\n\n<div class=\"row\"  id=\"row-940487482\">\n\n\n\t<div id=\"col-1673316458\" class=\"col medium-6 large-6\"  >\n\t\t\t\t<div class=\"col-inner\"  >\n\t\t\t\n\t\t\t\n\n<div class=\"container section-title-container\" ><h3 class=\"section-title section-title-normal\"><b aria-hidden=\"true\"><\/b><span class=\"section-title-main\" >Najcz\u0119\u015bciej zadawane pytania<\/span><b aria-hidden=\"true\"><\/b><\/h3><\/div>\n\n<p class=\"lead\">Prosz\u0119 zapozna\u0107 si\u0119 z naszymi <a href=\"https:\/\/antcube.shop\/faq-shop\/\">FAQ<\/a> przed wys\u0142aniem do nas wiadomo\u015bci.<\/p>\n<div class=\"accordion\">\n\n\t<div id=\"accordion-3073183334\" class=\"accordion-item\">\n\t\t<a id=\"accordion-3073183334-label\" class=\"accordion-title plain\" href=\"#accordion-item-you-do-not-know-what-ant-species-to-keep-or-which-formicarium-you-should-use?\" aria-expanded=\"false\" aria-controls=\"accordion-3073183334-content\">\n\t\t\t<button class=\"toggle\" aria-label=\"Prze\u0142\u0105cznik\"><i class=\"icon-angle-down\" aria-hidden=\"true\"><\/i><\/button>\n\t\t\t<span>Nie wiesz jakie gatunki mr\u00f3wek hodowa\u0107 lub jakiego Formicarium u\u017cy\u0107?<\/span>\n\t\t<\/a>\n\t\t<div id=\"accordion-3073183334-content\" class=\"accordion-inner\" aria-labelledby=\"accordion-3073183334-label\">\n\t\t\t\n\n<p>Wypr\u00f3buj nasz \"Ant Finder\" lub \"Formicarium Finder\" - nasz serwis obs\u0142ugi klienta online<\/p>\n<p><a href=\"https:\/\/antcube.shop\/ant-finder\/\">Znajd\u017a sw\u00f3j gatunek mr\u00f3wki<\/a><\/p>\n<p><a href=\"https:\/\/antcube.shop\/formicarium-finder\/\">Znajd\u017a swoje Formicarium<\/a><\/p>\n\n\t\t<\/div>\n\t<\/div>\n\t\n\t<div id=\"accordion-1152855702\" class=\"accordion-item\">\n\t\t<a id=\"accordion-1152855702-label\" class=\"accordion-title plain\" href=\"#accordion-item-what-are-the-delivery-times-and-charges-for-orders-from-the-online-shop?\" aria-expanded=\"false\" aria-controls=\"accordion-1152855702-content\">\n\t\t\t<button class=\"toggle\" aria-label=\"Prze\u0142\u0105cznik\"><i class=\"icon-angle-down\" aria-hidden=\"true\"><\/i><\/button>\n\t\t\t<span>Jakie s\u0105 czasy dostawy i op\u0142aty za zam\u00f3wienia w Sklepie Internetowym?<\/span>\n\t\t<\/a>\n\t\t<div id=\"accordion-1152855702-content\" class=\"accordion-inner\" aria-labelledby=\"accordion-1152855702-label\">\n\t\t\t\n\n<p>Informacje o przewidywanym czasie dostawy mo\u017cna znale\u017a\u0107 tutaj:<\/p>\n<p><a href=\"https:\/\/antcube.shop\/delivery-times\/\">Czas dostawy<\/a><\/p>\n<p>Je\u015bli chcesz dowiedzie\u0107 si\u0119 o szacowanych kosztach wysy\u0142ki i ograniczeniach w dostawie, zajrzyj tutaj:<\/p>\n<p><a href=\"https:\/\/antcube.shop\/shipping-costs-delivery-restrictions\/\">Koszty wysy\u0142ki\/ograniczenia w dostawie<\/a><\/p>\n\n\t\t<\/div>\n\t<\/div>\n\t\n\t<div id=\"accordion-936461846\" class=\"accordion-item\">\n\t\t<a id=\"accordion-936461846-label\" class=\"accordion-title plain\" href=\"#accordion-item-you-have-questions-about-returns-or-refunds?\" aria-expanded=\"false\" aria-controls=\"accordion-936461846-content\">\n\t\t\t<button class=\"toggle\" aria-label=\"Prze\u0142\u0105cznik\"><i class=\"icon-angle-down\" aria-hidden=\"true\"><\/i><\/button>\n\t\t\t<span>Masz pytania dotycz\u0105ce zwrot\u00f3w lub refundacji?<\/span>\n\t\t<\/a>\n\t\t<div id=\"accordion-936461846-content\" class=\"accordion-inner\" aria-labelledby=\"accordion-936461846-label\">\n\t\t\t\n\n<p><a href=\"https:\/\/antcube.shop\/refund-policy\/\">Polityka refundacji<\/a><\/p>\n<p><a href=\"https:\/\/antcube.shop\/terms-and-conditions\/\">Zasady i warunki<\/a><\/p>\n\n\t\t<\/div>\n\t<\/div>\n\t\n\t<div id=\"accordion-2515763508\" class=\"accordion-item\">\n\t\t<a id=\"accordion-2515763508-label\" class=\"accordion-title plain\" href=\"#accordion-item-which-payment-methods-are-accepted-in-the-online-shop?\" aria-expanded=\"false\" aria-controls=\"accordion-2515763508-content\">\n\t\t\t<button class=\"toggle\" aria-label=\"Prze\u0142\u0105cznik\"><i class=\"icon-angle-down\" aria-hidden=\"true\"><\/i><\/button>\n\t\t\t<span>Jakie metody p\u0142atno\u015bci s\u0105 akceptowane w Sklepie Internetowym?<\/span>\n\t\t<\/a>\n\t\t<div id=\"accordion-2515763508-content\" class=\"accordion-inner\" aria-labelledby=\"accordion-2515763508-label\">\n\t\t\t\n\n<p>Przegl\u0105d akceptowanych przez nas metod p\u0142atno\u015bci mo\u017cna znale\u017a\u0107 tutaj:<\/p>\n<p><a href=\"https:\/\/antcube.shop\/payment-methods\/\">Metody p\u0142atno\u015bci<\/a><\/p>\n\n\t\t<\/div>\n\t<\/div>\n\t\n\t<div id=\"accordion-341051476\" class=\"accordion-item\">\n\t\t<a id=\"accordion-341051476-label\" class=\"accordion-title plain\" href=\"#accordion-item-you-are-looking-for-user-manuals-for-your-starter-set?\" aria-expanded=\"false\" aria-controls=\"accordion-341051476-content\">\n\t\t\t<button class=\"toggle\" aria-label=\"Prze\u0142\u0105cznik\"><i class=\"icon-angle-down\" aria-hidden=\"true\"><\/i><\/button>\n\t\t\t<span>Szukasz instrukcji obs\u0142ugi do swojego zestawu startowego?<\/span>\n\t\t<\/a>\n\t\t<div id=\"accordion-341051476-content\" class=\"accordion-inner\" aria-labelledby=\"accordion-341051476-label\">\n\t\t\t\n\n<p>Tutaj znajdziesz instrukcje obs\u0142ugi w formacie PDF do wydrukowania lub pobrania:<\/p>\n<p><a href=\"https:\/\/antcube.shop\/download\/\">Pobierz<\/a><\/p>\n\n\t\t<\/div>\n\t<\/div>\n\t\n\t<div id=\"accordion-1616181822\" class=\"accordion-item\">\n\t\t<a id=\"accordion-1616181822-label\" class=\"accordion-title plain\" href=\"#accordion-item-you-need-more-information-about-certain-ant-species-or-ant-keeping-in-general?\" aria-expanded=\"false\" aria-controls=\"accordion-1616181822-content\">\n\t\t\t<button class=\"toggle\" aria-label=\"Prze\u0142\u0105cznik\"><i class=\"icon-angle-down\" aria-hidden=\"true\"><\/i><\/button>\n\t\t\t<span>Potrzebujesz wi\u0119cej informacji o niekt\u00f3rych gatunkach mr\u00f3wek lub og\u00f3lnie o hodowli mr\u00f3wek?<\/span>\n\t\t<\/a>\n\t\t<div id=\"accordion-1616181822-content\" class=\"accordion-inner\" aria-labelledby=\"accordion-1616181822-label\">\n\t\t\t\n\n<p>Tutaj mo\u017cna znale\u017a\u0107 najcz\u0119\u015bciej zadawane pytania dotycz\u0105ce mr\u00f3wek i ich hodowli:<\/p>\n<p><a href=\"https:\/\/antcube.shop\/faq-ants\/\">FAQ mr\u00f3wki<\/a><\/p>\n<p><a href=\"https:\/\/antcube.shop\/catching-queen-ants\/\">Jak z\u0142apa\u0107 kr\u00f3low\u0105 mr\u00f3wek<\/a><\/p>\n<p><a href=\"https:\/\/antcube.shop\/ant-species\/\">Dowiedz si\u0119 wi\u0119cej o mr\u00f3wkach<\/a><\/p>\n<p><a href=\"https:\/\/antcube.shop\/social-media\/\">Sprawd\u017a nasze kana\u0142y YouTube, mo\u017cesz tam znale\u017a\u0107 pomocne wskaz\u00f3wki i informacje.<\/a><\/p>\n\n\t\t<\/div>\n\t<\/div>\n\t\n\t<div id=\"accordion-79330972\" class=\"accordion-item\">\n\t\t<a id=\"accordion-79330972-label\" class=\"accordion-title plain\" href=\"#accordion-item-you-have-questions-about-our-products?\" aria-expanded=\"false\" aria-controls=\"accordion-79330972-content\">\n\t\t\t<button class=\"toggle\" aria-label=\"Prze\u0142\u0105cznik\"><i class=\"icon-angle-down\" aria-hidden=\"true\"><\/i><\/button>\n\t\t\t<span>Masz pytania dotycz\u0105ce naszych produkt\u00f3w?<\/span>\n\t\t<\/a>\n\t\t<div id=\"accordion-79330972-content\" class=\"accordion-inner\" aria-labelledby=\"accordion-79330972-label\">\n\t\t\t\n\n<p>W przypadku pyta\u0144 dotycz\u0105cych naszych produkt\u00f3w, prosimy o zapoznanie si\u0119 najpierw z opisem danego produktu w naszym sklepie.<\/p>\n<p>W przeciwnym razie mo\u017cesz znale\u017a\u0107 wi\u0119cej informacji tutaj:<\/p>\n<p><a href=\"https:\/\/antcube.shop\/product-information\/\">Informacje o produkcie<\/a><\/p>\n\n\t\t<\/div>\n\t<\/div>\n\t\n\n<\/div>\n\t<div id=\"gap-1591029960\" class=\"gap-element clearfix\" style=\"display:block; height:auto;\">\n\t\t\n<style>\n#gap-1591029960 {\n  padding-top: 60px;\n}\n<\/style>\n\t<\/div>\n\t\n\n\t<div class=\"img has-hover x md-x lg-x y md-y lg-y\" id=\"image_838514786\">\n\t\t\t\t\t\t\t\t<div class=\"img-inner dark\" >\n\t\t\t<img data-recalc-dims=\"1\" loading=\"lazy\" decoding=\"async\" width=\"900\" height=\"900\" src=\"https:\/\/i0.wp.com\/antcube.shop\/wp-content\/uploads\/2021\/09\/Firmeneingang.jpg?resize=900%2C900&#038;ssl=1\" class=\"attachment-original size-original\" alt=\"Wej\u015bcie ANTSTORE\" srcset=\"https:\/\/i0.wp.com\/antcube.shop\/wp-content\/uploads\/2021\/09\/Firmeneingang.jpg?w=900&amp;ssl=1 900w, https:\/\/i0.wp.com\/antcube.shop\/wp-content\/uploads\/2021\/09\/Firmeneingang.jpg?resize=247%2C247&amp;ssl=1 247w, https:\/\/i0.wp.com\/antcube.shop\/wp-content\/uploads\/2021\/09\/Firmeneingang.jpg?resize=100%2C100&amp;ssl=1 100w, https:\/\/i0.wp.com\/antcube.shop\/wp-content\/uploads\/2021\/09\/Firmeneingang.jpg?resize=510%2C510&amp;ssl=1 510w, https:\/\/i0.wp.com\/antcube.shop\/wp-content\/uploads\/2021\/09\/Firmeneingang.jpg?resize=400%2C400&amp;ssl=1 400w, https:\/\/i0.wp.com\/antcube.shop\/wp-content\/uploads\/2021\/09\/Firmeneingang.jpg?resize=800%2C800&amp;ssl=1 800w, https:\/\/i0.wp.com\/antcube.shop\/wp-content\/uploads\/2021\/09\/Firmeneingang.jpg?resize=280%2C280&amp;ssl=1 280w, https:\/\/i0.wp.com\/antcube.shop\/wp-content\/uploads\/2021\/09\/Firmeneingang.jpg?resize=768%2C768&amp;ssl=1 768w\" sizes=\"auto, (max-width: 900px) 100vw, 900px\" \/>\t\t\t\t\t\t\n\t\t\t\t\t<\/div>\n\t\t\t\t\t\t\t\t\n<style>\n#image_838514786 {\n  width: 100%;\n}\n<\/style>\n\t<\/div>\n\t\n\n\n\t\t<\/div>\n\t\t\t\t\t<\/div>\n\n\t\n\n\t<div id=\"col-1662318591\" class=\"col medium-6 large-6\"  >\n\t\t\t\t<div class=\"col-inner\"  >\n\t\t\t\n\t\t\t\n\n<div class=\"container section-title-container\" ><h3 class=\"section-title section-title-normal\"><b aria-hidden=\"true\"><\/b><span class=\"section-title-main\" >Skontaktuj si\u0119 z nami<\/span><b aria-hidden=\"true\"><\/b><\/h3><\/div>\n\n<ul>\n<li><strong>E-Mail<\/strong>: contact@antcube.de<\/li>\n<li><strong>Telefon<\/strong>: <a href=\"tel:+49 30 439703870\">+49 30 439703870<\/a><\/li>\n<\/ul>\n<p><strong>Godziny pracy <\/strong>(UTC\/GMT +1):<\/p>\n<ul>\n<li>Od wtorku do pi\u0105tku w godzinach 10:00 - 12:00 i 13:00 - 18:00<\/li>\n<\/ul>\n<div class=\"container section-title-container\" ><h3 class=\"section-title section-title-normal\"><b aria-hidden=\"true\"><\/b><span class=\"section-title-main\" >Odwied\u017a nasz sklep<\/span><b aria-hidden=\"true\"><\/b><\/h3><\/div>\n\n<p><strong>Adres:<\/strong><\/p>\n<ul>\n<li>Ulica: Selerweg 41<\/li>\n<li>Kod pocztowy: D - 12169<\/li>\n<li>Miasto: Berlin<\/li>\n<li>Kraj: Niemcy<\/li>\n<li>Powiat: Steglitz-Zehlendorf<\/li>\n<\/ul>\n<p><strong>Godziny otwarcia<\/strong> (UTC\/GMT +1)<\/p>\n<ul>\n<li>Od wtorku do pi\u0105tku 13:00 - 18:00<\/li>\n<\/ul>\n<p><iframe loading=\"lazy\" style=\"border: 0;\" src=\"https:\/\/www.google.com\/maps\/embed?pb=!1m18!1m12!1m3!1d2431.3708399886823!2d13.335121715997175!3d52.454311048847416!2m3!1f0!2f0!3f0!3m2!1i1024!2i768!4f13.1!3m3!1m2!1s0x47a85a9242e5bc07%3A0xc44ee1d5a0728440!2sANTSTORE!5e0!3m2!1sde!2sde!4v1632470583913!5m2!1sde!2sde\" width=\"600\" height=\"450\" allowfullscreen=\"allowfullscreen\"><\/iframe><\/p>\n\n\t\t<\/div>\n\t\t\t\t\t<\/div>\n\n\t\n\n<\/div>","protected":false},"excerpt":{"rendered":"","protected":false},"author":1,"featured_media":27,"parent":0,"menu_order":0,"comment_status":"closed","ping_status":"closed","template":"page-blank.php","meta":{"_acf_changed":false,"content-type":"","_monsterinsights_skip_tracking":false,"_monsterinsights_sitenote_active":false,"_monsterinsights_sitenote_note":"","_monsterinsights_sitenote_category":0,"footnotes":""},"class_list":["post-102","page","type-page","status-publish","has-post-thumbnail","hentry"],"acf":[],"aioseo_notices":[],"jetpack_sharing_enabled":true,"_links":{"self":[{"href":"https:\/\/antcube.shop\/pl\/wp-json\/wp\/v2\/pages\/102","targetHints":{"allow":["GET"]}}],"collection":[{"href":"https:\/\/antcube.shop\/pl\/wp-json\/wp\/v2\/pages"}],"about":[{"href":"https:\/\/antcube.shop\/pl\/wp-json\/wp\/v2\/types\/page"}],"author":[{"embeddable":true,"href":"https:\/\/antcube.shop\/pl\/wp-json\/wp\/v2\/users\/1"}],"replies":[{"embeddable":true,"href":"https:\/\/antcube.shop\/pl\/wp-json\/wp\/v2\/comments?post=102"}],"version-history":[{"count":10,"href":"https:\/\/antcube.shop\/pl\/wp-json\/wp\/v2\/pages\/102\/revisions"}],"predecessor-version":[{"id":11083,"href":"https:\/\/antcube.shop\/pl\/wp-json\/wp\/v2\/pages\/102\/revisions\/11083"}],"wp:featuredmedia":[{"embeddable":true,"href":"https:\/\/antcube.shop\/pl\/wp-json\/wp\/v2\/media\/27"}],"wp:attachment":[{"href":"https:\/\/antcube.shop\/pl\/wp-json\/wp\/v2\/media?parent=102"}],"curies":[{"name":"wp","href":"https:\/\/api.w.org\/{rel}","templated":true}]}}