{"id":6562,"date":"2023-12-04T11:33:43","date_gmt":"2023-12-04T10:33:43","guid":{"rendered":"https:\/\/antcube.shop\/product\/bundle-offer-messor-structor\/"},"modified":"2026-03-04T17:11:29","modified_gmt":"2026-03-04T16:11:29","slug":"bundel-aanbieding-messor-structor","status":"publish","type":"product","link":"https:\/\/antcube.shop\/nl\/product\/bundel-aanbieding-messor-structor\/","title":{"rendered":"Bundelaanbieding - Messor Structor"},"content":{"rendered":"<p><span data-text-color=\"secondary\"><strong>Bundelaanbieding inclusief een Messor structor mierenkolonie (koningin met 11-25 werksters + broed), een startset Habitat Desert M met een tweede mierenboerderij 20\u00d720 M, 3x formicariummatten en een potje met onze speciale hele geblancheerde krekels 10g (vochtig eiwit).<\/strong><\/span><\/p>\n<p><span data-text-color=\"alert\"><strong>Alleen zolang de voorraad strekt.<\/strong><\/span><\/p>\n<p><strong>Alles wat je nodig hebt voor een Messor structor mierenkolonie<\/strong><br \/>\nDeze bundel bevat alles wat je nodig hebt om met succes een kolonie Messor structor door de eerste maanden te loodsen. Het is flexibel uitbreidbaar en expliciet geschikt voor beginners in het houden van mieren.<\/p>\n<p><strong>Messor structor mierensoorten<\/strong><br \/>\nMessor structor is een granivore (graan etende) miersoort. Hij komt voornamelijk voor in Zuid-Europa en het Middellandse Zeegebied, maar ook in Centraal-Europa en zijn verspreidingsgebied strekt zich uit tot Iran en Zuid-Rusland. Het is ook de enige Messor soort die in Duitsland voorkomt. De werksters zijn iets kleiner dan die van Messor barbarus, maar Messor structor produceert eerder zogenaamde grote werksters (grootste werksterskaste).<\/p>\n<p>Hoewel Messor structor voornamelijk in steppen voorkomt, zijn er in sommige landen populaties die zich beter thuis voelen in bergachtige gebieden of zelfs gemengde bossen. Dit toont het grote aanpassingsvermogen van deze soort. Messor structor vormt meestal polygyne kolonies (meerdere koninginnen in \u00e9\u00e9n kolonie), maar komt ook monogyn voor (slechts \u00e9\u00e9n koningin per kolonie).<\/p>\n<p>Wetenschappers proberen er al enige tijd achter te komen of Messor structor misschien meerdere ondersoorten heeft ontwikkeld die in verschillende regio's voorkomen, door het genetisch materiaal van verschillende kolonies te analyseren. Dit is echter nog niet definitief opgehelderd.<\/p>\n<p><strong>Nest voor structor Messor<\/strong><br \/>\nMessor structor nestelt het liefst op zandgrond. Maar in tegenstelling tot de meeste andere Messor soorten is hij relatief flexibel en kan hij soms nestelend onder stenen of op schaduwrijke plekken in aarden bodems gevonden worden.<\/p>\n<p><strong>Voedsel voor Messor<\/strong><br \/>\nZoals alle Messor soorten voedt Messor structor zich voornamelijk met zaden die verzameld, opgeslagen en verwerkt worden tot zogenaamd mierenbrood, dat dan langer houdbaar is en de kolonies door periodes heen helpt waarin er minder zaden te vinden zijn in de natuur. Eiwit wordt zowel dood als levend geaccepteerd. In het wild doden ze kleine insecten en gebruiken die om hun broedsel te voeden. Suikeroplossing of honing wordt alleen geaccepteerd als de kolonie niet genoeg vers water beschikbaar heeft om in haar vochtbehoefte te voorzien.<\/p>\n<p><strong>De optimale klimaatomstandigheden voor Messor structor zijn als volgt:<\/strong><br \/>\n<strong>Vochtigheid:<\/strong><br \/>\nArena: 30 - 50% Nestgebied: 50 - 70%<br \/>\n<strong>Temperatuur:<\/strong><br \/>\nArena: 22 - 30\u00b0C Nestgebied: 21- 27\u00b0C<\/p>\n<p><strong>Inhoud:<\/strong><\/p>\n<p>1x Messor structor mierenkolonie (koningin + 11-25 werksters + broed)<br \/>\n1x Cricket Jam 25g<br \/>\n1x graanvoer minor 100g<br \/>\n1x Formicariumkussen - 20x20cm<br \/>\n2x Formicariumkussen - 20x6cm<\/p>\n<p>1x ANTCUBE - arena 20x20x10 - plat<br \/>\n1x mierenarena lijst 20\u00d720<br \/>\n1x mierenarena dekking 20\u00d720<br \/>\n4x bevestigingspunt voor arenadeksel<br \/>\n2x ANTCUBE - mierenboerderij - M - 20\u00d720 - staand<\/p>\n<p>1x 1m buis transparant 14\/10 mm<br \/>\n2x ANTCUBE - Rode folie 20\u00d720 - filter<br \/>\n2x zelfklevende clips - transparant 2 st.<br \/>\n1x substraat - woestijn - 1kg<br \/>\n1x Formicarium korrels 200ml - beige<\/p>\n<p>1x Grid cap &#8211; 10mm &#8211; stainless steel<br \/>\n2x Grid insert acrylic &#8211; 50 mm with sealing ring<br \/>\n1x Grid insert acrylic &#8211; 27 mm with sealing ring<\/p>\n<p>1x slangpilaar 27-14,16,20 mm - transparant<br \/>\n2x Foil thermometer &#8211; farm<br \/>\n1x Foil thermometer Display<br \/>\n1x drinking clear 5ml &#8211; sponge<br \/>\n1x Feeding dish white rectangle &#8211; 3 compartments<br \/>\n1x Mierenvlucht beschermingsolie 10ml<br \/>\n1x Pincet verenstaal - breed - zacht<br \/>\n1x Pincet plastic transparant<br \/>\n1x plastic pipet 3ml<br \/>\n1x handloep - 2x - 30mm<br \/>\n1x schuimwisser 150x18x2,5mm<br \/>\n1x foto achterkant - woestijn - 20\u00d710<\/p>\n<p>&nbsp;<\/p>\n<p><strong>Beschrijving:<\/strong><br \/>\nDeze Starter Set Desert is geschikt voor alle soorten van het geslacht Messor die in woestijnen, steppen of mediterrane klimaten leven. Een van de twee boerderijen is bedoeld voor het opslaan van de zaden en het mierenbrood en moet daarom volledig droog worden gehouden om te voorkomen dat de zaden\/korrels die daar door de mieren zijn opgeslagen ontkiemen of beschimmelen.<\/p>\n<p>In de volledig transparante kwekerij (nest) wordt het \"substraat - woestijn\" gebruikt om de kwekerij te vullen. Indien nodig kunnen extra modules worden aangesloten via de 50 mm gaten in het deksel, bijvoorbeeld de apart verkrijgbare foggers, ventilatoren of lampen. Als alternatief worden geschikte formicariumpluggen meegeleverd om de openingen af te sluiten. Indien gewenst kan het formicarium ook open worden bediend door eenvoudig het afneembare frame erop te plaatsen en de rand in te smeren met mierenontsnappingsolie. De \"heldere 20 ml drinkbak - spons\" is bedoeld voor water, de \"2 ml voedseldispenser - doseerbaar\" voor graanvoer.<\/p>\n<p><strong>Belangrijk:<\/strong> Maak het substraat vochtig voor gebruik, zodat het mengsel zich kan hechten en stevig in de mierenboerderij kan vastzetten. Als het substraat te droog en stoffig is, kunnen de luchtwegen van de mieren verstopt raken en in het ergste geval kunnen de dieren stikken.<\/p>\n<p><strong>Aanbeveling:<\/strong> Wij adviseren een substraatlaag van 2 mm hoogte, zodat de dieren zich niet in de arena kunnen ingraven en in plaats daarvan de daarvoor bestemde boerderij gebruiken. Wij raden ook aan het nestmateriaal in de boerderij (zand\/klei, Digfix, enz.) op \u00e9\u00e9n plaats licht aan te prikken om het graven voor de dieren te vergemakkelijken.<\/p>\n<p><strong>Opmerkingen over de productie<\/strong><br \/>\nHet glas wordt op maat gesneden volgens DIN 1249 met een tolerantie van +\/- 1 mm. Extra uitbreekbeveiliging is essentieel voor extreem kleine mierensoorten.<\/p>\n<p><strong>Notities over de boerderij<\/strong><br \/>\nLet op het volgende bij het bevestigen of verwijderen van slangen:<br \/>\nAls de slang erg moeilijk op de aansluitmof past, moet de mof licht worden ingesmeerd met een druppel van onze uitbreekbeschermingsolie of -poeder. Vervolgens moet de slang met draaiende of schroevende bewegingen op het aansluitstuk worden geschoven zonder het aansluitstuk met op- en neergaande bewegingen te belasten. Hetzelfde geldt voor het verwijderen van de slangen uit de fitting van de landbouwaansluiting. Trek er niet zomaar aan!<\/p>\n<p><strong>Aantekeningen over de Cricket Jam:<\/strong><br \/>\nOnze geblancheerde krekels zijn een gemakkelijke manier om je mieren te voorzien van vers geconserveerd eiwitvoer zonder dat je levende insecten hoeft te voeren. De bevatte krekels (Acheta domesticus) zijn voorzichtig geblancheerd om ervoor te zorgen dat de voedingswaarden, smaak en aroma behouden blijven. Bovendien wordt het chitineachtige omhulsel van de insecten op deze manier zachter gemaakt, zodat het gemakkelijker kan worden verteerd. De bindingen van de collageeneiwitten worden afgebroken zodat de mieren ze beter kunnen benutten. Ingeblikte Acheta domesticus heeft dezelfde voedingswaarde als levende krekels, maar is gemakkelijker te verteren.<\/p>\n<p>De Cricket Jam is niet geschikt voor de jacht op miersoorten die levend voedsel nodig hebben (bijv. ponerines (grote mieren) zoals Harpegnathos of Odontomachus).<\/p>\n<p><strong>Verdere voordelen:<\/strong><br \/>\nGegarandeerd mijtvrij<br \/>\nKan worden geportioneerd en verdund met water<br \/>\nGesteriliseerd en vacu\u00fcm verpakt<br \/>\nZonder additieven<br \/>\nKrekels uit duurzame, puur biologische kweek, gevoed met organisch afval<\/p>\n<p><strong>Let op:<\/strong><br \/>\nNa opening ongeveer vier dagen houdbaar in de koelkast. Langer houdbaar indien ingevroren.<br \/>\nLet op: Eerst portioneren, dan invriezen.<\/p>","protected":false},"excerpt":{"rendered":"<p>De set bestaat uit 38 stukken<\/p>\n<p>Maat: <strong>M<\/strong><\/p>","protected":false},"featured_media":7134,"comment_status":"open","ping_status":"closed","template":"","meta":{"_acf_changed":false,"content-type":"","_monsterinsights_skip_tracking":false,"_monsterinsights_sitenote_active":false,"_monsterinsights_sitenote_note":"","_monsterinsights_sitenote_category":0},"product_brand":[],"product_cat":[355,353,73],"product_tag":[],"class_list":{"0":"post-6562","1":"product","2":"type-product","3":"status-publish","4":"has-post-thumbnail","6":"product_cat-bundle-offers","7":"product_cat-starter-sets-for-harvester-ants","8":"product_cat-starter-sets","10":"first","11":"instock","12":"taxable","13":"shipping-taxable","14":"purchasable","15":"product-type-simple"},"acf":[],"aioseo_notices":[],"jetpack_sharing_enabled":true,"_links":{"self":[{"href":"https:\/\/antcube.shop\/nl\/wp-json\/wp\/v2\/product\/6562","targetHints":{"allow":["GET"]}}],"collection":[{"href":"https:\/\/antcube.shop\/nl\/wp-json\/wp\/v2\/product"}],"about":[{"href":"https:\/\/antcube.shop\/nl\/wp-json\/wp\/v2\/types\/product"}],"replies":[{"embeddable":true,"href":"https:\/\/antcube.shop\/nl\/wp-json\/wp\/v2\/comments?post=6562"}],"wp:featuredmedia":[{"embeddable":true,"href":"https:\/\/antcube.shop\/nl\/wp-json\/wp\/v2\/media\/7134"}],"wp:attachment":[{"href":"https:\/\/antcube.shop\/nl\/wp-json\/wp\/v2\/media?parent=6562"}],"wp:term":[{"taxonomy":"product_brand","embeddable":true,"href":"https:\/\/antcube.shop\/nl\/wp-json\/wp\/v2\/product_brand?post=6562"},{"taxonomy":"product_cat","embeddable":true,"href":"https:\/\/antcube.shop\/nl\/wp-json\/wp\/v2\/product_cat?post=6562"},{"taxonomy":"product_tag","embeddable":true,"href":"https:\/\/antcube.shop\/nl\/wp-json\/wp\/v2\/product_tag?post=6562"}],"curies":[{"name":"wp","href":"https:\/\/api.w.org\/{rel}","templated":true}]}}