{"id":6561,"date":"2023-12-04T11:33:36","date_gmt":"2023-12-04T10:33:36","guid":{"rendered":"https:\/\/antcube.shop\/product\/bundle-offer-camponotus-barbaricus\/"},"modified":"2026-03-30T10:28:01","modified_gmt":"2026-03-30T08:28:01","slug":"bundelaanbieding-camponotus-barbaricus","status":"publish","type":"product","link":"https:\/\/antcube.shop\/nl\/product\/bundelaanbieding-camponotus-barbaricus\/","title":{"rendered":"Bundelaanbieding - Camponotus barbaricus"},"content":{"rendered":"<p><span data-text-color=\"secondary\"><strong>Bundelaanbieding inclusief een Camponotus barbaricus mierenkolonie (koningin met 5-10 werksters + broed), een startset Habitat Desert L met 2x formicariummatten, een pot met onze speciale hele geblancheerde krekels (vochtig eiwit) en een navulverpakking honingdauwmix 10ml<\/strong><\/span><\/p>\n<p><span data-text-color=\"alert\"><strong>Alleen zolang de voorraad strekt.<\/strong><\/span><\/p>\n<p><strong>Alles wat je nodig hebt voor een Camponotus barbaricus mierenkolonie<\/strong><br \/>\nDeze bundel bevat alles wat je nodig hebt om een Camponotus barbaricus kolonie succesvol door de eerste maanden heen te loodsen. Het is flexibel uitbreidbaar en expliciet geschikt voor beginners in het houden van mieren.<\/p>\n<p><strong>Mierensoort Camponotus barbaricus<\/strong><br \/>\nCamponotus barbaricus is een van de grootste mierensoorten in Europa. Ze komen voor in Portugal, Spanje, Sicili\u00eb en buiten Europa in Marokko, Algerije, Tunesi\u00eb en Libi\u00eb. De kolonies zijn monogyn (slechts \u00e9\u00e9n koningin per kolonie) en, zoals de meeste Camponotus-soorten, is het een zeer polymorfe mierensoort (die zogenaamde kasten vormt, d.w.z. kleinere en grotere werksters).<\/p>\n<p>In het wild kunnen ze kolonies vormen van wel 10.000 individuen. Camponotus barbaricus verdedigt zijn nest en jachtgebied agressief en is daar zeer succesvol in dankzij zijn grootte. De majors (grootste kaste van werksters) worden ongeveer 17 mm groot.<\/p>\n<p><strong>Nest voor Camponotus barbaricus<\/strong><br \/>\nCamponotus barbaricus nestelt het liefst op zandgrond. In tegenstelling tot de meeste Camponotus soorten worden ze zelden in verrot hout gevonden. De Desert Starter Set in de bundel is daarom perfect afgestemd op de behoeften van deze soort.<\/p>\n<p><strong>Voedsel voor Camponotus barbaricus<\/strong><br \/>\nIn het wild voedt Camponotus barbaricus zich voornamelijk met insecten en honingdauw. Daarom hebben we zowel onze geblancheerde krekels als eiwitvoer en onze honingdauwmix in deze bundel opgenomen, zodat je je mieren een dieet kunt aanbieden dat zo soorteigen mogelijk is.<\/p>\n<p><strong>De optimale klimaatomstandigheden voor Camponotus barbaricus zijn als volgt:<\/strong><br \/>\n<strong>Vochtigheid:<\/strong><br \/>\nArena: 30 - 50% Nestgebied: 50 - 60%<br \/>\n<strong>Temperatuur:<\/strong><br \/>\nArena: 18 - 28\u00b0C Nestgebied: 21 - 26\u00b0C<\/p>\n<p><strong>Inhoud:<\/strong><\/p>\n<p>1x Camponotus barbaricus (koningin met 1-4 werksters + broedsel)<br \/>\n1x Cricket Jam 25g<br \/>\n1x Honingdauw mix (HT) - navulverpakking 10ml<br \/>\n1x Formicarium basis - 20x20cm<br \/>\n1x Formicarium basis - 20x6cm<\/p>\n<p>1x ANTCUBE - arena 20x20x10 - plat<br \/>\n1x mierenarena lijst 20\u00d720<br \/>\n1x mierenarena dekking 20\u00d720<br \/>\n4x bevestigingspunt voor arenadeksel<br \/>\n1x ANTCUBE - Mierenboerderij - L - 20\u00d720 - staand<\/p>\n<p>1x 0,5m buis transparant 20\/16 mm<br \/>\n2x ANTCUBE - Rode folie 20\u00d720 - filter<br \/>\n1x zelfklevende clips - transparant 2 stuks.<br \/>\n1x substraat - woestijn - 1kg<br \/>\n1x Formicarium korrels 200ml - beige<\/p>\n<p>2x Grid insert acrylic &#8211; 50 mm with sealing ring<br \/>\n1x Grid insert acrylic &#8211; 27 mm with sealing ring<br \/>\n1x roosterkap - 16mm - roestvrij staal<\/p>\n<p>1x slangpilaar 27-14,16,20 mm - transparant<br \/>\n1x Foil thermometer &#8211; farm<br \/>\n1x Foil thermometer Display<br \/>\n1x drinking clear 5ml &#8211; sponge<br \/>\n1x Feeding dish white rectangle &#8211; 3 compartments<br \/>\n1x Drinking trough 2ml &#8211; 360 Degrees<br \/>\n1x Mierenvlucht beschermingsolie 10ml<br \/>\n1x Pincet verenstaal - breed - zacht<br \/>\n1x Pincet plastic transparant<br \/>\n1x plastic pipet 3ml<br \/>\n1x handloep - 2x - 30mm<br \/>\n1x schuimwisser 150x18x2,5mm<br \/>\n1x foto achterkant - woestijn - 20\u00d710<\/p>\n<p><strong>Beschrijving:<\/strong><br \/>\nDeze startset woestijn is geschikt voor alle mierensoorten die leven in woestijnen, steppen of het mediterrane klimaat.<\/p>\n<p>In de volledig transparante farm (nest) wordt de \"Soil - Desert\" gebruikt om de farm te vullen. Indien nodig kunnen extra modules worden aangesloten via de 50 mm gaten in het deksel, bijvoorbeeld de apart verkrijgbare foggers, ventilatoren of lampen. Als alternatief worden geschikte formicariumpluggen meegeleverd om de openingen af te sluiten. Indien gewenst kan het formicarium ook open worden gebruikt door eenvoudig het afneembare frame te bevestigen en de rand in te smeren met mierenwerende olie. De \"Drinker 2ml - 360 graden\" is bedoeld voor het honingdauwmengsel, de \"Drinker clear 20ml - spons\" voor water en de \"Bowl clear 1\u00d720 - spons\" voor het eiwitvoer. De \"Mini thermo-hygrometer analoog - display - hangend\" kan worden bevestigd aan het frame of het deksel en geeft de klimaatwaarden weer.<\/p>\n<p><strong>Belangrijk:<\/strong> Maak het substraat vochtig voor gebruik, zodat het mengsel zich kan binden en goed kan intrekken in de mierenboerderij. Als het substraat te droog en stoffig is, kunnen de luchtwegen van de mieren verstopt raken en in het ergste geval kunnen de dieren stikken.<\/p>\n<p><strong>Aanbeveling:<\/strong> Wij adviseren een substraatlaag van 2 mm hoogte, zodat de dieren zich niet in de arena kunnen ingraven en in plaats daarvan de daarvoor bestemde boerderij gebruiken. Wij raden ook aan het nestmateriaal in de boerderij (zand\/klei, Digfix, enz.) op \u00e9\u00e9n plaats licht aan te prikken om het graven voor de dieren te vergemakkelijken.<\/p>\n<p><strong>Opmerkingen over de productie<\/strong><br \/>\nHet glas wordt op maat gesneden volgens DIN 1249 met een tolerantie van +\/- 1 mm. Extra uitbreekbeveiliging is essentieel voor extreem kleine mierensoorten.<\/p>\n<p><strong>Notities over de boerderij<\/strong><br \/>\nLet op het volgende bij het bevestigen of verwijderen van slangen:<br \/>\nAls de slang erg moeilijk op de aansluitmof past, moet de mof licht worden ingesmeerd met een druppel van onze uitbreekbeschermingsolie of -poeder. Vervolgens moet de slang met draaiende of schroevende bewegingen op het aansluitstuk worden geschoven zonder het aansluitstuk met op- en neergaande bewegingen te belasten. Hetzelfde geldt voor het verwijderen van de slangen uit de fitting van de landbouwaansluiting. Trek er niet zomaar aan!<\/p>\n<p><strong>Instructies:<\/strong> (Versie 2023, de bijgewerkte versie voor 2024 zal uiterlijk op 04\/2024 beschikbaar zijn)<\/p>\n<p>- DE <a href=\"https:\/\/www.antstore.net\/shop\/images\/info\/de\/Gebrauchsanweisung%20Starter%20Set%20Habitat.pdf\">Gebrauchsanweisung Starter Set Habitat<\/a> (PDF 3,21 MB)<\/p>\n<p>- NL <a href=\"https:\/\/www.antstore.net\/shop\/images\/info\/en\/Instructions%20for%20use%20-%20Starter%20Set%20Habitat.pdf\">Gebruiksaanwijzing - Startset Habitat<\/a> (PDF 3,21 MB)<\/p>\n<p>- ES <a href=\"https:\/\/www.antstore.net\/shop\/images\/info\/es\/Manual%20de%20instrucciones%20-%20Set%20de%20inicio%20H%C3%A1bitat.pdf\">Handleiding - Set de inicio H\u00e1bitat<\/a> (PDF 3,21 MB)<\/p>\n<p>- FR <a href=\"https:\/\/www.antstore.net\/shop\/images\/info\/fr\/Manuel%20d'instruction%20-%20Kit%20de%20d%C3%A9marrage%20Habitat.pdf\">Manuel d'instruction - Kit de d\u00e9marrage Habitat<\/a> (PDF 3,21 MB)<\/p>\n<p><strong>Noot over honingdauw:<\/strong><br \/>\nInhoud: 10 ml<br \/>\nDit is een natuurlijk product, dat wij na uitgebreide tests in ons laboratorium hebben verfijnd en ontwikkeld tot een voedsel dat zeer goed door mieren wordt geaccepteerd. De reden is dat onbewerkte honingdauwhoning in zijn geconcentreerde oorspronkelijke vorm niet goed wordt geaccepteerd door mieren en hun stofwisseling.<br \/>\nOnze honingdauw is verzameld in de onvervuilde wilde bergwouden van Bulgarije. Honingdauw wordt maar heel kort geproduceerd, ongeveer twee maanden in de zomer. Het is daarom zeer zeldzaam. Door de specifieke bodemeigenschappen van de bossen en het klimaat worden essenti\u00eble voedingsstoffen opgeslagen in de bladeren van de bomen, die door de bladluizen worden opgenomen. Dit maakt dit honingdauwmengsel zo gewild voor mieren.<\/p>\n<p><strong>Toepassing:<\/strong><br \/>\nDe hoeveelheid voedsel moet binnen ongeveer 3 dagen worden geconsumeerd.<\/p>\n<p><strong>Beschrijving:<\/strong><br \/>\nHoningdauw wordt, in tegenstelling tot bloemenhoning, verkregen uit afscheidingen van insecten die op planten zuigen, zoals bladluizen. Honingdauw is een populaire voedselbron voor veel insecten zoals mieren, bijen en hommels. Bijen en hommels likken het van de bladeren of naalden van verschillende bomen. Mieren zoals Lasius niger houden de bladluizen letterlijk vast. Ze verdedigen ze zelfs tegen roofdieren en dragen ze naar verse scheuten.<\/p>\n<p>Honingdauw is vooral populair bij mieren vanwege de enigszins verschillende bestanddelen. De belangrijkste suikers in honingdauw zijn sacharose en fructose, maar er zitten ook kleinere hoeveelheden maltose, trehalose, melezitose, raffinose en andere oligosachariden in. Naast suiker en water bevat honingdauw ook essenti\u00eble aminozuren, mineralen, sporenelementen, adenosinen, fosfaten en andere ingredi\u00ebnten zoals vitaminen.<\/p>\n<p><strong>Gebruik:<\/strong><br \/>\nVoor honingetende miersoorten (Meliphagidae)<br \/>\nDit is een aanvullend diervoeder<br \/>\nHet kan aan de dieren worden aangeboden zoals ze worden geleverd. Omdat de suikerconcentratie door de vochtigheid daalt en er een gistingsproces begint, moet het voer om de 3 dagen worden vervangen. Reinig de voerbak\/buis grondig voor hergebruik.<br \/>\nEenmaal geopend moet de verpakking goed gesloten worden bewaard tot de vervaldatum.<\/p>\n<p><strong>Voedingswaarde per 100 g:<\/strong><br \/>\nongeveer 2,7 % vetten<br \/>\nwaarvan verzadigd ca. 0,45 %<br \/>\nca. 95 % koolhydraten<br \/>\nwaarvan suiker ca. 71<br \/>\nongeveer 2.85% eiwit<br \/>\nMineralen (kalium, calcium, koper, ijzer, natrium, magnesium, fosfor, zink en andere sporenelementen) Aminozuren (proline, leucine, fenylalanine, alanine, histidine, isoleucine, glutaminezuur, arginine, asparaginezuur, enz.) Organische zuren Enzymen (fermenten)Smaakstoffen Inhibitoren (antibacteri\u00eble stoffen) Bloemen Stuifmeel<\/p>\n<p><strong>Opslag:<\/strong><br \/>\nOm de kwaliteit van het voer te garanderen, moet je het donker en droog bewaren.<\/p>\n<p><strong>Let op:<\/strong><br \/>\nInformatie over het gebruik van voedingsslangen vind je hier: Link<br \/>\nAanvullend voer voor honingetende mieren.<br \/>\nRaadpleeg de bijsluiter voor de samenstelling, analytische ingredi\u00ebnten, houdbaarheidsdatum en partijnummer.<\/p>\n<p>Informatielijn +49 30 439703870<\/p>\n<p>Verantwoordelijke veterinaire en voedselinspectie:<br \/>\nSteglitz Veterinary Office<br \/>\nK\u00f6nigin-Luise-Str. 92<br \/>\n14195 Berlijn<\/p>\n<p><strong>Opmerking over de geblancheerde krekels:<\/strong><br \/>\nOnze geblancheerde krekels zijn een gemakkelijke manier om je mieren te voorzien van vers geconserveerd eiwitvoer zonder dat je levende insecten hoeft te voeren. De bevatte krekels (Acheta domesticus) zijn voorzichtig geblancheerd om ervoor te zorgen dat de voedingswaarden, smaak en aroma behouden blijven. Bovendien wordt het chitineachtige omhulsel van de insecten op deze manier zachter gemaakt, zodat het gemakkelijker kan worden verteerd. De bindingen van de collageeneiwitten worden afgebroken zodat de mieren ze beter kunnen benutten. Ingeblikte Acheta domesticus heeft dezelfde voedingswaarde als levende krekels, maar is gemakkelijker te verteren.<\/p>\n<p>De geblancheerde krekels zijn niet geschikt voor de jacht op miersoorten die levend voedsel nodig hebben (bijv. ponerines (grote mieren) zoals Harpegnathos of Odontomachus).<\/p>\n<p><strong>Verdere voordelen:<\/strong><br \/>\nGegarandeerd mijtvrij<br \/>\nKan worden geportioneerd<br \/>\nGesteriliseerd en gestofzuigd<br \/>\nZonder additieven<br \/>\nKrekels uit duurzame, puur biologische kweek, gevoed met organisch afval<\/p>\n<p><strong>Let op:<\/strong><br \/>\nNa opening ongeveer vier dagen houdbaar in de koelkast. Langer houdbaar indien ingevroren.<\/p>","protected":false},"excerpt":{"rendered":"<p>De set bestaat uit 34 onderdelen<\/p>\n<p>Maat: <span style=\"color: #0000ff;\"><strong>L<\/strong><\/span><\/p>","protected":false},"featured_media":7132,"comment_status":"open","ping_status":"closed","template":"","meta":{"_acf_changed":false,"content-type":"","_monsterinsights_skip_tracking":false,"_monsterinsights_sitenote_active":false,"_monsterinsights_sitenote_note":"","_monsterinsights_sitenote_category":0},"product_brand":[],"product_cat":[355,73,74],"product_tag":[],"class_list":{"0":"post-6561","1":"product","2":"type-product","3":"status-publish","4":"has-post-thumbnail","6":"product_cat-bundle-offers","7":"product_cat-starter-sets","8":"product_cat-starter-sets-habitat","10":"first","11":"instock","12":"taxable","13":"shipping-taxable","14":"purchasable","15":"product-type-simple"},"acf":[],"aioseo_notices":[],"jetpack_sharing_enabled":true,"_links":{"self":[{"href":"https:\/\/antcube.shop\/nl\/wp-json\/wp\/v2\/product\/6561","targetHints":{"allow":["GET"]}}],"collection":[{"href":"https:\/\/antcube.shop\/nl\/wp-json\/wp\/v2\/product"}],"about":[{"href":"https:\/\/antcube.shop\/nl\/wp-json\/wp\/v2\/types\/product"}],"replies":[{"embeddable":true,"href":"https:\/\/antcube.shop\/nl\/wp-json\/wp\/v2\/comments?post=6561"}],"wp:featuredmedia":[{"embeddable":true,"href":"https:\/\/antcube.shop\/nl\/wp-json\/wp\/v2\/media\/7132"}],"wp:attachment":[{"href":"https:\/\/antcube.shop\/nl\/wp-json\/wp\/v2\/media?parent=6561"}],"wp:term":[{"taxonomy":"product_brand","embeddable":true,"href":"https:\/\/antcube.shop\/nl\/wp-json\/wp\/v2\/product_brand?post=6561"},{"taxonomy":"product_cat","embeddable":true,"href":"https:\/\/antcube.shop\/nl\/wp-json\/wp\/v2\/product_cat?post=6561"},{"taxonomy":"product_tag","embeddable":true,"href":"https:\/\/antcube.shop\/nl\/wp-json\/wp\/v2\/product_tag?post=6561"}],"curies":[{"name":"wp","href":"https:\/\/api.w.org\/{rel}","templated":true}]}}