{"id":4258,"date":"2022-04-28T14:00:36","date_gmt":"2022-04-28T12:00:36","guid":{"rendered":"https:\/\/antcube.shop\/produkt\/ameisen-inkubator\/"},"modified":"2026-02-09T16:16:28","modified_gmt":"2026-02-09T15:16:28","slug":"ameisen-inkubator","status":"publish","type":"product","link":"https:\/\/antcube.shop\/nl\/product\/ameisen-inkubator\/","title":{"rendered":"Broedmachine voor mieren"},"content":{"rendered":"<p><strong>Maat:\u00a0<\/strong>Afmetingen unit: 40\u00d739,5\u00d748 cm; binnenkant: 32\u00d722,5\u00d737 cm<\/p>\n<p><strong>Kleur:<\/strong> Zwart<\/p>\n<p><strong>Technische specificaties:<\/strong><br \/>\nSpanning: 220-240V, 50Hz<br \/>\nVermogen: 70W<br \/>\nKabellengte netsnoer: 1.60m<br \/>\nTemperatuurbereik: 5\u00b0C - 40\u00b0C<\/p>\n<p><strong>Materiaal:<\/strong> Metaal, glas<\/p>\n<p><strong>Beschrijving:<\/strong><br \/>\nDeze mierenbroedmachine is niet alleen zeer geschikt voor het grootbrengen van mierenkolonies uit tropische gebieden, maar ook voor mierenkolonies in winterslaap.<br \/>\nHij heeft een temperatuurregelaar met digitaal display en een verwijderbare tussenplank voor meer ruimte. De temperatuur kan naar wens worden ingesteld en gewijzigd. Het apparaat kan zowel koelen (tot ongeveer 5\u00b0C) als verwarmen (tot ongeveer 40\u00b0C). Het instelbare temperatuurbereik is ongeveer 5\u00b0C-40\u00b0C. Het kan dus ook gebruikt worden voor het overwinteren van inheemse mieren.<\/p>\n<p><strong>Voordelen:<\/strong><br \/>\nVaak zit je met de vraag hoe je ongecompliceerd mieren voor overwintering bij de juiste temperatuur kunt bewaren. De koelkast is toch al te vol, op het balkon kan het te koud worden voor de dieren en in de kelder is het ook krap, of je hebt niet genoeg controle.<br \/>\n<strong>Hier is de oplossing:<\/strong> Of u laat de dieren in de broedstoof overwinteren met onze nestbuisrekjes in reageerbuisjes, in dit geval zelfs tot 100 kolonies tegelijk, of samen met het hele ANTCUBE Formicarium. Bijvoorbeeld onze ANTCUBE Arena Combi, past er volledig in. Maar ook een startset met arena 20x20x10 en 2 nesten 20\u00d720 zou voldoende ruimte hebben.<br \/>\nOok opslag en transport met de auto, bijvoorbeeld tijdens een zwermvlucht, verplaatsing of een transport van de bijzonder gevoelige bladsnijdermieren zijn daarbij realiseerbaar.<br \/>\nDe praktische rekjes voor reageerbuisjes (nestbuisjes) zijn verkrijgbaar in drie verschillende maten. Hier is onze aanbeveling:<\/p>\n<p><strong>Aanbeveling:<\/strong><br \/>\nDe ruimte in de incubator is geschikt voor:<br \/>\nTot 24x krekel reageerbuisjes\/ of 24x de opvangbak transparant 115x115x55<br \/>\nVoor mieren in nestbuisjes raden wij de nestbuisrekjes aan voor opslag<br \/>\nPas in het interieur:<br \/>\n- nestbuisrek voor 16mm = 12 stuks of 120 nestbuizen met 16mm diameter<br \/>\n- Nesting buisrek voor 18mm = 12 stuks of 120 nesting buizen met 18mm diameter<br \/>\n- Nesting buisrek voor 25mm = 9 stuks resp. 54 nesting buizen met 25mm diameter<\/p>\n<p><strong>Let op:<\/strong><br \/>\n- Niet opstellen in direct zonlicht of naast een warmtebron, aangezien externe temperatuurschommelingen de interne temperatuur be\u00efnvloeden.<br \/>\n- Plaats het apparaat op een droge plaats met een zo constant mogelijke temperatuur.<br \/>\n- De ventilatoren moeten vrij kunnen draaien<br \/>\n- De luchtoppervlakken moeten vrij blijven<br \/>\n- Regelmatig controleren op schade -&gt; indien aanwezig, werking onmiddellijk stopzetten<br \/>\n- De incubator kan dubbel worden beveiligd met een extra Thermo Control II of Thermo Control Pro II. Een bijbehorende doorvoer bevindt zich aan de achterkant van het apparaat.<\/p>\n<p><strong>Let op: <\/strong>20.01.2025 - Product update - nieuw model<\/p>","protected":false},"excerpt":{"rendered":"<p>Afmetingen: Afmetingen apparaat: 40\u00d739,5\u00d748 cm ; Binnenkant: 32\u00d722,5\u00d737 cm Kleur: Zwart Technische specificaties: Spanning: 220-240V, 50Hz Vermogen: 70W Kabellengte netsnoer: 1,60m Temperatuurbereik: 5\u00b0C - 40\u00b0C Materiaal: Metaal, glas Beschrijving: Deze mierenbroedmachine is niet alleen zeer geschikt voor het grootbrengen van mierenkolonies uit tropische gebieden, maar ook voor mierenkolonies in winterslaap. Het heeft [...]","protected":false},"featured_media":11099,"comment_status":"open","ping_status":"closed","template":"","meta":{"_acf_changed":false,"content-type":"","_monsterinsights_skip_tracking":false,"_monsterinsights_sitenote_active":false,"_monsterinsights_sitenote_note":"","_monsterinsights_sitenote_category":0},"product_brand":[],"product_cat":[237],"product_tag":[],"class_list":{"0":"post-4258","1":"product","2":"type-product","3":"status-publish","4":"has-post-thumbnail","6":"product_cat-tools","8":"first","9":"outofstock","10":"taxable","11":"shipping-taxable","12":"purchasable","13":"product-type-simple"},"acf":[],"aioseo_notices":[],"jetpack_sharing_enabled":true,"_links":{"self":[{"href":"https:\/\/antcube.shop\/nl\/wp-json\/wp\/v2\/product\/4258","targetHints":{"allow":["GET"]}}],"collection":[{"href":"https:\/\/antcube.shop\/nl\/wp-json\/wp\/v2\/product"}],"about":[{"href":"https:\/\/antcube.shop\/nl\/wp-json\/wp\/v2\/types\/product"}],"replies":[{"embeddable":true,"href":"https:\/\/antcube.shop\/nl\/wp-json\/wp\/v2\/comments?post=4258"}],"wp:featuredmedia":[{"embeddable":true,"href":"https:\/\/antcube.shop\/nl\/wp-json\/wp\/v2\/media\/11099"}],"wp:attachment":[{"href":"https:\/\/antcube.shop\/nl\/wp-json\/wp\/v2\/media?parent=4258"}],"wp:term":[{"taxonomy":"product_brand","embeddable":true,"href":"https:\/\/antcube.shop\/nl\/wp-json\/wp\/v2\/product_brand?post=4258"},{"taxonomy":"product_cat","embeddable":true,"href":"https:\/\/antcube.shop\/nl\/wp-json\/wp\/v2\/product_cat?post=4258"},{"taxonomy":"product_tag","embeddable":true,"href":"https:\/\/antcube.shop\/nl\/wp-json\/wp\/v2\/product_tag?post=4258"}],"curies":[{"name":"wp","href":"https:\/\/api.w.org\/{rel}","templated":true}]}}