{"id":9886,"date":"2024-10-08T15:19:28","date_gmt":"2024-10-08T13:19:28","guid":{"rendered":"https:\/\/antcube.shop\/en\/product\/ameisenarena-rahmen-30x30-5cm\/"},"modified":"2026-04-02T09:54:47","modified_gmt":"2026-04-02T07:54:47","slug":"maurarena-ramme-30x30-5cm","status":"publish","type":"product","link":"https:\/\/antcube.shop\/nb\/produkt\/maurarena-ramme-30x30-5cm\/","title":{"rendered":"Ramme for maurarena 30\u00d730 - 5cm"},"content":{"rendered":"<p><strong>Dimensjoner (LxBxH):<\/strong> 30x30x0,4 cm<br \/>\n5 cm bred<\/p>\n<p><strong>Materiell:<\/strong> floatglass<\/p>\n<p><strong>Farge:<\/strong> krystallklar \/ gjennomsiktig<\/p>\n<p><strong>Innhold:<\/strong><br \/>\n1x myr arena ramme<\/p>\n<p><strong>Beskrivelse:<\/strong><br \/>\nGlassramme for maurarenaen som r\u00f8mningsbeskyttelse<\/p>\n<p><strong>Bruksomr\u00e5de:<\/strong><br \/>\nMaurarenaen er en ramme av glass som plasseres p\u00e5 toppen av en maurarena og forsynes med en fluktbeskyttelse (olje, pulver eller lakk) p\u00e5 undersiden for \u00e5 hindre maur i \u00e5 bryte seg ut.<\/p>\n<p><strong>Merk:<\/strong><br \/>\nEttersom varen er laget av glass og derfor er skj\u00f8r, b\u00f8r den h\u00e5ndteres med stor forsiktighet. Glasset er sk\u00e5ret til i henhold til DIN 1249 med en toleranse p\u00e5 +\/- 1 mm. Ekstra beskyttelse mot utbrudd er n\u00f8dvendig for ekstremt sm\u00e5 maurarter.<\/p>","protected":false},"excerpt":{"rendered":"<p>M\u00e5l (LxBxH): 30x30x0,4 cm 5cm bred Materiale: floatglass Farge: krystallklar \/ gjennomsiktig Innhold: 1x maurarena ramme Beskrivelse: Glassramme for maurarenaen som r\u00f8mningsbeskyttelse Anvendelse: Myrarena-rammen er en ramme laget av glass som plasseres p\u00e5 toppen av en maurarena og er utstyrt med en fluktbeskyttelse","protected":false},"featured_media":10126,"comment_status":"open","ping_status":"closed","template":"","meta":{"_acf_changed":false,"content-type":"","_monsterinsights_skip_tracking":false,"_monsterinsights_sitenote_active":false,"_monsterinsights_sitenote_note":"","_monsterinsights_sitenote_category":0},"product_brand":[484],"product_cat":[91,93],"product_tag":[],"class_list":{"0":"post-9886","1":"product","2":"type-product","3":"status-publish","4":"has-post-thumbnail","6":"product_brand-antcube","7":"product_cat-formicarium-modules","8":"product_cat-arena-frame","10":"first","11":"instock","12":"taxable","13":"shipping-taxable","14":"purchasable","15":"product-type-simple"},"acf":[],"aioseo_notices":[],"jetpack_sharing_enabled":true,"_links":{"self":[{"href":"https:\/\/antcube.shop\/nb\/wp-json\/wp\/v2\/product\/9886","targetHints":{"allow":["GET"]}}],"collection":[{"href":"https:\/\/antcube.shop\/nb\/wp-json\/wp\/v2\/product"}],"about":[{"href":"https:\/\/antcube.shop\/nb\/wp-json\/wp\/v2\/types\/product"}],"replies":[{"embeddable":true,"href":"https:\/\/antcube.shop\/nb\/wp-json\/wp\/v2\/comments?post=9886"}],"wp:featuredmedia":[{"embeddable":true,"href":"https:\/\/antcube.shop\/nb\/wp-json\/wp\/v2\/media\/10126"}],"wp:attachment":[{"href":"https:\/\/antcube.shop\/nb\/wp-json\/wp\/v2\/media?parent=9886"}],"wp:term":[{"taxonomy":"product_brand","embeddable":true,"href":"https:\/\/antcube.shop\/nb\/wp-json\/wp\/v2\/product_brand?post=9886"},{"taxonomy":"product_cat","embeddable":true,"href":"https:\/\/antcube.shop\/nb\/wp-json\/wp\/v2\/product_cat?post=9886"},{"taxonomy":"product_tag","embeddable":true,"href":"https:\/\/antcube.shop\/nb\/wp-json\/wp\/v2\/product_tag?post=9886"}],"curies":[{"name":"wp","href":"https:\/\/api.w.org\/{rel}","templated":true}]}}