{"id":9883,"date":"2024-10-08T15:17:56","date_gmt":"2024-10-08T13:17:56","guid":{"rendered":"https:\/\/antcube.shop\/en\/product\/abdeckung-edelstahlgitter-30x30\/"},"modified":"2026-03-16T10:37:13","modified_gmt":"2026-03-16T09:37:13","slug":"ristdeksel-i-rustfritt-stal-30x30","status":"publish","type":"product","link":"https:\/\/antcube.shop\/nb\/produkt\/ristdeksel-i-rustfritt-stal-30x30\/","title":{"rendered":"Gitterdeksel i rustfritt st\u00e5l 30\u00d730"},"content":{"rendered":"<p>Myre- og Drosophila-sikkert glass + deksel av rustfritt st\u00e5l. Selv de minste artene kan ikke komme gjennom det fine, rustfrie st\u00e5lnettet, og selv ikke bladkuttermaur kan skj\u00e6re seg gjennom det.<\/p>\n<p><strong>Dimensjoner (LxBxH):<\/strong> 30x30x0,4 cm<br \/>\n17,5\u00d717,5 cm ventilasjonsareal<\/p>\n<p><strong>Materiell:<\/strong> Floatglass, gitter i rustfritt st\u00e5l<\/p>\n<p><strong>Farge:<\/strong> krystallklar \/ gjennomsiktig<\/p>\n<p><strong>Innhold:<\/strong><br \/>\n1x deksel rustfritt st\u00e5lgitter 30\u00d730<br \/>\n1x festepunkter \u00e0 4 stk.<\/p>\n<p><strong>Beskrivelse:<\/strong><br \/>\nGlassdeksel for maurarenaen som r\u00f8mningsbeskyttelse<\/p>\n<p><strong>Bruksomr\u00e5de:<\/strong><br \/>\nMaurarenaovertrekket plasseres p\u00e5 en maurarena og fungerer ogs\u00e5 som en klimaregulator.<\/p>\n<p><strong>Merk:<\/strong><br \/>\nEttersom gjenstanden er laget av glass og derfor er skj\u00f8r, b\u00f8r den h\u00e5ndteres sv\u00e6rt forsiktig.<\/p>","protected":false},"excerpt":{"rendered":"<p>Myre- og Drosophila-sikkert glass + deksel av rustfritt st\u00e5l. Selv de minste artene kan ikke komme seg gjennom det fine rustfrie st\u00e5lnettet, og selv ikke bladskj\u00e6rermaur kan skj\u00e6re seg gjennom det. Dimensjoner (LxBxH): 30x30x0,4 cm 17,5x17,5 cm ventilasjonsomr\u00e5de Materiale: floatglass, gitter i rustfritt st\u00e5l Farge: krystallklar \/ gjennomsiktig Innhold: 1x deksel i rustfritt st\u00e5l","protected":false},"featured_media":9889,"comment_status":"open","ping_status":"closed","template":"","meta":{"_acf_changed":false,"content-type":"","_monsterinsights_skip_tracking":false,"_monsterinsights_sitenote_active":false,"_monsterinsights_sitenote_note":"","_monsterinsights_sitenote_category":0},"product_brand":[484],"product_cat":[257,91,92],"product_tag":[],"class_list":{"0":"post-9883","1":"product","2":"type-product","3":"status-publish","4":"has-post-thumbnail","6":"product_brand-antcube","7":"product_cat-new-innovatve-products","8":"product_cat-formicarium-modules","9":"product_cat-arena-cover","11":"first","12":"instock","13":"taxable","14":"shipping-taxable","15":"purchasable","16":"product-type-simple"},"acf":[],"aioseo_notices":[],"jetpack_sharing_enabled":true,"_links":{"self":[{"href":"https:\/\/antcube.shop\/nb\/wp-json\/wp\/v2\/product\/9883","targetHints":{"allow":["GET"]}}],"collection":[{"href":"https:\/\/antcube.shop\/nb\/wp-json\/wp\/v2\/product"}],"about":[{"href":"https:\/\/antcube.shop\/nb\/wp-json\/wp\/v2\/types\/product"}],"replies":[{"embeddable":true,"href":"https:\/\/antcube.shop\/nb\/wp-json\/wp\/v2\/comments?post=9883"}],"wp:featuredmedia":[{"embeddable":true,"href":"https:\/\/antcube.shop\/nb\/wp-json\/wp\/v2\/media\/9889"}],"wp:attachment":[{"href":"https:\/\/antcube.shop\/nb\/wp-json\/wp\/v2\/media?parent=9883"}],"wp:term":[{"taxonomy":"product_brand","embeddable":true,"href":"https:\/\/antcube.shop\/nb\/wp-json\/wp\/v2\/product_brand?post=9883"},{"taxonomy":"product_cat","embeddable":true,"href":"https:\/\/antcube.shop\/nb\/wp-json\/wp\/v2\/product_cat?post=9883"},{"taxonomy":"product_tag","embeddable":true,"href":"https:\/\/antcube.shop\/nb\/wp-json\/wp\/v2\/product_tag?post=9883"}],"curies":[{"name":"wp","href":"https:\/\/api.w.org\/{rel}","templated":true}]}}