{"id":9354,"date":"2024-09-17T16:30:08","date_gmt":"2024-09-17T14:30:08","guid":{"rendered":"https:\/\/antcube.shop\/en\/product\/tranke-cylinder-klein\/"},"modified":"2026-04-24T10:01:22","modified_gmt":"2026-04-24T08:01:22","slug":"tranke-sylinder-klein","status":"publish","type":"product","link":"https:\/\/antcube.shop\/nb\/produkt\/tranke-sylinder-klein\/","title":{"rendered":"Drikkekar Sylinder liten"},"content":{"rendered":"<p><strong>St\u00f8rrelse:<\/strong> 25x16x18 mm, 2 ml<\/p>\n<p><strong>Farge:<\/strong> krystallklart<\/p>\n<p><strong>Materiell:<\/strong> PMMA<\/p>\n<p><strong>Beskrivelse:<\/strong> Dette gj\u00f8r at maurene kan forsyne seg med tilstrekkelig fuktighet i formicariumet sitt. Vannets overflatespenning forhindrer at drikken lekker.<\/p>\n<p><strong>Forsiktig:<\/strong><br \/>\nN\u00e5r det gjelder sm\u00e5 maurarter, b\u00f8r en svamp, et gitter eller fin sand plasseres foran utgangen til drikkeautomaten for sikkerhets skyld. Ellers kan enkelte arbeidere komme seg inn i drikken. En 24 mm svamp passer perfekt.<\/p>","protected":false},"excerpt":{"rendered":"<p><strong>Dimensjoner:<\/strong> 25x16x18 mm, 2 ml<\/p>","protected":false},"featured_media":9439,"comment_status":"open","ping_status":"closed","template":"","meta":{"_acf_changed":false,"content-type":"","_monsterinsights_skip_tracking":false,"_monsterinsights_sitenote_active":false,"_monsterinsights_sitenote_note":"","_monsterinsights_sitenote_category":0},"product_brand":[],"product_cat":[115,117],"product_tag":[],"class_list":{"0":"post-9354","1":"product","2":"type-product","3":"status-publish","4":"has-post-thumbnail","6":"product_cat-food-and-feeding","7":"product_cat-drinkers-for-ants","9":"first","10":"instock","11":"taxable","12":"shipping-taxable","13":"purchasable","14":"product-type-simple"},"acf":[],"aioseo_notices":[],"jetpack_sharing_enabled":true,"_links":{"self":[{"href":"https:\/\/antcube.shop\/nb\/wp-json\/wp\/v2\/product\/9354","targetHints":{"allow":["GET"]}}],"collection":[{"href":"https:\/\/antcube.shop\/nb\/wp-json\/wp\/v2\/product"}],"about":[{"href":"https:\/\/antcube.shop\/nb\/wp-json\/wp\/v2\/types\/product"}],"replies":[{"embeddable":true,"href":"https:\/\/antcube.shop\/nb\/wp-json\/wp\/v2\/comments?post=9354"}],"wp:featuredmedia":[{"embeddable":true,"href":"https:\/\/antcube.shop\/nb\/wp-json\/wp\/v2\/media\/9439"}],"wp:attachment":[{"href":"https:\/\/antcube.shop\/nb\/wp-json\/wp\/v2\/media?parent=9354"}],"wp:term":[{"taxonomy":"product_brand","embeddable":true,"href":"https:\/\/antcube.shop\/nb\/wp-json\/wp\/v2\/product_brand?post=9354"},{"taxonomy":"product_cat","embeddable":true,"href":"https:\/\/antcube.shop\/nb\/wp-json\/wp\/v2\/product_cat?post=9354"},{"taxonomy":"product_tag","embeddable":true,"href":"https:\/\/antcube.shop\/nb\/wp-json\/wp\/v2\/product_tag?post=9354"}],"curies":[{"name":"wp","href":"https:\/\/api.w.org\/{rel}","templated":true}]}}