{"id":9349,"date":"2024-09-17T16:27:32","date_gmt":"2024-09-17T14:27:32","guid":{"rendered":"https:\/\/antcube.shop\/en\/product\/antcube-popcorn-nest-60x30-l\/"},"modified":"2026-03-02T09:48:53","modified_gmt":"2026-03-02T08:48:53","slug":"antcube-popcorn-rede-60x30-l","status":"publish","type":"product","link":"https:\/\/antcube.shop\/nb\/produkt\/antcube-popcorn-rede-60x30-l\/","title":{"rendered":"ANTCUBE - Popcorn Nest 60\u00d730 - L"},"content":{"rendered":"<p><strong>Dimensjoner:<\/strong> 583x237x19 mm<\/p>\n<p><strong>Materiell:<\/strong> Popcorn presset med sukrose og protein<\/p>\n<p><strong>Passer kun i<\/strong> v\u00e5r st\u00f8rrelse L maurfarmer<\/p>\n<p><strong>Beskrivelse:<\/strong> Dette popcornreiret med prefabrikkerte passasjer og kamre er perfekt som kornkammer for for eksempel Messor-maur, men ogs\u00e5 for andre maurarter som samler korn. Det har et hull for tilgang til reiret. Popcornreiret absorberer fuktighet og kan derfor krympe, s\u00e5<strong> b\u00f8r den alltid holdes t\u00f8rr.<\/strong> Messor barbarus aksepterer v\u00e5rt ANTCUBE popcornreir veldig godt som et kornkammer. Over tid begynner maurene \u00e5 utvide popcornbolet og spise seg gjennom reirmaterialet.<\/p>\n<p>Popcornreiret b\u00f8r bare brukes til maurarter som krever sv\u00e6rt lite eller ingen fuktighet i reiromr\u00e5det.<\/p>","protected":false},"excerpt":{"rendered":"<p><strong>St\u00f8rrelse: L<\/strong><\/p>","protected":false},"featured_media":9449,"comment_status":"open","ping_status":"closed","template":"","meta":{"_acf_changed":false,"content-type":"","_monsterinsights_skip_tracking":false,"_monsterinsights_sitenote_active":false,"_monsterinsights_sitenote_note":"","_monsterinsights_sitenote_category":0},"product_brand":[484],"product_cat":[257,344,87],"product_tag":[],"class_list":{"0":"post-9349","1":"product","2":"type-product","3":"status-publish","4":"has-post-thumbnail","6":"product_brand-antcube","7":"product_cat-new-innovatve-products","8":"product_cat-popcorn","9":"product_cat-nest-insets","11":"first","12":"instock","13":"taxable","14":"shipping-taxable","15":"purchasable","16":"product-type-simple"},"acf":[],"aioseo_notices":[],"jetpack_sharing_enabled":true,"_links":{"self":[{"href":"https:\/\/antcube.shop\/nb\/wp-json\/wp\/v2\/product\/9349","targetHints":{"allow":["GET"]}}],"collection":[{"href":"https:\/\/antcube.shop\/nb\/wp-json\/wp\/v2\/product"}],"about":[{"href":"https:\/\/antcube.shop\/nb\/wp-json\/wp\/v2\/types\/product"}],"replies":[{"embeddable":true,"href":"https:\/\/antcube.shop\/nb\/wp-json\/wp\/v2\/comments?post=9349"}],"wp:featuredmedia":[{"embeddable":true,"href":"https:\/\/antcube.shop\/nb\/wp-json\/wp\/v2\/media\/9449"}],"wp:attachment":[{"href":"https:\/\/antcube.shop\/nb\/wp-json\/wp\/v2\/media?parent=9349"}],"wp:term":[{"taxonomy":"product_brand","embeddable":true,"href":"https:\/\/antcube.shop\/nb\/wp-json\/wp\/v2\/product_brand?post=9349"},{"taxonomy":"product_cat","embeddable":true,"href":"https:\/\/antcube.shop\/nb\/wp-json\/wp\/v2\/product_cat?post=9349"},{"taxonomy":"product_tag","embeddable":true,"href":"https:\/\/antcube.shop\/nb\/wp-json\/wp\/v2\/product_tag?post=9349"}],"curies":[{"name":"wp","href":"https:\/\/api.w.org\/{rel}","templated":true}]}}