{"id":9346,"date":"2024-09-17T16:26:01","date_gmt":"2024-09-17T14:26:01","guid":{"rendered":"https:\/\/antcube.shop\/en\/product\/ameisenarena-abdeckung-30x15\/"},"modified":"2026-04-01T13:28:20","modified_gmt":"2026-04-01T11:28:20","slug":"ameisenarena-abdeckung-30x15","status":"publish","type":"product","link":"https:\/\/antcube.shop\/nb\/produkt\/ameisenarena-abdeckung-30x15\/","title":{"rendered":"Myrarena som dekker 30\u00d715"},"content":{"rendered":"<p><strong>Dimensjoner (LxBxH):<\/strong> 30x15x0,4 cm<\/p>\n<p><strong>Materiell:<\/strong> floatglass<\/p>\n<p><strong>Farge:<\/strong> krystallklar \/ gjennomsiktig<\/p>\n<p><strong>Innhold:<\/strong><br \/>\n1x myr arena deksel<br \/>\n1x festepunkter \u00e0 4 stk.<\/p>\n<p><strong>Beskrivelse:<\/strong><br \/>\nGlassdeksel for maurarenaen som r\u00f8mningsbeskyttelse. Passer til v\u00e5re maurtuer p\u00e5 vegg.<\/p>\n<p><strong>Bruksomr\u00e5de:<\/strong><br \/>\nMaurarenaens glassdeksel plasseres p\u00e5 en maurarena og brukes ogs\u00e5 til klimaregulering.<br \/>\nI de 50 mm store \u00e5pningene kan det settes inn ulike klimakontrollmoduler, f.eks. ventilasjonsrister, belysning eller luftfukting.<br \/>\nFor \u00e5 hindre maur i \u00e5 bryte seg ut gjennom \u00e5pningene, b\u00f8r man p\u00e5f\u00f8re en fluktbeskyttelse (olje, pulver eller lakk) p\u00e5 undersiden rundt hullene.<\/p>\n<p><strong>Merk:<\/strong><br \/>\nEttersom gjenstanden er laget av glass og derfor er skj\u00f8r, b\u00f8r den h\u00e5ndteres med stor forsiktighet.<\/p>","protected":false},"excerpt":{"rendered":"<p>M\u00e5l (LxBxH): 30x15x0,4 cm Materiale: floatglass Farge: krystallklar \/ gjennomsiktig Innhold: 1x maurarena-deksel 1x festepunkter \u00e0 4 stk. Beskrivelse: Glassdeksel for maurarenaen som r\u00f8mningsbeskyttelse. Passer til v\u00e5re maurtuer p\u00e5 veggen. Bruksomr\u00e5de: Maurarenaens glassdeksel plasseres p\u00e5 en maurarena og brukes ogs\u00e5","protected":false},"featured_media":9465,"comment_status":"open","ping_status":"closed","template":"","meta":{"_acf_changed":false,"content-type":"","_monsterinsights_skip_tracking":false,"_monsterinsights_sitenote_active":false,"_monsterinsights_sitenote_note":"","_monsterinsights_sitenote_category":0},"product_brand":[484],"product_cat":[91,92],"product_tag":[],"class_list":{"0":"post-9346","1":"product","2":"type-product","3":"status-publish","4":"has-post-thumbnail","6":"product_brand-antcube","7":"product_cat-formicarium-modules","8":"product_cat-arena-cover","10":"first","11":"instock","12":"taxable","13":"shipping-taxable","14":"purchasable","15":"product-type-simple"},"acf":[],"aioseo_notices":[],"jetpack_sharing_enabled":true,"_links":{"self":[{"href":"https:\/\/antcube.shop\/nb\/wp-json\/wp\/v2\/product\/9346","targetHints":{"allow":["GET"]}}],"collection":[{"href":"https:\/\/antcube.shop\/nb\/wp-json\/wp\/v2\/product"}],"about":[{"href":"https:\/\/antcube.shop\/nb\/wp-json\/wp\/v2\/types\/product"}],"replies":[{"embeddable":true,"href":"https:\/\/antcube.shop\/nb\/wp-json\/wp\/v2\/comments?post=9346"}],"wp:featuredmedia":[{"embeddable":true,"href":"https:\/\/antcube.shop\/nb\/wp-json\/wp\/v2\/media\/9465"}],"wp:attachment":[{"href":"https:\/\/antcube.shop\/nb\/wp-json\/wp\/v2\/media?parent=9346"}],"wp:term":[{"taxonomy":"product_brand","embeddable":true,"href":"https:\/\/antcube.shop\/nb\/wp-json\/wp\/v2\/product_brand?post=9346"},{"taxonomy":"product_cat","embeddable":true,"href":"https:\/\/antcube.shop\/nb\/wp-json\/wp\/v2\/product_cat?post=9346"},{"taxonomy":"product_tag","embeddable":true,"href":"https:\/\/antcube.shop\/nb\/wp-json\/wp\/v2\/product_tag?post=9346"}],"curies":[{"name":"wp","href":"https:\/\/api.w.org\/{rel}","templated":true}]}}