{"id":9345,"date":"2024-09-17T16:25:36","date_gmt":"2024-09-17T14:25:36","guid":{"rendered":"https:\/\/antcube.shop\/en\/product\/ameisenarena-rahmen-30x15\/"},"modified":"2026-03-16T10:36:55","modified_gmt":"2026-03-16T09:36:55","slug":"ameisenarena-rahmen-30x15","status":"publish","type":"product","link":"https:\/\/antcube.shop\/nb\/produkt\/ameisenarena-rahmen-30x15\/","title":{"rendered":"Ramme for maurarena 30\u00d715"},"content":{"rendered":"<p><strong>Dimensjoner (LxBxH):<\/strong> 30x15x0,4 cm<\/p>\n<p><strong>Materiell:<\/strong> floatglass<\/p>\n<p><strong>Farge:<\/strong> krystallklar \/ gjennomsiktig<\/p>\n<p><strong>Innhold:<\/strong><br \/>\n1x myr arena ramme<\/p>\n<p><strong>Beskrivelse:<\/strong><br \/>\nGlassramme for maurarenaen som r\u00f8mningsbeskyttelse. Passer til v\u00e5re maurtuer p\u00e5 vegg.<\/p>\n<p><strong>Bruksomr\u00e5de:<\/strong><br \/>\nMaurarenaen er en ramme av glass som plasseres p\u00e5 toppen av en maurarena og forsynes med en fluktbeskyttelse (olje, pulver eller lakk) p\u00e5 undersiden for \u00e5 hindre maur i \u00e5 bryte seg ut.<\/p>\n<p><strong>Merk:<\/strong><br \/>\nEttersom varen er laget av glass og derfor er skj\u00f8r, b\u00f8r den h\u00e5ndteres med stor forsiktighet. Glasset er sk\u00e5ret til i henhold til DIN 1249 med en toleranse p\u00e5 +\/- 1 mm. Ekstra beskyttelse mot utbrudd er n\u00f8dvendig for ekstremt sm\u00e5 maurarter.<\/p>","protected":false},"excerpt":{"rendered":"<p>M\u00e5l (LxBxH): 30x15x0,4 cm Materiale: floatglass Farge: krystallklar \/ gjennomsiktig Innhold: 1x maurarena ramme Beskrivelse: Glassramme til maurarenaen som fluktbeskyttelse. Passer til v\u00e5re maurarenaer p\u00e5 vegg. Bruksomr\u00e5de: Myrarena-rammen er en ramme laget av glass som plasseres p\u00e5 toppen av en maurarena og gir","protected":false},"featured_media":9466,"comment_status":"open","ping_status":"closed","template":"","meta":{"_acf_changed":false,"content-type":"","_monsterinsights_skip_tracking":false,"_monsterinsights_sitenote_active":false,"_monsterinsights_sitenote_note":"","_monsterinsights_sitenote_category":0},"product_brand":[484],"product_cat":[91,93],"product_tag":[],"class_list":{"0":"post-9345","1":"product","2":"type-product","3":"status-publish","4":"has-post-thumbnail","6":"product_brand-antcube","7":"product_cat-formicarium-modules","8":"product_cat-arena-frame","10":"first","11":"instock","12":"taxable","13":"shipping-taxable","14":"purchasable","15":"product-type-simple"},"acf":[],"aioseo_notices":[],"jetpack_sharing_enabled":true,"_links":{"self":[{"href":"https:\/\/antcube.shop\/nb\/wp-json\/wp\/v2\/product\/9345","targetHints":{"allow":["GET"]}}],"collection":[{"href":"https:\/\/antcube.shop\/nb\/wp-json\/wp\/v2\/product"}],"about":[{"href":"https:\/\/antcube.shop\/nb\/wp-json\/wp\/v2\/types\/product"}],"replies":[{"embeddable":true,"href":"https:\/\/antcube.shop\/nb\/wp-json\/wp\/v2\/comments?post=9345"}],"wp:featuredmedia":[{"embeddable":true,"href":"https:\/\/antcube.shop\/nb\/wp-json\/wp\/v2\/media\/9466"}],"wp:attachment":[{"href":"https:\/\/antcube.shop\/nb\/wp-json\/wp\/v2\/media?parent=9345"}],"wp:term":[{"taxonomy":"product_brand","embeddable":true,"href":"https:\/\/antcube.shop\/nb\/wp-json\/wp\/v2\/product_brand?post=9345"},{"taxonomy":"product_cat","embeddable":true,"href":"https:\/\/antcube.shop\/nb\/wp-json\/wp\/v2\/product_cat?post=9345"},{"taxonomy":"product_tag","embeddable":true,"href":"https:\/\/antcube.shop\/nb\/wp-json\/wp\/v2\/product_tag?post=9345"}],"curies":[{"name":"wp","href":"https:\/\/api.w.org\/{rel}","templated":true}]}}