{"id":9329,"date":"2024-09-17T16:18:36","date_gmt":"2024-09-17T14:18:36","guid":{"rendered":"https:\/\/antcube.shop\/en\/product\/alpha-ants-mini-scheibenmagnet-rund\/"},"modified":"2026-03-02T09:49:08","modified_gmt":"2026-03-02T08:49:08","slug":"alpha-maur-mini-disc-magnet-rund","status":"publish","type":"product","link":"https:\/\/antcube.shop\/nb\/produkt\/alpha-maur-mini-disc-magnet-rund\/","title":{"rendered":"Alpha Ants mini skivemagnet - rund"},"content":{"rendered":"<p><strong>Beskrivelse:<\/strong> Kjenner du problemet: maurene dine har nok en gang rotet til rutene i reiret eller dekket dem med sand? Med disse sm\u00e5 miniskivemagnetene 10x10x4 mm og 4x4x2 mm kan du rydde gangene og kamrene i akvariet igjen.<\/p>\n<p>Dette er ekstra sterke kvalitetsmagneter. Du kan bruke en styremagnet til \u00e5 flytte den lille rengj\u00f8ringsmagneten rundt i formicariumet og rengj\u00f8re skitne ruter fra innsiden.<\/p>\n<p><strong>Merk:<\/strong> Ikke la magnetene kollidere (treffe hverandre), da de er skj\u00f8re.<\/p>\n<p><strong>Innhold:<\/strong> 2 stk. filtbelagte, ekstra sterke skivemagneter.<\/p>","protected":false},"excerpt":{"rendered":"<p>Beskrivelse: Kjenner du til problemet: maurene har nok en gang rotet til rutene i reiret eller dekket dem med sand? Med disse sm\u00e5 miniskivemagnetene 10x10x4 mm og 4x4x2 mm kan du rydde gangene og kamrene i akvariet igjen. Dette er ekstra sterke kvalitetsmagneter. Du","protected":false},"featured_media":9810,"comment_status":"open","ping_status":"closed","template":"","meta":{"_acf_changed":false,"content-type":"","_monsterinsights_skip_tracking":false,"_monsterinsights_sitenote_active":false,"_monsterinsights_sitenote_note":"","_monsterinsights_sitenote_category":0},"product_brand":[],"product_cat":[237],"product_tag":[],"class_list":{"0":"post-9329","1":"product","2":"type-product","3":"status-publish","4":"has-post-thumbnail","6":"product_cat-tools","8":"first","9":"instock","10":"taxable","11":"shipping-taxable","12":"purchasable","13":"product-type-simple"},"acf":[],"aioseo_notices":[],"jetpack_sharing_enabled":true,"_links":{"self":[{"href":"https:\/\/antcube.shop\/nb\/wp-json\/wp\/v2\/product\/9329","targetHints":{"allow":["GET"]}}],"collection":[{"href":"https:\/\/antcube.shop\/nb\/wp-json\/wp\/v2\/product"}],"about":[{"href":"https:\/\/antcube.shop\/nb\/wp-json\/wp\/v2\/types\/product"}],"replies":[{"embeddable":true,"href":"https:\/\/antcube.shop\/nb\/wp-json\/wp\/v2\/comments?post=9329"}],"wp:featuredmedia":[{"embeddable":true,"href":"https:\/\/antcube.shop\/nb\/wp-json\/wp\/v2\/media\/9810"}],"wp:attachment":[{"href":"https:\/\/antcube.shop\/nb\/wp-json\/wp\/v2\/media?parent=9329"}],"wp:term":[{"taxonomy":"product_brand","embeddable":true,"href":"https:\/\/antcube.shop\/nb\/wp-json\/wp\/v2\/product_brand?post=9329"},{"taxonomy":"product_cat","embeddable":true,"href":"https:\/\/antcube.shop\/nb\/wp-json\/wp\/v2\/product_cat?post=9329"},{"taxonomy":"product_tag","embeddable":true,"href":"https:\/\/antcube.shop\/nb\/wp-json\/wp\/v2\/product_tag?post=9329"}],"curies":[{"name":"wp","href":"https:\/\/api.w.org\/{rel}","templated":true}]}}