{"id":9323,"date":"2024-09-17T16:16:22","date_gmt":"2024-09-17T14:16:22","guid":{"rendered":"https:\/\/antcube.shop\/en\/product\/greifzange-60-cm\/"},"modified":"2026-03-20T10:37:11","modified_gmt":"2026-03-20T09:37:11","slug":"griper-60-cm","status":"publish","type":"product","link":"https:\/\/antcube.shop\/nb\/produkt\/griper-60-cm\/","title":{"rendered":"Griper 60 cm"},"content":{"rendered":"<p><strong>Lengde:<\/strong> 60 cm<\/p>\n<p><strong>Beskrivelse:<\/strong> Denne gripearmen kan brukes til \u00e5 operere i omr\u00e5der som er utilgjengelige for hendene, og til \u00e5 fjerne deler fra r\u00f8r eller slanger. Diameter foran 10,5 mm. Passer gjennom et 11 mm hull. Gripeklemmene har en spennvidde p\u00e5 20 mm.<\/p>\n<p><strong>Merk:<\/strong><br \/>\nDet er fare for personskade hvis kroppsdeler setter seg fast i tangen.<\/p>","protected":false},"excerpt":{"rendered":"<p>Lengde: 60 cm Beskrivelse: Denne gripearmen kan brukes til \u00e5 operere i omr\u00e5der som er utilgjengelige for hendene og til \u00e5 fjerne deler fra r\u00f8r eller slanger. Diameter foran 10,5 mm. Passer gjennom et 11 mm hull. Gripeklemmene har en spennvidde p\u00e5 20 mm. Merk: Det er fare for personskade hvis kroppsdeler","protected":false},"featured_media":9580,"comment_status":"open","ping_status":"closed","template":"","meta":{"_acf_changed":false,"content-type":"","_monsterinsights_skip_tracking":false,"_monsterinsights_sitenote_active":false,"_monsterinsights_sitenote_note":"","_monsterinsights_sitenote_category":0},"product_brand":[],"product_cat":[237],"product_tag":[],"class_list":{"0":"post-9323","1":"product","2":"type-product","3":"status-publish","4":"has-post-thumbnail","6":"product_cat-tools","8":"first","9":"instock","10":"taxable","11":"shipping-taxable","12":"purchasable","13":"product-type-simple"},"acf":[],"aioseo_notices":[],"jetpack_sharing_enabled":true,"_links":{"self":[{"href":"https:\/\/antcube.shop\/nb\/wp-json\/wp\/v2\/product\/9323","targetHints":{"allow":["GET"]}}],"collection":[{"href":"https:\/\/antcube.shop\/nb\/wp-json\/wp\/v2\/product"}],"about":[{"href":"https:\/\/antcube.shop\/nb\/wp-json\/wp\/v2\/types\/product"}],"replies":[{"embeddable":true,"href":"https:\/\/antcube.shop\/nb\/wp-json\/wp\/v2\/comments?post=9323"}],"wp:featuredmedia":[{"embeddable":true,"href":"https:\/\/antcube.shop\/nb\/wp-json\/wp\/v2\/media\/9580"}],"wp:attachment":[{"href":"https:\/\/antcube.shop\/nb\/wp-json\/wp\/v2\/media?parent=9323"}],"wp:term":[{"taxonomy":"product_brand","embeddable":true,"href":"https:\/\/antcube.shop\/nb\/wp-json\/wp\/v2\/product_brand?post=9323"},{"taxonomy":"product_cat","embeddable":true,"href":"https:\/\/antcube.shop\/nb\/wp-json\/wp\/v2\/product_cat?post=9323"},{"taxonomy":"product_tag","embeddable":true,"href":"https:\/\/antcube.shop\/nb\/wp-json\/wp\/v2\/product_tag?post=9323"}],"curies":[{"name":"wp","href":"https:\/\/api.w.org\/{rel}","templated":true}]}}