{"id":9317,"date":"2024-09-17T16:13:59","date_gmt":"2024-09-17T14:13:59","guid":{"rendered":"https:\/\/antcube.shop\/en\/product\/ameisen-ausbruchsschutz-set\/"},"modified":"2026-04-13T09:30:49","modified_gmt":"2026-04-13T07:30:49","slug":"sett-med-beskyttelse-mot-maurutbrudd","status":"publish","type":"product","link":"https:\/\/antcube.shop\/nb\/produkt\/sett-med-beskyttelse-mot-maurutbrudd\/","title":{"rendered":"Sett med beskyttelse mot maurutbrudd"},"content":{"rendered":"<p><strong>Innhold:<\/strong><br \/>\n1x maurutbruddsbeskyttelsesolje 10ml (basert p\u00e5 parafinolje)<br \/>\n1x beskyttelse mot maurutbrudd, pulver 10 ml (talkumbasert)<br \/>\n1x lakk til beskyttelse mot myreutbrudd 10 ml (PTFE-basert)<br \/>\n3 x spesialskumpensel for p\u00e5f\u00f8ring av utbruddsbeskyttelsesmaterialet<br \/>\n3 x blandebeholder for dosering eller blanding.<\/p>\n<p><strong>Beskrivelse:<\/strong> Vi har satt sammen et lite utvalg av de mest effektive utbruddsbeskyttelsesmaterialene, slik at du kan teste hvilken utbruddsbeskyttelse som passer best til akkurat din koloni.<\/p>\n<p><a href=\"https:\/\/www.antstore.net\/shop\/images\/documents\/ant%20escape%20protection%20lacquer%20EN.pdf\">Sikkerhetsdatablad for maling til beskyttelse mot maurutbrudd (engelsk), (PDF 0,2 MB)<\/a><br \/>\n(Inneholder: Sikkerhetsinstruksjoner)<\/p>\n<p><a href=\"https:\/\/www.antstore.net\/shop\/images\/documents\/ant_escape_protection_oil_en.pdf\">Sikkerhetsdatablad for Ant Outbreak Protection Oil (engelsk) , (PDF 0,1 MB)<\/a><br \/>\n(Inneholder: Sikkerhetsinstruksjoner)<\/p>","protected":false},"excerpt":{"rendered":"<p>Innhold: 1x maurvernolje 10 ml (basert p\u00e5 parafinolje) 1x maurvernpulver 10 ml (talkumbasert) 1x maurvernlakk 10 ml (PTFE-basert) 3x spesialskumpensel for p\u00e5f\u00f8ring av maurvernmiddelet 3x blandebeholder for dosering eller blanding. Beskrivelse: Vi har satt sammen et lite sett med de mest effektive utbrudds","protected":false},"featured_media":9591,"comment_status":"open","ping_status":"closed","template":"","meta":{"_acf_changed":false,"content-type":"","_monsterinsights_skip_tracking":false,"_monsterinsights_sitenote_active":false,"_monsterinsights_sitenote_note":"","_monsterinsights_sitenote_category":0},"product_brand":[484],"product_cat":[237],"product_tag":[],"class_list":{"0":"post-9317","1":"product","2":"type-product","3":"status-publish","4":"has-post-thumbnail","6":"product_brand-antcube","7":"product_cat-tools","9":"first","10":"instock","11":"taxable","12":"shipping-taxable","13":"purchasable","14":"product-type-simple"},"acf":[],"aioseo_notices":[],"jetpack_sharing_enabled":true,"_links":{"self":[{"href":"https:\/\/antcube.shop\/nb\/wp-json\/wp\/v2\/product\/9317","targetHints":{"allow":["GET"]}}],"collection":[{"href":"https:\/\/antcube.shop\/nb\/wp-json\/wp\/v2\/product"}],"about":[{"href":"https:\/\/antcube.shop\/nb\/wp-json\/wp\/v2\/types\/product"}],"replies":[{"embeddable":true,"href":"https:\/\/antcube.shop\/nb\/wp-json\/wp\/v2\/comments?post=9317"}],"wp:featuredmedia":[{"embeddable":true,"href":"https:\/\/antcube.shop\/nb\/wp-json\/wp\/v2\/media\/9591"}],"wp:attachment":[{"href":"https:\/\/antcube.shop\/nb\/wp-json\/wp\/v2\/media?parent=9317"}],"wp:term":[{"taxonomy":"product_brand","embeddable":true,"href":"https:\/\/antcube.shop\/nb\/wp-json\/wp\/v2\/product_brand?post=9317"},{"taxonomy":"product_cat","embeddable":true,"href":"https:\/\/antcube.shop\/nb\/wp-json\/wp\/v2\/product_cat?post=9317"},{"taxonomy":"product_tag","embeddable":true,"href":"https:\/\/antcube.shop\/nb\/wp-json\/wp\/v2\/product_tag?post=9317"}],"curies":[{"name":"wp","href":"https:\/\/api.w.org\/{rel}","templated":true}]}}