{"id":9316,"date":"2024-09-17T16:13:38","date_gmt":"2024-09-17T14:13:38","guid":{"rendered":"https:\/\/antcube.shop\/en\/product\/ameisen-ausbruchsschutz-lack-10ml\/"},"modified":"2026-04-13T09:31:00","modified_gmt":"2026-04-13T07:31:00","slug":"ameisen-ausbruchsschutz-lack-10ml","status":"publish","type":"product","link":"https:\/\/antcube.shop\/nb\/produkt\/ameisen-ausbruchsschutz-lack-10ml\/","title":{"rendered":"Lakk mot maurutbrudd 10 ml"},"content":{"rendered":"<p><strong>Innhold:<\/strong> 10 ml (nok ufortynnet til ca. 10 meter av en 20 mm bred stripe)<\/p>\n<p><strong>Farge:<\/strong> melkehvit<\/p>\n<p><strong>Materiell:<\/strong> PTFE-basert<\/p>\n<p><strong>Beskrivelse:<\/strong> Lakken er den ideelle utbruddsbeskyttelsen for maur; en type plast som ogs\u00e5 ofte brukes som antilim - ogs\u00e5 anbefalt av forskerne H\u00f6lldobler og Wilson som utbruddsbeskyttelse i maurhold. Maurene finner ikke feste p\u00e5 den p\u00e5f\u00f8rte filmen og glir av. Belegget er langtidsholdbart og trenger derfor ikke \u00e5 fornyes like ofte som andre alternativer.<\/p>\n<p><strong>Fordel:<\/strong><br \/>\n- Hvis det p\u00e5f\u00f8res rent, er det ikke n\u00f8dvendig med fornyelse.<br \/>\n- Ideell for glassflater.<\/p>\n<p><strong>Ulempe:<\/strong><br \/>\n- Ikke egnet for formicaria med h\u00f8y luftfuktighet, da lakken er vannl\u00f8selig.<br \/>\n- Lakken egner seg ikke s\u00e5 godt til plastoverflater, da disse er selvsm\u00f8rende.<br \/>\n- P\u00e5f\u00f8ringen m\u00e5 \u00f8ves p\u00e5 forh\u00e5nd, da den \"lakkerte\" overflaten ikke m\u00e5 bli ru eller ripete.<\/p>\n<p><strong>Bruksomr\u00e5de:<\/strong> Rist godt f\u00f8r bruk. Lakken kan brukes som den er, eller fortynnes med vann opp til maks. 1:10. Den kan p\u00e5f\u00f8res med pensel eller bare dryppes forsiktig p\u00e5 overflatene som skal behandles. Filmen skal v\u00e6re ca. 3 ganger s\u00e5 bred i kanten som maurene er lange. Den enkleste m\u00e5ten \u00e5 gj\u00f8re dette p\u00e5 er \u00e5 maskere omr\u00e5det med teip og p\u00e5f\u00f8re malingen liggende p\u00e5 siden av tanken. T\u00f8rketiden per side er ca. 45 minutter, men kan variere noe avhengig av tykkelsen p\u00e5 p\u00e5f\u00f8ringen.<\/p>\n<p><strong>Viktig merknad:<\/strong> Unng\u00e5 kontakt med \u00f8ynene. Ved kontakt med \u00f8ynene, skyll \u00f8yeblikkelig med rikelig med vann og kontakt lege. Ikke r\u00f8yk under p\u00e5f\u00f8ring. Bruk kun i godt ventilerte omr\u00e5der. Oppbevares utilgjengelig for barn! Malingen kan irreversibelt endre konsistens ved temperaturer under null grader. Vi sender derfor kun ved temperaturer over 0 \u00b0C!<\/p>\n<p><a href=\"https:\/\/www.antstore.net\/shop\/images\/documents\/ant%20escape%20protection%20lacquer%20EN.pdf\">Sikkerhetsdatablad for Ant Outbreak Protection Paint (engelsk) , (PDF 0,2 MB)<\/a><br \/>\n(Inneholder: Sikkerhetsinstruksjoner)<\/p>\n<p>&nbsp;<\/p>","protected":false},"excerpt":{"rendered":"<p>Innhold: 10 ml (nok ufortynnet til ca. 10 meter av en 20 mm bred stripe) Farge: melkehvit Materiale: PTFE-basert Beskrivelse: Lakken er den ideelle beskyttelsen mot utbrudd for maur; en type plast som ogs\u00e5 ofte brukes som antilim - ogs\u00e5 anbefalt av forskerne H\u00f6lldobler og Wilson som beskyttelse mot utbrudd i maur","protected":false},"featured_media":9592,"comment_status":"open","ping_status":"closed","template":"","meta":{"_acf_changed":false,"content-type":"","_monsterinsights_skip_tracking":false,"_monsterinsights_sitenote_active":false,"_monsterinsights_sitenote_note":"","_monsterinsights_sitenote_category":0},"product_brand":[484],"product_cat":[237],"product_tag":[],"class_list":{"0":"post-9316","1":"product","2":"type-product","3":"status-publish","4":"has-post-thumbnail","6":"product_brand-antcube","7":"product_cat-tools","9":"first","10":"instock","11":"taxable","12":"shipping-taxable","13":"purchasable","14":"product-type-simple"},"acf":[],"aioseo_notices":[],"jetpack_sharing_enabled":true,"_links":{"self":[{"href":"https:\/\/antcube.shop\/nb\/wp-json\/wp\/v2\/product\/9316","targetHints":{"allow":["GET"]}}],"collection":[{"href":"https:\/\/antcube.shop\/nb\/wp-json\/wp\/v2\/product"}],"about":[{"href":"https:\/\/antcube.shop\/nb\/wp-json\/wp\/v2\/types\/product"}],"replies":[{"embeddable":true,"href":"https:\/\/antcube.shop\/nb\/wp-json\/wp\/v2\/comments?post=9316"}],"wp:featuredmedia":[{"embeddable":true,"href":"https:\/\/antcube.shop\/nb\/wp-json\/wp\/v2\/media\/9592"}],"wp:attachment":[{"href":"https:\/\/antcube.shop\/nb\/wp-json\/wp\/v2\/media?parent=9316"}],"wp:term":[{"taxonomy":"product_brand","embeddable":true,"href":"https:\/\/antcube.shop\/nb\/wp-json\/wp\/v2\/product_brand?post=9316"},{"taxonomy":"product_cat","embeddable":true,"href":"https:\/\/antcube.shop\/nb\/wp-json\/wp\/v2\/product_cat?post=9316"},{"taxonomy":"product_tag","embeddable":true,"href":"https:\/\/antcube.shop\/nb\/wp-json\/wp\/v2\/product_tag?post=9316"}],"curies":[{"name":"wp","href":"https:\/\/api.w.org\/{rel}","templated":true}]}}