{"id":9315,"date":"2024-09-17T16:13:12","date_gmt":"2024-09-17T14:13:12","guid":{"rendered":"https:\/\/antcube.shop\/en\/product\/ameisen-ausbruchsschutz-pulver-10ml\/"},"modified":"2026-04-13T09:34:21","modified_gmt":"2026-04-13T07:34:21","slug":"beskyttelse-mot-maurflukt-pulver-10ml","status":"publish","type":"product","link":"https:\/\/antcube.shop\/nb\/produkt\/beskyttelse-mot-maurflukt-pulver-10ml\/","title":{"rendered":"Myrfluktbeskyttelse i pulverform 10 ml"},"content":{"rendered":"<p><strong>Innhold:<\/strong> 8 g\/10 ml (nok til ca. en meter av en 2 cm bred stripe)<\/p>\n<p><strong>Farge:<\/strong> hvit, matt<\/p>\n<p><strong>Materiell:<\/strong> talkumbasert<\/p>\n<p><strong>Beskrivelse:<\/strong> Pulveret hindrer maur i \u00e5 bryte ut ved \u00e5 blande pulveret med vann og p\u00e5f\u00f8re det med en pensel ca. 1 cm under den indre kanten av formicariumet. Vannet fordamper, og et fint lag med talkum blir liggende igjen.<\/p>\n<p><strong>Fordel:<\/strong> sv\u00e6rt effektiv, langvarig<\/p>\n<p><strong>Ulempe:<\/strong> Pulverlaget kan l\u00f8sne hvis formicariumet ristes. Det kreves en relativt stor mengde i forhold til utbruddsbeskyttelsesolje eller lakk<\/p>\n<p><strong>Bruksomr\u00e5de:<\/strong> Filmen skal p\u00e5f\u00f8res kanten omtrent 3 ganger s\u00e5 bred som maurene er lange.<\/p>","protected":false},"excerpt":{"rendered":"<p>Innhold: 8g\/10ml (nok til ca. en meter av en 2 cm bred stripe) Farge: hvit, matt Materiale: talkumbasert Beskrivelse: Pulveret hindrer maur i \u00e5 bryte ut ved \u00e5 blande pulveret med vann og p\u00e5f\u00f8re det med en pensel ca. 1 cm under den indre kanten av formicariumet. Vannet fordamper, og et fint lag av","protected":false},"featured_media":9596,"comment_status":"open","ping_status":"closed","template":"","meta":{"_acf_changed":false,"content-type":"","_monsterinsights_skip_tracking":false,"_monsterinsights_sitenote_active":false,"_monsterinsights_sitenote_note":"","_monsterinsights_sitenote_category":0},"product_brand":[],"product_cat":[237],"product_tag":[],"class_list":{"0":"post-9315","1":"product","2":"type-product","3":"status-publish","4":"has-post-thumbnail","6":"product_cat-tools","8":"first","9":"instock","10":"taxable","11":"shipping-taxable","12":"purchasable","13":"product-type-simple"},"acf":[],"aioseo_notices":[],"jetpack_sharing_enabled":true,"_links":{"self":[{"href":"https:\/\/antcube.shop\/nb\/wp-json\/wp\/v2\/product\/9315","targetHints":{"allow":["GET"]}}],"collection":[{"href":"https:\/\/antcube.shop\/nb\/wp-json\/wp\/v2\/product"}],"about":[{"href":"https:\/\/antcube.shop\/nb\/wp-json\/wp\/v2\/types\/product"}],"replies":[{"embeddable":true,"href":"https:\/\/antcube.shop\/nb\/wp-json\/wp\/v2\/comments?post=9315"}],"wp:featuredmedia":[{"embeddable":true,"href":"https:\/\/antcube.shop\/nb\/wp-json\/wp\/v2\/media\/9596"}],"wp:attachment":[{"href":"https:\/\/antcube.shop\/nb\/wp-json\/wp\/v2\/media?parent=9315"}],"wp:term":[{"taxonomy":"product_brand","embeddable":true,"href":"https:\/\/antcube.shop\/nb\/wp-json\/wp\/v2\/product_brand?post=9315"},{"taxonomy":"product_cat","embeddable":true,"href":"https:\/\/antcube.shop\/nb\/wp-json\/wp\/v2\/product_cat?post=9315"},{"taxonomy":"product_tag","embeddable":true,"href":"https:\/\/antcube.shop\/nb\/wp-json\/wp\/v2\/product_tag?post=9315"}],"curies":[{"name":"wp","href":"https:\/\/api.w.org\/{rel}","templated":true}]}}