{"id":9311,"date":"2024-09-17T16:11:32","date_gmt":"2024-09-17T14:11:32","guid":{"rendered":"https:\/\/antcube.shop\/en\/product\/gitterkappe-40mm-edelstahl\/"},"modified":"2026-03-16T10:38:12","modified_gmt":"2026-03-16T09:38:12","slug":"gitterhette-40-mm-rustfritt-stal","status":"publish","type":"product","link":"https:\/\/antcube.shop\/nb\/produkt\/gitterhette-40-mm-rustfritt-stal\/","title":{"rendered":"Gitterhette - 40 mm - rustfritt st\u00e5l"},"content":{"rendered":"<p><strong>Mengde:<\/strong> 1 stk.<\/p>\n<p><strong>Dimensjoner:<\/strong> 40 mm (indre diameter), 50x8 mm (ytre dimensjoner)<\/p>\n<p><strong>Farge:<\/strong> gjennomsiktig<\/p>\n<p><strong>Materiell:<\/strong> rustfritt st\u00e5l, akrylglass<\/p>\n<p><strong>Beskrivelse:<\/strong><br \/>\nDenne gitterhetten med et sv\u00e6rt fint gitter i rustfritt st\u00e5l (0,2 mm) kan festes til en stikkontakt, et r\u00f8r eller en slangeende og s\u00f8rger for god formicariumventilasjon uten at maurene kan slippe ut. B\u00e5de gitteret i rustfritt st\u00e5l og akrylglassrammen er gjennomsiktige.<\/p>\n<p><strong>Merk:<\/strong> Ogs\u00e5 egnet for sv\u00e6rt bitende arter som f.eks. bladkuttermaur!<\/p>","protected":false},"excerpt":{"rendered":"<p>Antall: 1 stk Dimensjoner: 40 mm (indre diameter), 50x8 mm (ytre m\u00e5l) Farge: gjennomsiktig Materiale: rustfritt st\u00e5l, akrylglass Beskrivelse: Denne gitterhetten med et sv\u00e6rt fint gitter i rustfritt st\u00e5l (0,2 mm) kan festes til en stikkontakt, et r\u00f8r eller en slangeende og s\u00f8rger for god formicariumventilasjon uten at maurene kan slippe ut. B\u00e5de det rustfrie st\u00e5let og","protected":false},"featured_media":9598,"comment_status":"open","ping_status":"closed","template":"","meta":{"_acf_changed":false,"content-type":"","_monsterinsights_skip_tracking":false,"_monsterinsights_sitenote_active":false,"_monsterinsights_sitenote_note":"","_monsterinsights_sitenote_category":0},"product_brand":[485],"product_cat":[119,238],"product_tag":[],"class_list":{"0":"post-9311","1":"product","2":"type-product","3":"status-publish","4":"has-post-thumbnail","6":"product_brand-antstore","7":"product_cat-formicarium-components","8":"product_cat-grid-caps-plugs-and-inserts","10":"first","11":"instock","12":"taxable","13":"shipping-taxable","14":"purchasable","15":"product-type-simple"},"acf":[],"aioseo_notices":[],"jetpack_sharing_enabled":true,"_links":{"self":[{"href":"https:\/\/antcube.shop\/nb\/wp-json\/wp\/v2\/product\/9311","targetHints":{"allow":["GET"]}}],"collection":[{"href":"https:\/\/antcube.shop\/nb\/wp-json\/wp\/v2\/product"}],"about":[{"href":"https:\/\/antcube.shop\/nb\/wp-json\/wp\/v2\/types\/product"}],"replies":[{"embeddable":true,"href":"https:\/\/antcube.shop\/nb\/wp-json\/wp\/v2\/comments?post=9311"}],"wp:featuredmedia":[{"embeddable":true,"href":"https:\/\/antcube.shop\/nb\/wp-json\/wp\/v2\/media\/9598"}],"wp:attachment":[{"href":"https:\/\/antcube.shop\/nb\/wp-json\/wp\/v2\/media?parent=9311"}],"wp:term":[{"taxonomy":"product_brand","embeddable":true,"href":"https:\/\/antcube.shop\/nb\/wp-json\/wp\/v2\/product_brand?post=9311"},{"taxonomy":"product_cat","embeddable":true,"href":"https:\/\/antcube.shop\/nb\/wp-json\/wp\/v2\/product_cat?post=9311"},{"taxonomy":"product_tag","embeddable":true,"href":"https:\/\/antcube.shop\/nb\/wp-json\/wp\/v2\/product_tag?post=9311"}],"curies":[{"name":"wp","href":"https:\/\/api.w.org\/{rel}","templated":true}]}}