{"id":9309,"date":"2024-09-17T16:10:44","date_gmt":"2024-09-17T14:10:44","guid":{"rendered":"https:\/\/antcube.shop\/en\/product\/einsteckeinsatz-fein-fur-gittereinsatz-acryl-50-mm\/"},"modified":"2026-03-24T16:45:14","modified_gmt":"2026-03-24T15:45:14","slug":"einsteckeinsatz-fein-fur-gittereinsatz-akryl-50-mm","status":"publish","type":"product","link":"https:\/\/antcube.shop\/nb\/produkt\/einsteckeinsatz-fein-fur-gittereinsatz-akryl-50-mm\/","title":{"rendered":"Fin innsats - for akrylgitterinnsats 50 mm"},"content":{"rendered":"<p><strong>Mengde:<\/strong> 1 stk.<\/p>\n<p><strong>Dimensjoner:<\/strong> 50x10 mm<\/p>\n<p><strong>Farge:<\/strong> gjennomsiktig<\/p>\n<p><strong>Materiell:<\/strong> plast<\/p>\n<p><strong>Beskrivelse:<\/strong><br \/>\nDenne innsatsen med sv\u00e6rt finmasket netting (0,2-0,3 mm) for \"nettinginnsats akryl 50 mm - klar\" hindrer sm\u00e5 maur i \u00e5 slippe ut gjennom de brede ventilasjonsspaltene i nettinginnsatsen. Innsatsen settes inn i nettinginnsatsen nedenfra.<\/p>\n<p>Ogs\u00e5 egnet for sv\u00e6rt bitende arter som f.eks. bladkuttermaur!<\/p>\n<p><strong>Merk:<\/strong> V\u00e6r oppmerksom p\u00e5 at du bare kan bruke denne varen sammen med varen: \"005044 Gitterinnsats akryl 50 mm - klar\"!<\/p>","protected":false},"excerpt":{"rendered":"<p>Antall: 1 stk Dimensjoner: 50x10mm Farge: gjennomsiktig Materiale: plast Beskrivelse: Denne innsatsen med sv\u00e6rt finmasket netting (0,2-0,3 mm) for \"nettinginnsats akryl 50 mm - klar\" hindrer sm\u00e5 maur i \u00e5 slippe ut gjennom de brede ventilasjons\u00e5pningene i nettinginnsatsen. Innsatsen settes inn i nettinginnsatsen nedenfra. Ogs\u00e5 egnet for veldig","protected":false},"featured_media":9842,"comment_status":"open","ping_status":"closed","template":"","meta":{"_acf_changed":false,"content-type":"","_monsterinsights_skip_tracking":false,"_monsterinsights_sitenote_active":false,"_monsterinsights_sitenote_note":"","_monsterinsights_sitenote_category":0},"product_brand":[],"product_cat":[119,238],"product_tag":[],"class_list":{"0":"post-9309","1":"product","2":"type-product","3":"status-publish","4":"has-post-thumbnail","6":"product_cat-formicarium-components","7":"product_cat-grid-caps-plugs-and-inserts","9":"first","10":"outofstock","11":"taxable","12":"shipping-taxable","13":"purchasable","14":"product-type-simple"},"acf":[],"aioseo_notices":[],"jetpack_sharing_enabled":true,"_links":{"self":[{"href":"https:\/\/antcube.shop\/nb\/wp-json\/wp\/v2\/product\/9309","targetHints":{"allow":["GET"]}}],"collection":[{"href":"https:\/\/antcube.shop\/nb\/wp-json\/wp\/v2\/product"}],"about":[{"href":"https:\/\/antcube.shop\/nb\/wp-json\/wp\/v2\/types\/product"}],"replies":[{"embeddable":true,"href":"https:\/\/antcube.shop\/nb\/wp-json\/wp\/v2\/comments?post=9309"}],"wp:featuredmedia":[{"embeddable":true,"href":"https:\/\/antcube.shop\/nb\/wp-json\/wp\/v2\/media\/9842"}],"wp:attachment":[{"href":"https:\/\/antcube.shop\/nb\/wp-json\/wp\/v2\/media?parent=9309"}],"wp:term":[{"taxonomy":"product_brand","embeddable":true,"href":"https:\/\/antcube.shop\/nb\/wp-json\/wp\/v2\/product_brand?post=9309"},{"taxonomy":"product_cat","embeddable":true,"href":"https:\/\/antcube.shop\/nb\/wp-json\/wp\/v2\/product_cat?post=9309"},{"taxonomy":"product_tag","embeddable":true,"href":"https:\/\/antcube.shop\/nb\/wp-json\/wp\/v2\/product_tag?post=9309"}],"curies":[{"name":"wp","href":"https:\/\/api.w.org\/{rel}","templated":true}]}}