{"id":9307,"date":"2024-09-17T16:10:04","date_gmt":"2024-09-17T14:10:04","guid":{"rendered":"https:\/\/antcube.shop\/en\/product\/formicarienstopfen-fur-13mm-bohrung\/"},"modified":"2026-04-23T13:02:10","modified_gmt":"2026-04-23T11:02:10","slug":"formicarienstopfen-fur-13mm-bohrung","status":"publish","type":"product","link":"https:\/\/antcube.shop\/nb\/produkt\/formicarienstopfen-fur-13mm-bohrung\/","title":{"rendered":"Formicarium-plugg for 13 mm hull"},"content":{"rendered":"<p><strong>Mengde:<\/strong> 1 stk.<\/p>\n<p><strong>Dimensjoner:<\/strong> 18\u00d79 mm<\/p>\n<p><strong>Materiell:<\/strong> PE-plast<\/p>\n<p><strong>Farge:<\/strong> gjennomsiktig, melkeaktig<\/p>\n<p><strong>Beskrivelse:<\/strong> For lukking av runde \u00e5pninger i formicaria med en diameter p\u00e5 10 mm<br \/>\nVi kan ogs\u00e5 skj\u00e6re hull i pluggene p\u00e5 foresp\u00f8rsel mot et pristillegg.<br \/>\nF\u00f8lgende utskj\u00e6ringer anbefales for eksempel for f\u00f8lgende elementer:<br \/>\n10 mm, f.eks. for slange eller r\u00f8r 10 mm<\/p>","protected":false},"excerpt":{"rendered":"<p>Antall: 1 stk Dimensjoner: 18x9 mm Materiale: PE-plast Farge: gjennomsiktig, melkeaktig Beskrivelse: For lukking av runde \u00e5pninger i formicaria med en diameter p\u00e5 13 mm. Vi kan ogs\u00e5 skj\u00e6re hull i pluggene p\u00e5 foresp\u00f8rsel mot en ekstra kostnad. F\u00f8lgende utskj\u00e6ringer anbefales for f\u00f8lgende gjenstander, for eksempel: 10 mm, f.eks. for slange eller","protected":false},"featured_media":9849,"comment_status":"open","ping_status":"closed","template":"","meta":{"_acf_changed":false,"content-type":"","_monsterinsights_skip_tracking":false,"_monsterinsights_sitenote_active":false,"_monsterinsights_sitenote_note":"","_monsterinsights_sitenote_category":0},"product_brand":[],"product_cat":[119,238],"product_tag":[],"class_list":{"0":"post-9307","1":"product","2":"type-product","3":"status-publish","4":"has-post-thumbnail","6":"product_cat-formicarium-components","7":"product_cat-grid-caps-plugs-and-inserts","9":"first","10":"instock","11":"taxable","12":"shipping-taxable","13":"purchasable","14":"product-type-simple"},"acf":[],"aioseo_notices":[],"jetpack_sharing_enabled":true,"_links":{"self":[{"href":"https:\/\/antcube.shop\/nb\/wp-json\/wp\/v2\/product\/9307","targetHints":{"allow":["GET"]}}],"collection":[{"href":"https:\/\/antcube.shop\/nb\/wp-json\/wp\/v2\/product"}],"about":[{"href":"https:\/\/antcube.shop\/nb\/wp-json\/wp\/v2\/types\/product"}],"replies":[{"embeddable":true,"href":"https:\/\/antcube.shop\/nb\/wp-json\/wp\/v2\/comments?post=9307"}],"wp:featuredmedia":[{"embeddable":true,"href":"https:\/\/antcube.shop\/nb\/wp-json\/wp\/v2\/media\/9849"}],"wp:attachment":[{"href":"https:\/\/antcube.shop\/nb\/wp-json\/wp\/v2\/media?parent=9307"}],"wp:term":[{"taxonomy":"product_brand","embeddable":true,"href":"https:\/\/antcube.shop\/nb\/wp-json\/wp\/v2\/product_brand?post=9307"},{"taxonomy":"product_cat","embeddable":true,"href":"https:\/\/antcube.shop\/nb\/wp-json\/wp\/v2\/product_cat?post=9307"},{"taxonomy":"product_tag","embeddable":true,"href":"https:\/\/antcube.shop\/nb\/wp-json\/wp\/v2\/product_tag?post=9307"}],"curies":[{"name":"wp","href":"https:\/\/api.w.org\/{rel}","templated":true}]}}