{"id":9293,"date":"2024-09-17T16:00:14","date_gmt":"2024-09-17T14:00:14","guid":{"rendered":"https:\/\/antcube.shop\/en\/product\/pilz-von-acromyrmex-octospinosus\/"},"modified":"2026-04-10T11:59:07","modified_gmt":"2026-04-10T09:59:07","slug":"sopp-av-acromyrmex-octospinosus","status":"publish","type":"product","link":"https:\/\/antcube.shop\/nb\/produkt\/sopp-av-acromyrmex-octospinosus\/","title":{"rendered":"Sopp av Acromyrmex octospinosus"},"content":{"rendered":"<p><span data-text-color=\"alert\"><strong>Frakt kun mulig i Tyskland!<\/strong><\/span><\/p>\n<p><strong>Mengde:<\/strong> (sett)<br \/>\n1x transportr\u00f8r<br \/>\n1x luftgjennomtrengelig propp<br \/>\n1x fersk sopp p\u00e5 minst 1 cm\u00b3<\/p>\n<p><strong>Beskrivelse:<\/strong> Vi tilbyr en erstatningssopp for n\u00f8dsituasjoner der soppen til bladskj\u00e6rermaurene avtar eller d\u00f8r p\u00e5 grunn av feil temperatur, luftfuktighet eller andre \u00e5rsaker.<br \/>\nEn enhet p\u00e5 1 cm\u00b3 er tilstrekkelig for \u00e5 starte opp en koloni p\u00e5 11-25 dyr.<br \/>\nDen medf\u00f8lgende soppen kan inneholde sm\u00e5 soppholdere (miniarbeidere).<br \/>\nDisse sm\u00e5 miniarbeiderne er ikke noe problem for den eksisterende kolonien, ettersom de bare passer p\u00e5 soppen.<\/p>\n<p><strong>Bruk:<\/strong><br \/>\nSopp = for soppspisende maurarter<br \/>\nDette er et fullf\u00f4r (enkeltf\u00f4r)<br \/>\nTransportbeholderen skal \u00e5pnes og plasseres ved siden av maurkolonien. Dyrene vil deretter b\u00e6re ut soppbitene p\u00e5 egen h\u00e5nd.<\/p>\n<p><strong>Lagring:<\/strong> 25 \u00b0C og 90% luftfuktighet<\/p>\n<p><strong>Inneholder:<\/strong><br \/>\nferske og originale soppbiter av de navngitte maurartene.<\/p>\n<p><strong>Merk:<\/strong><br \/>\nFor ytterligere informasjon, se pakningsvedlegget.<\/p>\n<p>Informasjonstelefon +49 30 439703870<\/p>\n<p><strong>Ansvarlig veterin\u00e6r- og mattilsyn:<\/strong><br \/>\nSteglitz veterin\u00e6rkontor<br \/>\nK\u00f6nigin-Luise-Str. 92<br \/>\n14195 Berlin<\/p>","protected":false},"excerpt":{"rendered":"<p>Fullf\u00f4r<\/p>","protected":false},"featured_media":9783,"comment_status":"open","ping_status":"closed","template":"","meta":{"_acf_changed":false,"content-type":"","_monsterinsights_skip_tracking":false,"_monsterinsights_sitenote_active":false,"_monsterinsights_sitenote_note":"","_monsterinsights_sitenote_category":0},"product_brand":[],"product_cat":[115,116],"product_tag":[],"class_list":{"0":"post-9293","1":"product","2":"type-product","3":"status-publish","4":"has-post-thumbnail","6":"product_cat-food-and-feeding","7":"product_cat-food","9":"first","10":"onbackorder","11":"taxable","12":"shipping-taxable","13":"purchasable","14":"product-type-simple"},"acf":[],"aioseo_notices":[],"jetpack_sharing_enabled":true,"_links":{"self":[{"href":"https:\/\/antcube.shop\/nb\/wp-json\/wp\/v2\/product\/9293","targetHints":{"allow":["GET"]}}],"collection":[{"href":"https:\/\/antcube.shop\/nb\/wp-json\/wp\/v2\/product"}],"about":[{"href":"https:\/\/antcube.shop\/nb\/wp-json\/wp\/v2\/types\/product"}],"replies":[{"embeddable":true,"href":"https:\/\/antcube.shop\/nb\/wp-json\/wp\/v2\/comments?post=9293"}],"wp:featuredmedia":[{"embeddable":true,"href":"https:\/\/antcube.shop\/nb\/wp-json\/wp\/v2\/media\/9783"}],"wp:attachment":[{"href":"https:\/\/antcube.shop\/nb\/wp-json\/wp\/v2\/media?parent=9293"}],"wp:term":[{"taxonomy":"product_brand","embeddable":true,"href":"https:\/\/antcube.shop\/nb\/wp-json\/wp\/v2\/product_brand?post=9293"},{"taxonomy":"product_cat","embeddable":true,"href":"https:\/\/antcube.shop\/nb\/wp-json\/wp\/v2\/product_cat?post=9293"},{"taxonomy":"product_tag","embeddable":true,"href":"https:\/\/antcube.shop\/nb\/wp-json\/wp\/v2\/product_tag?post=9293"}],"curies":[{"name":"wp","href":"https:\/\/api.w.org\/{rel}","templated":true}]}}