{"id":9291,"date":"2024-09-17T15:59:27","date_gmt":"2024-09-17T13:59:27","guid":{"rendered":"https:\/\/antcube.shop\/en\/product\/brombeerblatter-100g-frisch\/"},"modified":"2026-03-31T20:25:10","modified_gmt":"2026-03-31T18:25:10","slug":"brombeerblatter-100g-frisch","status":"publish","type":"product","link":"https:\/\/antcube.shop\/nb\/produkt\/brombeerblatter-100g-frisch\/","title":{"rendered":"Bj\u00f8rneb\u00e6rblader 100 g - friske"},"content":{"rendered":"<p><strong>Innhold:<\/strong> 100 g friske bj\u00f8rneb\u00e6rblader<\/p>\n<p><strong>Beskrivelse:<\/strong> Bj\u00f8rneb\u00e6rblader som grobunn for soppdyrkende maurarter.<\/p>\n<p><strong>Bruk:<\/strong><br \/>\nBj\u00f8rneb\u00e6rblader = for soppavlende maurarter<br \/>\nDette er et \"fullf\u00f4r\" (enkeltf\u00f4r) og brukes kun som grobunn for soppen.<br \/>\nBare legg bladene som skal mates, i matekammeret.<\/p>\n<p>Lagring: 5-8 \u00b0C \/ 60-90% luftfuktighet. (alternativt ogs\u00e5 i en vase med vann)<\/p>\n<p><strong>Inneholder:<\/strong><br \/>\n100% friske bj\u00f8rneb\u00e6rblader<\/p>\n<p><strong>Merk:<\/strong><br \/>\nFor ytterligere informasjon, se pakningsvedlegget.<\/p>\n<p>Informasjonstelefon +49 30 439703870<\/p>\n<p>Ansvarlig veterin\u00e6r- og mattilsyn:<br \/>\nSteglitz veterin\u00e6rkontor<br \/>\nK\u00f6nigin-Luise-Str. 92<br \/>\n14195 Berlin<\/p>","protected":false},"excerpt":{"rendered":"<p>Innhold: 100 g ferske bj\u00f8rneb\u00e6rblader Beskrivelse: Bj\u00f8rneb\u00e6rblader som grobunn for soppdyrkende maurarter. Bruk: Bj\u00f8rneb\u00e6rblader = for soppdyrkende maurarter Dette er et \"fullf\u00f4r\" (enkeltf\u00f4r) og brukes kun som grobunn for soppen. Bare legg bladene som skal f\u00f4res i f\u00f4rkammeret. Oppbevaring 5-8\u00b0C","protected":false},"featured_media":9603,"comment_status":"open","ping_status":"closed","template":"","meta":{"_acf_changed":false,"content-type":"","_monsterinsights_skip_tracking":false,"_monsterinsights_sitenote_active":false,"_monsterinsights_sitenote_note":"","_monsterinsights_sitenote_category":0},"product_brand":[],"product_cat":[115,116],"product_tag":[],"class_list":{"0":"post-9291","1":"product","2":"type-product","3":"status-publish","4":"has-post-thumbnail","6":"product_cat-food-and-feeding","7":"product_cat-food","9":"first","10":"onbackorder","11":"taxable","12":"shipping-taxable","13":"purchasable","14":"product-type-simple"},"acf":[],"aioseo_notices":[],"jetpack_sharing_enabled":true,"_links":{"self":[{"href":"https:\/\/antcube.shop\/nb\/wp-json\/wp\/v2\/product\/9291","targetHints":{"allow":["GET"]}}],"collection":[{"href":"https:\/\/antcube.shop\/nb\/wp-json\/wp\/v2\/product"}],"about":[{"href":"https:\/\/antcube.shop\/nb\/wp-json\/wp\/v2\/types\/product"}],"replies":[{"embeddable":true,"href":"https:\/\/antcube.shop\/nb\/wp-json\/wp\/v2\/comments?post=9291"}],"wp:featuredmedia":[{"embeddable":true,"href":"https:\/\/antcube.shop\/nb\/wp-json\/wp\/v2\/media\/9603"}],"wp:attachment":[{"href":"https:\/\/antcube.shop\/nb\/wp-json\/wp\/v2\/media?parent=9291"}],"wp:term":[{"taxonomy":"product_brand","embeddable":true,"href":"https:\/\/antcube.shop\/nb\/wp-json\/wp\/v2\/product_brand?post=9291"},{"taxonomy":"product_cat","embeddable":true,"href":"https:\/\/antcube.shop\/nb\/wp-json\/wp\/v2\/product_cat?post=9291"},{"taxonomy":"product_tag","embeddable":true,"href":"https:\/\/antcube.shop\/nb\/wp-json\/wp\/v2\/product_tag?post=9291"}],"curies":[{"name":"wp","href":"https:\/\/api.w.org\/{rel}","templated":true}]}}