{"id":9287,"date":"2024-09-17T15:57:37","date_gmt":"2024-09-17T13:57:37","guid":{"rendered":"https:\/\/antcube.shop\/en\/product\/felsschale-mini-lava-rock\/"},"modified":"2026-03-10T10:32:11","modified_gmt":"2026-03-10T09:32:11","slug":"steinskall-mini-lavastein","status":"publish","type":"product","link":"https:\/\/antcube.shop\/nb\/produkt\/steinskall-mini-lavastein\/","title":{"rendered":"Steinskall mini Lava Rock"},"content":{"rendered":"<p><strong>Dimensjoner:<\/strong> 15 x 10 x 2,5 cm<\/p>\n<p><strong>Farge:<\/strong> gr\u00e5r\u00f8d<\/p>\n<p><strong>Materiell:<\/strong> syntetisk harpiks<\/p>\n<p><strong>Beskrivelse:<\/strong><br \/>\nDu kan tilby maurene mat eller vann i disse steinsk\u00e5lene. Steinsk\u00e5lene er laget av robust kunstharpiks og kan ikke \u00f8delegges av maurene.<\/p>","protected":false},"excerpt":{"rendered":"<p>St\u00f8rrelse: 15 x 10 x 2,5 cm<\/p>","protected":false},"featured_media":9775,"comment_status":"open","ping_status":"closed","template":"","meta":{"_acf_changed":false,"content-type":"","_monsterinsights_skip_tracking":false,"_monsterinsights_sitenote_active":false,"_monsterinsights_sitenote_note":"","_monsterinsights_sitenote_category":0},"product_brand":[],"product_cat":[115,118],"product_tag":[],"class_list":{"0":"post-9287","1":"product","2":"type-product","3":"status-publish","4":"has-post-thumbnail","6":"product_cat-food-and-feeding","7":"product_cat-feeding-bowls","9":"first","10":"instock","11":"taxable","12":"shipping-taxable","13":"purchasable","14":"product-type-simple"},"acf":[],"aioseo_notices":[],"jetpack_sharing_enabled":true,"_links":{"self":[{"href":"https:\/\/antcube.shop\/nb\/wp-json\/wp\/v2\/product\/9287","targetHints":{"allow":["GET"]}}],"collection":[{"href":"https:\/\/antcube.shop\/nb\/wp-json\/wp\/v2\/product"}],"about":[{"href":"https:\/\/antcube.shop\/nb\/wp-json\/wp\/v2\/types\/product"}],"replies":[{"embeddable":true,"href":"https:\/\/antcube.shop\/nb\/wp-json\/wp\/v2\/comments?post=9287"}],"wp:featuredmedia":[{"embeddable":true,"href":"https:\/\/antcube.shop\/nb\/wp-json\/wp\/v2\/media\/9775"}],"wp:attachment":[{"href":"https:\/\/antcube.shop\/nb\/wp-json\/wp\/v2\/media?parent=9287"}],"wp:term":[{"taxonomy":"product_brand","embeddable":true,"href":"https:\/\/antcube.shop\/nb\/wp-json\/wp\/v2\/product_brand?post=9287"},{"taxonomy":"product_cat","embeddable":true,"href":"https:\/\/antcube.shop\/nb\/wp-json\/wp\/v2\/product_cat?post=9287"},{"taxonomy":"product_tag","embeddable":true,"href":"https:\/\/antcube.shop\/nb\/wp-json\/wp\/v2\/product_tag?post=9287"}],"curies":[{"name":"wp","href":"https:\/\/api.w.org\/{rel}","templated":true}]}}