{"id":9274,"date":"2024-09-17T15:00:27","date_gmt":"2024-09-17T13:00:27","guid":{"rendered":"https:\/\/antcube.shop\/en\/product\/mini-hygrometer-analog-metall-25mm\/"},"modified":"2026-04-16T09:54:59","modified_gmt":"2026-04-16T07:54:59","slug":"mini-hygrometer-analog-metall-25mm","status":"publish","type":"product","link":"https:\/\/antcube.shop\/nb\/produkt\/mini-hygrometer-analog-metall-25mm\/","title":{"rendered":"Mini hygrometer analogt metall - 25 mm"},"content":{"rendered":"<p><strong>Dimensjoner:<\/strong> 25 mm<\/p>\n<p><strong>Farge:<\/strong> metall, s\u00f8lv<\/p>\n<p><strong>M\u00e5leomr\u00e5de:<\/strong> 0 til 100%<\/p>\n<p><strong>N\u00f8yaktighet:<\/strong> +\/- 5%<\/p>\n<p><strong>Beskrivelse:<\/strong><br \/>\nAnalogt hygrometer, som er spesielt egnet for sv\u00e6rt sm\u00e5 formicaria.<br \/>\nDen monteres i et 27 mm hull ved hjelp av \"Formicarium plugger for 27 mm hull\" med en 22 mm utskj\u00e6ring.<br \/>\nEllers kan hygrometeret festes p\u00e5 innsiden av formicariumets bakside ved hjelp av dobbeltsidig teip (medf\u00f8lger ikke).<\/p>\n<p><strong>Merk:<\/strong><br \/>\nIkke lukk den bakre \u00e5pningen p\u00e5 hygrometeret, da dette kan f\u00f8re til m\u00e5lefeil.<\/p>","protected":false},"excerpt":{"rendered":"<p>M\u00e5leomr\u00e5de: 0 til 100%, diameter: 25 mm<\/p>","protected":false},"featured_media":9750,"comment_status":"open","ping_status":"closed","template":"","meta":{"_acf_changed":false,"content-type":"","_monsterinsights_skip_tracking":false,"_monsterinsights_sitenote_active":false,"_monsterinsights_sitenote_note":"","_monsterinsights_sitenote_category":0},"product_brand":[],"product_cat":[359,119],"product_tag":[],"class_list":{"0":"post-9274","1":"product","2":"type-product","3":"status-publish","4":"has-post-thumbnail","6":"product_cat-light-heat-humidity","7":"product_cat-formicarium-components","9":"first","10":"instock","11":"taxable","12":"shipping-taxable","13":"purchasable","14":"product-type-simple"},"acf":[],"aioseo_notices":[],"jetpack_sharing_enabled":true,"_links":{"self":[{"href":"https:\/\/antcube.shop\/nb\/wp-json\/wp\/v2\/product\/9274","targetHints":{"allow":["GET"]}}],"collection":[{"href":"https:\/\/antcube.shop\/nb\/wp-json\/wp\/v2\/product"}],"about":[{"href":"https:\/\/antcube.shop\/nb\/wp-json\/wp\/v2\/types\/product"}],"replies":[{"embeddable":true,"href":"https:\/\/antcube.shop\/nb\/wp-json\/wp\/v2\/comments?post=9274"}],"wp:featuredmedia":[{"embeddable":true,"href":"https:\/\/antcube.shop\/nb\/wp-json\/wp\/v2\/media\/9750"}],"wp:attachment":[{"href":"https:\/\/antcube.shop\/nb\/wp-json\/wp\/v2\/media?parent=9274"}],"wp:term":[{"taxonomy":"product_brand","embeddable":true,"href":"https:\/\/antcube.shop\/nb\/wp-json\/wp\/v2\/product_brand?post=9274"},{"taxonomy":"product_cat","embeddable":true,"href":"https:\/\/antcube.shop\/nb\/wp-json\/wp\/v2\/product_cat?post=9274"},{"taxonomy":"product_tag","embeddable":true,"href":"https:\/\/antcube.shop\/nb\/wp-json\/wp\/v2\/product_tag?post=9274"}],"curies":[{"name":"wp","href":"https:\/\/api.w.org\/{rel}","templated":true}]}}