{"id":9272,"date":"2024-09-17T14:59:43","date_gmt":"2024-09-17T12:59:43","guid":{"rendered":"https:\/\/antcube.shop\/en\/product\/mini-thermo-hygrometer-analog-display-stehend\/"},"modified":"2026-04-07T13:50:15","modified_gmt":"2026-04-07T11:50:15","slug":"mini-termohygrometer-analogt-display-stehend","status":"publish","type":"product","link":"https:\/\/antcube.shop\/nb\/produkt\/mini-termohygrometer-analogt-display-stehend\/","title":{"rendered":"Mini termohygrometer analogt - display - st\u00e5ende"},"content":{"rendered":"<p><strong>Dimensjoner:<\/strong> 60 mm x 60 mm, 30 mm dyp<\/p>\n<p><strong>Materiell:<\/strong> metall\/akrylglass<\/p>\n<p><strong>Farge:<\/strong> metall, s\u00f8lv \/ gjennomsiktig<\/p>\n<p><strong>Innhold:<\/strong> 1x minitermometer analogt metall - 25 mm, 1x minihygrometer analogt metall - 25 mm, 1x akrylglassholder med utskj\u00e6ringer for m\u00e5leinstrumentene - 60x60 mm, 1x akrylglassbunn - 30 mm diameter<\/p>\n<p><strong>Beskrivelse:<\/strong><br \/>\nSettet best\u00e5r av et analogt termometer og hygrometer av metall (25 mm), som er satt inn i en akrylglassplate (60x60 mm). Displayet kan plasseres p\u00e5 sokkelen (30 mm) i rommet som skal m\u00e5les.<\/p>\n<p><strong>Merk:<\/strong><br \/>\nM\u00e5leinstrumentene p\u00e5 baksiden m\u00e5 v\u00e6re frie, ellers kan det oppst\u00e5 m\u00e5lefeil.<\/p>\n<p>N\u00f8yaktighet: +\/- 2\u00b0C , +\/- 4\u00b0F<br \/>\nN\u00f8yaktighet: +\/- 5%<\/p>","protected":false},"excerpt":{"rendered":"<p>Sett med termometer og hygrometer laget av metall (25 mm) satt inn i akrylglassplate (75x45 mm)<\/p>","protected":false},"featured_media":9745,"comment_status":"open","ping_status":"closed","template":"","meta":{"_acf_changed":false,"content-type":"","_monsterinsights_skip_tracking":false,"_monsterinsights_sitenote_active":false,"_monsterinsights_sitenote_note":"","_monsterinsights_sitenote_category":0},"product_brand":[],"product_cat":[359,119],"product_tag":[],"class_list":{"0":"post-9272","1":"product","2":"type-product","3":"status-publish","4":"has-post-thumbnail","6":"product_cat-light-heat-humidity","7":"product_cat-formicarium-components","9":"first","10":"instock","11":"taxable","12":"shipping-taxable","13":"purchasable","14":"product-type-simple"},"acf":[],"aioseo_notices":[],"jetpack_sharing_enabled":true,"_links":{"self":[{"href":"https:\/\/antcube.shop\/nb\/wp-json\/wp\/v2\/product\/9272","targetHints":{"allow":["GET"]}}],"collection":[{"href":"https:\/\/antcube.shop\/nb\/wp-json\/wp\/v2\/product"}],"about":[{"href":"https:\/\/antcube.shop\/nb\/wp-json\/wp\/v2\/types\/product"}],"replies":[{"embeddable":true,"href":"https:\/\/antcube.shop\/nb\/wp-json\/wp\/v2\/comments?post=9272"}],"wp:featuredmedia":[{"embeddable":true,"href":"https:\/\/antcube.shop\/nb\/wp-json\/wp\/v2\/media\/9745"}],"wp:attachment":[{"href":"https:\/\/antcube.shop\/nb\/wp-json\/wp\/v2\/media?parent=9272"}],"wp:term":[{"taxonomy":"product_brand","embeddable":true,"href":"https:\/\/antcube.shop\/nb\/wp-json\/wp\/v2\/product_brand?post=9272"},{"taxonomy":"product_cat","embeddable":true,"href":"https:\/\/antcube.shop\/nb\/wp-json\/wp\/v2\/product_cat?post=9272"},{"taxonomy":"product_tag","embeddable":true,"href":"https:\/\/antcube.shop\/nb\/wp-json\/wp\/v2\/product_tag?post=9272"}],"curies":[{"name":"wp","href":"https:\/\/api.w.org\/{rel}","templated":true}]}}