{"id":9250,"date":"2024-09-17T14:44:16","date_gmt":"2024-09-17T12:44:16","guid":{"rendered":"https:\/\/antcube.shop\/en\/product\/antcube-korknest-60x30-stehend\/"},"modified":"2026-03-10T17:53:31","modified_gmt":"2026-03-10T16:53:31","slug":"antcube-kork-rede-60x30-staende","status":"publish","type":"product","link":"https:\/\/antcube.shop\/nb\/produkt\/antcube-kork-rede-60x30-staende\/","title":{"rendered":"ANTCUBE - Korkrede 60\u00d730 - st\u00e5ende"},"content":{"rendered":"<p><strong>Dimensjoner:<\/strong> 583 x 240 x 20 mm<\/p>\n<p><strong>Materiell:<\/strong> Kork (fint)<\/p>\n<p>Passer bare i v\u00e5re maurfarmer av st\u00f8rrelsen <span style=\"font-size: 10.5pt; font-family: Arial; color: #0000ff; background-color: transparent; font-weight: bold; font-style: normal; font-variant: normal; text-decoration: none; vertical-align: baseline;\">L<\/span><\/p>\n<p><strong>Beskrivelse:<\/strong> Dette korkreiret med prefabrikkerte ganger og kamre egner seg for ulike maurarter, spesielt for arter som bygger reir i (d\u00f8dt) treverk. Det har et boret hull for tilgang til reiret.<br \/>\nKork er kjemisk n\u00f8ytral. Strukturen er ikke bare ugjennomtrengelig for v\u00e6sker, men for\u00e5rsaker heller ingen kjemiske reaksjoner og blir derfor ikke skadet. For mye fuktighet kan imidlertid f\u00f8re til r\u00e5te p\u00e5 lang sikt og redusere reirets levetid. Likevel er kork sv\u00e6rt motstandsdyktig mot r\u00e5te-, sopp- og muggangrep. Dette skyldes overflaten og strukturen, som ikke gir god grobunn for kolonisering av sopp. Matrester og ekskrementer fra dyr samt andre organiske stoffer kan imidlertid fremme muggvekst.<\/p>\n<p>Vi anbefaler derfor \u00e5 oppbevare hovedsakelig arter fra t\u00f8rre omr\u00e5der i kork. Arter fra fuktige habitater kan likevel holdes i dette settet, ettersom r\u00e5te ikke er noe problem for de fleste artene. Mange maur fra Nord-Europa, som Camponotus herculeanus eller Formica fusca, lever ogs\u00e5 i r\u00e5ttent eller r\u00e5tnende treverk.<\/p>","protected":false},"excerpt":{"rendered":"<p><strong>St\u00f8rrelse:<\/strong> 583 x 240 x 20 mm<\/p>","protected":false},"featured_media":9688,"comment_status":"open","ping_status":"closed","template":"","meta":{"_acf_changed":false,"content-type":"","_monsterinsights_skip_tracking":false,"_monsterinsights_sitenote_active":false,"_monsterinsights_sitenote_note":"","_monsterinsights_sitenote_category":0},"product_brand":[],"product_cat":[87,89],"product_tag":[],"class_list":{"0":"post-9250","1":"product","2":"type-product","3":"status-publish","4":"has-post-thumbnail","6":"product_cat-nest-insets","7":"product_cat-cork","9":"first","10":"instock","11":"taxable","12":"shipping-taxable","13":"purchasable","14":"product-type-simple"},"acf":[],"aioseo_notices":[],"jetpack_sharing_enabled":true,"_links":{"self":[{"href":"https:\/\/antcube.shop\/nb\/wp-json\/wp\/v2\/product\/9250","targetHints":{"allow":["GET"]}}],"collection":[{"href":"https:\/\/antcube.shop\/nb\/wp-json\/wp\/v2\/product"}],"about":[{"href":"https:\/\/antcube.shop\/nb\/wp-json\/wp\/v2\/types\/product"}],"replies":[{"embeddable":true,"href":"https:\/\/antcube.shop\/nb\/wp-json\/wp\/v2\/comments?post=9250"}],"wp:featuredmedia":[{"embeddable":true,"href":"https:\/\/antcube.shop\/nb\/wp-json\/wp\/v2\/media\/9688"}],"wp:attachment":[{"href":"https:\/\/antcube.shop\/nb\/wp-json\/wp\/v2\/media?parent=9250"}],"wp:term":[{"taxonomy":"product_brand","embeddable":true,"href":"https:\/\/antcube.shop\/nb\/wp-json\/wp\/v2\/product_brand?post=9250"},{"taxonomy":"product_cat","embeddable":true,"href":"https:\/\/antcube.shop\/nb\/wp-json\/wp\/v2\/product_cat?post=9250"},{"taxonomy":"product_tag","embeddable":true,"href":"https:\/\/antcube.shop\/nb\/wp-json\/wp\/v2\/product_tag?post=9250"}],"curies":[{"name":"wp","href":"https:\/\/api.w.org\/{rel}","templated":true}]}}