{"id":9247,"date":"2024-09-17T14:42:38","date_gmt":"2024-09-17T12:42:38","guid":{"rendered":"https:\/\/antcube.shop\/en\/product\/antcube-gipsnest-30x30-liegend\/"},"modified":"2026-03-19T18:11:44","modified_gmt":"2026-03-19T17:11:44","slug":"antcube-gipsnest-30x30-liegend","status":"publish","type":"product","link":"https:\/\/antcube.shop\/nb\/produkt\/antcube-gipsnest-30x30-liegend\/","title":{"rendered":"ANTCUBE - Gipsrede 30\u00d730 - horisontal"},"content":{"rendered":"<p><span data-text-color=\"alert\"><strong>Frakt kun mulig via GO! i Tyskland eller via palett i Europa (ingen \u00f8yer)<\/strong><\/span><\/p>\n<p><strong>Dimensjoner:<\/strong><br \/>\nGipsrede: 290 x 290 x 50 mm<br \/>\nGlassdeksel: 279 x 279 x 4 mm<\/p>\n<p><strong>Materiell:<\/strong> Gips<\/p>\n<p><strong>Innhold:<\/strong><br \/>\n1x gipsreir 30\u00d730 med to tilkoblingsstusser L 14\/16\/18\/20 x 20 mm<\/p>\n<ul>\n<li>14\/10-slangen settes godt inn i 14 mm-muffen<\/li>\n<li>20\/16-slangen er godt festet til det f\u00f8rste 16 mm-trinnet<\/li>\n<li>22\/18-slangen er godt festet til det andre 20 mm-trinnet<\/li>\n<li>24\/20-slangen er l\u00f8st festet til det andre 20 mm-trinnet<\/li>\n<\/ul>\n<p>1x glassdeksel med 50 mm hull<br \/>\n1x akrylring 50 mm for 27 mm hull<br \/>\n1x formicarium base 30\u00d730<br \/>\n2x gitterhette - 16 mm - rustfritt st\u00e5l<br \/>\n1x gitterinnsats - 27mm - rustfritt st\u00e5l<\/p>\n<p><strong>Beskrivelse:<\/strong> Gipsreiret v\u00e5rt med prefabrikkerte ganger og kamre er egnet for mange maurarter, spesielt for arter som bygger reirene sine i sv\u00e6rt sandholdig eller steinete jord. Det har to tilkoblingsstusser for tilgang til reiret. Gips har den egenskapen at det absorberer vann, slik at en viss mengde fuktighet lagres. Likevel b\u00f8r gipsreiret ikke brukes permanent fuktig, da det ellers kan dannes mugg (p\u00e5 grunn av matrester eller ekskrementer fra maurene). Derfor b\u00f8r arter fra ganske t\u00f8rre regioner holdes her hvis mulig. Dette kan for eksempel v\u00e6re arter fra middelhavs- eller \u00f8rkenomr\u00e5der.<\/p>\n<p><strong>Merk:<\/strong> P\u00e5 grunn av utformingen er de ikke egnet for sv\u00e6rt sm\u00e5 arter (f.eks. Pheidole-arter, Temnothorax-arter), og det kan oppst\u00e5 hull p\u00e5 0,3 - 0,5 mm.<\/p>\n<p><strong>Merknad om tilkoblingskontaktene<\/strong><br \/>\nV\u00e6r oppmerksom p\u00e5 f\u00f8lgende n\u00e5r du monterer eller fjerner slanger:<br \/>\nHvis slangen er sv\u00e6rt vanskelig \u00e5 f\u00e5 p\u00e5 plass p\u00e5 tilkoblingsmuffen, b\u00f8r muffen gnides lett inn med en dr\u00e5pe av v\u00e5r olje eller pulver som beskytter mot utbrudd. Deretter skal slangen skyves p\u00e5 muffen ved hjelp av vridnings- eller skrubevegelser uten \u00e5 belaste muffen med opp- og nedbevegelser. Det samme gjelder n\u00e5r du fjerner slangene fra g\u00e5rdsstussen. Ikke bare dra den av!<\/p>","protected":false},"excerpt":{"rendered":"<p>Frakt kun mulig via GO! i Tyskland eller via palett i Europa (ingen \u00f8yer) M\u00e5l: Gipsrede: 290 x 290 x 50 mm Glassdeksel: 279 x 279 x 4 mm Materiale: Gips Innhold: 1x gipsreir 30x30 med to tilkoblingsstusser L 14\/16\/18\/20 x 20mm 14\/10 slange settes godt inn i 14mm-stussen","protected":false},"featured_media":9683,"comment_status":"open","ping_status":"closed","template":"","meta":{"_acf_changed":false,"content-type":"","_monsterinsights_skip_tracking":false,"_monsterinsights_sitenote_active":false,"_monsterinsights_sitenote_note":"","_monsterinsights_sitenote_category":0},"product_brand":[],"product_cat":[80,83],"product_tag":[],"class_list":{"0":"post-9247","1":"product","2":"type-product","3":"status-publish","4":"has-post-thumbnail","6":"product_cat-antfarms","7":"product_cat-antfarms-l","9":"first","10":"instock","11":"taxable","12":"shipping-taxable","13":"purchasable","14":"product-type-simple"},"acf":[],"aioseo_notices":[],"jetpack_sharing_enabled":true,"_links":{"self":[{"href":"https:\/\/antcube.shop\/nb\/wp-json\/wp\/v2\/product\/9247","targetHints":{"allow":["GET"]}}],"collection":[{"href":"https:\/\/antcube.shop\/nb\/wp-json\/wp\/v2\/product"}],"about":[{"href":"https:\/\/antcube.shop\/nb\/wp-json\/wp\/v2\/types\/product"}],"replies":[{"embeddable":true,"href":"https:\/\/antcube.shop\/nb\/wp-json\/wp\/v2\/comments?post=9247"}],"wp:featuredmedia":[{"embeddable":true,"href":"https:\/\/antcube.shop\/nb\/wp-json\/wp\/v2\/media\/9683"}],"wp:attachment":[{"href":"https:\/\/antcube.shop\/nb\/wp-json\/wp\/v2\/media?parent=9247"}],"wp:term":[{"taxonomy":"product_brand","embeddable":true,"href":"https:\/\/antcube.shop\/nb\/wp-json\/wp\/v2\/product_brand?post=9247"},{"taxonomy":"product_cat","embeddable":true,"href":"https:\/\/antcube.shop\/nb\/wp-json\/wp\/v2\/product_cat?post=9247"},{"taxonomy":"product_tag","embeddable":true,"href":"https:\/\/antcube.shop\/nb\/wp-json\/wp\/v2\/product_tag?post=9247"}],"curies":[{"name":"wp","href":"https:\/\/api.w.org\/{rel}","templated":true}]}}